{"id":24355,"date":"2018-11-12T01:00:00","date_gmt":"2018-11-12T00:00:00","guid":{"rendered":"https:\/\/pax.forenteforlag.no\/produkt\/stiklingen-3\/"},"modified":"2026-03-03T22:54:37","modified_gmt":"2026-03-03T21:54:37","slug":"stiklingen-3","status":"publish","type":"product","link":"https:\/\/staging.forenteforlag.no\/pax\/produkt\/stiklingen-3\/","title":{"rendered":"Stiklingen"},"content":{"rendered":"<p>22 \u00e5r gamle Lobbi vet ikke helt hva han vil i livet. Det eneste som er sikkert, er at han ikke vil studere. Lobbi dr\u00f8mmer om \u00e5 bli gartner og jobbe med roser, en lidenskap han delte med moren, som mot alle odds dyrket fram de mest fantastiske blomster i det karrige islandske klimaet. Med tre sjeldne rosestiklinger fra morens samling i bagasjen setter han kursen mot et s\u00f8reuropeisk kloster med en ber\u00f8mt, men forfallen rosehage. Etter en tid i klosterlandsbyen dukker plutselig Anna opp med lille Fl\u00f3ra S\u00f3l, datteren de fikk ved et uhell ni m\u00e5neder tidligere, og Lobbi m\u00e5 br\u00e5tt forholde seg til sin nye rolle som far \u2013 og kanskje kj\u00e6reste. Stiklingen er en fengslende roman om en ung manns reise mot st\u00f8rre innsikt, inn i seg selv og verden rundt ham. En medrivende og klok road trip av en bok som minner om Jan Wieses Kvinnen som kledte seg naken for sin elskede, med en sjarmerende islandsk vri.<\/p>\n","protected":false},"excerpt":{"rendered":"<p>22 \u00e5r gamle Lobbi vet ikke helt hva han vil i livet. Det eneste som er sikkert, er at han ikke vil studere. Lobbi dr\u00f8mmer om \u00e5 bli gartner og jobbe med roser, en lidenskap han delte med moren, som mot alle odds dyrket fram de mest fantastiske blomster i det karrige islandske klimaet. Med [&hellip;]<\/p>\n","protected":false},"featured_media":28137,"template":"","meta":{"_acf_changed":false,"inline_featured_image":false},"product_brand":[],"product_cat":[1782],"product_tag":[370],"class_list":{"0":"post-24355","1":"product","2":"type-product","3":"status-publish","4":"has-post-thumbnail","6":"product_cat-fripris","7":"product_tag-skjonnlitteratur","9":"first","10":"instock","11":"shipping-taxable","12":"purchasable","13":"product-type-simple"},"acf":{"anmeldelse":[{"tekst_anmeldelser":"\u00abVar og lun. ...  overrasker stadig med sin m\u00e5te \u00e5 betrakte verden p\u00e5.\u00bb","av_anmeldelser":"Alf K\u00e5re Blindheim","terningkast":false,"kilde":"Bergensavisen"},{"tekst_anmeldelser":"\u00abHer kommer det en perle av en roman. Lavm\u00e6lt, vakker og viktig.\u00bb","av_anmeldelser":"Liv Gade","terningkast":false,"kilde":"Litteratur i Vestfold"},{"tekst_anmeldelser":"\u00abUkas boktips: 'En fascinerende, vakker liten historie.'\u00bb","av_anmeldelser":"Mona Thorjussen","terningkast":false,"kilde":"Porsgrunns Dagblad"},{"tekst_anmeldelser":"\u00abLangsomt og vakkert\u00bb","av_anmeldelser":"Sigmund Jensen","terningkast":false,"kilde":"Stavanger Aftenblad"},{"tekst_anmeldelser":"\u00abDette er en poetisk, rolig og stemningsfull roman\u00bb","av_anmeldelser":"Kine Gogstad","terningkast":false,"kilde":"\u00d8stlandsposten"}]},"yoast_head":"<!-- This site is optimized with the Yoast SEO plugin v26.6 - https:\/\/yoast.com\/wordpress\/plugins\/seo\/ -->\n<title>Stiklingen - Pax<\/title>\n<meta name=\"robots\" content=\"noindex, follow, max-snippet:-1, max-image-preview:large, max-video-preview:-1\" \/>\n<meta property=\"og:locale\" content=\"nb_NO\" \/>\n<meta property=\"og:type\" content=\"article\" \/>\n<meta property=\"og:title\" content=\"Stiklingen - Pax\" \/>\n<meta property=\"og:description\" content=\"22 \u00e5r gamle Lobbi vet ikke helt hva han vil i livet. Det eneste som er sikkert, er at han ikke vil studere. Lobbi dr\u00f8mmer om \u00e5 bli gartner og jobbe med roser, en lidenskap han delte med moren, som mot alle odds dyrket fram de mest fantastiske blomster i det karrige islandske klimaet. Med [&hellip;]\" \/>\n<meta property=\"og:url\" content=\"https:\/\/staging.forenteforlag.no\/pax\/produkt\/stiklingen-3\/\" \/>\n<meta property=\"og:site_name\" content=\"Pax\" \/>\n<meta property=\"article:modified_time\" content=\"2026-03-03T21:54:37+00:00\" \/>\n<meta property=\"og:image\" content=\"https:\/\/staging.forenteforlag.no\/pax\/wp-content\/uploads\/sites\/5\/2025\/08\/jpg-6092-scaled.jpg\" \/>\n\t<meta property=\"og:image:width\" content=\"1265\" \/>\n\t<meta property=\"og:image:height\" content=\"1920\" \/>\n\t<meta property=\"og:image:type\" content=\"image\/jpeg\" \/>\n<meta name=\"twitter:card\" content=\"summary_large_image\" \/>\n<meta name=\"twitter:label1\" content=\"Ansl. lesetid\" \/>\n\t<meta name=\"twitter:data1\" content=\"2 minutter\" \/>\n<script type=\"application\/ld+json\" class=\"yoast-schema-graph\">{\"@context\":\"https:\/\/schema.org\",\"@graph\":[{\"@type\":\"WebPage\",\"@id\":\"https:\/\/staging.forenteforlag.no\/pax\/produkt\/stiklingen-3\/\",\"url\":\"https:\/\/staging.forenteforlag.no\/pax\/produkt\/stiklingen-3\/\",\"name\":\"Stiklingen - Pax\",\"isPartOf\":{\"@id\":\"https:\/\/staging.forenteforlag.no\/pax\/#website\"},\"primaryImageOfPage\":{\"@id\":\"https:\/\/staging.forenteforlag.no\/pax\/produkt\/stiklingen-3\/#primaryimage\"},\"image\":{\"@id\":\"https:\/\/staging.forenteforlag.no\/pax\/produkt\/stiklingen-3\/#primaryimage\"},\"thumbnailUrl\":\"https:\/\/staging.forenteforlag.no\/pax\/wp-content\/uploads\/sites\/5\/2025\/08\/jpg-6092-scaled.jpg\",\"datePublished\":\"2018-11-12T00:00:00+00:00\",\"dateModified\":\"2026-03-03T21:54:37+00:00\",\"breadcrumb\":{\"@id\":\"https:\/\/staging.forenteforlag.no\/pax\/produkt\/stiklingen-3\/#breadcrumb\"},\"inLanguage\":\"nb-NO\",\"potentialAction\":[{\"@type\":\"ReadAction\",\"target\":[\"https:\/\/staging.forenteforlag.no\/pax\/produkt\/stiklingen-3\/\"]}]},{\"@type\":\"ImageObject\",\"inLanguage\":\"nb-NO\",\"@id\":\"https:\/\/staging.forenteforlag.no\/pax\/produkt\/stiklingen-3\/#primaryimage\",\"url\":\"https:\/\/staging.forenteforlag.no\/pax\/wp-content\/uploads\/sites\/5\/2025\/08\/jpg-6092-scaled.jpg\",\"contentUrl\":\"https:\/\/staging.forenteforlag.no\/pax\/wp-content\/uploads\/sites\/5\/2025\/08\/jpg-6092-scaled.jpg\",\"width\":1265,\"height\":1920},{\"@type\":\"BreadcrumbList\",\"@id\":\"https:\/\/staging.forenteforlag.no\/pax\/produkt\/stiklingen-3\/#breadcrumb\",\"itemListElement\":[{\"@type\":\"ListItem\",\"position\":1,\"name\":\"Hjem\",\"item\":\"https:\/\/staging.forenteforlag.no\/pax\/\"},{\"@type\":\"ListItem\",\"position\":2,\"name\":\"Alle b\u00f8ker\",\"item\":\"https:\/\/staging.forenteforlag.no\/pax\/butikk\/\"},{\"@type\":\"ListItem\",\"position\":3,\"name\":\"Stiklingen\"}]},{\"@type\":\"WebSite\",\"@id\":\"https:\/\/staging.forenteforlag.no\/pax\/#website\",\"url\":\"https:\/\/staging.forenteforlag.no\/pax\/\",\"name\":\"Pax\",\"description\":\"\",\"potentialAction\":[{\"@type\":\"SearchAction\",\"target\":{\"@type\":\"EntryPoint\",\"urlTemplate\":\"https:\/\/staging.forenteforlag.no\/pax\/?s={search_term_string}\"},\"query-input\":{\"@type\":\"PropertyValueSpecification\",\"valueRequired\":true,\"valueName\":\"search_term_string\"}}],\"inLanguage\":\"nb-NO\"}]}<\/script>\n<!-- \/ Yoast SEO plugin. -->","yoast_head_json":{"title":"Stiklingen - Pax","robots":{"index":"noindex","follow":"follow","max-snippet":"max-snippet:-1","max-image-preview":"max-image-preview:large","max-video-preview":"max-video-preview:-1"},"og_locale":"nb_NO","og_type":"article","og_title":"Stiklingen - Pax","og_description":"22 \u00e5r gamle Lobbi vet ikke helt hva han vil i livet. Det eneste som er sikkert, er at han ikke vil studere. Lobbi dr\u00f8mmer om \u00e5 bli gartner og jobbe med roser, en lidenskap han delte med moren, som mot alle odds dyrket fram de mest fantastiske blomster i det karrige islandske klimaet. Med [&hellip;]","og_url":"https:\/\/staging.forenteforlag.no\/pax\/produkt\/stiklingen-3\/","og_site_name":"Pax","article_modified_time":"2026-03-03T21:54:37+00:00","og_image":[{"width":1265,"height":1920,"url":"https:\/\/staging.forenteforlag.no\/pax\/wp-content\/uploads\/sites\/5\/2025\/08\/jpg-6092-scaled.jpg","type":"image\/jpeg"}],"twitter_card":"summary_large_image","twitter_misc":{"Ansl. lesetid":"2 minutter"},"schema":{"@context":"https:\/\/schema.org","@graph":[{"@type":"WebPage","@id":"https:\/\/staging.forenteforlag.no\/pax\/produkt\/stiklingen-3\/","url":"https:\/\/staging.forenteforlag.no\/pax\/produkt\/stiklingen-3\/","name":"Stiklingen - Pax","isPartOf":{"@id":"https:\/\/staging.forenteforlag.no\/pax\/#website"},"primaryImageOfPage":{"@id":"https:\/\/staging.forenteforlag.no\/pax\/produkt\/stiklingen-3\/#primaryimage"},"image":{"@id":"https:\/\/staging.forenteforlag.no\/pax\/produkt\/stiklingen-3\/#primaryimage"},"thumbnailUrl":"https:\/\/staging.forenteforlag.no\/pax\/wp-content\/uploads\/sites\/5\/2025\/08\/jpg-6092-scaled.jpg","datePublished":"2018-11-12T00:00:00+00:00","dateModified":"2026-03-03T21:54:37+00:00","breadcrumb":{"@id":"https:\/\/staging.forenteforlag.no\/pax\/produkt\/stiklingen-3\/#breadcrumb"},"inLanguage":"nb-NO","potentialAction":[{"@type":"ReadAction","target":["https:\/\/staging.forenteforlag.no\/pax\/produkt\/stiklingen-3\/"]}]},{"@type":"ImageObject","inLanguage":"nb-NO","@id":"https:\/\/staging.forenteforlag.no\/pax\/produkt\/stiklingen-3\/#primaryimage","url":"https:\/\/staging.forenteforlag.no\/pax\/wp-content\/uploads\/sites\/5\/2025\/08\/jpg-6092-scaled.jpg","contentUrl":"https:\/\/staging.forenteforlag.no\/pax\/wp-content\/uploads\/sites\/5\/2025\/08\/jpg-6092-scaled.jpg","width":1265,"height":1920},{"@type":"BreadcrumbList","@id":"https:\/\/staging.forenteforlag.no\/pax\/produkt\/stiklingen-3\/#breadcrumb","itemListElement":[{"@type":"ListItem","position":1,"name":"Hjem","item":"https:\/\/staging.forenteforlag.no\/pax\/"},{"@type":"ListItem","position":2,"name":"Alle b\u00f8ker","item":"https:\/\/staging.forenteforlag.no\/pax\/butikk\/"},{"@type":"ListItem","position":3,"name":"Stiklingen"}]},{"@type":"WebSite","@id":"https:\/\/staging.forenteforlag.no\/pax\/#website","url":"https:\/\/staging.forenteforlag.no\/pax\/","name":"Pax","description":"","potentialAction":[{"@type":"SearchAction","target":{"@type":"EntryPoint","urlTemplate":"https:\/\/staging.forenteforlag.no\/pax\/?s={search_term_string}"},"query-input":{"@type":"PropertyValueSpecification","valueRequired":true,"valueName":"search_term_string"}}],"inLanguage":"nb-NO"}]}},"_links":{"self":[{"href":"https:\/\/staging.forenteforlag.no\/pax\/wp-json\/wp\/v2\/product\/24355","targetHints":{"allow":["GET"]}}],"collection":[{"href":"https:\/\/staging.forenteforlag.no\/pax\/wp-json\/wp\/v2\/product"}],"about":[{"href":"https:\/\/staging.forenteforlag.no\/pax\/wp-json\/wp\/v2\/types\/product"}],"wp:featuredmedia":[{"embeddable":true,"href":"https:\/\/staging.forenteforlag.no\/pax\/wp-json\/wp\/v2\/media\/28137"}],"wp:attachment":[{"href":"https:\/\/staging.forenteforlag.no\/pax\/wp-json\/wp\/v2\/media?parent=24355"}],"wp:term":[{"taxonomy":"product_brand","embeddable":true,"href":"https:\/\/staging.forenteforlag.no\/pax\/wp-json\/wp\/v2\/product_brand?post=24355"},{"taxonomy":"product_cat","embeddable":true,"href":"https:\/\/staging.forenteforlag.no\/pax\/wp-json\/wp\/v2\/product_cat?post=24355"},{"taxonomy":"product_tag","embeddable":true,"href":"https:\/\/staging.forenteforlag.no\/pax\/wp-json\/wp\/v2\/product_tag?post=24355"}],"curies":[{"name":"wp","href":"https:\/\/api.w.org\/{rel}","templated":true}]}}