{"id":24345,"date":"2018-04-10T02:00:00","date_gmt":"2018-04-10T00:00:00","guid":{"rendered":"https:\/\/pax.forenteforlag.no\/produkt\/mrs-dalloway-3\/"},"modified":"2026-03-03T22:51:30","modified_gmt":"2026-03-03T21:51:30","slug":"mrs-dalloway-3","status":"publish","type":"product","link":"https:\/\/staging.forenteforlag.no\/pax\/produkt\/mrs-dalloway-3\/","title":{"rendered":"Mrs. Dalloway"},"content":{"rendered":"<p>&laquo;Mrs. Dalloway sa at hun ville kj\u00f8pe blomstene selv.&raquo;  <br \/>Tidlig en morgen i juni g\u00e5r Clarissa Dalloway ut for \u00e5 kj\u00f8pe blomster til festen hun skal holde samme kveld. Huset skal fylles med fremtredende gjester, med Clarissa som den perfekte vertinne. Hele dagen springer tankene hennes mellom dagens gj\u00f8rem\u00e5l, bekymringer og gleder, og minner fra den sommeren i ungdoms\u00e5rene hun tilbragte med venninnen Sally og ungdomskj\u00e6resten Peter. Et annet sted i London sitter Septimus Smith, en ung krigsveteran med bombesjokk, og h\u00f8rer fuglene synge p\u00e5 gresk, ser visjoner av sin avd\u00f8de kamerat og sliter med tanker om d\u00f8den.  <br \/>Mrs. Dalloway er et av modernismens st\u00f8rste og mest elskede hovedverk. Den foreg\u00e5r i l\u00f8pet av et enkelt d\u00f8gn i 1923, i et London som fortsatt er sterkt preget av hendelsene fra f\u00f8rste verdenskrig. Gjennom sin spesielle stream of consciousness-teknikk lar Woolf romanens ulike karakterer komme til orde gjennom \u00e5 skildre deres indre tanker og beveggrunner. P\u00e5 denne m\u00e5ten kommer de forskjellige personenes liv til \u00e5 krysse hverandre og belyse hverandre p\u00e5 elegant og ofte uventet vis. <br \/>Etterord av Inger Merete Hobbelstad<\/p>\n","protected":false},"excerpt":{"rendered":"<p>&laquo;Mrs. Dalloway sa at hun ville kj\u00f8pe blomstene selv.&raquo; Tidlig en morgen i juni g\u00e5r Clarissa Dalloway ut for \u00e5 kj\u00f8pe blomster til festen hun skal holde samme kveld. Huset skal fylles med fremtredende gjester, med Clarissa som den perfekte vertinne. Hele dagen springer tankene hennes mellom dagens gj\u00f8rem\u00e5l, bekymringer og gleder, og minner fra [&hellip;]<\/p>\n","protected":false},"featured_media":29420,"template":"","meta":{"_acf_changed":false,"inline_featured_image":false},"product_brand":[],"product_cat":[1782],"product_tag":[370],"class_list":{"0":"post-24345","1":"product","2":"type-product","3":"status-publish","4":"has-post-thumbnail","6":"product_cat-fripris","7":"product_tag-skjonnlitteratur","9":"first","10":"instock","11":"shipping-taxable","12":"purchasable","13":"product-type-simple"},"acf":{"anmeldelse":[{"tekst_anmeldelser":"\u00abOversetteren har \u00f8rene p\u00e5 stilk for musikaliteten og rytmen i originalprosaen og en suveren spr\u00e5kbeherskelse.\u00bb","av_anmeldelser":"Anne Merethe K. Prinos","terningkast":false,"kilde":"Bokvennen Litter\u00e6r Avis"}]},"yoast_head":"<!-- This site is optimized with the Yoast SEO plugin v26.6 - https:\/\/yoast.com\/wordpress\/plugins\/seo\/ -->\n<title>Mrs. Dalloway - Pax<\/title>\n<meta name=\"robots\" content=\"noindex, follow, max-snippet:-1, max-image-preview:large, max-video-preview:-1\" \/>\n<meta property=\"og:locale\" content=\"nb_NO\" \/>\n<meta property=\"og:type\" content=\"article\" \/>\n<meta property=\"og:title\" content=\"Mrs. Dalloway - Pax\" \/>\n<meta property=\"og:description\" content=\"&laquo;Mrs. Dalloway sa at hun ville kj\u00f8pe blomstene selv.&raquo; Tidlig en morgen i juni g\u00e5r Clarissa Dalloway ut for \u00e5 kj\u00f8pe blomster til festen hun skal holde samme kveld. Huset skal fylles med fremtredende gjester, med Clarissa som den perfekte vertinne. Hele dagen springer tankene hennes mellom dagens gj\u00f8rem\u00e5l, bekymringer og gleder, og minner fra [&hellip;]\" \/>\n<meta property=\"og:url\" content=\"https:\/\/staging.forenteforlag.no\/pax\/produkt\/mrs-dalloway-3\/\" \/>\n<meta property=\"og:site_name\" content=\"Pax\" \/>\n<meta property=\"article:modified_time\" content=\"2026-03-03T21:51:30+00:00\" \/>\n<meta property=\"og:image\" content=\"https:\/\/staging.forenteforlag.no\/pax\/wp-content\/uploads\/sites\/5\/2025\/08\/jpg-9888-scaled.jpg\" \/>\n\t<meta property=\"og:image:width\" content=\"1307\" \/>\n\t<meta property=\"og:image:height\" content=\"1920\" \/>\n\t<meta property=\"og:image:type\" content=\"image\/jpeg\" \/>\n<meta name=\"twitter:card\" content=\"summary_large_image\" \/>\n<meta name=\"twitter:label1\" content=\"Ansl. lesetid\" \/>\n\t<meta name=\"twitter:data1\" content=\"1 minutt\" \/>\n<script type=\"application\/ld+json\" class=\"yoast-schema-graph\">{\"@context\":\"https:\/\/schema.org\",\"@graph\":[{\"@type\":\"WebPage\",\"@id\":\"https:\/\/staging.forenteforlag.no\/pax\/produkt\/mrs-dalloway-3\/\",\"url\":\"https:\/\/staging.forenteforlag.no\/pax\/produkt\/mrs-dalloway-3\/\",\"name\":\"Mrs. Dalloway - Pax\",\"isPartOf\":{\"@id\":\"https:\/\/staging.forenteforlag.no\/pax\/#website\"},\"primaryImageOfPage\":{\"@id\":\"https:\/\/staging.forenteforlag.no\/pax\/produkt\/mrs-dalloway-3\/#primaryimage\"},\"image\":{\"@id\":\"https:\/\/staging.forenteforlag.no\/pax\/produkt\/mrs-dalloway-3\/#primaryimage\"},\"thumbnailUrl\":\"https:\/\/staging.forenteforlag.no\/pax\/wp-content\/uploads\/sites\/5\/2025\/08\/jpg-9888-scaled.jpg\",\"datePublished\":\"2018-04-10T00:00:00+00:00\",\"dateModified\":\"2026-03-03T21:51:30+00:00\",\"breadcrumb\":{\"@id\":\"https:\/\/staging.forenteforlag.no\/pax\/produkt\/mrs-dalloway-3\/#breadcrumb\"},\"inLanguage\":\"nb-NO\",\"potentialAction\":[{\"@type\":\"ReadAction\",\"target\":[\"https:\/\/staging.forenteforlag.no\/pax\/produkt\/mrs-dalloway-3\/\"]}]},{\"@type\":\"ImageObject\",\"inLanguage\":\"nb-NO\",\"@id\":\"https:\/\/staging.forenteforlag.no\/pax\/produkt\/mrs-dalloway-3\/#primaryimage\",\"url\":\"https:\/\/staging.forenteforlag.no\/pax\/wp-content\/uploads\/sites\/5\/2025\/08\/jpg-9888-scaled.jpg\",\"contentUrl\":\"https:\/\/staging.forenteforlag.no\/pax\/wp-content\/uploads\/sites\/5\/2025\/08\/jpg-9888-scaled.jpg\",\"width\":1307,\"height\":1920},{\"@type\":\"BreadcrumbList\",\"@id\":\"https:\/\/staging.forenteforlag.no\/pax\/produkt\/mrs-dalloway-3\/#breadcrumb\",\"itemListElement\":[{\"@type\":\"ListItem\",\"position\":1,\"name\":\"Hjem\",\"item\":\"https:\/\/staging.forenteforlag.no\/pax\/\"},{\"@type\":\"ListItem\",\"position\":2,\"name\":\"Alle b\u00f8ker\",\"item\":\"https:\/\/staging.forenteforlag.no\/pax\/butikk\/\"},{\"@type\":\"ListItem\",\"position\":3,\"name\":\"Mrs. Dalloway\"}]},{\"@type\":\"WebSite\",\"@id\":\"https:\/\/staging.forenteforlag.no\/pax\/#website\",\"url\":\"https:\/\/staging.forenteforlag.no\/pax\/\",\"name\":\"Pax\",\"description\":\"\",\"potentialAction\":[{\"@type\":\"SearchAction\",\"target\":{\"@type\":\"EntryPoint\",\"urlTemplate\":\"https:\/\/staging.forenteforlag.no\/pax\/?s={search_term_string}\"},\"query-input\":{\"@type\":\"PropertyValueSpecification\",\"valueRequired\":true,\"valueName\":\"search_term_string\"}}],\"inLanguage\":\"nb-NO\"}]}<\/script>\n<!-- \/ Yoast SEO plugin. -->","yoast_head_json":{"title":"Mrs. Dalloway - Pax","robots":{"index":"noindex","follow":"follow","max-snippet":"max-snippet:-1","max-image-preview":"max-image-preview:large","max-video-preview":"max-video-preview:-1"},"og_locale":"nb_NO","og_type":"article","og_title":"Mrs. Dalloway - Pax","og_description":"&laquo;Mrs. Dalloway sa at hun ville kj\u00f8pe blomstene selv.&raquo; Tidlig en morgen i juni g\u00e5r Clarissa Dalloway ut for \u00e5 kj\u00f8pe blomster til festen hun skal holde samme kveld. Huset skal fylles med fremtredende gjester, med Clarissa som den perfekte vertinne. Hele dagen springer tankene hennes mellom dagens gj\u00f8rem\u00e5l, bekymringer og gleder, og minner fra [&hellip;]","og_url":"https:\/\/staging.forenteforlag.no\/pax\/produkt\/mrs-dalloway-3\/","og_site_name":"Pax","article_modified_time":"2026-03-03T21:51:30+00:00","og_image":[{"width":1307,"height":1920,"url":"https:\/\/staging.forenteforlag.no\/pax\/wp-content\/uploads\/sites\/5\/2025\/08\/jpg-9888-scaled.jpg","type":"image\/jpeg"}],"twitter_card":"summary_large_image","twitter_misc":{"Ansl. lesetid":"1 minutt"},"schema":{"@context":"https:\/\/schema.org","@graph":[{"@type":"WebPage","@id":"https:\/\/staging.forenteforlag.no\/pax\/produkt\/mrs-dalloway-3\/","url":"https:\/\/staging.forenteforlag.no\/pax\/produkt\/mrs-dalloway-3\/","name":"Mrs. Dalloway - Pax","isPartOf":{"@id":"https:\/\/staging.forenteforlag.no\/pax\/#website"},"primaryImageOfPage":{"@id":"https:\/\/staging.forenteforlag.no\/pax\/produkt\/mrs-dalloway-3\/#primaryimage"},"image":{"@id":"https:\/\/staging.forenteforlag.no\/pax\/produkt\/mrs-dalloway-3\/#primaryimage"},"thumbnailUrl":"https:\/\/staging.forenteforlag.no\/pax\/wp-content\/uploads\/sites\/5\/2025\/08\/jpg-9888-scaled.jpg","datePublished":"2018-04-10T00:00:00+00:00","dateModified":"2026-03-03T21:51:30+00:00","breadcrumb":{"@id":"https:\/\/staging.forenteforlag.no\/pax\/produkt\/mrs-dalloway-3\/#breadcrumb"},"inLanguage":"nb-NO","potentialAction":[{"@type":"ReadAction","target":["https:\/\/staging.forenteforlag.no\/pax\/produkt\/mrs-dalloway-3\/"]}]},{"@type":"ImageObject","inLanguage":"nb-NO","@id":"https:\/\/staging.forenteforlag.no\/pax\/produkt\/mrs-dalloway-3\/#primaryimage","url":"https:\/\/staging.forenteforlag.no\/pax\/wp-content\/uploads\/sites\/5\/2025\/08\/jpg-9888-scaled.jpg","contentUrl":"https:\/\/staging.forenteforlag.no\/pax\/wp-content\/uploads\/sites\/5\/2025\/08\/jpg-9888-scaled.jpg","width":1307,"height":1920},{"@type":"BreadcrumbList","@id":"https:\/\/staging.forenteforlag.no\/pax\/produkt\/mrs-dalloway-3\/#breadcrumb","itemListElement":[{"@type":"ListItem","position":1,"name":"Hjem","item":"https:\/\/staging.forenteforlag.no\/pax\/"},{"@type":"ListItem","position":2,"name":"Alle b\u00f8ker","item":"https:\/\/staging.forenteforlag.no\/pax\/butikk\/"},{"@type":"ListItem","position":3,"name":"Mrs. Dalloway"}]},{"@type":"WebSite","@id":"https:\/\/staging.forenteforlag.no\/pax\/#website","url":"https:\/\/staging.forenteforlag.no\/pax\/","name":"Pax","description":"","potentialAction":[{"@type":"SearchAction","target":{"@type":"EntryPoint","urlTemplate":"https:\/\/staging.forenteforlag.no\/pax\/?s={search_term_string}"},"query-input":{"@type":"PropertyValueSpecification","valueRequired":true,"valueName":"search_term_string"}}],"inLanguage":"nb-NO"}]}},"_links":{"self":[{"href":"https:\/\/staging.forenteforlag.no\/pax\/wp-json\/wp\/v2\/product\/24345","targetHints":{"allow":["GET"]}}],"collection":[{"href":"https:\/\/staging.forenteforlag.no\/pax\/wp-json\/wp\/v2\/product"}],"about":[{"href":"https:\/\/staging.forenteforlag.no\/pax\/wp-json\/wp\/v2\/types\/product"}],"wp:featuredmedia":[{"embeddable":true,"href":"https:\/\/staging.forenteforlag.no\/pax\/wp-json\/wp\/v2\/media\/29420"}],"wp:attachment":[{"href":"https:\/\/staging.forenteforlag.no\/pax\/wp-json\/wp\/v2\/media?parent=24345"}],"wp:term":[{"taxonomy":"product_brand","embeddable":true,"href":"https:\/\/staging.forenteforlag.no\/pax\/wp-json\/wp\/v2\/product_brand?post=24345"},{"taxonomy":"product_cat","embeddable":true,"href":"https:\/\/staging.forenteforlag.no\/pax\/wp-json\/wp\/v2\/product_cat?post=24345"},{"taxonomy":"product_tag","embeddable":true,"href":"https:\/\/staging.forenteforlag.no\/pax\/wp-json\/wp\/v2\/product_tag?post=24345"}],"curies":[{"name":"wp","href":"https:\/\/api.w.org\/{rel}","templated":true}]}}