{"id":24339,"date":"2019-11-25T01:00:00","date_gmt":"2019-11-25T00:00:00","guid":{"rendered":"https:\/\/pax.forenteforlag.no\/produkt\/sveitserstil\/"},"modified":"2025-08-27T11:45:16","modified_gmt":"2025-08-27T09:45:16","slug":"sveitserstil","status":"publish","type":"product","link":"https:\/\/staging.forenteforlag.no\/pax\/produkt\/sveitserstil\/","title":{"rendered":"Sveitserstil?"},"content":{"rendered":"<p>Alle vet hva sveitserstil er, men hva best\u00e5r den egentlig av? \u00abSveitserstilen\u00bb vokste frem fra famlende fors\u00f8k til bred blomstring p\u00e5 1800-tallet. Flere av Europas fremste arkitekter tok gamle trebygningstradisjoner og nye estetiske teorier til inspirasjon for storartet nyskapning. Og det var slett ikke bare tradisjonelle byggeskikker i Sveits og Alpene som inspirerte, men vel s\u00e5 ofte den rike arven av bindingsverk fra middelalderen i England, Tyskland og Frankrike. Overraskende kan det v\u00e6re at ogs\u00e5 store italienske takutstikk var vel s\u00e5 viktig inspirasjon som sveitsiske tradisjonsformer. Historien om europeiske trebygningstradisjoner kan i seg selv v\u00e6re en stor opplevelse. Her bidrar ny kunnskap og et vell av originalkilder til \u00e5 sortere synsinntrykkene og berike opplevelsen av 1800-tallets fantastiske trearkitektur, ogs\u00e5 i dens transatlantiske variasjoner. Jens Christian Eldal er en ledende ekspert p\u00e5 1800-tallets trearkitektur, og i denne rikt illustrerte boken henvender han seg b\u00e5de til fagfolk og andre arkitekturinteresserte.<\/p>\n","protected":false},"excerpt":{"rendered":"<p>Alle vet hva sveitserstil er, men hva best\u00e5r den egentlig av? \u00abSveitserstilen\u00bb vokste frem fra famlende fors\u00f8k til bred blomstring p\u00e5 1800-tallet. Flere av Europas fremste arkitekter tok gamle trebygningstradisjoner og nye estetiske teorier til inspirasjon for storartet nyskapning. Og det var slett ikke bare tradisjonelle byggeskikker i Sveits og Alpene som inspirerte, men vel [&hellip;]<\/p>\n","protected":false},"featured_media":29008,"template":"","meta":{"_acf_changed":false,"inline_featured_image":false},"product_brand":[],"product_cat":[19,1782],"product_tag":[394,438,1634,362],"class_list":{"0":"post-24339","1":"product","2":"type-product","3":"status-publish","4":"has-post-thumbnail","6":"product_cat-arkitektur","7":"product_cat-fripris","8":"product_tag-1800-tallet","9":"product_tag-arkitektur","10":"product_tag-begrepstrening","11":"product_tag-faglitteratur","12":"pa_format-innbundet","14":"first","15":"instock","16":"shipping-taxable","17":"purchasable","18":"product-type-simple"},"acf":{"anmeldelse":null},"yoast_head":"<!-- This site is optimized with the Yoast SEO plugin v26.6 - https:\/\/yoast.com\/wordpress\/plugins\/seo\/ -->\n<title>Sveitserstil? - Pax<\/title>\n<meta name=\"robots\" content=\"noindex, follow, max-snippet:-1, max-image-preview:large, max-video-preview:-1\" \/>\n<meta property=\"og:locale\" content=\"nb_NO\" \/>\n<meta property=\"og:type\" content=\"article\" \/>\n<meta property=\"og:title\" content=\"Sveitserstil? - Pax\" \/>\n<meta property=\"og:description\" content=\"Alle vet hva sveitserstil er, men hva best\u00e5r den egentlig av? \u00abSveitserstilen\u00bb vokste frem fra famlende fors\u00f8k til bred blomstring p\u00e5 1800-tallet. Flere av Europas fremste arkitekter tok gamle trebygningstradisjoner og nye estetiske teorier til inspirasjon for storartet nyskapning. Og det var slett ikke bare tradisjonelle byggeskikker i Sveits og Alpene som inspirerte, men vel [&hellip;]\" \/>\n<meta property=\"og:url\" content=\"https:\/\/staging.forenteforlag.no\/pax\/produkt\/sveitserstil\/\" \/>\n<meta property=\"og:site_name\" content=\"Pax\" \/>\n<meta property=\"article:modified_time\" content=\"2025-08-27T09:45:16+00:00\" \/>\n<meta property=\"og:image\" content=\"https:\/\/staging.forenteforlag.no\/pax\/wp-content\/uploads\/sites\/5\/2025\/08\/jpg-8650-scaled-1-scaled.jpg\" \/>\n\t<meta property=\"og:image:width\" content=\"1765\" \/>\n\t<meta property=\"og:image:height\" content=\"1920\" \/>\n\t<meta property=\"og:image:type\" content=\"image\/jpeg\" \/>\n<meta name=\"twitter:card\" content=\"summary_large_image\" \/>\n<meta name=\"twitter:label1\" content=\"Ansl. lesetid\" \/>\n\t<meta name=\"twitter:data1\" content=\"1 minutt\" \/>\n<script type=\"application\/ld+json\" class=\"yoast-schema-graph\">{\"@context\":\"https:\/\/schema.org\",\"@graph\":[{\"@type\":\"WebPage\",\"@id\":\"https:\/\/staging.forenteforlag.no\/pax\/produkt\/sveitserstil\/\",\"url\":\"https:\/\/staging.forenteforlag.no\/pax\/produkt\/sveitserstil\/\",\"name\":\"Sveitserstil? - Pax\",\"isPartOf\":{\"@id\":\"https:\/\/staging.forenteforlag.no\/pax\/#website\"},\"primaryImageOfPage\":{\"@id\":\"https:\/\/staging.forenteforlag.no\/pax\/produkt\/sveitserstil\/#primaryimage\"},\"image\":{\"@id\":\"https:\/\/staging.forenteforlag.no\/pax\/produkt\/sveitserstil\/#primaryimage\"},\"thumbnailUrl\":\"https:\/\/staging.forenteforlag.no\/pax\/wp-content\/uploads\/sites\/5\/2025\/08\/jpg-8650-scaled-1-scaled.jpg\",\"datePublished\":\"2019-11-25T00:00:00+00:00\",\"dateModified\":\"2025-08-27T09:45:16+00:00\",\"breadcrumb\":{\"@id\":\"https:\/\/staging.forenteforlag.no\/pax\/produkt\/sveitserstil\/#breadcrumb\"},\"inLanguage\":\"nb-NO\",\"potentialAction\":[{\"@type\":\"ReadAction\",\"target\":[\"https:\/\/staging.forenteforlag.no\/pax\/produkt\/sveitserstil\/\"]}]},{\"@type\":\"ImageObject\",\"inLanguage\":\"nb-NO\",\"@id\":\"https:\/\/staging.forenteforlag.no\/pax\/produkt\/sveitserstil\/#primaryimage\",\"url\":\"https:\/\/staging.forenteforlag.no\/pax\/wp-content\/uploads\/sites\/5\/2025\/08\/jpg-8650-scaled-1-scaled.jpg\",\"contentUrl\":\"https:\/\/staging.forenteforlag.no\/pax\/wp-content\/uploads\/sites\/5\/2025\/08\/jpg-8650-scaled-1-scaled.jpg\",\"width\":1765,\"height\":1920},{\"@type\":\"BreadcrumbList\",\"@id\":\"https:\/\/staging.forenteforlag.no\/pax\/produkt\/sveitserstil\/#breadcrumb\",\"itemListElement\":[{\"@type\":\"ListItem\",\"position\":1,\"name\":\"Hjem\",\"item\":\"https:\/\/staging.forenteforlag.no\/pax\/\"},{\"@type\":\"ListItem\",\"position\":2,\"name\":\"Alle b\u00f8ker\",\"item\":\"https:\/\/staging.forenteforlag.no\/pax\/butikk\/\"},{\"@type\":\"ListItem\",\"position\":3,\"name\":\"Sveitserstil?\"}]},{\"@type\":\"WebSite\",\"@id\":\"https:\/\/staging.forenteforlag.no\/pax\/#website\",\"url\":\"https:\/\/staging.forenteforlag.no\/pax\/\",\"name\":\"Pax\",\"description\":\"\",\"potentialAction\":[{\"@type\":\"SearchAction\",\"target\":{\"@type\":\"EntryPoint\",\"urlTemplate\":\"https:\/\/staging.forenteforlag.no\/pax\/?s={search_term_string}\"},\"query-input\":{\"@type\":\"PropertyValueSpecification\",\"valueRequired\":true,\"valueName\":\"search_term_string\"}}],\"inLanguage\":\"nb-NO\"}]}<\/script>\n<!-- \/ Yoast SEO plugin. -->","yoast_head_json":{"title":"Sveitserstil? - Pax","robots":{"index":"noindex","follow":"follow","max-snippet":"max-snippet:-1","max-image-preview":"max-image-preview:large","max-video-preview":"max-video-preview:-1"},"og_locale":"nb_NO","og_type":"article","og_title":"Sveitserstil? - Pax","og_description":"Alle vet hva sveitserstil er, men hva best\u00e5r den egentlig av? \u00abSveitserstilen\u00bb vokste frem fra famlende fors\u00f8k til bred blomstring p\u00e5 1800-tallet. Flere av Europas fremste arkitekter tok gamle trebygningstradisjoner og nye estetiske teorier til inspirasjon for storartet nyskapning. Og det var slett ikke bare tradisjonelle byggeskikker i Sveits og Alpene som inspirerte, men vel [&hellip;]","og_url":"https:\/\/staging.forenteforlag.no\/pax\/produkt\/sveitserstil\/","og_site_name":"Pax","article_modified_time":"2025-08-27T09:45:16+00:00","og_image":[{"width":1765,"height":1920,"url":"https:\/\/staging.forenteforlag.no\/pax\/wp-content\/uploads\/sites\/5\/2025\/08\/jpg-8650-scaled-1-scaled.jpg","type":"image\/jpeg"}],"twitter_card":"summary_large_image","twitter_misc":{"Ansl. lesetid":"1 minutt"},"schema":{"@context":"https:\/\/schema.org","@graph":[{"@type":"WebPage","@id":"https:\/\/staging.forenteforlag.no\/pax\/produkt\/sveitserstil\/","url":"https:\/\/staging.forenteforlag.no\/pax\/produkt\/sveitserstil\/","name":"Sveitserstil? - Pax","isPartOf":{"@id":"https:\/\/staging.forenteforlag.no\/pax\/#website"},"primaryImageOfPage":{"@id":"https:\/\/staging.forenteforlag.no\/pax\/produkt\/sveitserstil\/#primaryimage"},"image":{"@id":"https:\/\/staging.forenteforlag.no\/pax\/produkt\/sveitserstil\/#primaryimage"},"thumbnailUrl":"https:\/\/staging.forenteforlag.no\/pax\/wp-content\/uploads\/sites\/5\/2025\/08\/jpg-8650-scaled-1-scaled.jpg","datePublished":"2019-11-25T00:00:00+00:00","dateModified":"2025-08-27T09:45:16+00:00","breadcrumb":{"@id":"https:\/\/staging.forenteforlag.no\/pax\/produkt\/sveitserstil\/#breadcrumb"},"inLanguage":"nb-NO","potentialAction":[{"@type":"ReadAction","target":["https:\/\/staging.forenteforlag.no\/pax\/produkt\/sveitserstil\/"]}]},{"@type":"ImageObject","inLanguage":"nb-NO","@id":"https:\/\/staging.forenteforlag.no\/pax\/produkt\/sveitserstil\/#primaryimage","url":"https:\/\/staging.forenteforlag.no\/pax\/wp-content\/uploads\/sites\/5\/2025\/08\/jpg-8650-scaled-1-scaled.jpg","contentUrl":"https:\/\/staging.forenteforlag.no\/pax\/wp-content\/uploads\/sites\/5\/2025\/08\/jpg-8650-scaled-1-scaled.jpg","width":1765,"height":1920},{"@type":"BreadcrumbList","@id":"https:\/\/staging.forenteforlag.no\/pax\/produkt\/sveitserstil\/#breadcrumb","itemListElement":[{"@type":"ListItem","position":1,"name":"Hjem","item":"https:\/\/staging.forenteforlag.no\/pax\/"},{"@type":"ListItem","position":2,"name":"Alle b\u00f8ker","item":"https:\/\/staging.forenteforlag.no\/pax\/butikk\/"},{"@type":"ListItem","position":3,"name":"Sveitserstil?"}]},{"@type":"WebSite","@id":"https:\/\/staging.forenteforlag.no\/pax\/#website","url":"https:\/\/staging.forenteforlag.no\/pax\/","name":"Pax","description":"","potentialAction":[{"@type":"SearchAction","target":{"@type":"EntryPoint","urlTemplate":"https:\/\/staging.forenteforlag.no\/pax\/?s={search_term_string}"},"query-input":{"@type":"PropertyValueSpecification","valueRequired":true,"valueName":"search_term_string"}}],"inLanguage":"nb-NO"}]}},"_links":{"self":[{"href":"https:\/\/staging.forenteforlag.no\/pax\/wp-json\/wp\/v2\/product\/24339","targetHints":{"allow":["GET"]}}],"collection":[{"href":"https:\/\/staging.forenteforlag.no\/pax\/wp-json\/wp\/v2\/product"}],"about":[{"href":"https:\/\/staging.forenteforlag.no\/pax\/wp-json\/wp\/v2\/types\/product"}],"wp:featuredmedia":[{"embeddable":true,"href":"https:\/\/staging.forenteforlag.no\/pax\/wp-json\/wp\/v2\/media\/29008"}],"wp:attachment":[{"href":"https:\/\/staging.forenteforlag.no\/pax\/wp-json\/wp\/v2\/media?parent=24339"}],"wp:term":[{"taxonomy":"product_brand","embeddable":true,"href":"https:\/\/staging.forenteforlag.no\/pax\/wp-json\/wp\/v2\/product_brand?post=24339"},{"taxonomy":"product_cat","embeddable":true,"href":"https:\/\/staging.forenteforlag.no\/pax\/wp-json\/wp\/v2\/product_cat?post=24339"},{"taxonomy":"product_tag","embeddable":true,"href":"https:\/\/staging.forenteforlag.no\/pax\/wp-json\/wp\/v2\/product_tag?post=24339"}],"curies":[{"name":"wp","href":"https:\/\/api.w.org\/{rel}","templated":true}]}}