{"id":24330,"date":"2020-03-17T01:00:00","date_gmt":"2020-03-17T00:00:00","guid":{"rendered":"https:\/\/pax.forenteforlag.no\/produkt\/ingen-kniver-pa-kjokkenet-i-denne-byen-3\/"},"modified":"2026-03-03T23:01:18","modified_gmt":"2026-03-03T22:01:18","slug":"ingen-kniver-pa-kjokkenet-i-denne-byen-3","status":"publish","type":"product","link":"https:\/\/staging.forenteforlag.no\/pax\/produkt\/ingen-kniver-pa-kjokkenet-i-denne-byen-3\/","title":{"rendered":"Ingen kniver p\u00e5 kj\u00f8kkenet i denne byen"},"content":{"rendered":"<p>Fortelleren i romanen ble f\u00f8dt i 1963, samme \u00e5ret som Baath-partiet kom til makten i Syria ved et kupp. Handlingen strekker seg inn i v\u00e5rt \u00e5rhundre og skildrer familiens liv i Aleppo under diktatoren Hafez al-Assad og senere hans s\u00f8nn Bashar, et samfunn styrt av frykt og kontroll. Romanen forteller om Syrias politiske kollaps som har p\u00e5g\u00e5tt over flere ti\u00e5r. Gjennom tre generasjoner f\u00f8lger romanen familien, venner, fiender og elskere. Aleppo er romanens sentrale karakter, en gang en metropol for rikdom, makt og kultur, n\u00e5 i ruiner.<\/p>\n","protected":false},"excerpt":{"rendered":"<p>Fortelleren i romanen ble f\u00f8dt i 1963, samme \u00e5ret som Baath-partiet kom til makten i Syria ved et kupp. Handlingen strekker seg inn i v\u00e5rt \u00e5rhundre og skildrer familiens liv i Aleppo under diktatoren Hafez al-Assad og senere hans s\u00f8nn Bashar, et samfunn styrt av frykt og kontroll. Romanen forteller om Syrias politiske kollaps som [&hellip;]<\/p>\n","protected":false},"featured_media":29017,"template":"","meta":{"_acf_changed":false,"inline_featured_image":false},"product_brand":[],"product_cat":[1782],"product_tag":[493,557,568,836,1095,370,795],"class_list":{"0":"post-24330","1":"product","2":"type-product","3":"status-publish","4":"has-post-thumbnail","6":"product_cat-fripris","7":"product_tag-1960-1999","8":"product_tag-2000-tallet","9":"product_tag-bonusfamilie","10":"product_tag-diktatur","11":"product_tag-grafiske-romaner","12":"product_tag-skjonnlitteratur","13":"product_tag-syria","15":"first","16":"instock","17":"shipping-taxable","18":"purchasable","19":"product-type-simple"},"acf":{"anmeldelse":[{"tekst_anmeldelser":"\u00abJeg aner ikke n\u00e5r jeg sist leste en roman av en syrisk forfatter, men det er s\u00e5 forbaska befriende at Khaled Khalifa er syrer og ikke en reisende utenlandsk skriver som skal ta Syrias nyere historie p\u00e5 pulsen og vektlegge konflikter ut fra et vestlig verdist\u00e5sted.\u00bb","av_anmeldelser":"Vidar Kvalshaug","terningkast":"<i class=\"fa-solid fa-dice-six\"><\/i>","kilde":"Bok365"},{"tekst_anmeldelser":"\u00abDet kan ikkje seiast for ofte: Skj\u00f8nnlitteraturen opnar ei d\u00f8r inn i dei mest private romma, dit du aldri kan kome verken p\u00e5 eigne bein eller gjennom reportasjar i media. Khaled Khalifa bur framleis i Syria, no i Damaskus. Ikkje alle b\u00f8kene hans f\u00e5r kome ut i heimlandet. Men dei som kjem ut, er skrivne til eit syrisk publikum, ja og til oss andre, naturlegvis. Men vi m\u00e5 pent finne oss i at ikkje alt er forklart for utanforst\u00e5ande, slik det av og til er n\u00e5r forfattarar er ivrige etter \u00e5 n\u00e5 eit internasjonalt publikum. Dette styrkjer kjensla av \u00e5 kome kj\u00f8kenvegen, og det forlenger lesetida; her m\u00e5 det tyggast, tenkjast og av og til sl\u00e5ast opp. Det er bra saker, begge deler.\u00bb","av_anmeldelser":"Marta Norheim","terningkast":false,"kilde":"NRK"},{"tekst_anmeldelser":"\u00abIngen kniver p\u00e5 kj\u00f8kkenet i denne byen er en str\u00e5lende, depressiv, rullende og ramlende fortalt familiehistorie fra Aleppo fra 1960 til litt inn p\u00e5 2000-tallet. ... Takket v\u00e6re Oda M. Winsnes\u2019 livlige oversettelse er en d\u00f8r \u00e5pnet til ny syrisk litteratur.\u00bb","av_anmeldelser":"Janneken \u00d8verland","terningkast":false,"kilde":"Klassekampen"},{"tekst_anmeldelser":"\u00abKhalifas spr\u00e5k er r\u00e5tt og saftig, intenst kroppsorientert og sirklar stadig rundt kroppens avfallsprodukt.\u00bb","av_anmeldelser":"Oddmund Hagen","terningkast":false,"kilde":"Dag og Tid"}]},"yoast_head":"<!-- This site is optimized with the Yoast SEO plugin v26.6 - https:\/\/yoast.com\/wordpress\/plugins\/seo\/ -->\n<title>Ingen kniver p\u00e5 kj\u00f8kkenet i denne byen - Pax<\/title>\n<meta name=\"robots\" content=\"noindex, follow, max-snippet:-1, max-image-preview:large, max-video-preview:-1\" \/>\n<meta property=\"og:locale\" content=\"nb_NO\" \/>\n<meta property=\"og:type\" content=\"article\" \/>\n<meta property=\"og:title\" content=\"Ingen kniver p\u00e5 kj\u00f8kkenet i denne byen - Pax\" \/>\n<meta property=\"og:description\" content=\"Fortelleren i romanen ble f\u00f8dt i 1963, samme \u00e5ret som Baath-partiet kom til makten i Syria ved et kupp. Handlingen strekker seg inn i v\u00e5rt \u00e5rhundre og skildrer familiens liv i Aleppo under diktatoren Hafez al-Assad og senere hans s\u00f8nn Bashar, et samfunn styrt av frykt og kontroll. Romanen forteller om Syrias politiske kollaps som [&hellip;]\" \/>\n<meta property=\"og:url\" content=\"https:\/\/staging.forenteforlag.no\/pax\/produkt\/ingen-kniver-pa-kjokkenet-i-denne-byen-3\/\" \/>\n<meta property=\"og:site_name\" content=\"Pax\" \/>\n<meta property=\"article:modified_time\" content=\"2026-03-03T22:01:18+00:00\" \/>\n<meta property=\"og:image\" content=\"https:\/\/staging.forenteforlag.no\/pax\/wp-content\/uploads\/sites\/5\/2025\/08\/jpg-8679-scaled.jpg\" \/>\n\t<meta property=\"og:image:width\" content=\"1235\" \/>\n\t<meta property=\"og:image:height\" content=\"1920\" \/>\n\t<meta property=\"og:image:type\" content=\"image\/jpeg\" \/>\n<meta name=\"twitter:card\" content=\"summary_large_image\" \/>\n<script type=\"application\/ld+json\" class=\"yoast-schema-graph\">{\"@context\":\"https:\/\/schema.org\",\"@graph\":[{\"@type\":\"WebPage\",\"@id\":\"https:\/\/staging.forenteforlag.no\/pax\/produkt\/ingen-kniver-pa-kjokkenet-i-denne-byen-3\/\",\"url\":\"https:\/\/staging.forenteforlag.no\/pax\/produkt\/ingen-kniver-pa-kjokkenet-i-denne-byen-3\/\",\"name\":\"Ingen kniver p\u00e5 kj\u00f8kkenet i denne byen - Pax\",\"isPartOf\":{\"@id\":\"https:\/\/staging.forenteforlag.no\/pax\/#website\"},\"primaryImageOfPage\":{\"@id\":\"https:\/\/staging.forenteforlag.no\/pax\/produkt\/ingen-kniver-pa-kjokkenet-i-denne-byen-3\/#primaryimage\"},\"image\":{\"@id\":\"https:\/\/staging.forenteforlag.no\/pax\/produkt\/ingen-kniver-pa-kjokkenet-i-denne-byen-3\/#primaryimage\"},\"thumbnailUrl\":\"https:\/\/staging.forenteforlag.no\/pax\/wp-content\/uploads\/sites\/5\/2025\/08\/jpg-8679-scaled.jpg\",\"datePublished\":\"2020-03-17T00:00:00+00:00\",\"dateModified\":\"2026-03-03T22:01:18+00:00\",\"breadcrumb\":{\"@id\":\"https:\/\/staging.forenteforlag.no\/pax\/produkt\/ingen-kniver-pa-kjokkenet-i-denne-byen-3\/#breadcrumb\"},\"inLanguage\":\"nb-NO\",\"potentialAction\":[{\"@type\":\"ReadAction\",\"target\":[\"https:\/\/staging.forenteforlag.no\/pax\/produkt\/ingen-kniver-pa-kjokkenet-i-denne-byen-3\/\"]}]},{\"@type\":\"ImageObject\",\"inLanguage\":\"nb-NO\",\"@id\":\"https:\/\/staging.forenteforlag.no\/pax\/produkt\/ingen-kniver-pa-kjokkenet-i-denne-byen-3\/#primaryimage\",\"url\":\"https:\/\/staging.forenteforlag.no\/pax\/wp-content\/uploads\/sites\/5\/2025\/08\/jpg-8679-scaled.jpg\",\"contentUrl\":\"https:\/\/staging.forenteforlag.no\/pax\/wp-content\/uploads\/sites\/5\/2025\/08\/jpg-8679-scaled.jpg\",\"width\":1235,\"height\":1920},{\"@type\":\"BreadcrumbList\",\"@id\":\"https:\/\/staging.forenteforlag.no\/pax\/produkt\/ingen-kniver-pa-kjokkenet-i-denne-byen-3\/#breadcrumb\",\"itemListElement\":[{\"@type\":\"ListItem\",\"position\":1,\"name\":\"Hjem\",\"item\":\"https:\/\/staging.forenteforlag.no\/pax\/\"},{\"@type\":\"ListItem\",\"position\":2,\"name\":\"Alle b\u00f8ker\",\"item\":\"https:\/\/staging.forenteforlag.no\/pax\/butikk\/\"},{\"@type\":\"ListItem\",\"position\":3,\"name\":\"Ingen kniver p\u00e5 kj\u00f8kkenet i denne byen\"}]},{\"@type\":\"WebSite\",\"@id\":\"https:\/\/staging.forenteforlag.no\/pax\/#website\",\"url\":\"https:\/\/staging.forenteforlag.no\/pax\/\",\"name\":\"Pax\",\"description\":\"\",\"potentialAction\":[{\"@type\":\"SearchAction\",\"target\":{\"@type\":\"EntryPoint\",\"urlTemplate\":\"https:\/\/staging.forenteforlag.no\/pax\/?s={search_term_string}\"},\"query-input\":{\"@type\":\"PropertyValueSpecification\",\"valueRequired\":true,\"valueName\":\"search_term_string\"}}],\"inLanguage\":\"nb-NO\"}]}<\/script>\n<!-- \/ Yoast SEO plugin. -->","yoast_head_json":{"title":"Ingen kniver p\u00e5 kj\u00f8kkenet i denne byen - Pax","robots":{"index":"noindex","follow":"follow","max-snippet":"max-snippet:-1","max-image-preview":"max-image-preview:large","max-video-preview":"max-video-preview:-1"},"og_locale":"nb_NO","og_type":"article","og_title":"Ingen kniver p\u00e5 kj\u00f8kkenet i denne byen - Pax","og_description":"Fortelleren i romanen ble f\u00f8dt i 1963, samme \u00e5ret som Baath-partiet kom til makten i Syria ved et kupp. Handlingen strekker seg inn i v\u00e5rt \u00e5rhundre og skildrer familiens liv i Aleppo under diktatoren Hafez al-Assad og senere hans s\u00f8nn Bashar, et samfunn styrt av frykt og kontroll. Romanen forteller om Syrias politiske kollaps som [&hellip;]","og_url":"https:\/\/staging.forenteforlag.no\/pax\/produkt\/ingen-kniver-pa-kjokkenet-i-denne-byen-3\/","og_site_name":"Pax","article_modified_time":"2026-03-03T22:01:18+00:00","og_image":[{"width":1235,"height":1920,"url":"https:\/\/staging.forenteforlag.no\/pax\/wp-content\/uploads\/sites\/5\/2025\/08\/jpg-8679-scaled.jpg","type":"image\/jpeg"}],"twitter_card":"summary_large_image","schema":{"@context":"https:\/\/schema.org","@graph":[{"@type":"WebPage","@id":"https:\/\/staging.forenteforlag.no\/pax\/produkt\/ingen-kniver-pa-kjokkenet-i-denne-byen-3\/","url":"https:\/\/staging.forenteforlag.no\/pax\/produkt\/ingen-kniver-pa-kjokkenet-i-denne-byen-3\/","name":"Ingen kniver p\u00e5 kj\u00f8kkenet i denne byen - Pax","isPartOf":{"@id":"https:\/\/staging.forenteforlag.no\/pax\/#website"},"primaryImageOfPage":{"@id":"https:\/\/staging.forenteforlag.no\/pax\/produkt\/ingen-kniver-pa-kjokkenet-i-denne-byen-3\/#primaryimage"},"image":{"@id":"https:\/\/staging.forenteforlag.no\/pax\/produkt\/ingen-kniver-pa-kjokkenet-i-denne-byen-3\/#primaryimage"},"thumbnailUrl":"https:\/\/staging.forenteforlag.no\/pax\/wp-content\/uploads\/sites\/5\/2025\/08\/jpg-8679-scaled.jpg","datePublished":"2020-03-17T00:00:00+00:00","dateModified":"2026-03-03T22:01:18+00:00","breadcrumb":{"@id":"https:\/\/staging.forenteforlag.no\/pax\/produkt\/ingen-kniver-pa-kjokkenet-i-denne-byen-3\/#breadcrumb"},"inLanguage":"nb-NO","potentialAction":[{"@type":"ReadAction","target":["https:\/\/staging.forenteforlag.no\/pax\/produkt\/ingen-kniver-pa-kjokkenet-i-denne-byen-3\/"]}]},{"@type":"ImageObject","inLanguage":"nb-NO","@id":"https:\/\/staging.forenteforlag.no\/pax\/produkt\/ingen-kniver-pa-kjokkenet-i-denne-byen-3\/#primaryimage","url":"https:\/\/staging.forenteforlag.no\/pax\/wp-content\/uploads\/sites\/5\/2025\/08\/jpg-8679-scaled.jpg","contentUrl":"https:\/\/staging.forenteforlag.no\/pax\/wp-content\/uploads\/sites\/5\/2025\/08\/jpg-8679-scaled.jpg","width":1235,"height":1920},{"@type":"BreadcrumbList","@id":"https:\/\/staging.forenteforlag.no\/pax\/produkt\/ingen-kniver-pa-kjokkenet-i-denne-byen-3\/#breadcrumb","itemListElement":[{"@type":"ListItem","position":1,"name":"Hjem","item":"https:\/\/staging.forenteforlag.no\/pax\/"},{"@type":"ListItem","position":2,"name":"Alle b\u00f8ker","item":"https:\/\/staging.forenteforlag.no\/pax\/butikk\/"},{"@type":"ListItem","position":3,"name":"Ingen kniver p\u00e5 kj\u00f8kkenet i denne byen"}]},{"@type":"WebSite","@id":"https:\/\/staging.forenteforlag.no\/pax\/#website","url":"https:\/\/staging.forenteforlag.no\/pax\/","name":"Pax","description":"","potentialAction":[{"@type":"SearchAction","target":{"@type":"EntryPoint","urlTemplate":"https:\/\/staging.forenteforlag.no\/pax\/?s={search_term_string}"},"query-input":{"@type":"PropertyValueSpecification","valueRequired":true,"valueName":"search_term_string"}}],"inLanguage":"nb-NO"}]}},"_links":{"self":[{"href":"https:\/\/staging.forenteforlag.no\/pax\/wp-json\/wp\/v2\/product\/24330","targetHints":{"allow":["GET"]}}],"collection":[{"href":"https:\/\/staging.forenteforlag.no\/pax\/wp-json\/wp\/v2\/product"}],"about":[{"href":"https:\/\/staging.forenteforlag.no\/pax\/wp-json\/wp\/v2\/types\/product"}],"wp:featuredmedia":[{"embeddable":true,"href":"https:\/\/staging.forenteforlag.no\/pax\/wp-json\/wp\/v2\/media\/29017"}],"wp:attachment":[{"href":"https:\/\/staging.forenteforlag.no\/pax\/wp-json\/wp\/v2\/media?parent=24330"}],"wp:term":[{"taxonomy":"product_brand","embeddable":true,"href":"https:\/\/staging.forenteforlag.no\/pax\/wp-json\/wp\/v2\/product_brand?post=24330"},{"taxonomy":"product_cat","embeddable":true,"href":"https:\/\/staging.forenteforlag.no\/pax\/wp-json\/wp\/v2\/product_cat?post=24330"},{"taxonomy":"product_tag","embeddable":true,"href":"https:\/\/staging.forenteforlag.no\/pax\/wp-json\/wp\/v2\/product_tag?post=24330"}],"curies":[{"name":"wp","href":"https:\/\/api.w.org\/{rel}","templated":true}]}}