{"id":24327,"date":"2020-03-20T01:00:00","date_gmt":"2020-03-20T00:00:00","guid":{"rendered":"https:\/\/pax.forenteforlag.no\/produkt\/froken-island-3\/"},"modified":"2026-03-03T22:59:48","modified_gmt":"2026-03-03T21:59:48","slug":"froken-island-3","status":"publish","type":"product","link":"https:\/\/staging.forenteforlag.no\/pax\/produkt\/froken-island-3\/","title":{"rendered":"Fr\u00f8ken Island"},"content":{"rendered":"<p>\u00c5ret er 1963. Island har 177 000 innbyggere og \u00e9n nobelprisvinner. Bokens heltinne, Hekla, er en ung poet som kommer fra utkantstr\u00f8ket Dalir. Etter \u00e5 ha pakket de f\u00e5 eiendelene sine og en skrivemaskin, setter hun kursen mot Reykjavik. Der skal hun bli forfatter. Hun flytter inn i en leilighet sammen med den homofile barndomskameraten J\u00f3n John. Vennskapet styrkes av en felles opplevelse av utenforskap. Hekla skaffer seg en dagjobb slik at hun kan skrive om natten, i all hemmelighet. Slik m\u00e5 det bli i et samfunn hvor menn f\u00f8des som poeter og kvinner f\u00e5r tilbud om \u00e5 v\u00e6re fr\u00f8ken Island. Allerede i konfirmasjonsalderen tar menn p\u00e5 seg den uunng\u00e5elige rollen som genier. Det spiller ingen rolle om de skriver eller ikke. Kvinner blir kj\u00f8nnsmodne og f\u00e5r barn, derfor kan de ikke skrive.<\/p>\n","protected":false},"excerpt":{"rendered":"<p>\u00c5ret er 1963. Island har 177 000 innbyggere og \u00e9n nobelprisvinner. Bokens heltinne, Hekla, er en ung poet som kommer fra utkantstr\u00f8ket Dalir. Etter \u00e5 ha pakket de f\u00e5 eiendelene sine og en skrivemaskin, setter hun kursen mot Reykjavik. Der skal hun bli forfatter. Hun flytter inn i en leilighet sammen med den homofile barndomskameraten [&hellip;]<\/p>\n","protected":false},"featured_media":28162,"template":"","meta":{"_acf_changed":false,"inline_featured_image":false},"product_brand":[],"product_cat":[1782],"product_tag":[370],"class_list":{"0":"post-24327","1":"product","2":"type-product","3":"status-publish","4":"has-post-thumbnail","6":"product_cat-fripris","7":"product_tag-skjonnlitteratur","9":"first","10":"instock","11":"shipping-taxable","12":"purchasable","13":"product-type-simple"},"acf":{"anmeldelse":[{"tekst_anmeldelser":"\u00abDet er fascinerende hvor mye som kan leses mellom linjene. Det handler om Island, men er ogs\u00e5 allmenngyldig. Det handler om 60-tallet, men er ogs\u00e5 tidl\u00f8st. Ikke minst i kj\u00f8lvannet av metoo. Det er symboltungt, om en er p\u00e5 det sporet. Men kanskje er det bare en historie om at slik var\/er det bare. En historie som fenger.\u00bb","av_anmeldelser":"Vigdis Moe Skarstein","terningkast":"<i class=\"fa-solid fa-dice-five\"><\/i>","kilde":"Adresseavisen"},{"tekst_anmeldelser":"\u00abFr\u00f8ken Island er en bok full av dr\u00f8m og lengsel, litteratur og kj\u00e6rlighet, om samfunnets og tradisjonenes hemmende grep, men fremfor alt om emansipasjon, om \u00e5 bli og st\u00e5 opp for seg selv til tross for alle begrensende normer og forventninger. Dessverre trenger vi stadig slike p\u00e5minnelser, ogs\u00e5 i s\u00e5kalt liberale demokratier.\u00bb","av_anmeldelser":"Sigmund Jensen","terningkast":"<i class=\"fa-solid fa-dice-five\"><\/i>","kilde":"Stavanger Aftenblad"},{"tekst_anmeldelser":"\u00abAu\u0111ur Ava \u00d3lafsd\u00f3ttir ble tildelt Nordisk r\u00e5ds litteraturpris for romanen Arr. Fr\u00f8ken Island vil nok sikre henne flere litter\u00e6re priser, for dette er den beste boken hun har skrevet. \u2026 Dette er et verk som vil leve videre.\u00bb","av_anmeldelser":"Kolbr\u00fan Berg\u00fe\u00f3rsd\u00f3ttir","terningkast":false,"kilde":"Fr\u00e9ttabla\u00f0i\u00f0"},{"tekst_anmeldelser":"\u00abI det hele tatt\u00ad behersker\u00ad dette\u00ad nye \u00adislandske\u00ad stjerneskuddet\u00ad en \u00adtemmelig snerten penn. Hun er morsom og elegant, og\u00ad Tone\u00ad Myklebost\u00ad har\u00ad oversatt\u00ad romanen \u00adtil \u00adlytefritt\u00ad norsk.\u00bb","av_anmeldelser":"Fartein Horgar","terningkast":false,"kilde":"Legekunsten"},{"tekst_anmeldelser":"\u00abAu\u0111ur Ava \u00d3lafsd\u00f3ttir behager oss med alt det beste som litteraturen har \u00e5 tilby.\u00bb","av_anmeldelser":"J\u00fal\u00eda Margr\u00e9t Alexandersd\u00f3ttir","terningkast":false,"kilde":"Morgunbla\u00f0i\u00f0"}]},"yoast_head":"<!-- This site is optimized with the Yoast SEO plugin v26.6 - https:\/\/yoast.com\/wordpress\/plugins\/seo\/ -->\n<title>Fr\u00f8ken Island - Pax<\/title>\n<meta name=\"robots\" content=\"noindex, follow, max-snippet:-1, max-image-preview:large, max-video-preview:-1\" \/>\n<meta property=\"og:locale\" content=\"nb_NO\" \/>\n<meta property=\"og:type\" content=\"article\" \/>\n<meta property=\"og:title\" content=\"Fr\u00f8ken Island - Pax\" \/>\n<meta property=\"og:description\" content=\"\u00c5ret er 1963. Island har 177 000 innbyggere og \u00e9n nobelprisvinner. Bokens heltinne, Hekla, er en ung poet som kommer fra utkantstr\u00f8ket Dalir. Etter \u00e5 ha pakket de f\u00e5 eiendelene sine og en skrivemaskin, setter hun kursen mot Reykjavik. Der skal hun bli forfatter. Hun flytter inn i en leilighet sammen med den homofile barndomskameraten [&hellip;]\" \/>\n<meta property=\"og:url\" content=\"https:\/\/staging.forenteforlag.no\/pax\/produkt\/froken-island-3\/\" \/>\n<meta property=\"og:site_name\" content=\"Pax\" \/>\n<meta property=\"article:modified_time\" content=\"2026-03-03T21:59:48+00:00\" \/>\n<meta property=\"og:image\" content=\"https:\/\/staging.forenteforlag.no\/pax\/wp-content\/uploads\/sites\/5\/2025\/08\/jpg-6158-scaled.jpg\" \/>\n\t<meta property=\"og:image:width\" content=\"1227\" \/>\n\t<meta property=\"og:image:height\" content=\"1920\" \/>\n\t<meta property=\"og:image:type\" content=\"image\/jpeg\" \/>\n<meta name=\"twitter:card\" content=\"summary_large_image\" \/>\n<meta name=\"twitter:label1\" content=\"Ansl. lesetid\" \/>\n\t<meta name=\"twitter:data1\" content=\"1 minutt\" \/>\n<script type=\"application\/ld+json\" class=\"yoast-schema-graph\">{\"@context\":\"https:\/\/schema.org\",\"@graph\":[{\"@type\":\"WebPage\",\"@id\":\"https:\/\/staging.forenteforlag.no\/pax\/produkt\/froken-island-3\/\",\"url\":\"https:\/\/staging.forenteforlag.no\/pax\/produkt\/froken-island-3\/\",\"name\":\"Fr\u00f8ken Island - Pax\",\"isPartOf\":{\"@id\":\"https:\/\/staging.forenteforlag.no\/pax\/#website\"},\"primaryImageOfPage\":{\"@id\":\"https:\/\/staging.forenteforlag.no\/pax\/produkt\/froken-island-3\/#primaryimage\"},\"image\":{\"@id\":\"https:\/\/staging.forenteforlag.no\/pax\/produkt\/froken-island-3\/#primaryimage\"},\"thumbnailUrl\":\"https:\/\/staging.forenteforlag.no\/pax\/wp-content\/uploads\/sites\/5\/2025\/08\/jpg-6158-scaled.jpg\",\"datePublished\":\"2020-03-20T00:00:00+00:00\",\"dateModified\":\"2026-03-03T21:59:48+00:00\",\"breadcrumb\":{\"@id\":\"https:\/\/staging.forenteforlag.no\/pax\/produkt\/froken-island-3\/#breadcrumb\"},\"inLanguage\":\"nb-NO\",\"potentialAction\":[{\"@type\":\"ReadAction\",\"target\":[\"https:\/\/staging.forenteforlag.no\/pax\/produkt\/froken-island-3\/\"]}]},{\"@type\":\"ImageObject\",\"inLanguage\":\"nb-NO\",\"@id\":\"https:\/\/staging.forenteforlag.no\/pax\/produkt\/froken-island-3\/#primaryimage\",\"url\":\"https:\/\/staging.forenteforlag.no\/pax\/wp-content\/uploads\/sites\/5\/2025\/08\/jpg-6158-scaled.jpg\",\"contentUrl\":\"https:\/\/staging.forenteforlag.no\/pax\/wp-content\/uploads\/sites\/5\/2025\/08\/jpg-6158-scaled.jpg\",\"width\":1227,\"height\":1920},{\"@type\":\"BreadcrumbList\",\"@id\":\"https:\/\/staging.forenteforlag.no\/pax\/produkt\/froken-island-3\/#breadcrumb\",\"itemListElement\":[{\"@type\":\"ListItem\",\"position\":1,\"name\":\"Hjem\",\"item\":\"https:\/\/staging.forenteforlag.no\/pax\/\"},{\"@type\":\"ListItem\",\"position\":2,\"name\":\"Alle b\u00f8ker\",\"item\":\"https:\/\/staging.forenteforlag.no\/pax\/butikk\/\"},{\"@type\":\"ListItem\",\"position\":3,\"name\":\"Fr\u00f8ken Island\"}]},{\"@type\":\"WebSite\",\"@id\":\"https:\/\/staging.forenteforlag.no\/pax\/#website\",\"url\":\"https:\/\/staging.forenteforlag.no\/pax\/\",\"name\":\"Pax\",\"description\":\"\",\"potentialAction\":[{\"@type\":\"SearchAction\",\"target\":{\"@type\":\"EntryPoint\",\"urlTemplate\":\"https:\/\/staging.forenteforlag.no\/pax\/?s={search_term_string}\"},\"query-input\":{\"@type\":\"PropertyValueSpecification\",\"valueRequired\":true,\"valueName\":\"search_term_string\"}}],\"inLanguage\":\"nb-NO\"}]}<\/script>\n<!-- \/ Yoast SEO plugin. -->","yoast_head_json":{"title":"Fr\u00f8ken Island - Pax","robots":{"index":"noindex","follow":"follow","max-snippet":"max-snippet:-1","max-image-preview":"max-image-preview:large","max-video-preview":"max-video-preview:-1"},"og_locale":"nb_NO","og_type":"article","og_title":"Fr\u00f8ken Island - Pax","og_description":"\u00c5ret er 1963. Island har 177 000 innbyggere og \u00e9n nobelprisvinner. Bokens heltinne, Hekla, er en ung poet som kommer fra utkantstr\u00f8ket Dalir. Etter \u00e5 ha pakket de f\u00e5 eiendelene sine og en skrivemaskin, setter hun kursen mot Reykjavik. Der skal hun bli forfatter. Hun flytter inn i en leilighet sammen med den homofile barndomskameraten [&hellip;]","og_url":"https:\/\/staging.forenteforlag.no\/pax\/produkt\/froken-island-3\/","og_site_name":"Pax","article_modified_time":"2026-03-03T21:59:48+00:00","og_image":[{"width":1227,"height":1920,"url":"https:\/\/staging.forenteforlag.no\/pax\/wp-content\/uploads\/sites\/5\/2025\/08\/jpg-6158-scaled.jpg","type":"image\/jpeg"}],"twitter_card":"summary_large_image","twitter_misc":{"Ansl. lesetid":"1 minutt"},"schema":{"@context":"https:\/\/schema.org","@graph":[{"@type":"WebPage","@id":"https:\/\/staging.forenteforlag.no\/pax\/produkt\/froken-island-3\/","url":"https:\/\/staging.forenteforlag.no\/pax\/produkt\/froken-island-3\/","name":"Fr\u00f8ken Island - Pax","isPartOf":{"@id":"https:\/\/staging.forenteforlag.no\/pax\/#website"},"primaryImageOfPage":{"@id":"https:\/\/staging.forenteforlag.no\/pax\/produkt\/froken-island-3\/#primaryimage"},"image":{"@id":"https:\/\/staging.forenteforlag.no\/pax\/produkt\/froken-island-3\/#primaryimage"},"thumbnailUrl":"https:\/\/staging.forenteforlag.no\/pax\/wp-content\/uploads\/sites\/5\/2025\/08\/jpg-6158-scaled.jpg","datePublished":"2020-03-20T00:00:00+00:00","dateModified":"2026-03-03T21:59:48+00:00","breadcrumb":{"@id":"https:\/\/staging.forenteforlag.no\/pax\/produkt\/froken-island-3\/#breadcrumb"},"inLanguage":"nb-NO","potentialAction":[{"@type":"ReadAction","target":["https:\/\/staging.forenteforlag.no\/pax\/produkt\/froken-island-3\/"]}]},{"@type":"ImageObject","inLanguage":"nb-NO","@id":"https:\/\/staging.forenteforlag.no\/pax\/produkt\/froken-island-3\/#primaryimage","url":"https:\/\/staging.forenteforlag.no\/pax\/wp-content\/uploads\/sites\/5\/2025\/08\/jpg-6158-scaled.jpg","contentUrl":"https:\/\/staging.forenteforlag.no\/pax\/wp-content\/uploads\/sites\/5\/2025\/08\/jpg-6158-scaled.jpg","width":1227,"height":1920},{"@type":"BreadcrumbList","@id":"https:\/\/staging.forenteforlag.no\/pax\/produkt\/froken-island-3\/#breadcrumb","itemListElement":[{"@type":"ListItem","position":1,"name":"Hjem","item":"https:\/\/staging.forenteforlag.no\/pax\/"},{"@type":"ListItem","position":2,"name":"Alle b\u00f8ker","item":"https:\/\/staging.forenteforlag.no\/pax\/butikk\/"},{"@type":"ListItem","position":3,"name":"Fr\u00f8ken Island"}]},{"@type":"WebSite","@id":"https:\/\/staging.forenteforlag.no\/pax\/#website","url":"https:\/\/staging.forenteforlag.no\/pax\/","name":"Pax","description":"","potentialAction":[{"@type":"SearchAction","target":{"@type":"EntryPoint","urlTemplate":"https:\/\/staging.forenteforlag.no\/pax\/?s={search_term_string}"},"query-input":{"@type":"PropertyValueSpecification","valueRequired":true,"valueName":"search_term_string"}}],"inLanguage":"nb-NO"}]}},"_links":{"self":[{"href":"https:\/\/staging.forenteforlag.no\/pax\/wp-json\/wp\/v2\/product\/24327","targetHints":{"allow":["GET"]}}],"collection":[{"href":"https:\/\/staging.forenteforlag.no\/pax\/wp-json\/wp\/v2\/product"}],"about":[{"href":"https:\/\/staging.forenteforlag.no\/pax\/wp-json\/wp\/v2\/types\/product"}],"wp:featuredmedia":[{"embeddable":true,"href":"https:\/\/staging.forenteforlag.no\/pax\/wp-json\/wp\/v2\/media\/28162"}],"wp:attachment":[{"href":"https:\/\/staging.forenteforlag.no\/pax\/wp-json\/wp\/v2\/media?parent=24327"}],"wp:term":[{"taxonomy":"product_brand","embeddable":true,"href":"https:\/\/staging.forenteforlag.no\/pax\/wp-json\/wp\/v2\/product_brand?post=24327"},{"taxonomy":"product_cat","embeddable":true,"href":"https:\/\/staging.forenteforlag.no\/pax\/wp-json\/wp\/v2\/product_cat?post=24327"},{"taxonomy":"product_tag","embeddable":true,"href":"https:\/\/staging.forenteforlag.no\/pax\/wp-json\/wp\/v2\/product_tag?post=24327"}],"curies":[{"name":"wp","href":"https:\/\/api.w.org\/{rel}","templated":true}]}}