{"id":24321,"date":"2021-08-23T02:00:00","date_gmt":"2021-08-23T00:00:00","guid":{"rendered":"https:\/\/pax.forenteforlag.no\/produkt\/katti-anker-moller-2\/"},"modified":"2025-09-01T08:25:29","modified_gmt":"2025-09-01T06:25:29","slug":"katti-anker-moller-2","status":"publish","type":"product","link":"https:\/\/staging.forenteforlag.no\/pax\/produkt\/katti-anker-moller-2\/","title":{"rendered":"Katti Anker M\u00f8ller"},"content":{"rendered":"<p>Katti Anker M\u00f8ller var en pion\u00e9r i norsk historie, medvirkende til de Castbergske barnelovene og ledende i arbeidet for kvinners makt over egen kropp og barnas livsbetingelser. Hun levde i en tid der normene satte d\u00f8delige grenser for kvinners liv, s\u00e6rlig hvis man tilh\u00f8rte de nedre sosiale lag. Katti Anker M\u00f8ller kom selv fra en privilegert overklasse, men s\u00e5 b\u00e5de hvordan morens ti barnef\u00f8dsler slet henne ut, og hvordan tjenestepikenes skjebne var avhengig av hvorvidt de unngikk u\u00f8nskede graviditeter.<\/p>\n<p>Katti Anker M\u00f8ller vokste opp p\u00e5 Hamar, der foreldrene drev Sagatun folkeh\u00f8yskole, et kontroversielt skoleprosjekt hvor b\u00e5de nytenkning og radikale tanker satte spor i undervisningen, og i Katti Anker M\u00f8llers politiske bevissthet. Hun ble den f\u00f8rste i Norge som tok til orde for selvbestemt abort. Hun startet m\u00f8drehjem og hun dro p\u00e5 foredragsturneer.<\/p>\n<p>Skildringen av Katti Anker M\u00f8llers liv og virke er en levende fortelling om livsvilk\u00e5r som i dag er nesten glemt, der tragedier truet enhver ung kvinne p\u00e5 terskelen til livet. Katti Anker M\u00f8llers kamp for \u00e5 bedre disse kvinnenes situasjon har satt varige spor.<\/p>\n","protected":false},"excerpt":{"rendered":"<p>Katti Anker M\u00f8ller var en pion\u00e9r i norsk historie, medvirkende til de Castbergske barnelovene og ledende i arbeidet for kvinners makt over egen kropp og barnas livsbetingelser. Hun levde i en tid der normene satte d\u00f8delige grenser for kvinners liv, s\u00e6rlig hvis man tilh\u00f8rte de nedre sosiale lag. Katti Anker M\u00f8ller kom selv fra en [&hellip;]<\/p>\n","protected":false},"featured_media":29007,"template":"","meta":{"_acf_changed":false,"inline_featured_image":false},"product_brand":[],"product_cat":[20,1782],"product_tag":[453,399,362,380,1128,439,515,417],"class_list":{"0":"post-24321","1":"product","2":"type-product","3":"status-publish","4":"has-post-thumbnail","6":"product_cat-biografier-og-memoarer","7":"product_cat-fripris","8":"product_tag-1850-1899","9":"product_tag-1900-1945","10":"product_tag-faglitteratur","11":"product_tag-kvinner","12":"product_tag-kvinnesaksforkjempere","13":"product_tag-nord-norge","14":"product_tag-politikere","15":"product_tag-selvbiografier","16":"pa_format-innbundet","18":"first","19":"midlertidig-utsolgt","20":"shipping-taxable","21":"purchasable","22":"product-type-simple"},"acf":{"anmeldelse":null},"yoast_head":"<!-- This site is optimized with the Yoast SEO plugin v26.6 - https:\/\/yoast.com\/wordpress\/plugins\/seo\/ -->\n<title>Katti Anker M\u00f8ller - Pax<\/title>\n<meta name=\"robots\" content=\"noindex, follow, max-snippet:-1, max-image-preview:large, max-video-preview:-1\" \/>\n<meta property=\"og:locale\" content=\"nb_NO\" \/>\n<meta property=\"og:type\" content=\"article\" \/>\n<meta property=\"og:title\" content=\"Katti Anker M\u00f8ller - Pax\" \/>\n<meta property=\"og:description\" content=\"Katti Anker M\u00f8ller var en pion\u00e9r i norsk historie, medvirkende til de Castbergske barnelovene og ledende i arbeidet for kvinners makt over egen kropp og barnas livsbetingelser. Hun levde i en tid der normene satte d\u00f8delige grenser for kvinners liv, s\u00e6rlig hvis man tilh\u00f8rte de nedre sosiale lag. Katti Anker M\u00f8ller kom selv fra en [&hellip;]\" \/>\n<meta property=\"og:url\" content=\"https:\/\/staging.forenteforlag.no\/pax\/produkt\/katti-anker-moller-2\/\" \/>\n<meta property=\"og:site_name\" content=\"Pax\" \/>\n<meta property=\"article:modified_time\" content=\"2025-09-01T06:25:29+00:00\" \/>\n<meta property=\"og:image\" content=\"https:\/\/staging.forenteforlag.no\/pax\/wp-content\/uploads\/sites\/5\/2025\/08\/jpg-8648-scaled.jpg\" \/>\n\t<meta property=\"og:image:width\" content=\"1354\" \/>\n\t<meta property=\"og:image:height\" content=\"1920\" \/>\n\t<meta property=\"og:image:type\" content=\"image\/jpeg\" \/>\n<meta name=\"twitter:card\" content=\"summary_large_image\" \/>\n<meta name=\"twitter:label1\" content=\"Ansl. lesetid\" \/>\n\t<meta name=\"twitter:data1\" content=\"1 minutt\" \/>\n<script type=\"application\/ld+json\" class=\"yoast-schema-graph\">{\"@context\":\"https:\/\/schema.org\",\"@graph\":[{\"@type\":\"WebPage\",\"@id\":\"https:\/\/staging.forenteforlag.no\/pax\/produkt\/katti-anker-moller-2\/\",\"url\":\"https:\/\/staging.forenteforlag.no\/pax\/produkt\/katti-anker-moller-2\/\",\"name\":\"Katti Anker M\u00f8ller - Pax\",\"isPartOf\":{\"@id\":\"https:\/\/staging.forenteforlag.no\/pax\/#website\"},\"primaryImageOfPage\":{\"@id\":\"https:\/\/staging.forenteforlag.no\/pax\/produkt\/katti-anker-moller-2\/#primaryimage\"},\"image\":{\"@id\":\"https:\/\/staging.forenteforlag.no\/pax\/produkt\/katti-anker-moller-2\/#primaryimage\"},\"thumbnailUrl\":\"https:\/\/staging.forenteforlag.no\/pax\/wp-content\/uploads\/sites\/5\/2025\/08\/jpg-8648-scaled.jpg\",\"datePublished\":\"2021-08-23T00:00:00+00:00\",\"dateModified\":\"2025-09-01T06:25:29+00:00\",\"breadcrumb\":{\"@id\":\"https:\/\/staging.forenteforlag.no\/pax\/produkt\/katti-anker-moller-2\/#breadcrumb\"},\"inLanguage\":\"nb-NO\",\"potentialAction\":[{\"@type\":\"ReadAction\",\"target\":[\"https:\/\/staging.forenteforlag.no\/pax\/produkt\/katti-anker-moller-2\/\"]}]},{\"@type\":\"ImageObject\",\"inLanguage\":\"nb-NO\",\"@id\":\"https:\/\/staging.forenteforlag.no\/pax\/produkt\/katti-anker-moller-2\/#primaryimage\",\"url\":\"https:\/\/staging.forenteforlag.no\/pax\/wp-content\/uploads\/sites\/5\/2025\/08\/jpg-8648-scaled.jpg\",\"contentUrl\":\"https:\/\/staging.forenteforlag.no\/pax\/wp-content\/uploads\/sites\/5\/2025\/08\/jpg-8648-scaled.jpg\",\"width\":1354,\"height\":1920},{\"@type\":\"BreadcrumbList\",\"@id\":\"https:\/\/staging.forenteforlag.no\/pax\/produkt\/katti-anker-moller-2\/#breadcrumb\",\"itemListElement\":[{\"@type\":\"ListItem\",\"position\":1,\"name\":\"Hjem\",\"item\":\"https:\/\/staging.forenteforlag.no\/pax\/\"},{\"@type\":\"ListItem\",\"position\":2,\"name\":\"Alle b\u00f8ker\",\"item\":\"https:\/\/staging.forenteforlag.no\/pax\/butikk\/\"},{\"@type\":\"ListItem\",\"position\":3,\"name\":\"Katti Anker M\u00f8ller\"}]},{\"@type\":\"WebSite\",\"@id\":\"https:\/\/staging.forenteforlag.no\/pax\/#website\",\"url\":\"https:\/\/staging.forenteforlag.no\/pax\/\",\"name\":\"Pax\",\"description\":\"\",\"potentialAction\":[{\"@type\":\"SearchAction\",\"target\":{\"@type\":\"EntryPoint\",\"urlTemplate\":\"https:\/\/staging.forenteforlag.no\/pax\/?s={search_term_string}\"},\"query-input\":{\"@type\":\"PropertyValueSpecification\",\"valueRequired\":true,\"valueName\":\"search_term_string\"}}],\"inLanguage\":\"nb-NO\"}]}<\/script>\n<!-- \/ Yoast SEO plugin. -->","yoast_head_json":{"title":"Katti Anker M\u00f8ller - Pax","robots":{"index":"noindex","follow":"follow","max-snippet":"max-snippet:-1","max-image-preview":"max-image-preview:large","max-video-preview":"max-video-preview:-1"},"og_locale":"nb_NO","og_type":"article","og_title":"Katti Anker M\u00f8ller - Pax","og_description":"Katti Anker M\u00f8ller var en pion\u00e9r i norsk historie, medvirkende til de Castbergske barnelovene og ledende i arbeidet for kvinners makt over egen kropp og barnas livsbetingelser. Hun levde i en tid der normene satte d\u00f8delige grenser for kvinners liv, s\u00e6rlig hvis man tilh\u00f8rte de nedre sosiale lag. Katti Anker M\u00f8ller kom selv fra en [&hellip;]","og_url":"https:\/\/staging.forenteforlag.no\/pax\/produkt\/katti-anker-moller-2\/","og_site_name":"Pax","article_modified_time":"2025-09-01T06:25:29+00:00","og_image":[{"width":1354,"height":1920,"url":"https:\/\/staging.forenteforlag.no\/pax\/wp-content\/uploads\/sites\/5\/2025\/08\/jpg-8648-scaled.jpg","type":"image\/jpeg"}],"twitter_card":"summary_large_image","twitter_misc":{"Ansl. lesetid":"1 minutt"},"schema":{"@context":"https:\/\/schema.org","@graph":[{"@type":"WebPage","@id":"https:\/\/staging.forenteforlag.no\/pax\/produkt\/katti-anker-moller-2\/","url":"https:\/\/staging.forenteforlag.no\/pax\/produkt\/katti-anker-moller-2\/","name":"Katti Anker M\u00f8ller - Pax","isPartOf":{"@id":"https:\/\/staging.forenteforlag.no\/pax\/#website"},"primaryImageOfPage":{"@id":"https:\/\/staging.forenteforlag.no\/pax\/produkt\/katti-anker-moller-2\/#primaryimage"},"image":{"@id":"https:\/\/staging.forenteforlag.no\/pax\/produkt\/katti-anker-moller-2\/#primaryimage"},"thumbnailUrl":"https:\/\/staging.forenteforlag.no\/pax\/wp-content\/uploads\/sites\/5\/2025\/08\/jpg-8648-scaled.jpg","datePublished":"2021-08-23T00:00:00+00:00","dateModified":"2025-09-01T06:25:29+00:00","breadcrumb":{"@id":"https:\/\/staging.forenteforlag.no\/pax\/produkt\/katti-anker-moller-2\/#breadcrumb"},"inLanguage":"nb-NO","potentialAction":[{"@type":"ReadAction","target":["https:\/\/staging.forenteforlag.no\/pax\/produkt\/katti-anker-moller-2\/"]}]},{"@type":"ImageObject","inLanguage":"nb-NO","@id":"https:\/\/staging.forenteforlag.no\/pax\/produkt\/katti-anker-moller-2\/#primaryimage","url":"https:\/\/staging.forenteforlag.no\/pax\/wp-content\/uploads\/sites\/5\/2025\/08\/jpg-8648-scaled.jpg","contentUrl":"https:\/\/staging.forenteforlag.no\/pax\/wp-content\/uploads\/sites\/5\/2025\/08\/jpg-8648-scaled.jpg","width":1354,"height":1920},{"@type":"BreadcrumbList","@id":"https:\/\/staging.forenteforlag.no\/pax\/produkt\/katti-anker-moller-2\/#breadcrumb","itemListElement":[{"@type":"ListItem","position":1,"name":"Hjem","item":"https:\/\/staging.forenteforlag.no\/pax\/"},{"@type":"ListItem","position":2,"name":"Alle b\u00f8ker","item":"https:\/\/staging.forenteforlag.no\/pax\/butikk\/"},{"@type":"ListItem","position":3,"name":"Katti Anker M\u00f8ller"}]},{"@type":"WebSite","@id":"https:\/\/staging.forenteforlag.no\/pax\/#website","url":"https:\/\/staging.forenteforlag.no\/pax\/","name":"Pax","description":"","potentialAction":[{"@type":"SearchAction","target":{"@type":"EntryPoint","urlTemplate":"https:\/\/staging.forenteforlag.no\/pax\/?s={search_term_string}"},"query-input":{"@type":"PropertyValueSpecification","valueRequired":true,"valueName":"search_term_string"}}],"inLanguage":"nb-NO"}]}},"_links":{"self":[{"href":"https:\/\/staging.forenteforlag.no\/pax\/wp-json\/wp\/v2\/product\/24321","targetHints":{"allow":["GET"]}}],"collection":[{"href":"https:\/\/staging.forenteforlag.no\/pax\/wp-json\/wp\/v2\/product"}],"about":[{"href":"https:\/\/staging.forenteforlag.no\/pax\/wp-json\/wp\/v2\/types\/product"}],"wp:featuredmedia":[{"embeddable":true,"href":"https:\/\/staging.forenteforlag.no\/pax\/wp-json\/wp\/v2\/media\/29007"}],"wp:attachment":[{"href":"https:\/\/staging.forenteforlag.no\/pax\/wp-json\/wp\/v2\/media?parent=24321"}],"wp:term":[{"taxonomy":"product_brand","embeddable":true,"href":"https:\/\/staging.forenteforlag.no\/pax\/wp-json\/wp\/v2\/product_brand?post=24321"},{"taxonomy":"product_cat","embeddable":true,"href":"https:\/\/staging.forenteforlag.no\/pax\/wp-json\/wp\/v2\/product_cat?post=24321"},{"taxonomy":"product_tag","embeddable":true,"href":"https:\/\/staging.forenteforlag.no\/pax\/wp-json\/wp\/v2\/product_tag?post=24321"}],"curies":[{"name":"wp","href":"https:\/\/api.w.org\/{rel}","templated":true}]}}