{"id":24295,"date":"2022-09-01T02:00:00","date_gmt":"2022-09-01T00:00:00","guid":{"rendered":"https:\/\/pax.forenteforlag.no\/produkt\/filosofdronninger\/"},"modified":"2026-03-03T23:09:39","modified_gmt":"2026-03-03T22:09:39","slug":"filosofdronninger","status":"publish","type":"product","link":"https:\/\/staging.forenteforlag.no\/pax\/produkt\/filosofdronninger\/","title":{"rendered":"Filosofdronninger"},"content":{"rendered":"<p>Filosofihistorien har fors\u00f8kt \u00e5 skjule dem, og langt p\u00e5 vei har den lyktes med det. De fleste har h\u00f8rt om Platon, Kant, Nietzsche og Hume, men hvor mange kjenner Hypatia, Arendt, Oluwole, Davis og Young? <\/p>\n<p>Filosofdronninger er en forfriskende, etterlengtet og h\u00f8yst betimelig bok om kvinner i filosofien. Den trekker tjue bemerkelsesverdige kvinnelige filosofer frem i lyset. Deres ideer har hatt stor betydning, men de har bare unntaksvis f\u00e5tt den anerkjennelse de fortjener. De portretterte kvinnene &#8211; noen kjente, andre nesten helt ukjente &#8211; er alt fra historiske personer til kvinner fra v\u00e5r egen tid, og de er hentet fra hele verden og er knyttet til ulike kulturer og religioner. <\/p>\n<p>Boka ble til da to unge filosofistudenter gikk i bokhandelen og ikke kunne finne en eneste bok om kvinner i filosofihistorien. Det hjalp ikke mye \u00e5 s\u00f8ke p\u00e5 nettet heller, s\u00e5 de bestemte seg for \u00e5 lage en selv. Det har blitt en bok for alle som er interessert i filosofi, og som lurer p\u00e5 hvorfor kvinnene er frav\u00e6rende. Og liksom de portretterte filosofene representerer bidragsyterne et stort mangfold. De er ogs\u00e5 selv tilknyttet filosofien som fagfelt, som l\u00e6rere, studenter eller forskere. <\/p>\n<p>Med praktfulle fargeportretter av feministillustrat\u00f8ren Emmy Smith. <\/p>\n<p>Les om: Diotima, Ban Zhao, Hypatia, Lalla, Mary Astell, Mary Wollstonecraft, Harriet Taylor Mill, George Eliot, Edith Stein, Hannah Arendt, Simone de Beauvoir, Iris Murdoch, Mary Midgley, Elizabeth Anscombe, Mary Warnock, Sophie Bosede Oluwole, Angela Davies, Iris Marion Young, Anita l. Allen, Azizah Y. Al-Hibri.<\/p>\n","protected":false},"excerpt":{"rendered":"<p>Filosofihistorien har fors\u00f8kt \u00e5 skjule dem, og langt p\u00e5 vei har den lyktes med det. De fleste har h\u00f8rt om Platon, Kant, Nietzsche og Hume, men hvor mange kjenner Hypatia, Arendt, Oluwole, Davis og Young? Filosofdronninger er en forfriskende, etterlengtet og h\u00f8yst betimelig bok om kvinner i filosofien. Den trekker tjue bemerkelsesverdige kvinnelige filosofer frem [&hellip;]<\/p>\n","protected":false},"featured_media":29373,"template":"","meta":{"_acf_changed":false,"inline_featured_image":false},"product_brand":[],"product_cat":[1782],"product_tag":[1346,362,668,380,417],"class_list":{"0":"post-24295","1":"product","2":"type-product","3":"status-publish","4":"has-post-thumbnail","6":"product_cat-fripris","7":"product_tag-antikk-filosofi","8":"product_tag-faglitteratur","9":"product_tag-idehistorie","10":"product_tag-kvinner","11":"product_tag-selvbiografier","13":"first","14":"instock","15":"shipping-taxable","16":"purchasable","17":"product-type-simple"},"acf":{"anmeldelse":[{"tekst_anmeldelser":"\u00ab\u2026 et sv\u00e6rt inkluderende, fargerikt og forfriskende verk med impulser fra hele verden, og antologien har de beste forutsetninger for \u00e5 gi en f\u00f8rste introduksjon til sentrale kvinnelige tenkere og inspirere til videre studier for enhver som interesserer seg for filosofi og filosofihistorie.\u00bb","av_anmeldelser":"Fredrik Nilsen","terningkast":false,"kilde":"Salongen"}]},"yoast_head":"<!-- This site is optimized with the Yoast SEO plugin v26.6 - https:\/\/yoast.com\/wordpress\/plugins\/seo\/ -->\n<title>Filosofdronninger - Pax<\/title>\n<meta name=\"robots\" content=\"noindex, follow, max-snippet:-1, max-image-preview:large, max-video-preview:-1\" \/>\n<meta property=\"og:locale\" content=\"nb_NO\" \/>\n<meta property=\"og:type\" content=\"article\" \/>\n<meta property=\"og:title\" content=\"Filosofdronninger - Pax\" \/>\n<meta property=\"og:description\" content=\"Filosofihistorien har fors\u00f8kt \u00e5 skjule dem, og langt p\u00e5 vei har den lyktes med det. De fleste har h\u00f8rt om Platon, Kant, Nietzsche og Hume, men hvor mange kjenner Hypatia, Arendt, Oluwole, Davis og Young? Filosofdronninger er en forfriskende, etterlengtet og h\u00f8yst betimelig bok om kvinner i filosofien. Den trekker tjue bemerkelsesverdige kvinnelige filosofer frem [&hellip;]\" \/>\n<meta property=\"og:url\" content=\"https:\/\/staging.forenteforlag.no\/pax\/produkt\/filosofdronninger\/\" \/>\n<meta property=\"og:site_name\" content=\"Pax\" \/>\n<meta property=\"article:modified_time\" content=\"2026-03-03T22:09:39+00:00\" \/>\n<meta property=\"og:image\" content=\"https:\/\/staging.forenteforlag.no\/pax\/wp-content\/uploads\/sites\/5\/2025\/08\/jpg-9745-scaled-1-scaled.jpg\" \/>\n\t<meta property=\"og:image:width\" content=\"1263\" \/>\n\t<meta property=\"og:image:height\" content=\"1920\" \/>\n\t<meta property=\"og:image:type\" content=\"image\/jpeg\" \/>\n<meta name=\"twitter:card\" content=\"summary_large_image\" \/>\n<meta name=\"twitter:label1\" content=\"Ansl. lesetid\" \/>\n\t<meta name=\"twitter:data1\" content=\"1 minutt\" \/>\n<script type=\"application\/ld+json\" class=\"yoast-schema-graph\">{\"@context\":\"https:\/\/schema.org\",\"@graph\":[{\"@type\":\"WebPage\",\"@id\":\"https:\/\/staging.forenteforlag.no\/pax\/produkt\/filosofdronninger\/\",\"url\":\"https:\/\/staging.forenteforlag.no\/pax\/produkt\/filosofdronninger\/\",\"name\":\"Filosofdronninger - Pax\",\"isPartOf\":{\"@id\":\"https:\/\/staging.forenteforlag.no\/pax\/#website\"},\"primaryImageOfPage\":{\"@id\":\"https:\/\/staging.forenteforlag.no\/pax\/produkt\/filosofdronninger\/#primaryimage\"},\"image\":{\"@id\":\"https:\/\/staging.forenteforlag.no\/pax\/produkt\/filosofdronninger\/#primaryimage\"},\"thumbnailUrl\":\"https:\/\/staging.forenteforlag.no\/pax\/wp-content\/uploads\/sites\/5\/2025\/08\/jpg-9745-scaled-1-scaled.jpg\",\"datePublished\":\"2022-09-01T00:00:00+00:00\",\"dateModified\":\"2026-03-03T22:09:39+00:00\",\"breadcrumb\":{\"@id\":\"https:\/\/staging.forenteforlag.no\/pax\/produkt\/filosofdronninger\/#breadcrumb\"},\"inLanguage\":\"nb-NO\",\"potentialAction\":[{\"@type\":\"ReadAction\",\"target\":[\"https:\/\/staging.forenteforlag.no\/pax\/produkt\/filosofdronninger\/\"]}]},{\"@type\":\"ImageObject\",\"inLanguage\":\"nb-NO\",\"@id\":\"https:\/\/staging.forenteforlag.no\/pax\/produkt\/filosofdronninger\/#primaryimage\",\"url\":\"https:\/\/staging.forenteforlag.no\/pax\/wp-content\/uploads\/sites\/5\/2025\/08\/jpg-9745-scaled-1-scaled.jpg\",\"contentUrl\":\"https:\/\/staging.forenteforlag.no\/pax\/wp-content\/uploads\/sites\/5\/2025\/08\/jpg-9745-scaled-1-scaled.jpg\",\"width\":1263,\"height\":1920},{\"@type\":\"BreadcrumbList\",\"@id\":\"https:\/\/staging.forenteforlag.no\/pax\/produkt\/filosofdronninger\/#breadcrumb\",\"itemListElement\":[{\"@type\":\"ListItem\",\"position\":1,\"name\":\"Hjem\",\"item\":\"https:\/\/staging.forenteforlag.no\/pax\/\"},{\"@type\":\"ListItem\",\"position\":2,\"name\":\"Alle b\u00f8ker\",\"item\":\"https:\/\/staging.forenteforlag.no\/pax\/butikk\/\"},{\"@type\":\"ListItem\",\"position\":3,\"name\":\"Filosofdronninger\"}]},{\"@type\":\"WebSite\",\"@id\":\"https:\/\/staging.forenteforlag.no\/pax\/#website\",\"url\":\"https:\/\/staging.forenteforlag.no\/pax\/\",\"name\":\"Pax\",\"description\":\"\",\"potentialAction\":[{\"@type\":\"SearchAction\",\"target\":{\"@type\":\"EntryPoint\",\"urlTemplate\":\"https:\/\/staging.forenteforlag.no\/pax\/?s={search_term_string}\"},\"query-input\":{\"@type\":\"PropertyValueSpecification\",\"valueRequired\":true,\"valueName\":\"search_term_string\"}}],\"inLanguage\":\"nb-NO\"}]}<\/script>\n<!-- \/ Yoast SEO plugin. -->","yoast_head_json":{"title":"Filosofdronninger - Pax","robots":{"index":"noindex","follow":"follow","max-snippet":"max-snippet:-1","max-image-preview":"max-image-preview:large","max-video-preview":"max-video-preview:-1"},"og_locale":"nb_NO","og_type":"article","og_title":"Filosofdronninger - Pax","og_description":"Filosofihistorien har fors\u00f8kt \u00e5 skjule dem, og langt p\u00e5 vei har den lyktes med det. De fleste har h\u00f8rt om Platon, Kant, Nietzsche og Hume, men hvor mange kjenner Hypatia, Arendt, Oluwole, Davis og Young? Filosofdronninger er en forfriskende, etterlengtet og h\u00f8yst betimelig bok om kvinner i filosofien. Den trekker tjue bemerkelsesverdige kvinnelige filosofer frem [&hellip;]","og_url":"https:\/\/staging.forenteforlag.no\/pax\/produkt\/filosofdronninger\/","og_site_name":"Pax","article_modified_time":"2026-03-03T22:09:39+00:00","og_image":[{"width":1263,"height":1920,"url":"https:\/\/staging.forenteforlag.no\/pax\/wp-content\/uploads\/sites\/5\/2025\/08\/jpg-9745-scaled-1-scaled.jpg","type":"image\/jpeg"}],"twitter_card":"summary_large_image","twitter_misc":{"Ansl. lesetid":"1 minutt"},"schema":{"@context":"https:\/\/schema.org","@graph":[{"@type":"WebPage","@id":"https:\/\/staging.forenteforlag.no\/pax\/produkt\/filosofdronninger\/","url":"https:\/\/staging.forenteforlag.no\/pax\/produkt\/filosofdronninger\/","name":"Filosofdronninger - Pax","isPartOf":{"@id":"https:\/\/staging.forenteforlag.no\/pax\/#website"},"primaryImageOfPage":{"@id":"https:\/\/staging.forenteforlag.no\/pax\/produkt\/filosofdronninger\/#primaryimage"},"image":{"@id":"https:\/\/staging.forenteforlag.no\/pax\/produkt\/filosofdronninger\/#primaryimage"},"thumbnailUrl":"https:\/\/staging.forenteforlag.no\/pax\/wp-content\/uploads\/sites\/5\/2025\/08\/jpg-9745-scaled-1-scaled.jpg","datePublished":"2022-09-01T00:00:00+00:00","dateModified":"2026-03-03T22:09:39+00:00","breadcrumb":{"@id":"https:\/\/staging.forenteforlag.no\/pax\/produkt\/filosofdronninger\/#breadcrumb"},"inLanguage":"nb-NO","potentialAction":[{"@type":"ReadAction","target":["https:\/\/staging.forenteforlag.no\/pax\/produkt\/filosofdronninger\/"]}]},{"@type":"ImageObject","inLanguage":"nb-NO","@id":"https:\/\/staging.forenteforlag.no\/pax\/produkt\/filosofdronninger\/#primaryimage","url":"https:\/\/staging.forenteforlag.no\/pax\/wp-content\/uploads\/sites\/5\/2025\/08\/jpg-9745-scaled-1-scaled.jpg","contentUrl":"https:\/\/staging.forenteforlag.no\/pax\/wp-content\/uploads\/sites\/5\/2025\/08\/jpg-9745-scaled-1-scaled.jpg","width":1263,"height":1920},{"@type":"BreadcrumbList","@id":"https:\/\/staging.forenteforlag.no\/pax\/produkt\/filosofdronninger\/#breadcrumb","itemListElement":[{"@type":"ListItem","position":1,"name":"Hjem","item":"https:\/\/staging.forenteforlag.no\/pax\/"},{"@type":"ListItem","position":2,"name":"Alle b\u00f8ker","item":"https:\/\/staging.forenteforlag.no\/pax\/butikk\/"},{"@type":"ListItem","position":3,"name":"Filosofdronninger"}]},{"@type":"WebSite","@id":"https:\/\/staging.forenteforlag.no\/pax\/#website","url":"https:\/\/staging.forenteforlag.no\/pax\/","name":"Pax","description":"","potentialAction":[{"@type":"SearchAction","target":{"@type":"EntryPoint","urlTemplate":"https:\/\/staging.forenteforlag.no\/pax\/?s={search_term_string}"},"query-input":{"@type":"PropertyValueSpecification","valueRequired":true,"valueName":"search_term_string"}}],"inLanguage":"nb-NO"}]}},"_links":{"self":[{"href":"https:\/\/staging.forenteforlag.no\/pax\/wp-json\/wp\/v2\/product\/24295","targetHints":{"allow":["GET"]}}],"collection":[{"href":"https:\/\/staging.forenteforlag.no\/pax\/wp-json\/wp\/v2\/product"}],"about":[{"href":"https:\/\/staging.forenteforlag.no\/pax\/wp-json\/wp\/v2\/types\/product"}],"wp:featuredmedia":[{"embeddable":true,"href":"https:\/\/staging.forenteforlag.no\/pax\/wp-json\/wp\/v2\/media\/29373"}],"wp:attachment":[{"href":"https:\/\/staging.forenteforlag.no\/pax\/wp-json\/wp\/v2\/media?parent=24295"}],"wp:term":[{"taxonomy":"product_brand","embeddable":true,"href":"https:\/\/staging.forenteforlag.no\/pax\/wp-json\/wp\/v2\/product_brand?post=24295"},{"taxonomy":"product_cat","embeddable":true,"href":"https:\/\/staging.forenteforlag.no\/pax\/wp-json\/wp\/v2\/product_cat?post=24295"},{"taxonomy":"product_tag","embeddable":true,"href":"https:\/\/staging.forenteforlag.no\/pax\/wp-json\/wp\/v2\/product_tag?post=24295"}],"curies":[{"name":"wp","href":"https:\/\/api.w.org\/{rel}","templated":true}]}}