{"id":24294,"date":"2022-09-07T02:00:00","date_gmt":"2022-09-07T00:00:00","guid":{"rendered":"https:\/\/pax.forenteforlag.no\/produkt\/misforstaelse-i-moskva-2\/"},"modified":"2026-03-03T23:10:03","modified_gmt":"2026-03-03T22:10:03","slug":"misforstaelse-i-moskva-2","status":"publish","type":"product","link":"https:\/\/staging.forenteforlag.no\/pax\/produkt\/misforstaelse-i-moskva-2\/","title":{"rendered":"Misforst\u00e5else i Moskva"},"content":{"rendered":"<p>Kortromanen Misforst\u00e5else i Moskva ble skrevet i 1966-67 og var i utgangspunktet tenkt som en del av novellesamlingen La Femme Rompue (\u00abDen \u00f8delagte kvinnen\u00bb). Men Beauvoir ombestemte seg og byttet ut teksten med en annen. Kortromanen ble dermed f\u00f8rst utgitt p\u00e5 fransk i bokform i 2013. <\/p>\n<p>Misforst\u00e5else i Moskva er beretningen om et middelaldrende ektepar i krise, som reiser til Moskva. Paret har motstridende forventninger b\u00e5de til hverandre og til livet som ligger foran dem. I likhet med novellene i La Femme Rompue, er omdreiningspunktet en kvinne som er desillusjonert i ekteskapet og i hverdagen. Her slipper ogs\u00e5 Beauvoir mannens synsvinkel til, slik at teksten pendler mellom kvinnens og mannens virkelighetsforst\u00e5else. <\/p>\n<p>I denne boken henter de Beauvoir inspirasjon fra de gjentatte reisene som hun og Jean-Paul Sartre gjorde til Sovjetunionen mellom 1962 og 1966 p\u00e5 invitasjon fra det sovjetiske forfatterforbundet. Med den kalde krigen og 1960-tallets Sovjet som bakteppe utspiller det seg et lavm\u00e6lt og opprivende drama mellom ektefellene.<\/p>\n","protected":false},"excerpt":{"rendered":"<p>Kortromanen Misforst\u00e5else i Moskva ble skrevet i 1966-67 og var i utgangspunktet tenkt som en del av novellesamlingen La Femme Rompue (\u00abDen \u00f8delagte kvinnen\u00bb). Men Beauvoir ombestemte seg og byttet ut teksten med en annen. Kortromanen ble dermed f\u00f8rst utgitt p\u00e5 fransk i bokform i 2013. Misforst\u00e5else i Moskva er beretningen om et middelaldrende ektepar [&hellip;]<\/p>\n","protected":false},"featured_media":28615,"template":"","meta":{"_acf_changed":false,"inline_featured_image":false},"product_brand":[],"product_cat":[1782],"product_tag":[519,1578,470,1724,1132,832,370],"class_list":{"0":"post-24294","1":"product","2":"type-product","3":"status-publish","4":"has-post-thumbnail","6":"product_cat-fripris","7":"product_tag-1960-1969","8":"product_tag-aldring","9":"product_tag-ekteskap-og-parforhold","10":"product_tag-identitetspolitikk","11":"product_tag-kortromaner","12":"product_tag-moskva","13":"product_tag-skjonnlitteratur","15":"first","16":"instock","17":"shipping-taxable","18":"purchasable","19":"product-type-simple"},"acf":{"anmeldelse":[{"tekst_anmeldelser":"\u00abDet fine med denne lille romanen \u2026 er temaet som p\u00e5 uts\u00f8kt vis kjennetegner Simone de Beauvoirs skj\u00f8nnlitteratur: refleksjonene om alderdommen \u2026 Visst blir de eldre, men ikke i hverandres \u00f8yne. Forsoningen finner de i denne felles skjebnen. Det kan synes banalt, men det er utrolig vakkert.\u00bb","av_anmeldelser":"\u00c5sa Linderborg","terningkast":false,"kilde":"Klassekampen"}]},"yoast_head":"<!-- This site is optimized with the Yoast SEO plugin v26.6 - https:\/\/yoast.com\/wordpress\/plugins\/seo\/ -->\n<title>Misforst\u00e5else i Moskva - Pax<\/title>\n<meta name=\"robots\" content=\"noindex, follow, max-snippet:-1, max-image-preview:large, max-video-preview:-1\" \/>\n<meta property=\"og:locale\" content=\"nb_NO\" \/>\n<meta property=\"og:type\" content=\"article\" \/>\n<meta property=\"og:title\" content=\"Misforst\u00e5else i Moskva - Pax\" \/>\n<meta property=\"og:description\" content=\"Kortromanen Misforst\u00e5else i Moskva ble skrevet i 1966-67 og var i utgangspunktet tenkt som en del av novellesamlingen La Femme Rompue (\u00abDen \u00f8delagte kvinnen\u00bb). Men Beauvoir ombestemte seg og byttet ut teksten med en annen. Kortromanen ble dermed f\u00f8rst utgitt p\u00e5 fransk i bokform i 2013. Misforst\u00e5else i Moskva er beretningen om et middelaldrende ektepar [&hellip;]\" \/>\n<meta property=\"og:url\" content=\"https:\/\/staging.forenteforlag.no\/pax\/produkt\/misforstaelse-i-moskva-2\/\" \/>\n<meta property=\"og:site_name\" content=\"Pax\" \/>\n<meta property=\"article:modified_time\" content=\"2026-03-03T22:10:03+00:00\" \/>\n<meta property=\"og:image\" content=\"https:\/\/staging.forenteforlag.no\/pax\/wp-content\/uploads\/sites\/5\/2025\/08\/jpg-7461-scaled.jpg\" \/>\n\t<meta property=\"og:image:width\" content=\"1265\" \/>\n\t<meta property=\"og:image:height\" content=\"1920\" \/>\n\t<meta property=\"og:image:type\" content=\"image\/jpeg\" \/>\n<meta name=\"twitter:card\" content=\"summary_large_image\" \/>\n<meta name=\"twitter:label1\" content=\"Ansl. lesetid\" \/>\n\t<meta name=\"twitter:data1\" content=\"1 minutt\" \/>\n<script type=\"application\/ld+json\" class=\"yoast-schema-graph\">{\"@context\":\"https:\/\/schema.org\",\"@graph\":[{\"@type\":\"WebPage\",\"@id\":\"https:\/\/staging.forenteforlag.no\/pax\/produkt\/misforstaelse-i-moskva-2\/\",\"url\":\"https:\/\/staging.forenteforlag.no\/pax\/produkt\/misforstaelse-i-moskva-2\/\",\"name\":\"Misforst\u00e5else i Moskva - Pax\",\"isPartOf\":{\"@id\":\"https:\/\/staging.forenteforlag.no\/pax\/#website\"},\"primaryImageOfPage\":{\"@id\":\"https:\/\/staging.forenteforlag.no\/pax\/produkt\/misforstaelse-i-moskva-2\/#primaryimage\"},\"image\":{\"@id\":\"https:\/\/staging.forenteforlag.no\/pax\/produkt\/misforstaelse-i-moskva-2\/#primaryimage\"},\"thumbnailUrl\":\"https:\/\/staging.forenteforlag.no\/pax\/wp-content\/uploads\/sites\/5\/2025\/08\/jpg-7461-scaled.jpg\",\"datePublished\":\"2022-09-07T00:00:00+00:00\",\"dateModified\":\"2026-03-03T22:10:03+00:00\",\"breadcrumb\":{\"@id\":\"https:\/\/staging.forenteforlag.no\/pax\/produkt\/misforstaelse-i-moskva-2\/#breadcrumb\"},\"inLanguage\":\"nb-NO\",\"potentialAction\":[{\"@type\":\"ReadAction\",\"target\":[\"https:\/\/staging.forenteforlag.no\/pax\/produkt\/misforstaelse-i-moskva-2\/\"]}]},{\"@type\":\"ImageObject\",\"inLanguage\":\"nb-NO\",\"@id\":\"https:\/\/staging.forenteforlag.no\/pax\/produkt\/misforstaelse-i-moskva-2\/#primaryimage\",\"url\":\"https:\/\/staging.forenteforlag.no\/pax\/wp-content\/uploads\/sites\/5\/2025\/08\/jpg-7461-scaled.jpg\",\"contentUrl\":\"https:\/\/staging.forenteforlag.no\/pax\/wp-content\/uploads\/sites\/5\/2025\/08\/jpg-7461-scaled.jpg\",\"width\":1265,\"height\":1920},{\"@type\":\"BreadcrumbList\",\"@id\":\"https:\/\/staging.forenteforlag.no\/pax\/produkt\/misforstaelse-i-moskva-2\/#breadcrumb\",\"itemListElement\":[{\"@type\":\"ListItem\",\"position\":1,\"name\":\"Hjem\",\"item\":\"https:\/\/staging.forenteforlag.no\/pax\/\"},{\"@type\":\"ListItem\",\"position\":2,\"name\":\"Alle b\u00f8ker\",\"item\":\"https:\/\/staging.forenteforlag.no\/pax\/butikk\/\"},{\"@type\":\"ListItem\",\"position\":3,\"name\":\"Misforst\u00e5else i Moskva\"}]},{\"@type\":\"WebSite\",\"@id\":\"https:\/\/staging.forenteforlag.no\/pax\/#website\",\"url\":\"https:\/\/staging.forenteforlag.no\/pax\/\",\"name\":\"Pax\",\"description\":\"\",\"potentialAction\":[{\"@type\":\"SearchAction\",\"target\":{\"@type\":\"EntryPoint\",\"urlTemplate\":\"https:\/\/staging.forenteforlag.no\/pax\/?s={search_term_string}\"},\"query-input\":{\"@type\":\"PropertyValueSpecification\",\"valueRequired\":true,\"valueName\":\"search_term_string\"}}],\"inLanguage\":\"nb-NO\"}]}<\/script>\n<!-- \/ Yoast SEO plugin. -->","yoast_head_json":{"title":"Misforst\u00e5else i Moskva - Pax","robots":{"index":"noindex","follow":"follow","max-snippet":"max-snippet:-1","max-image-preview":"max-image-preview:large","max-video-preview":"max-video-preview:-1"},"og_locale":"nb_NO","og_type":"article","og_title":"Misforst\u00e5else i Moskva - Pax","og_description":"Kortromanen Misforst\u00e5else i Moskva ble skrevet i 1966-67 og var i utgangspunktet tenkt som en del av novellesamlingen La Femme Rompue (\u00abDen \u00f8delagte kvinnen\u00bb). Men Beauvoir ombestemte seg og byttet ut teksten med en annen. Kortromanen ble dermed f\u00f8rst utgitt p\u00e5 fransk i bokform i 2013. Misforst\u00e5else i Moskva er beretningen om et middelaldrende ektepar [&hellip;]","og_url":"https:\/\/staging.forenteforlag.no\/pax\/produkt\/misforstaelse-i-moskva-2\/","og_site_name":"Pax","article_modified_time":"2026-03-03T22:10:03+00:00","og_image":[{"width":1265,"height":1920,"url":"https:\/\/staging.forenteforlag.no\/pax\/wp-content\/uploads\/sites\/5\/2025\/08\/jpg-7461-scaled.jpg","type":"image\/jpeg"}],"twitter_card":"summary_large_image","twitter_misc":{"Ansl. lesetid":"1 minutt"},"schema":{"@context":"https:\/\/schema.org","@graph":[{"@type":"WebPage","@id":"https:\/\/staging.forenteforlag.no\/pax\/produkt\/misforstaelse-i-moskva-2\/","url":"https:\/\/staging.forenteforlag.no\/pax\/produkt\/misforstaelse-i-moskva-2\/","name":"Misforst\u00e5else i Moskva - Pax","isPartOf":{"@id":"https:\/\/staging.forenteforlag.no\/pax\/#website"},"primaryImageOfPage":{"@id":"https:\/\/staging.forenteforlag.no\/pax\/produkt\/misforstaelse-i-moskva-2\/#primaryimage"},"image":{"@id":"https:\/\/staging.forenteforlag.no\/pax\/produkt\/misforstaelse-i-moskva-2\/#primaryimage"},"thumbnailUrl":"https:\/\/staging.forenteforlag.no\/pax\/wp-content\/uploads\/sites\/5\/2025\/08\/jpg-7461-scaled.jpg","datePublished":"2022-09-07T00:00:00+00:00","dateModified":"2026-03-03T22:10:03+00:00","breadcrumb":{"@id":"https:\/\/staging.forenteforlag.no\/pax\/produkt\/misforstaelse-i-moskva-2\/#breadcrumb"},"inLanguage":"nb-NO","potentialAction":[{"@type":"ReadAction","target":["https:\/\/staging.forenteforlag.no\/pax\/produkt\/misforstaelse-i-moskva-2\/"]}]},{"@type":"ImageObject","inLanguage":"nb-NO","@id":"https:\/\/staging.forenteforlag.no\/pax\/produkt\/misforstaelse-i-moskva-2\/#primaryimage","url":"https:\/\/staging.forenteforlag.no\/pax\/wp-content\/uploads\/sites\/5\/2025\/08\/jpg-7461-scaled.jpg","contentUrl":"https:\/\/staging.forenteforlag.no\/pax\/wp-content\/uploads\/sites\/5\/2025\/08\/jpg-7461-scaled.jpg","width":1265,"height":1920},{"@type":"BreadcrumbList","@id":"https:\/\/staging.forenteforlag.no\/pax\/produkt\/misforstaelse-i-moskva-2\/#breadcrumb","itemListElement":[{"@type":"ListItem","position":1,"name":"Hjem","item":"https:\/\/staging.forenteforlag.no\/pax\/"},{"@type":"ListItem","position":2,"name":"Alle b\u00f8ker","item":"https:\/\/staging.forenteforlag.no\/pax\/butikk\/"},{"@type":"ListItem","position":3,"name":"Misforst\u00e5else i Moskva"}]},{"@type":"WebSite","@id":"https:\/\/staging.forenteforlag.no\/pax\/#website","url":"https:\/\/staging.forenteforlag.no\/pax\/","name":"Pax","description":"","potentialAction":[{"@type":"SearchAction","target":{"@type":"EntryPoint","urlTemplate":"https:\/\/staging.forenteforlag.no\/pax\/?s={search_term_string}"},"query-input":{"@type":"PropertyValueSpecification","valueRequired":true,"valueName":"search_term_string"}}],"inLanguage":"nb-NO"}]}},"_links":{"self":[{"href":"https:\/\/staging.forenteforlag.no\/pax\/wp-json\/wp\/v2\/product\/24294","targetHints":{"allow":["GET"]}}],"collection":[{"href":"https:\/\/staging.forenteforlag.no\/pax\/wp-json\/wp\/v2\/product"}],"about":[{"href":"https:\/\/staging.forenteforlag.no\/pax\/wp-json\/wp\/v2\/types\/product"}],"wp:featuredmedia":[{"embeddable":true,"href":"https:\/\/staging.forenteforlag.no\/pax\/wp-json\/wp\/v2\/media\/28615"}],"wp:attachment":[{"href":"https:\/\/staging.forenteforlag.no\/pax\/wp-json\/wp\/v2\/media?parent=24294"}],"wp:term":[{"taxonomy":"product_brand","embeddable":true,"href":"https:\/\/staging.forenteforlag.no\/pax\/wp-json\/wp\/v2\/product_brand?post=24294"},{"taxonomy":"product_cat","embeddable":true,"href":"https:\/\/staging.forenteforlag.no\/pax\/wp-json\/wp\/v2\/product_cat?post=24294"},{"taxonomy":"product_tag","embeddable":true,"href":"https:\/\/staging.forenteforlag.no\/pax\/wp-json\/wp\/v2\/product_tag?post=24294"}],"curies":[{"name":"wp","href":"https:\/\/api.w.org\/{rel}","templated":true}]}}