{"id":24291,"date":"2022-04-22T02:00:00","date_gmt":"2022-04-22T00:00:00","guid":{"rendered":"https:\/\/pax.forenteforlag.no\/produkt\/mesopotamia-3\/"},"modified":"2026-03-03T23:08:46","modified_gmt":"2026-03-03T22:08:46","slug":"mesopotamia-3","status":"publish","type":"product","link":"https:\/\/staging.forenteforlag.no\/pax\/produkt\/mesopotamia-3\/","title":{"rendered":"Mesopotamia"},"content":{"rendered":"<p>Ni personers veier krysses i den ukrainske storbyen Kharkiv .Felles for dem alle er at de er vokst opp etter jernteppets fall og har mistet stadig flere illusjoner om det kaotiske postkommunistiske hjemlandet. Allikevel n\u00e6rer de fremdeles sm\u00e5 h\u00e5p om \u00e5 skape seg et anstendig liv. Bob f\u00f8lger dr\u00f8mmen om \u00e5 pr\u00f8ve seg i USA, men f\u00e5r det ikke til. Foma lengter etter en kj\u00e6reste, men fors\u00f8ket p\u00e5 \u00e5 bli sammen med en eks-prostituert skaper flere problemer enn forn\u00f8yelser. De er alle mennesker som tilfeldigvis befinner seg p\u00e5 feil sted til feil tid. <\/p>\n<p>Mesopotamia &#8211; \u00ablandet mellom flodene\u00bb &#8211; er i denne boken omr\u00e5det mellom Dnipr og Donets, med Ukrainas nest st\u00f8rste by Kharkiv som sentrum. Boken er Serhij Zjadans hyllest til dennebyen. Han beskriver blokker og bolighus, trange leiligheter og hemmelige kjellere og skildrer hvordan hovedpersonene snor seg fram gjennom portrom og bakveier. Gjennom ni sammenvevde historier skildres Zjadans Kharkiv, b\u00e5de det vakre og det nedslitte, det vemodige og det humoristiske.<\/p>\n","protected":false},"excerpt":{"rendered":"<p>Ni personers veier krysses i den ukrainske storbyen Kharkiv .Felles for dem alle er at de er vokst opp etter jernteppets fall og har mistet stadig flere illusjoner om det kaotiske postkommunistiske hjemlandet. Allikevel n\u00e6rer de fremdeles sm\u00e5 h\u00e5p om \u00e5 skape seg et anstendig liv. Bob f\u00f8lger dr\u00f8mmen om \u00e5 pr\u00f8ve seg i USA, [&hellip;]<\/p>\n","protected":false},"featured_media":29153,"template":"","meta":{"_acf_changed":false,"inline_featured_image":false},"product_brand":[],"product_cat":[1782],"product_tag":[1675,1095,370,651],"class_list":{"0":"post-24291","1":"product","2":"type-product","3":"status-publish","4":"has-post-thumbnail","6":"product_cat-fripris","7":"product_tag-drabantbyer","8":"product_tag-grafiske-romaner","9":"product_tag-skjonnlitteratur","10":"product_tag-ukraina","12":"first","13":"instock","14":"shipping-taxable","15":"purchasable","16":"product-type-simple"},"acf":{"anmeldelse":[{"tekst_anmeldelser":"\u00abMesopotamia er eit oppkomme av historier fr\u00e5 botnen av samfunnet, framf\u00f8rt med innleving, driv og tr\u00f8kk i eit overlys av skj\u00f8r poesi, og skriver av ein av Ukrainas fremste forfattarar, kjent langt utanfor landegrensene.\u00bb","av_anmeldelser":"Oddmund Hagen","terningkast":false,"kilde":"Dag og Tid"},{"tekst_anmeldelser":"\u00abOversetter Dagfinn Fold\u00f8y har gjort en god jobb med \u00e5 bevare rytmen og energien fra originalmanuset. Selv om flere av fortellingene foreg\u00e5r i bryllup, bursdager og begravelser, innenfor kollektivet og fellesskapet, dreier dette seg f\u00f8rst og fremst om ensomme enkeltmennesker som leter etter en mening med livet og mer eller mindre mot alle odds fors\u00f8ker \u00e5 stable et noenlunde verdig og anstendig liv p\u00e5 beina.\u00bb","av_anmeldelser":"Sigmund Jensen","terningkast":false,"kilde":"Stavanger Aftenblad"}]},"yoast_head":"<!-- This site is optimized with the Yoast SEO plugin v26.6 - https:\/\/yoast.com\/wordpress\/plugins\/seo\/ -->\n<title>Mesopotamia - Pax<\/title>\n<meta name=\"robots\" content=\"noindex, follow, max-snippet:-1, max-image-preview:large, max-video-preview:-1\" \/>\n<meta property=\"og:locale\" content=\"nb_NO\" \/>\n<meta property=\"og:type\" content=\"article\" \/>\n<meta property=\"og:title\" content=\"Mesopotamia - Pax\" \/>\n<meta property=\"og:description\" content=\"Ni personers veier krysses i den ukrainske storbyen Kharkiv .Felles for dem alle er at de er vokst opp etter jernteppets fall og har mistet stadig flere illusjoner om det kaotiske postkommunistiske hjemlandet. Allikevel n\u00e6rer de fremdeles sm\u00e5 h\u00e5p om \u00e5 skape seg et anstendig liv. Bob f\u00f8lger dr\u00f8mmen om \u00e5 pr\u00f8ve seg i USA, [&hellip;]\" \/>\n<meta property=\"og:url\" content=\"https:\/\/staging.forenteforlag.no\/pax\/produkt\/mesopotamia-3\/\" \/>\n<meta property=\"og:site_name\" content=\"Pax\" \/>\n<meta property=\"article:modified_time\" content=\"2026-03-03T22:08:46+00:00\" \/>\n<meta property=\"og:image\" content=\"https:\/\/staging.forenteforlag.no\/pax\/wp-content\/uploads\/sites\/5\/2025\/08\/jpg-9047-scaled.jpg\" \/>\n\t<meta property=\"og:image:width\" content=\"1193\" \/>\n\t<meta property=\"og:image:height\" content=\"1920\" \/>\n\t<meta property=\"og:image:type\" content=\"image\/jpeg\" \/>\n<meta name=\"twitter:card\" content=\"summary_large_image\" \/>\n<meta name=\"twitter:label1\" content=\"Ansl. lesetid\" \/>\n\t<meta name=\"twitter:data1\" content=\"1 minutt\" \/>\n<script type=\"application\/ld+json\" class=\"yoast-schema-graph\">{\"@context\":\"https:\/\/schema.org\",\"@graph\":[{\"@type\":\"WebPage\",\"@id\":\"https:\/\/staging.forenteforlag.no\/pax\/produkt\/mesopotamia-3\/\",\"url\":\"https:\/\/staging.forenteforlag.no\/pax\/produkt\/mesopotamia-3\/\",\"name\":\"Mesopotamia - Pax\",\"isPartOf\":{\"@id\":\"https:\/\/staging.forenteforlag.no\/pax\/#website\"},\"primaryImageOfPage\":{\"@id\":\"https:\/\/staging.forenteforlag.no\/pax\/produkt\/mesopotamia-3\/#primaryimage\"},\"image\":{\"@id\":\"https:\/\/staging.forenteforlag.no\/pax\/produkt\/mesopotamia-3\/#primaryimage\"},\"thumbnailUrl\":\"https:\/\/staging.forenteforlag.no\/pax\/wp-content\/uploads\/sites\/5\/2025\/08\/jpg-9047-scaled.jpg\",\"datePublished\":\"2022-04-22T00:00:00+00:00\",\"dateModified\":\"2026-03-03T22:08:46+00:00\",\"breadcrumb\":{\"@id\":\"https:\/\/staging.forenteforlag.no\/pax\/produkt\/mesopotamia-3\/#breadcrumb\"},\"inLanguage\":\"nb-NO\",\"potentialAction\":[{\"@type\":\"ReadAction\",\"target\":[\"https:\/\/staging.forenteforlag.no\/pax\/produkt\/mesopotamia-3\/\"]}]},{\"@type\":\"ImageObject\",\"inLanguage\":\"nb-NO\",\"@id\":\"https:\/\/staging.forenteforlag.no\/pax\/produkt\/mesopotamia-3\/#primaryimage\",\"url\":\"https:\/\/staging.forenteforlag.no\/pax\/wp-content\/uploads\/sites\/5\/2025\/08\/jpg-9047-scaled.jpg\",\"contentUrl\":\"https:\/\/staging.forenteforlag.no\/pax\/wp-content\/uploads\/sites\/5\/2025\/08\/jpg-9047-scaled.jpg\",\"width\":1193,\"height\":1920},{\"@type\":\"BreadcrumbList\",\"@id\":\"https:\/\/staging.forenteforlag.no\/pax\/produkt\/mesopotamia-3\/#breadcrumb\",\"itemListElement\":[{\"@type\":\"ListItem\",\"position\":1,\"name\":\"Hjem\",\"item\":\"https:\/\/staging.forenteforlag.no\/pax\/\"},{\"@type\":\"ListItem\",\"position\":2,\"name\":\"Alle b\u00f8ker\",\"item\":\"https:\/\/staging.forenteforlag.no\/pax\/butikk\/\"},{\"@type\":\"ListItem\",\"position\":3,\"name\":\"Mesopotamia\"}]},{\"@type\":\"WebSite\",\"@id\":\"https:\/\/staging.forenteforlag.no\/pax\/#website\",\"url\":\"https:\/\/staging.forenteforlag.no\/pax\/\",\"name\":\"Pax\",\"description\":\"\",\"potentialAction\":[{\"@type\":\"SearchAction\",\"target\":{\"@type\":\"EntryPoint\",\"urlTemplate\":\"https:\/\/staging.forenteforlag.no\/pax\/?s={search_term_string}\"},\"query-input\":{\"@type\":\"PropertyValueSpecification\",\"valueRequired\":true,\"valueName\":\"search_term_string\"}}],\"inLanguage\":\"nb-NO\"}]}<\/script>\n<!-- \/ Yoast SEO plugin. -->","yoast_head_json":{"title":"Mesopotamia - Pax","robots":{"index":"noindex","follow":"follow","max-snippet":"max-snippet:-1","max-image-preview":"max-image-preview:large","max-video-preview":"max-video-preview:-1"},"og_locale":"nb_NO","og_type":"article","og_title":"Mesopotamia - Pax","og_description":"Ni personers veier krysses i den ukrainske storbyen Kharkiv .Felles for dem alle er at de er vokst opp etter jernteppets fall og har mistet stadig flere illusjoner om det kaotiske postkommunistiske hjemlandet. Allikevel n\u00e6rer de fremdeles sm\u00e5 h\u00e5p om \u00e5 skape seg et anstendig liv. Bob f\u00f8lger dr\u00f8mmen om \u00e5 pr\u00f8ve seg i USA, [&hellip;]","og_url":"https:\/\/staging.forenteforlag.no\/pax\/produkt\/mesopotamia-3\/","og_site_name":"Pax","article_modified_time":"2026-03-03T22:08:46+00:00","og_image":[{"width":1193,"height":1920,"url":"https:\/\/staging.forenteforlag.no\/pax\/wp-content\/uploads\/sites\/5\/2025\/08\/jpg-9047-scaled.jpg","type":"image\/jpeg"}],"twitter_card":"summary_large_image","twitter_misc":{"Ansl. lesetid":"1 minutt"},"schema":{"@context":"https:\/\/schema.org","@graph":[{"@type":"WebPage","@id":"https:\/\/staging.forenteforlag.no\/pax\/produkt\/mesopotamia-3\/","url":"https:\/\/staging.forenteforlag.no\/pax\/produkt\/mesopotamia-3\/","name":"Mesopotamia - Pax","isPartOf":{"@id":"https:\/\/staging.forenteforlag.no\/pax\/#website"},"primaryImageOfPage":{"@id":"https:\/\/staging.forenteforlag.no\/pax\/produkt\/mesopotamia-3\/#primaryimage"},"image":{"@id":"https:\/\/staging.forenteforlag.no\/pax\/produkt\/mesopotamia-3\/#primaryimage"},"thumbnailUrl":"https:\/\/staging.forenteforlag.no\/pax\/wp-content\/uploads\/sites\/5\/2025\/08\/jpg-9047-scaled.jpg","datePublished":"2022-04-22T00:00:00+00:00","dateModified":"2026-03-03T22:08:46+00:00","breadcrumb":{"@id":"https:\/\/staging.forenteforlag.no\/pax\/produkt\/mesopotamia-3\/#breadcrumb"},"inLanguage":"nb-NO","potentialAction":[{"@type":"ReadAction","target":["https:\/\/staging.forenteforlag.no\/pax\/produkt\/mesopotamia-3\/"]}]},{"@type":"ImageObject","inLanguage":"nb-NO","@id":"https:\/\/staging.forenteforlag.no\/pax\/produkt\/mesopotamia-3\/#primaryimage","url":"https:\/\/staging.forenteforlag.no\/pax\/wp-content\/uploads\/sites\/5\/2025\/08\/jpg-9047-scaled.jpg","contentUrl":"https:\/\/staging.forenteforlag.no\/pax\/wp-content\/uploads\/sites\/5\/2025\/08\/jpg-9047-scaled.jpg","width":1193,"height":1920},{"@type":"BreadcrumbList","@id":"https:\/\/staging.forenteforlag.no\/pax\/produkt\/mesopotamia-3\/#breadcrumb","itemListElement":[{"@type":"ListItem","position":1,"name":"Hjem","item":"https:\/\/staging.forenteforlag.no\/pax\/"},{"@type":"ListItem","position":2,"name":"Alle b\u00f8ker","item":"https:\/\/staging.forenteforlag.no\/pax\/butikk\/"},{"@type":"ListItem","position":3,"name":"Mesopotamia"}]},{"@type":"WebSite","@id":"https:\/\/staging.forenteforlag.no\/pax\/#website","url":"https:\/\/staging.forenteforlag.no\/pax\/","name":"Pax","description":"","potentialAction":[{"@type":"SearchAction","target":{"@type":"EntryPoint","urlTemplate":"https:\/\/staging.forenteforlag.no\/pax\/?s={search_term_string}"},"query-input":{"@type":"PropertyValueSpecification","valueRequired":true,"valueName":"search_term_string"}}],"inLanguage":"nb-NO"}]}},"_links":{"self":[{"href":"https:\/\/staging.forenteforlag.no\/pax\/wp-json\/wp\/v2\/product\/24291","targetHints":{"allow":["GET"]}}],"collection":[{"href":"https:\/\/staging.forenteforlag.no\/pax\/wp-json\/wp\/v2\/product"}],"about":[{"href":"https:\/\/staging.forenteforlag.no\/pax\/wp-json\/wp\/v2\/types\/product"}],"wp:featuredmedia":[{"embeddable":true,"href":"https:\/\/staging.forenteforlag.no\/pax\/wp-json\/wp\/v2\/media\/29153"}],"wp:attachment":[{"href":"https:\/\/staging.forenteforlag.no\/pax\/wp-json\/wp\/v2\/media?parent=24291"}],"wp:term":[{"taxonomy":"product_brand","embeddable":true,"href":"https:\/\/staging.forenteforlag.no\/pax\/wp-json\/wp\/v2\/product_brand?post=24291"},{"taxonomy":"product_cat","embeddable":true,"href":"https:\/\/staging.forenteforlag.no\/pax\/wp-json\/wp\/v2\/product_cat?post=24291"},{"taxonomy":"product_tag","embeddable":true,"href":"https:\/\/staging.forenteforlag.no\/pax\/wp-json\/wp\/v2\/product_tag?post=24291"}],"curies":[{"name":"wp","href":"https:\/\/api.w.org\/{rel}","templated":true}]}}