{"id":24231,"date":"2024-04-24T02:00:00","date_gmt":"2024-04-24T00:00:00","guid":{"rendered":"https:\/\/pax.forenteforlag.no\/produkt\/byen-bak-muren-2\/"},"modified":"2026-02-09T05:38:53","modified_gmt":"2026-02-09T04:38:53","slug":"byen-bak-muren-2","status":"publish","type":"product","link":"https:\/\/staging.forenteforlag.no\/pax\/produkt\/byen-bak-muren-2\/","title":{"rendered":"Byen bak muren"},"content":{"rendered":"<p>I 1980 skrev Haruki Murakami en novelle om en by omgitt av en mur. Fem \u00e5r senere utga han fortellingen Hardkokt eventyrland og verdens ende, der en isolert by dukker opp. N\u00e5 har han l\u00f8ftet tematikken inn i den svimlende fascinerende romanen Byen bak muren. <\/p>\n<p>En mann m\u00f8ter igjen ungdomskj\u00e6resten han aldri har glemt, og befinner seg snart i en by omsluttet av en h\u00f8y mur. Da han drar tilbake til hverdagen og bibliotekarjobben, er det som om livsgnisten er borte. Han vil tilbake til byen bak muren, til kvinnen han endelig er blitt gjenforent med. Men er byen virkelig, eller bare en fantasi de to diktet opp da de var unge og nyforelsket? <\/p>\n<p>Byen bak muren er en historie om kj\u00e6rlighet, ensomhet, dr\u00f8mmer og illusjoner, fortalt slik bare Haruki Murakami kan.<\/p>\n","protected":false},"excerpt":{"rendered":"<p>I 1980 skrev Haruki Murakami en novelle om en by omgitt av en mur. Fem \u00e5r senere utga han fortellingen Hardkokt eventyrland og verdens ende, der en isolert by dukker opp. N\u00e5 har han l\u00f8ftet tematikken inn i den svimlende fascinerende romanen Byen bak muren. En mann m\u00f8ter igjen ungdomskj\u00e6resten han aldri har glemt, og [&hellip;]<\/p>\n","protected":false},"featured_media":28397,"template":"","meta":{"_acf_changed":false,"inline_featured_image":false},"product_brand":[],"product_cat":[1778,40],"product_tag":[370],"class_list":{"0":"post-24231","1":"product","2":"type-product","3":"status-publish","4":"has-post-thumbnail","6":"product_cat-fastpris","7":"product_cat-romaner","8":"product_tag-skjonnlitteratur","9":"pa_format-innbundet","11":"first","12":"instock","13":"shipping-taxable","14":"purchasable","15":"product-type-simple"},"acf":{"anmeldelse":null},"yoast_head":"<!-- This site is optimized with the Yoast SEO plugin v26.6 - https:\/\/yoast.com\/wordpress\/plugins\/seo\/ -->\n<title>Byen bak muren - Pax<\/title>\n<meta name=\"robots\" content=\"noindex, follow, max-snippet:-1, max-image-preview:large, max-video-preview:-1\" \/>\n<meta property=\"og:locale\" content=\"nb_NO\" \/>\n<meta property=\"og:type\" content=\"article\" \/>\n<meta property=\"og:title\" content=\"Byen bak muren - Pax\" \/>\n<meta property=\"og:description\" content=\"I 1980 skrev Haruki Murakami en novelle om en by omgitt av en mur. Fem \u00e5r senere utga han fortellingen Hardkokt eventyrland og verdens ende, der en isolert by dukker opp. N\u00e5 har han l\u00f8ftet tematikken inn i den svimlende fascinerende romanen Byen bak muren. En mann m\u00f8ter igjen ungdomskj\u00e6resten han aldri har glemt, og [&hellip;]\" \/>\n<meta property=\"og:url\" content=\"https:\/\/staging.forenteforlag.no\/pax\/produkt\/byen-bak-muren-2\/\" \/>\n<meta property=\"og:site_name\" content=\"Pax\" \/>\n<meta property=\"article:modified_time\" content=\"2026-02-09T04:38:53+00:00\" \/>\n<meta property=\"og:image\" content=\"https:\/\/staging.forenteforlag.no\/pax\/wp-content\/uploads\/sites\/5\/2025\/08\/jpg-6802-scaled.jpg\" \/>\n\t<meta property=\"og:image:width\" content=\"1228\" \/>\n\t<meta property=\"og:image:height\" content=\"1920\" \/>\n\t<meta property=\"og:image:type\" content=\"image\/jpeg\" \/>\n<meta name=\"twitter:card\" content=\"summary_large_image\" \/>\n<meta name=\"twitter:label1\" content=\"Ansl. lesetid\" \/>\n\t<meta name=\"twitter:data1\" content=\"1 minutt\" \/>\n<script type=\"application\/ld+json\" class=\"yoast-schema-graph\">{\"@context\":\"https:\/\/schema.org\",\"@graph\":[{\"@type\":\"WebPage\",\"@id\":\"https:\/\/staging.forenteforlag.no\/pax\/produkt\/byen-bak-muren-2\/\",\"url\":\"https:\/\/staging.forenteforlag.no\/pax\/produkt\/byen-bak-muren-2\/\",\"name\":\"Byen bak muren - Pax\",\"isPartOf\":{\"@id\":\"https:\/\/staging.forenteforlag.no\/pax\/#website\"},\"primaryImageOfPage\":{\"@id\":\"https:\/\/staging.forenteforlag.no\/pax\/produkt\/byen-bak-muren-2\/#primaryimage\"},\"image\":{\"@id\":\"https:\/\/staging.forenteforlag.no\/pax\/produkt\/byen-bak-muren-2\/#primaryimage\"},\"thumbnailUrl\":\"https:\/\/staging.forenteforlag.no\/pax\/wp-content\/uploads\/sites\/5\/2025\/08\/jpg-6802-scaled.jpg\",\"datePublished\":\"2024-04-24T00:00:00+00:00\",\"dateModified\":\"2026-02-09T04:38:53+00:00\",\"breadcrumb\":{\"@id\":\"https:\/\/staging.forenteforlag.no\/pax\/produkt\/byen-bak-muren-2\/#breadcrumb\"},\"inLanguage\":\"nb-NO\",\"potentialAction\":[{\"@type\":\"ReadAction\",\"target\":[\"https:\/\/staging.forenteforlag.no\/pax\/produkt\/byen-bak-muren-2\/\"]}]},{\"@type\":\"ImageObject\",\"inLanguage\":\"nb-NO\",\"@id\":\"https:\/\/staging.forenteforlag.no\/pax\/produkt\/byen-bak-muren-2\/#primaryimage\",\"url\":\"https:\/\/staging.forenteforlag.no\/pax\/wp-content\/uploads\/sites\/5\/2025\/08\/jpg-6802-scaled.jpg\",\"contentUrl\":\"https:\/\/staging.forenteforlag.no\/pax\/wp-content\/uploads\/sites\/5\/2025\/08\/jpg-6802-scaled.jpg\",\"width\":1228,\"height\":1920},{\"@type\":\"BreadcrumbList\",\"@id\":\"https:\/\/staging.forenteforlag.no\/pax\/produkt\/byen-bak-muren-2\/#breadcrumb\",\"itemListElement\":[{\"@type\":\"ListItem\",\"position\":1,\"name\":\"Hjem\",\"item\":\"https:\/\/staging.forenteforlag.no\/pax\/\"},{\"@type\":\"ListItem\",\"position\":2,\"name\":\"Alle b\u00f8ker\",\"item\":\"https:\/\/staging.forenteforlag.no\/pax\/butikk\/\"},{\"@type\":\"ListItem\",\"position\":3,\"name\":\"Byen bak muren\"}]},{\"@type\":\"WebSite\",\"@id\":\"https:\/\/staging.forenteforlag.no\/pax\/#website\",\"url\":\"https:\/\/staging.forenteforlag.no\/pax\/\",\"name\":\"Pax\",\"description\":\"\",\"potentialAction\":[{\"@type\":\"SearchAction\",\"target\":{\"@type\":\"EntryPoint\",\"urlTemplate\":\"https:\/\/staging.forenteforlag.no\/pax\/?s={search_term_string}\"},\"query-input\":{\"@type\":\"PropertyValueSpecification\",\"valueRequired\":true,\"valueName\":\"search_term_string\"}}],\"inLanguage\":\"nb-NO\"}]}<\/script>\n<!-- \/ Yoast SEO plugin. -->","yoast_head_json":{"title":"Byen bak muren - Pax","robots":{"index":"noindex","follow":"follow","max-snippet":"max-snippet:-1","max-image-preview":"max-image-preview:large","max-video-preview":"max-video-preview:-1"},"og_locale":"nb_NO","og_type":"article","og_title":"Byen bak muren - Pax","og_description":"I 1980 skrev Haruki Murakami en novelle om en by omgitt av en mur. Fem \u00e5r senere utga han fortellingen Hardkokt eventyrland og verdens ende, der en isolert by dukker opp. N\u00e5 har han l\u00f8ftet tematikken inn i den svimlende fascinerende romanen Byen bak muren. En mann m\u00f8ter igjen ungdomskj\u00e6resten han aldri har glemt, og [&hellip;]","og_url":"https:\/\/staging.forenteforlag.no\/pax\/produkt\/byen-bak-muren-2\/","og_site_name":"Pax","article_modified_time":"2026-02-09T04:38:53+00:00","og_image":[{"width":1228,"height":1920,"url":"https:\/\/staging.forenteforlag.no\/pax\/wp-content\/uploads\/sites\/5\/2025\/08\/jpg-6802-scaled.jpg","type":"image\/jpeg"}],"twitter_card":"summary_large_image","twitter_misc":{"Ansl. lesetid":"1 minutt"},"schema":{"@context":"https:\/\/schema.org","@graph":[{"@type":"WebPage","@id":"https:\/\/staging.forenteforlag.no\/pax\/produkt\/byen-bak-muren-2\/","url":"https:\/\/staging.forenteforlag.no\/pax\/produkt\/byen-bak-muren-2\/","name":"Byen bak muren - Pax","isPartOf":{"@id":"https:\/\/staging.forenteforlag.no\/pax\/#website"},"primaryImageOfPage":{"@id":"https:\/\/staging.forenteforlag.no\/pax\/produkt\/byen-bak-muren-2\/#primaryimage"},"image":{"@id":"https:\/\/staging.forenteforlag.no\/pax\/produkt\/byen-bak-muren-2\/#primaryimage"},"thumbnailUrl":"https:\/\/staging.forenteforlag.no\/pax\/wp-content\/uploads\/sites\/5\/2025\/08\/jpg-6802-scaled.jpg","datePublished":"2024-04-24T00:00:00+00:00","dateModified":"2026-02-09T04:38:53+00:00","breadcrumb":{"@id":"https:\/\/staging.forenteforlag.no\/pax\/produkt\/byen-bak-muren-2\/#breadcrumb"},"inLanguage":"nb-NO","potentialAction":[{"@type":"ReadAction","target":["https:\/\/staging.forenteforlag.no\/pax\/produkt\/byen-bak-muren-2\/"]}]},{"@type":"ImageObject","inLanguage":"nb-NO","@id":"https:\/\/staging.forenteforlag.no\/pax\/produkt\/byen-bak-muren-2\/#primaryimage","url":"https:\/\/staging.forenteforlag.no\/pax\/wp-content\/uploads\/sites\/5\/2025\/08\/jpg-6802-scaled.jpg","contentUrl":"https:\/\/staging.forenteforlag.no\/pax\/wp-content\/uploads\/sites\/5\/2025\/08\/jpg-6802-scaled.jpg","width":1228,"height":1920},{"@type":"BreadcrumbList","@id":"https:\/\/staging.forenteforlag.no\/pax\/produkt\/byen-bak-muren-2\/#breadcrumb","itemListElement":[{"@type":"ListItem","position":1,"name":"Hjem","item":"https:\/\/staging.forenteforlag.no\/pax\/"},{"@type":"ListItem","position":2,"name":"Alle b\u00f8ker","item":"https:\/\/staging.forenteforlag.no\/pax\/butikk\/"},{"@type":"ListItem","position":3,"name":"Byen bak muren"}]},{"@type":"WebSite","@id":"https:\/\/staging.forenteforlag.no\/pax\/#website","url":"https:\/\/staging.forenteforlag.no\/pax\/","name":"Pax","description":"","potentialAction":[{"@type":"SearchAction","target":{"@type":"EntryPoint","urlTemplate":"https:\/\/staging.forenteforlag.no\/pax\/?s={search_term_string}"},"query-input":{"@type":"PropertyValueSpecification","valueRequired":true,"valueName":"search_term_string"}}],"inLanguage":"nb-NO"}]}},"_links":{"self":[{"href":"https:\/\/staging.forenteforlag.no\/pax\/wp-json\/wp\/v2\/product\/24231","targetHints":{"allow":["GET"]}}],"collection":[{"href":"https:\/\/staging.forenteforlag.no\/pax\/wp-json\/wp\/v2\/product"}],"about":[{"href":"https:\/\/staging.forenteforlag.no\/pax\/wp-json\/wp\/v2\/types\/product"}],"wp:featuredmedia":[{"embeddable":true,"href":"https:\/\/staging.forenteforlag.no\/pax\/wp-json\/wp\/v2\/media\/28397"}],"wp:attachment":[{"href":"https:\/\/staging.forenteforlag.no\/pax\/wp-json\/wp\/v2\/media?parent=24231"}],"wp:term":[{"taxonomy":"product_brand","embeddable":true,"href":"https:\/\/staging.forenteforlag.no\/pax\/wp-json\/wp\/v2\/product_brand?post=24231"},{"taxonomy":"product_cat","embeddable":true,"href":"https:\/\/staging.forenteforlag.no\/pax\/wp-json\/wp\/v2\/product_cat?post=24231"},{"taxonomy":"product_tag","embeddable":true,"href":"https:\/\/staging.forenteforlag.no\/pax\/wp-json\/wp\/v2\/product_tag?post=24231"}],"curies":[{"name":"wp","href":"https:\/\/api.w.org\/{rel}","templated":true}]}}