{"id":24227,"date":"2014-03-24T01:00:00","date_gmt":"2014-03-24T00:00:00","guid":{"rendered":"https:\/\/pax.forenteforlag.no\/produkt\/hotet-fran-oster\/"},"modified":"2025-08-27T12:35:02","modified_gmt":"2025-08-27T10:35:02","slug":"hotet-fran-oster","status":"publish","type":"product","link":"https:\/\/staging.forenteforlag.no\/pax\/produkt\/hotet-fran-oster\/","title":{"rendered":"Hotet fr\u00e5n \u00f6ster"},"content":{"rendered":"<p>Finland och Norge hade i b\u00f6rjan av 1800-talet i \u00e5rhundraden varit perifera riks-delar i de tv\u00e5 nordiska monarkierna Sverige och Danmark. Under Napoleonkrigen var framtiden oviss, och det gick som realisterna fruktade: b\u00e5da rikena spr\u00e4ngdes inom ett drygt decennium. \u00c5r 1815 var Finland ett storfurstend\u00f6me med egen autonomi inom kejsard\u00f6met Ryssland. Kungariket Norge hade tvingats in i en union med Sverige, men hade samtidigt segrat i nederlaget, d\u00e5 landet f\u00e5tt en p\u00e5 denna tid ovanligt demokratiskt grundlag med en stark folkrepresentation, och den gemensamme kungens makt var begr\u00e4nsad.<\/p>\n","protected":false},"excerpt":{"rendered":"<p>Finland och Norge hade i b\u00f6rjan av 1800-talet i \u00e5rhundraden varit perifera riks-delar i de tv\u00e5 nordiska monarkierna Sverige och Danmark. Under Napoleonkrigen var framtiden oviss, och det gick som realisterna fruktade: b\u00e5da rikena spr\u00e4ngdes inom ett drygt decennium. \u00c5r 1815 var Finland ett storfurstend\u00f6me med egen autonomi inom kejsard\u00f6met Ryssland. Kungariket Norge hade tvingats [&hellip;]<\/p>\n","protected":false},"featured_media":29265,"template":"","meta":{"_acf_changed":false,"inline_featured_image":false},"product_brand":[],"product_cat":[1782,23],"product_tag":[395,394,607,362,810,439,628],"class_list":{"0":"post-24227","1":"product","2":"type-product","3":"status-publish","4":"has-post-thumbnail","6":"product_cat-fripris","7":"product_cat-historie","8":"product_tag-1700-tallet","9":"product_tag-1800-tallet","10":"product_tag-bedriftshistorie","11":"product_tag-faglitteratur","12":"product_tag-finland","13":"product_tag-nord-norge","14":"product_tag-statsforvaltning","15":"pa_format-mykperm","17":"first","18":"instock","19":"shipping-taxable","20":"purchasable","21":"product-type-simple"},"acf":{"anmeldelse":null},"yoast_head":"<!-- This site is optimized with the Yoast SEO plugin v26.6 - https:\/\/yoast.com\/wordpress\/plugins\/seo\/ -->\n<title>Hotet fr\u00e5n \u00f6ster - Pax<\/title>\n<meta name=\"robots\" content=\"noindex, follow, max-snippet:-1, max-image-preview:large, max-video-preview:-1\" \/>\n<meta property=\"og:locale\" content=\"nb_NO\" \/>\n<meta property=\"og:type\" content=\"article\" \/>\n<meta property=\"og:title\" content=\"Hotet fr\u00e5n \u00f6ster - Pax\" \/>\n<meta property=\"og:description\" content=\"Finland och Norge hade i b\u00f6rjan av 1800-talet i \u00e5rhundraden varit perifera riks-delar i de tv\u00e5 nordiska monarkierna Sverige och Danmark. Under Napoleonkrigen var framtiden oviss, och det gick som realisterna fruktade: b\u00e5da rikena spr\u00e4ngdes inom ett drygt decennium. \u00c5r 1815 var Finland ett storfurstend\u00f6me med egen autonomi inom kejsard\u00f6met Ryssland. Kungariket Norge hade tvingats [&hellip;]\" \/>\n<meta property=\"og:url\" content=\"https:\/\/staging.forenteforlag.no\/pax\/produkt\/hotet-fran-oster\/\" \/>\n<meta property=\"og:site_name\" content=\"Pax\" \/>\n<meta property=\"article:modified_time\" content=\"2025-08-27T10:35:02+00:00\" \/>\n<meta property=\"og:image\" content=\"https:\/\/staging.forenteforlag.no\/pax\/wp-content\/uploads\/sites\/5\/2025\/08\/jpg-9429.jpg\" \/>\n\t<meta property=\"og:image:width\" content=\"332\" \/>\n\t<meta property=\"og:image:height\" content=\"449\" \/>\n\t<meta property=\"og:image:type\" content=\"image\/jpeg\" \/>\n<meta name=\"twitter:card\" content=\"summary_large_image\" \/>\n<script type=\"application\/ld+json\" class=\"yoast-schema-graph\">{\"@context\":\"https:\/\/schema.org\",\"@graph\":[{\"@type\":\"WebPage\",\"@id\":\"https:\/\/staging.forenteforlag.no\/pax\/produkt\/hotet-fran-oster\/\",\"url\":\"https:\/\/staging.forenteforlag.no\/pax\/produkt\/hotet-fran-oster\/\",\"name\":\"Hotet fr\u00e5n \u00f6ster - Pax\",\"isPartOf\":{\"@id\":\"https:\/\/staging.forenteforlag.no\/pax\/#website\"},\"primaryImageOfPage\":{\"@id\":\"https:\/\/staging.forenteforlag.no\/pax\/produkt\/hotet-fran-oster\/#primaryimage\"},\"image\":{\"@id\":\"https:\/\/staging.forenteforlag.no\/pax\/produkt\/hotet-fran-oster\/#primaryimage\"},\"thumbnailUrl\":\"https:\/\/staging.forenteforlag.no\/pax\/wp-content\/uploads\/sites\/5\/2025\/08\/jpg-9429.jpg\",\"datePublished\":\"2014-03-24T00:00:00+00:00\",\"dateModified\":\"2025-08-27T10:35:02+00:00\",\"breadcrumb\":{\"@id\":\"https:\/\/staging.forenteforlag.no\/pax\/produkt\/hotet-fran-oster\/#breadcrumb\"},\"inLanguage\":\"nb-NO\",\"potentialAction\":[{\"@type\":\"ReadAction\",\"target\":[\"https:\/\/staging.forenteforlag.no\/pax\/produkt\/hotet-fran-oster\/\"]}]},{\"@type\":\"ImageObject\",\"inLanguage\":\"nb-NO\",\"@id\":\"https:\/\/staging.forenteforlag.no\/pax\/produkt\/hotet-fran-oster\/#primaryimage\",\"url\":\"https:\/\/staging.forenteforlag.no\/pax\/wp-content\/uploads\/sites\/5\/2025\/08\/jpg-9429.jpg\",\"contentUrl\":\"https:\/\/staging.forenteforlag.no\/pax\/wp-content\/uploads\/sites\/5\/2025\/08\/jpg-9429.jpg\",\"width\":332,\"height\":449},{\"@type\":\"BreadcrumbList\",\"@id\":\"https:\/\/staging.forenteforlag.no\/pax\/produkt\/hotet-fran-oster\/#breadcrumb\",\"itemListElement\":[{\"@type\":\"ListItem\",\"position\":1,\"name\":\"Hjem\",\"item\":\"https:\/\/staging.forenteforlag.no\/pax\/\"},{\"@type\":\"ListItem\",\"position\":2,\"name\":\"Alle b\u00f8ker\",\"item\":\"https:\/\/staging.forenteforlag.no\/pax\/butikk\/\"},{\"@type\":\"ListItem\",\"position\":3,\"name\":\"Hotet fr\u00e5n \u00f6ster\"}]},{\"@type\":\"WebSite\",\"@id\":\"https:\/\/staging.forenteforlag.no\/pax\/#website\",\"url\":\"https:\/\/staging.forenteforlag.no\/pax\/\",\"name\":\"Pax\",\"description\":\"\",\"potentialAction\":[{\"@type\":\"SearchAction\",\"target\":{\"@type\":\"EntryPoint\",\"urlTemplate\":\"https:\/\/staging.forenteforlag.no\/pax\/?s={search_term_string}\"},\"query-input\":{\"@type\":\"PropertyValueSpecification\",\"valueRequired\":true,\"valueName\":\"search_term_string\"}}],\"inLanguage\":\"nb-NO\"}]}<\/script>\n<!-- \/ Yoast SEO plugin. -->","yoast_head_json":{"title":"Hotet fr\u00e5n \u00f6ster - Pax","robots":{"index":"noindex","follow":"follow","max-snippet":"max-snippet:-1","max-image-preview":"max-image-preview:large","max-video-preview":"max-video-preview:-1"},"og_locale":"nb_NO","og_type":"article","og_title":"Hotet fr\u00e5n \u00f6ster - Pax","og_description":"Finland och Norge hade i b\u00f6rjan av 1800-talet i \u00e5rhundraden varit perifera riks-delar i de tv\u00e5 nordiska monarkierna Sverige och Danmark. Under Napoleonkrigen var framtiden oviss, och det gick som realisterna fruktade: b\u00e5da rikena spr\u00e4ngdes inom ett drygt decennium. \u00c5r 1815 var Finland ett storfurstend\u00f6me med egen autonomi inom kejsard\u00f6met Ryssland. Kungariket Norge hade tvingats [&hellip;]","og_url":"https:\/\/staging.forenteforlag.no\/pax\/produkt\/hotet-fran-oster\/","og_site_name":"Pax","article_modified_time":"2025-08-27T10:35:02+00:00","og_image":[{"width":332,"height":449,"url":"https:\/\/staging.forenteforlag.no\/pax\/wp-content\/uploads\/sites\/5\/2025\/08\/jpg-9429.jpg","type":"image\/jpeg"}],"twitter_card":"summary_large_image","schema":{"@context":"https:\/\/schema.org","@graph":[{"@type":"WebPage","@id":"https:\/\/staging.forenteforlag.no\/pax\/produkt\/hotet-fran-oster\/","url":"https:\/\/staging.forenteforlag.no\/pax\/produkt\/hotet-fran-oster\/","name":"Hotet fr\u00e5n \u00f6ster - Pax","isPartOf":{"@id":"https:\/\/staging.forenteforlag.no\/pax\/#website"},"primaryImageOfPage":{"@id":"https:\/\/staging.forenteforlag.no\/pax\/produkt\/hotet-fran-oster\/#primaryimage"},"image":{"@id":"https:\/\/staging.forenteforlag.no\/pax\/produkt\/hotet-fran-oster\/#primaryimage"},"thumbnailUrl":"https:\/\/staging.forenteforlag.no\/pax\/wp-content\/uploads\/sites\/5\/2025\/08\/jpg-9429.jpg","datePublished":"2014-03-24T00:00:00+00:00","dateModified":"2025-08-27T10:35:02+00:00","breadcrumb":{"@id":"https:\/\/staging.forenteforlag.no\/pax\/produkt\/hotet-fran-oster\/#breadcrumb"},"inLanguage":"nb-NO","potentialAction":[{"@type":"ReadAction","target":["https:\/\/staging.forenteforlag.no\/pax\/produkt\/hotet-fran-oster\/"]}]},{"@type":"ImageObject","inLanguage":"nb-NO","@id":"https:\/\/staging.forenteforlag.no\/pax\/produkt\/hotet-fran-oster\/#primaryimage","url":"https:\/\/staging.forenteforlag.no\/pax\/wp-content\/uploads\/sites\/5\/2025\/08\/jpg-9429.jpg","contentUrl":"https:\/\/staging.forenteforlag.no\/pax\/wp-content\/uploads\/sites\/5\/2025\/08\/jpg-9429.jpg","width":332,"height":449},{"@type":"BreadcrumbList","@id":"https:\/\/staging.forenteforlag.no\/pax\/produkt\/hotet-fran-oster\/#breadcrumb","itemListElement":[{"@type":"ListItem","position":1,"name":"Hjem","item":"https:\/\/staging.forenteforlag.no\/pax\/"},{"@type":"ListItem","position":2,"name":"Alle b\u00f8ker","item":"https:\/\/staging.forenteforlag.no\/pax\/butikk\/"},{"@type":"ListItem","position":3,"name":"Hotet fr\u00e5n \u00f6ster"}]},{"@type":"WebSite","@id":"https:\/\/staging.forenteforlag.no\/pax\/#website","url":"https:\/\/staging.forenteforlag.no\/pax\/","name":"Pax","description":"","potentialAction":[{"@type":"SearchAction","target":{"@type":"EntryPoint","urlTemplate":"https:\/\/staging.forenteforlag.no\/pax\/?s={search_term_string}"},"query-input":{"@type":"PropertyValueSpecification","valueRequired":true,"valueName":"search_term_string"}}],"inLanguage":"nb-NO"}]}},"_links":{"self":[{"href":"https:\/\/staging.forenteforlag.no\/pax\/wp-json\/wp\/v2\/product\/24227","targetHints":{"allow":["GET"]}}],"collection":[{"href":"https:\/\/staging.forenteforlag.no\/pax\/wp-json\/wp\/v2\/product"}],"about":[{"href":"https:\/\/staging.forenteforlag.no\/pax\/wp-json\/wp\/v2\/types\/product"}],"wp:featuredmedia":[{"embeddable":true,"href":"https:\/\/staging.forenteforlag.no\/pax\/wp-json\/wp\/v2\/media\/29265"}],"wp:attachment":[{"href":"https:\/\/staging.forenteforlag.no\/pax\/wp-json\/wp\/v2\/media?parent=24227"}],"wp:term":[{"taxonomy":"product_brand","embeddable":true,"href":"https:\/\/staging.forenteforlag.no\/pax\/wp-json\/wp\/v2\/product_brand?post=24227"},{"taxonomy":"product_cat","embeddable":true,"href":"https:\/\/staging.forenteforlag.no\/pax\/wp-json\/wp\/v2\/product_cat?post=24227"},{"taxonomy":"product_tag","embeddable":true,"href":"https:\/\/staging.forenteforlag.no\/pax\/wp-json\/wp\/v2\/product_tag?post=24227"}],"curies":[{"name":"wp","href":"https:\/\/api.w.org\/{rel}","templated":true}]}}