{"id":24212,"date":"2015-05-29T02:00:00","date_gmt":"2015-05-29T00:00:00","guid":{"rendered":"https:\/\/pax.forenteforlag.no\/produkt\/juvelen-i-kronen\/"},"modified":"2025-08-27T08:40:11","modified_gmt":"2025-08-27T06:40:11","slug":"juvelen-i-kronen","status":"publish","type":"product","link":"https:\/\/staging.forenteforlag.no\/pax\/produkt\/juvelen-i-kronen\/","title":{"rendered":"Juvelen i kronen"},"content":{"rendered":"<p>Hvordan f\u00e5 et fart\u00f8y til \u00e5 ligge i ro uten bruk av forankring? Svaret er dynamisk posisjonering, eller DP. Ved hjelp av avansert teknologi, posisjonsgivere, propeller og thrustere er det mulig \u00e5 motvirke naturkrefter som vind, str\u00f8m og b\u00f8lger uten bruk av ankre eller liner. Det er denne fascinerende teknologien Juvelen i kronen handler om, utviklet, produsert og solgt av fagmilj\u00f8et p\u00e5 Kongsberg, og etter f\u00e5 \u00e5r anvendt p\u00e5 alle verdens hav.<br \/>\nEventyret begynte i 1975. Da undertegnet Kongsberg V\u00e5penfabrikk den f\u00f8rste kontrakten, og halvannet \u00e5r senere ble Albatross DP-system installert om bord p\u00e5 et norsk dykkerfart\u00f8y i Nordsj\u00f8en. Dynamisk posisjonering fra innlandsbyen Kongsberg finnes n\u00e5 om bord i forsyningsskip, borerigger, r\u00f8r- og kabelleggere, steindumpere, b\u00f8yelastere, kran- og l\u00f8ftefart\u00f8y, minejaktfart\u00f8y, cruiseskip, flytende hotell og lystb\u00e5ter, og dreier seg ikke lenger bare om \u00e5 ligge i ro, men like gjerne om \u00e5 f\u00f8lge en bane eller \u00e5 holde seg innenfor et st\u00f8rre omr\u00e5de.<br \/>\nEtter 40 \u00e5r makter Kongsberg Maritime fortsatt \u00e5 holde posisjonen som verdensledende p\u00e5 dynamisk posisjonering. I denne boka f\u00f8lger vi teknologien, menneskene og begivenhetene.  <\/p>\n","protected":false},"excerpt":{"rendered":"<p>Hvordan f\u00e5 et fart\u00f8y til \u00e5 ligge i ro uten bruk av forankring? Svaret er dynamisk posisjonering, eller DP. Ved hjelp av avansert teknologi, posisjonsgivere, propeller og thrustere er det mulig \u00e5 motvirke naturkrefter som vind, str\u00f8m og b\u00f8lger uten bruk av ankre eller liner. Det er denne fascinerende teknologien Juvelen i kronen handler om, [&hellip;]<\/p>\n","protected":false},"featured_media":28242,"template":"","meta":{"_acf_changed":false,"inline_featured_image":false},"product_brand":[],"product_cat":[1782,23],"product_tag":[473,387,419,364,367,607,862,362,598,437],"class_list":{"0":"post-24212","1":"product","2":"type-product","3":"status-publish","4":"has-post-thumbnail","6":"product_cat-fripris","7":"product_cat-historie","8":"product_tag-1970-1979","9":"product_tag-1980-1989","10":"product_tag-1990-1999","11":"product_tag-2000-2009","12":"product_tag-2010-2019","13":"product_tag-bedriftshistorie","14":"product_tag-buskerud","15":"product_tag-faglitteratur","16":"product_tag-farmasoytisk-industri","17":"product_tag-jubileumsboker","18":"pa_format-innbundet","20":"first","21":"instock","22":"shipping-taxable","23":"purchasable","24":"product-type-simple"},"acf":{"anmeldelse":null},"yoast_head":"<!-- This site is optimized with the Yoast SEO plugin v26.6 - https:\/\/yoast.com\/wordpress\/plugins\/seo\/ -->\n<title>Juvelen i kronen - Pax<\/title>\n<meta name=\"robots\" content=\"noindex, follow, max-snippet:-1, max-image-preview:large, max-video-preview:-1\" \/>\n<meta property=\"og:locale\" content=\"nb_NO\" \/>\n<meta property=\"og:type\" content=\"article\" \/>\n<meta property=\"og:title\" content=\"Juvelen i kronen - Pax\" \/>\n<meta property=\"og:description\" content=\"Hvordan f\u00e5 et fart\u00f8y til \u00e5 ligge i ro uten bruk av forankring? Svaret er dynamisk posisjonering, eller DP. Ved hjelp av avansert teknologi, posisjonsgivere, propeller og thrustere er det mulig \u00e5 motvirke naturkrefter som vind, str\u00f8m og b\u00f8lger uten bruk av ankre eller liner. Det er denne fascinerende teknologien Juvelen i kronen handler om, [&hellip;]\" \/>\n<meta property=\"og:url\" content=\"https:\/\/staging.forenteforlag.no\/pax\/produkt\/juvelen-i-kronen\/\" \/>\n<meta property=\"og:site_name\" content=\"Pax\" \/>\n<meta property=\"article:modified_time\" content=\"2025-08-27T06:40:11+00:00\" \/>\n<meta property=\"og:image\" content=\"https:\/\/staging.forenteforlag.no\/pax\/wp-content\/uploads\/sites\/5\/2025\/08\/jpg-6371-scaled-1-scaled.jpg\" \/>\n\t<meta property=\"og:image:width\" content=\"1367\" \/>\n\t<meta property=\"og:image:height\" content=\"1920\" \/>\n\t<meta property=\"og:image:type\" content=\"image\/jpeg\" \/>\n<meta name=\"twitter:card\" content=\"summary_large_image\" \/>\n<meta name=\"twitter:label1\" content=\"Ansl. lesetid\" \/>\n\t<meta name=\"twitter:data1\" content=\"1 minutt\" \/>\n<script type=\"application\/ld+json\" class=\"yoast-schema-graph\">{\"@context\":\"https:\/\/schema.org\",\"@graph\":[{\"@type\":\"WebPage\",\"@id\":\"https:\/\/staging.forenteforlag.no\/pax\/produkt\/juvelen-i-kronen\/\",\"url\":\"https:\/\/staging.forenteforlag.no\/pax\/produkt\/juvelen-i-kronen\/\",\"name\":\"Juvelen i kronen - Pax\",\"isPartOf\":{\"@id\":\"https:\/\/staging.forenteforlag.no\/pax\/#website\"},\"primaryImageOfPage\":{\"@id\":\"https:\/\/staging.forenteforlag.no\/pax\/produkt\/juvelen-i-kronen\/#primaryimage\"},\"image\":{\"@id\":\"https:\/\/staging.forenteforlag.no\/pax\/produkt\/juvelen-i-kronen\/#primaryimage\"},\"thumbnailUrl\":\"https:\/\/staging.forenteforlag.no\/pax\/wp-content\/uploads\/sites\/5\/2025\/08\/jpg-6371-scaled-1-scaled.jpg\",\"datePublished\":\"2015-05-29T00:00:00+00:00\",\"dateModified\":\"2025-08-27T06:40:11+00:00\",\"breadcrumb\":{\"@id\":\"https:\/\/staging.forenteforlag.no\/pax\/produkt\/juvelen-i-kronen\/#breadcrumb\"},\"inLanguage\":\"nb-NO\",\"potentialAction\":[{\"@type\":\"ReadAction\",\"target\":[\"https:\/\/staging.forenteforlag.no\/pax\/produkt\/juvelen-i-kronen\/\"]}]},{\"@type\":\"ImageObject\",\"inLanguage\":\"nb-NO\",\"@id\":\"https:\/\/staging.forenteforlag.no\/pax\/produkt\/juvelen-i-kronen\/#primaryimage\",\"url\":\"https:\/\/staging.forenteforlag.no\/pax\/wp-content\/uploads\/sites\/5\/2025\/08\/jpg-6371-scaled-1-scaled.jpg\",\"contentUrl\":\"https:\/\/staging.forenteforlag.no\/pax\/wp-content\/uploads\/sites\/5\/2025\/08\/jpg-6371-scaled-1-scaled.jpg\",\"width\":1367,\"height\":1920},{\"@type\":\"BreadcrumbList\",\"@id\":\"https:\/\/staging.forenteforlag.no\/pax\/produkt\/juvelen-i-kronen\/#breadcrumb\",\"itemListElement\":[{\"@type\":\"ListItem\",\"position\":1,\"name\":\"Hjem\",\"item\":\"https:\/\/staging.forenteforlag.no\/pax\/\"},{\"@type\":\"ListItem\",\"position\":2,\"name\":\"Alle b\u00f8ker\",\"item\":\"https:\/\/staging.forenteforlag.no\/pax\/butikk\/\"},{\"@type\":\"ListItem\",\"position\":3,\"name\":\"Juvelen i kronen\"}]},{\"@type\":\"WebSite\",\"@id\":\"https:\/\/staging.forenteforlag.no\/pax\/#website\",\"url\":\"https:\/\/staging.forenteforlag.no\/pax\/\",\"name\":\"Pax\",\"description\":\"\",\"potentialAction\":[{\"@type\":\"SearchAction\",\"target\":{\"@type\":\"EntryPoint\",\"urlTemplate\":\"https:\/\/staging.forenteforlag.no\/pax\/?s={search_term_string}\"},\"query-input\":{\"@type\":\"PropertyValueSpecification\",\"valueRequired\":true,\"valueName\":\"search_term_string\"}}],\"inLanguage\":\"nb-NO\"}]}<\/script>\n<!-- \/ Yoast SEO plugin. -->","yoast_head_json":{"title":"Juvelen i kronen - Pax","robots":{"index":"noindex","follow":"follow","max-snippet":"max-snippet:-1","max-image-preview":"max-image-preview:large","max-video-preview":"max-video-preview:-1"},"og_locale":"nb_NO","og_type":"article","og_title":"Juvelen i kronen - Pax","og_description":"Hvordan f\u00e5 et fart\u00f8y til \u00e5 ligge i ro uten bruk av forankring? Svaret er dynamisk posisjonering, eller DP. Ved hjelp av avansert teknologi, posisjonsgivere, propeller og thrustere er det mulig \u00e5 motvirke naturkrefter som vind, str\u00f8m og b\u00f8lger uten bruk av ankre eller liner. Det er denne fascinerende teknologien Juvelen i kronen handler om, [&hellip;]","og_url":"https:\/\/staging.forenteforlag.no\/pax\/produkt\/juvelen-i-kronen\/","og_site_name":"Pax","article_modified_time":"2025-08-27T06:40:11+00:00","og_image":[{"width":1367,"height":1920,"url":"https:\/\/staging.forenteforlag.no\/pax\/wp-content\/uploads\/sites\/5\/2025\/08\/jpg-6371-scaled-1-scaled.jpg","type":"image\/jpeg"}],"twitter_card":"summary_large_image","twitter_misc":{"Ansl. lesetid":"1 minutt"},"schema":{"@context":"https:\/\/schema.org","@graph":[{"@type":"WebPage","@id":"https:\/\/staging.forenteforlag.no\/pax\/produkt\/juvelen-i-kronen\/","url":"https:\/\/staging.forenteforlag.no\/pax\/produkt\/juvelen-i-kronen\/","name":"Juvelen i kronen - Pax","isPartOf":{"@id":"https:\/\/staging.forenteforlag.no\/pax\/#website"},"primaryImageOfPage":{"@id":"https:\/\/staging.forenteforlag.no\/pax\/produkt\/juvelen-i-kronen\/#primaryimage"},"image":{"@id":"https:\/\/staging.forenteforlag.no\/pax\/produkt\/juvelen-i-kronen\/#primaryimage"},"thumbnailUrl":"https:\/\/staging.forenteforlag.no\/pax\/wp-content\/uploads\/sites\/5\/2025\/08\/jpg-6371-scaled-1-scaled.jpg","datePublished":"2015-05-29T00:00:00+00:00","dateModified":"2025-08-27T06:40:11+00:00","breadcrumb":{"@id":"https:\/\/staging.forenteforlag.no\/pax\/produkt\/juvelen-i-kronen\/#breadcrumb"},"inLanguage":"nb-NO","potentialAction":[{"@type":"ReadAction","target":["https:\/\/staging.forenteforlag.no\/pax\/produkt\/juvelen-i-kronen\/"]}]},{"@type":"ImageObject","inLanguage":"nb-NO","@id":"https:\/\/staging.forenteforlag.no\/pax\/produkt\/juvelen-i-kronen\/#primaryimage","url":"https:\/\/staging.forenteforlag.no\/pax\/wp-content\/uploads\/sites\/5\/2025\/08\/jpg-6371-scaled-1-scaled.jpg","contentUrl":"https:\/\/staging.forenteforlag.no\/pax\/wp-content\/uploads\/sites\/5\/2025\/08\/jpg-6371-scaled-1-scaled.jpg","width":1367,"height":1920},{"@type":"BreadcrumbList","@id":"https:\/\/staging.forenteforlag.no\/pax\/produkt\/juvelen-i-kronen\/#breadcrumb","itemListElement":[{"@type":"ListItem","position":1,"name":"Hjem","item":"https:\/\/staging.forenteforlag.no\/pax\/"},{"@type":"ListItem","position":2,"name":"Alle b\u00f8ker","item":"https:\/\/staging.forenteforlag.no\/pax\/butikk\/"},{"@type":"ListItem","position":3,"name":"Juvelen i kronen"}]},{"@type":"WebSite","@id":"https:\/\/staging.forenteforlag.no\/pax\/#website","url":"https:\/\/staging.forenteforlag.no\/pax\/","name":"Pax","description":"","potentialAction":[{"@type":"SearchAction","target":{"@type":"EntryPoint","urlTemplate":"https:\/\/staging.forenteforlag.no\/pax\/?s={search_term_string}"},"query-input":{"@type":"PropertyValueSpecification","valueRequired":true,"valueName":"search_term_string"}}],"inLanguage":"nb-NO"}]}},"_links":{"self":[{"href":"https:\/\/staging.forenteforlag.no\/pax\/wp-json\/wp\/v2\/product\/24212","targetHints":{"allow":["GET"]}}],"collection":[{"href":"https:\/\/staging.forenteforlag.no\/pax\/wp-json\/wp\/v2\/product"}],"about":[{"href":"https:\/\/staging.forenteforlag.no\/pax\/wp-json\/wp\/v2\/types\/product"}],"wp:featuredmedia":[{"embeddable":true,"href":"https:\/\/staging.forenteforlag.no\/pax\/wp-json\/wp\/v2\/media\/28242"}],"wp:attachment":[{"href":"https:\/\/staging.forenteforlag.no\/pax\/wp-json\/wp\/v2\/media?parent=24212"}],"wp:term":[{"taxonomy":"product_brand","embeddable":true,"href":"https:\/\/staging.forenteforlag.no\/pax\/wp-json\/wp\/v2\/product_brand?post=24212"},{"taxonomy":"product_cat","embeddable":true,"href":"https:\/\/staging.forenteforlag.no\/pax\/wp-json\/wp\/v2\/product_cat?post=24212"},{"taxonomy":"product_tag","embeddable":true,"href":"https:\/\/staging.forenteforlag.no\/pax\/wp-json\/wp\/v2\/product_tag?post=24212"}],"curies":[{"name":"wp","href":"https:\/\/api.w.org\/{rel}","templated":true}]}}