{"id":24207,"date":"2017-08-16T02:00:00","date_gmt":"2017-08-16T00:00:00","guid":{"rendered":"https:\/\/pax.forenteforlag.no\/produkt\/skandinavia-i-vikingtiden\/"},"modified":"2026-03-03T22:39:33","modified_gmt":"2026-03-03T21:39:33","slug":"skandinavia-i-vikingtiden","status":"publish","type":"product","link":"https:\/\/staging.forenteforlag.no\/pax\/produkt\/skandinavia-i-vikingtiden\/","title":{"rendered":"Skandinavia i vikingtiden"},"content":{"rendered":"<p>Mye kan fortelles om skandinaviske vikinger og deres ferder, b\u00e5de som plyndrere, handelsmenn, landn\u00e5msmenn og h\u00e5ndverkere. Men mye skjedde p\u00e5 hjemmebane ogs\u00e5. Tidlig truet germanske og slaviske stammer Danmark fra s\u00f8r, og det f\u00f8rte til framveksten av en sterk kongemakt som ogs\u00e5 kom til \u00e5 dominere resten av Skandinavia gjennom hele vikingtiden. Vikingtidssamfunnet var et nettverkssamfunn. De sosiale b\u00e5ndene som ble skapt gjennom vennskap og slektskap, bandt hele Skandinavia tett sammen.  <\/p>\n<p>Skandinavia var en fredelig region i vikingtiden.  Mellom skandinaviske herskere foregikk det en rivalisering som kom til uttrykk gjennom maktsymboler. Hvem kunne holde de st\u00f8rste festene, gi de mest verdifulle gavene, bygge de st\u00f8rste hallene, skipene og gravhaugene og ha de beste v\u00e5pnene, fineste kl\u00e6rne og smykkene? Forbruk var en dyd. Vi kan snakke om et show off-samfunn. Volden ble i stor grad eksportert i form av plyndringstokter. De overlappende slekts- og vennskapsforbindelsene blant eliten ga en viss garanti for fred. Samfunnet var sterkt lagdelt, det var konger, h\u00f8vdinger, b\u00f8nder og treller. Religionen var en elitereligion der h\u00f8vdingene dannet vennskap med gudene etter jordisk m\u00f8nster. G\u00e5rden var samfunnets grunnenhet, og de store g\u00e5rdene der konger og h\u00f8vdinger holdt til, var tidens maktsentre.<\/p>\n","protected":false},"excerpt":{"rendered":"<p>Mye kan fortelles om skandinaviske vikinger og deres ferder, b\u00e5de som plyndrere, handelsmenn, landn\u00e5msmenn og h\u00e5ndverkere. Men mye skjedde p\u00e5 hjemmebane ogs\u00e5. Tidlig truet germanske og slaviske stammer Danmark fra s\u00f8r, og det f\u00f8rte til framveksten av en sterk kongemakt som ogs\u00e5 kom til \u00e5 dominere resten av Skandinavia gjennom hele vikingtiden. Vikingtidssamfunnet var et [&hellip;]<\/p>\n","protected":false},"featured_media":29243,"template":"","meta":{"_acf_changed":false,"inline_featured_image":false},"product_brand":[],"product_cat":[1782],"product_tag":[362],"class_list":{"0":"post-24207","1":"product","2":"type-product","3":"status-publish","4":"has-post-thumbnail","6":"product_cat-fripris","7":"product_tag-faglitteratur","9":"first","10":"instock","11":"shipping-taxable","12":"purchasable","13":"product-type-simple"},"acf":{"anmeldelse":null},"yoast_head":"<!-- This site is optimized with the Yoast SEO plugin v26.6 - https:\/\/yoast.com\/wordpress\/plugins\/seo\/ -->\n<title>Skandinavia i vikingtiden - Pax<\/title>\n<meta name=\"robots\" content=\"noindex, follow, max-snippet:-1, max-image-preview:large, max-video-preview:-1\" \/>\n<meta property=\"og:locale\" content=\"nb_NO\" \/>\n<meta property=\"og:type\" content=\"article\" \/>\n<meta property=\"og:title\" content=\"Skandinavia i vikingtiden - Pax\" \/>\n<meta property=\"og:description\" content=\"Mye kan fortelles om skandinaviske vikinger og deres ferder, b\u00e5de som plyndrere, handelsmenn, landn\u00e5msmenn og h\u00e5ndverkere. Men mye skjedde p\u00e5 hjemmebane ogs\u00e5. Tidlig truet germanske og slaviske stammer Danmark fra s\u00f8r, og det f\u00f8rte til framveksten av en sterk kongemakt som ogs\u00e5 kom til \u00e5 dominere resten av Skandinavia gjennom hele vikingtiden. Vikingtidssamfunnet var et [&hellip;]\" \/>\n<meta property=\"og:url\" content=\"https:\/\/staging.forenteforlag.no\/pax\/produkt\/skandinavia-i-vikingtiden\/\" \/>\n<meta property=\"og:site_name\" content=\"Pax\" \/>\n<meta property=\"article:modified_time\" content=\"2026-03-03T21:39:33+00:00\" \/>\n<meta property=\"og:image\" content=\"https:\/\/staging.forenteforlag.no\/pax\/wp-content\/uploads\/sites\/5\/2025\/08\/jpg-9335-scaled-1-scaled.jpg\" \/>\n\t<meta property=\"og:image:width\" content=\"1394\" \/>\n\t<meta property=\"og:image:height\" content=\"1920\" \/>\n\t<meta property=\"og:image:type\" content=\"image\/jpeg\" \/>\n<meta name=\"twitter:card\" content=\"summary_large_image\" \/>\n<meta name=\"twitter:label1\" content=\"Ansl. lesetid\" \/>\n\t<meta name=\"twitter:data1\" content=\"1 minutt\" \/>\n<script type=\"application\/ld+json\" class=\"yoast-schema-graph\">{\"@context\":\"https:\/\/schema.org\",\"@graph\":[{\"@type\":\"WebPage\",\"@id\":\"https:\/\/staging.forenteforlag.no\/pax\/produkt\/skandinavia-i-vikingtiden\/\",\"url\":\"https:\/\/staging.forenteforlag.no\/pax\/produkt\/skandinavia-i-vikingtiden\/\",\"name\":\"Skandinavia i vikingtiden - Pax\",\"isPartOf\":{\"@id\":\"https:\/\/staging.forenteforlag.no\/pax\/#website\"},\"primaryImageOfPage\":{\"@id\":\"https:\/\/staging.forenteforlag.no\/pax\/produkt\/skandinavia-i-vikingtiden\/#primaryimage\"},\"image\":{\"@id\":\"https:\/\/staging.forenteforlag.no\/pax\/produkt\/skandinavia-i-vikingtiden\/#primaryimage\"},\"thumbnailUrl\":\"https:\/\/staging.forenteforlag.no\/pax\/wp-content\/uploads\/sites\/5\/2025\/08\/jpg-9335-scaled-1-scaled.jpg\",\"datePublished\":\"2017-08-16T00:00:00+00:00\",\"dateModified\":\"2026-03-03T21:39:33+00:00\",\"breadcrumb\":{\"@id\":\"https:\/\/staging.forenteforlag.no\/pax\/produkt\/skandinavia-i-vikingtiden\/#breadcrumb\"},\"inLanguage\":\"nb-NO\",\"potentialAction\":[{\"@type\":\"ReadAction\",\"target\":[\"https:\/\/staging.forenteforlag.no\/pax\/produkt\/skandinavia-i-vikingtiden\/\"]}]},{\"@type\":\"ImageObject\",\"inLanguage\":\"nb-NO\",\"@id\":\"https:\/\/staging.forenteforlag.no\/pax\/produkt\/skandinavia-i-vikingtiden\/#primaryimage\",\"url\":\"https:\/\/staging.forenteforlag.no\/pax\/wp-content\/uploads\/sites\/5\/2025\/08\/jpg-9335-scaled-1-scaled.jpg\",\"contentUrl\":\"https:\/\/staging.forenteforlag.no\/pax\/wp-content\/uploads\/sites\/5\/2025\/08\/jpg-9335-scaled-1-scaled.jpg\",\"width\":1394,\"height\":1920},{\"@type\":\"BreadcrumbList\",\"@id\":\"https:\/\/staging.forenteforlag.no\/pax\/produkt\/skandinavia-i-vikingtiden\/#breadcrumb\",\"itemListElement\":[{\"@type\":\"ListItem\",\"position\":1,\"name\":\"Hjem\",\"item\":\"https:\/\/staging.forenteforlag.no\/pax\/\"},{\"@type\":\"ListItem\",\"position\":2,\"name\":\"Alle b\u00f8ker\",\"item\":\"https:\/\/staging.forenteforlag.no\/pax\/butikk\/\"},{\"@type\":\"ListItem\",\"position\":3,\"name\":\"Skandinavia i vikingtiden\"}]},{\"@type\":\"WebSite\",\"@id\":\"https:\/\/staging.forenteforlag.no\/pax\/#website\",\"url\":\"https:\/\/staging.forenteforlag.no\/pax\/\",\"name\":\"Pax\",\"description\":\"\",\"potentialAction\":[{\"@type\":\"SearchAction\",\"target\":{\"@type\":\"EntryPoint\",\"urlTemplate\":\"https:\/\/staging.forenteforlag.no\/pax\/?s={search_term_string}\"},\"query-input\":{\"@type\":\"PropertyValueSpecification\",\"valueRequired\":true,\"valueName\":\"search_term_string\"}}],\"inLanguage\":\"nb-NO\"}]}<\/script>\n<!-- \/ Yoast SEO plugin. -->","yoast_head_json":{"title":"Skandinavia i vikingtiden - Pax","robots":{"index":"noindex","follow":"follow","max-snippet":"max-snippet:-1","max-image-preview":"max-image-preview:large","max-video-preview":"max-video-preview:-1"},"og_locale":"nb_NO","og_type":"article","og_title":"Skandinavia i vikingtiden - Pax","og_description":"Mye kan fortelles om skandinaviske vikinger og deres ferder, b\u00e5de som plyndrere, handelsmenn, landn\u00e5msmenn og h\u00e5ndverkere. Men mye skjedde p\u00e5 hjemmebane ogs\u00e5. Tidlig truet germanske og slaviske stammer Danmark fra s\u00f8r, og det f\u00f8rte til framveksten av en sterk kongemakt som ogs\u00e5 kom til \u00e5 dominere resten av Skandinavia gjennom hele vikingtiden. Vikingtidssamfunnet var et [&hellip;]","og_url":"https:\/\/staging.forenteforlag.no\/pax\/produkt\/skandinavia-i-vikingtiden\/","og_site_name":"Pax","article_modified_time":"2026-03-03T21:39:33+00:00","og_image":[{"width":1394,"height":1920,"url":"https:\/\/staging.forenteforlag.no\/pax\/wp-content\/uploads\/sites\/5\/2025\/08\/jpg-9335-scaled-1-scaled.jpg","type":"image\/jpeg"}],"twitter_card":"summary_large_image","twitter_misc":{"Ansl. lesetid":"1 minutt"},"schema":{"@context":"https:\/\/schema.org","@graph":[{"@type":"WebPage","@id":"https:\/\/staging.forenteforlag.no\/pax\/produkt\/skandinavia-i-vikingtiden\/","url":"https:\/\/staging.forenteforlag.no\/pax\/produkt\/skandinavia-i-vikingtiden\/","name":"Skandinavia i vikingtiden - Pax","isPartOf":{"@id":"https:\/\/staging.forenteforlag.no\/pax\/#website"},"primaryImageOfPage":{"@id":"https:\/\/staging.forenteforlag.no\/pax\/produkt\/skandinavia-i-vikingtiden\/#primaryimage"},"image":{"@id":"https:\/\/staging.forenteforlag.no\/pax\/produkt\/skandinavia-i-vikingtiden\/#primaryimage"},"thumbnailUrl":"https:\/\/staging.forenteforlag.no\/pax\/wp-content\/uploads\/sites\/5\/2025\/08\/jpg-9335-scaled-1-scaled.jpg","datePublished":"2017-08-16T00:00:00+00:00","dateModified":"2026-03-03T21:39:33+00:00","breadcrumb":{"@id":"https:\/\/staging.forenteforlag.no\/pax\/produkt\/skandinavia-i-vikingtiden\/#breadcrumb"},"inLanguage":"nb-NO","potentialAction":[{"@type":"ReadAction","target":["https:\/\/staging.forenteforlag.no\/pax\/produkt\/skandinavia-i-vikingtiden\/"]}]},{"@type":"ImageObject","inLanguage":"nb-NO","@id":"https:\/\/staging.forenteforlag.no\/pax\/produkt\/skandinavia-i-vikingtiden\/#primaryimage","url":"https:\/\/staging.forenteforlag.no\/pax\/wp-content\/uploads\/sites\/5\/2025\/08\/jpg-9335-scaled-1-scaled.jpg","contentUrl":"https:\/\/staging.forenteforlag.no\/pax\/wp-content\/uploads\/sites\/5\/2025\/08\/jpg-9335-scaled-1-scaled.jpg","width":1394,"height":1920},{"@type":"BreadcrumbList","@id":"https:\/\/staging.forenteforlag.no\/pax\/produkt\/skandinavia-i-vikingtiden\/#breadcrumb","itemListElement":[{"@type":"ListItem","position":1,"name":"Hjem","item":"https:\/\/staging.forenteforlag.no\/pax\/"},{"@type":"ListItem","position":2,"name":"Alle b\u00f8ker","item":"https:\/\/staging.forenteforlag.no\/pax\/butikk\/"},{"@type":"ListItem","position":3,"name":"Skandinavia i vikingtiden"}]},{"@type":"WebSite","@id":"https:\/\/staging.forenteforlag.no\/pax\/#website","url":"https:\/\/staging.forenteforlag.no\/pax\/","name":"Pax","description":"","potentialAction":[{"@type":"SearchAction","target":{"@type":"EntryPoint","urlTemplate":"https:\/\/staging.forenteforlag.no\/pax\/?s={search_term_string}"},"query-input":{"@type":"PropertyValueSpecification","valueRequired":true,"valueName":"search_term_string"}}],"inLanguage":"nb-NO"}]}},"_links":{"self":[{"href":"https:\/\/staging.forenteforlag.no\/pax\/wp-json\/wp\/v2\/product\/24207","targetHints":{"allow":["GET"]}}],"collection":[{"href":"https:\/\/staging.forenteforlag.no\/pax\/wp-json\/wp\/v2\/product"}],"about":[{"href":"https:\/\/staging.forenteforlag.no\/pax\/wp-json\/wp\/v2\/types\/product"}],"wp:featuredmedia":[{"embeddable":true,"href":"https:\/\/staging.forenteforlag.no\/pax\/wp-json\/wp\/v2\/media\/29243"}],"wp:attachment":[{"href":"https:\/\/staging.forenteforlag.no\/pax\/wp-json\/wp\/v2\/media?parent=24207"}],"wp:term":[{"taxonomy":"product_brand","embeddable":true,"href":"https:\/\/staging.forenteforlag.no\/pax\/wp-json\/wp\/v2\/product_brand?post=24207"},{"taxonomy":"product_cat","embeddable":true,"href":"https:\/\/staging.forenteforlag.no\/pax\/wp-json\/wp\/v2\/product_cat?post=24207"},{"taxonomy":"product_tag","embeddable":true,"href":"https:\/\/staging.forenteforlag.no\/pax\/wp-json\/wp\/v2\/product_tag?post=24207"}],"curies":[{"name":"wp","href":"https:\/\/api.w.org\/{rel}","templated":true}]}}