{"id":24091,"date":"2011-05-10T02:00:00","date_gmt":"2011-05-10T00:00:00","guid":{"rendered":"https:\/\/pax.forenteforlag.no\/produkt\/1q84-3\/"},"modified":"2025-08-27T07:40:58","modified_gmt":"2025-08-27T05:40:58","slug":"1q84-3","status":"publish","type":"product","link":"https:\/\/staging.forenteforlag.no\/pax\/produkt\/1q84-3\/","title":{"rendered":"1Q84"},"content":{"rendered":"<p>\u00c5ret er 1984. Aomame g\u00e5r ned en rulletrapp og forsvinner inn i en alternativ virkelighet. F\u00f8rst merker hun ikke noe, men s\u00e5 begynner det \u00e5 skje merkelige ting. Hun blir stadig mer forvirret, og det er lett \u00e5 sympatisere med den stakkars jenta &#8211; helt til hun br\u00e5tt begynner \u00e5 ta livet av den ene etter den andre. Parallelt med Aomames bisarre opplevelser m\u00f8ter vi den innadvendte mattestudenten Tengo, som sliter med d\u00e5rlig selvtillit, forholdet til barn og et manuskript han blir bedt om \u00e5 omskrive. Hva har Aomame og Tengo felles? Kommer de noen gang til \u00e5 m\u00f8tes? Og hva og hvor er egentlig 1Q84?  Bok 1 og 2 utgis samlet i ett bind i Norge etter \u00f8nske fra Haruki Murakami selv. Bok 3 kommer p\u00e5 norsk i januar 2012.<\/p>\n","protected":false},"excerpt":{"rendered":"<p>\u00c5ret er 1984. Aomame g\u00e5r ned en rulletrapp og forsvinner inn i en alternativ virkelighet. F\u00f8rst merker hun ikke noe, men s\u00e5 begynner det \u00e5 skje merkelige ting. Hun blir stadig mer forvirret, og det er lett \u00e5 sympatisere med den stakkars jenta &#8211; helt til hun br\u00e5tt begynner \u00e5 ta livet av den ene [&hellip;]<\/p>\n","protected":false},"featured_media":27877,"template":"","meta":{"_acf_changed":false,"inline_featured_image":false},"product_brand":[],"product_cat":[40],"product_tag":[1095,370,529],"class_list":{"0":"post-24091","1":"product","2":"type-product","3":"status-publish","4":"has-post-thumbnail","6":"product_cat-romaner","7":"product_tag-grafiske-romaner","8":"product_tag-skjonnlitteratur","9":"product_tag-tokyo","10":"pa_format-innbundet","12":"first","13":"outofstock","14":"shipping-taxable","15":"purchasable","16":"product-type-simple"},"acf":{"anmeldelse":null},"yoast_head":"<!-- This site is optimized with the Yoast SEO plugin v26.6 - https:\/\/yoast.com\/wordpress\/plugins\/seo\/ -->\n<title>1Q84 - Pax<\/title>\n<meta name=\"robots\" content=\"noindex, follow, max-snippet:-1, max-image-preview:large, max-video-preview:-1\" \/>\n<meta property=\"og:locale\" content=\"nb_NO\" \/>\n<meta property=\"og:type\" content=\"article\" \/>\n<meta property=\"og:title\" content=\"1Q84 - Pax\" \/>\n<meta property=\"og:description\" content=\"\u00c5ret er 1984. Aomame g\u00e5r ned en rulletrapp og forsvinner inn i en alternativ virkelighet. F\u00f8rst merker hun ikke noe, men s\u00e5 begynner det \u00e5 skje merkelige ting. Hun blir stadig mer forvirret, og det er lett \u00e5 sympatisere med den stakkars jenta &#8211; helt til hun br\u00e5tt begynner \u00e5 ta livet av den ene [&hellip;]\" \/>\n<meta property=\"og:url\" content=\"https:\/\/staging.forenteforlag.no\/pax\/produkt\/1q84-3\/\" \/>\n<meta property=\"og:site_name\" content=\"Pax\" \/>\n<meta property=\"article:modified_time\" content=\"2025-08-27T05:40:58+00:00\" \/>\n<meta property=\"og:image\" content=\"https:\/\/staging.forenteforlag.no\/pax\/wp-content\/uploads\/sites\/5\/2025\/08\/jpg-5326.jpg\" \/>\n\t<meta property=\"og:image:width\" content=\"285\" \/>\n\t<meta property=\"og:image:height\" content=\"450\" \/>\n\t<meta property=\"og:image:type\" content=\"image\/jpeg\" \/>\n<meta name=\"twitter:card\" content=\"summary_large_image\" \/>\n<meta name=\"twitter:label1\" content=\"Ansl. lesetid\" \/>\n\t<meta name=\"twitter:data1\" content=\"1 minutt\" \/>\n<script type=\"application\/ld+json\" class=\"yoast-schema-graph\">{\"@context\":\"https:\/\/schema.org\",\"@graph\":[{\"@type\":\"WebPage\",\"@id\":\"https:\/\/staging.forenteforlag.no\/pax\/produkt\/1q84-3\/\",\"url\":\"https:\/\/staging.forenteforlag.no\/pax\/produkt\/1q84-3\/\",\"name\":\"1Q84 - Pax\",\"isPartOf\":{\"@id\":\"https:\/\/staging.forenteforlag.no\/pax\/#website\"},\"primaryImageOfPage\":{\"@id\":\"https:\/\/staging.forenteforlag.no\/pax\/produkt\/1q84-3\/#primaryimage\"},\"image\":{\"@id\":\"https:\/\/staging.forenteforlag.no\/pax\/produkt\/1q84-3\/#primaryimage\"},\"thumbnailUrl\":\"https:\/\/staging.forenteforlag.no\/pax\/wp-content\/uploads\/sites\/5\/2025\/08\/jpg-5326.jpg\",\"datePublished\":\"2011-05-10T00:00:00+00:00\",\"dateModified\":\"2025-08-27T05:40:58+00:00\",\"breadcrumb\":{\"@id\":\"https:\/\/staging.forenteforlag.no\/pax\/produkt\/1q84-3\/#breadcrumb\"},\"inLanguage\":\"nb-NO\",\"potentialAction\":[{\"@type\":\"ReadAction\",\"target\":[\"https:\/\/staging.forenteforlag.no\/pax\/produkt\/1q84-3\/\"]}]},{\"@type\":\"ImageObject\",\"inLanguage\":\"nb-NO\",\"@id\":\"https:\/\/staging.forenteforlag.no\/pax\/produkt\/1q84-3\/#primaryimage\",\"url\":\"https:\/\/staging.forenteforlag.no\/pax\/wp-content\/uploads\/sites\/5\/2025\/08\/jpg-5326.jpg\",\"contentUrl\":\"https:\/\/staging.forenteforlag.no\/pax\/wp-content\/uploads\/sites\/5\/2025\/08\/jpg-5326.jpg\",\"width\":285,\"height\":450},{\"@type\":\"BreadcrumbList\",\"@id\":\"https:\/\/staging.forenteforlag.no\/pax\/produkt\/1q84-3\/#breadcrumb\",\"itemListElement\":[{\"@type\":\"ListItem\",\"position\":1,\"name\":\"Hjem\",\"item\":\"https:\/\/staging.forenteforlag.no\/pax\/\"},{\"@type\":\"ListItem\",\"position\":2,\"name\":\"Alle b\u00f8ker\",\"item\":\"https:\/\/staging.forenteforlag.no\/pax\/butikk\/\"},{\"@type\":\"ListItem\",\"position\":3,\"name\":\"1Q84\"}]},{\"@type\":\"WebSite\",\"@id\":\"https:\/\/staging.forenteforlag.no\/pax\/#website\",\"url\":\"https:\/\/staging.forenteforlag.no\/pax\/\",\"name\":\"Pax\",\"description\":\"\",\"potentialAction\":[{\"@type\":\"SearchAction\",\"target\":{\"@type\":\"EntryPoint\",\"urlTemplate\":\"https:\/\/staging.forenteforlag.no\/pax\/?s={search_term_string}\"},\"query-input\":{\"@type\":\"PropertyValueSpecification\",\"valueRequired\":true,\"valueName\":\"search_term_string\"}}],\"inLanguage\":\"nb-NO\"}]}<\/script>\n<!-- \/ Yoast SEO plugin. -->","yoast_head_json":{"title":"1Q84 - Pax","robots":{"index":"noindex","follow":"follow","max-snippet":"max-snippet:-1","max-image-preview":"max-image-preview:large","max-video-preview":"max-video-preview:-1"},"og_locale":"nb_NO","og_type":"article","og_title":"1Q84 - Pax","og_description":"\u00c5ret er 1984. Aomame g\u00e5r ned en rulletrapp og forsvinner inn i en alternativ virkelighet. F\u00f8rst merker hun ikke noe, men s\u00e5 begynner det \u00e5 skje merkelige ting. Hun blir stadig mer forvirret, og det er lett \u00e5 sympatisere med den stakkars jenta &#8211; helt til hun br\u00e5tt begynner \u00e5 ta livet av den ene [&hellip;]","og_url":"https:\/\/staging.forenteforlag.no\/pax\/produkt\/1q84-3\/","og_site_name":"Pax","article_modified_time":"2025-08-27T05:40:58+00:00","og_image":[{"width":285,"height":450,"url":"https:\/\/staging.forenteforlag.no\/pax\/wp-content\/uploads\/sites\/5\/2025\/08\/jpg-5326.jpg","type":"image\/jpeg"}],"twitter_card":"summary_large_image","twitter_misc":{"Ansl. lesetid":"1 minutt"},"schema":{"@context":"https:\/\/schema.org","@graph":[{"@type":"WebPage","@id":"https:\/\/staging.forenteforlag.no\/pax\/produkt\/1q84-3\/","url":"https:\/\/staging.forenteforlag.no\/pax\/produkt\/1q84-3\/","name":"1Q84 - Pax","isPartOf":{"@id":"https:\/\/staging.forenteforlag.no\/pax\/#website"},"primaryImageOfPage":{"@id":"https:\/\/staging.forenteforlag.no\/pax\/produkt\/1q84-3\/#primaryimage"},"image":{"@id":"https:\/\/staging.forenteforlag.no\/pax\/produkt\/1q84-3\/#primaryimage"},"thumbnailUrl":"https:\/\/staging.forenteforlag.no\/pax\/wp-content\/uploads\/sites\/5\/2025\/08\/jpg-5326.jpg","datePublished":"2011-05-10T00:00:00+00:00","dateModified":"2025-08-27T05:40:58+00:00","breadcrumb":{"@id":"https:\/\/staging.forenteforlag.no\/pax\/produkt\/1q84-3\/#breadcrumb"},"inLanguage":"nb-NO","potentialAction":[{"@type":"ReadAction","target":["https:\/\/staging.forenteforlag.no\/pax\/produkt\/1q84-3\/"]}]},{"@type":"ImageObject","inLanguage":"nb-NO","@id":"https:\/\/staging.forenteforlag.no\/pax\/produkt\/1q84-3\/#primaryimage","url":"https:\/\/staging.forenteforlag.no\/pax\/wp-content\/uploads\/sites\/5\/2025\/08\/jpg-5326.jpg","contentUrl":"https:\/\/staging.forenteforlag.no\/pax\/wp-content\/uploads\/sites\/5\/2025\/08\/jpg-5326.jpg","width":285,"height":450},{"@type":"BreadcrumbList","@id":"https:\/\/staging.forenteforlag.no\/pax\/produkt\/1q84-3\/#breadcrumb","itemListElement":[{"@type":"ListItem","position":1,"name":"Hjem","item":"https:\/\/staging.forenteforlag.no\/pax\/"},{"@type":"ListItem","position":2,"name":"Alle b\u00f8ker","item":"https:\/\/staging.forenteforlag.no\/pax\/butikk\/"},{"@type":"ListItem","position":3,"name":"1Q84"}]},{"@type":"WebSite","@id":"https:\/\/staging.forenteforlag.no\/pax\/#website","url":"https:\/\/staging.forenteforlag.no\/pax\/","name":"Pax","description":"","potentialAction":[{"@type":"SearchAction","target":{"@type":"EntryPoint","urlTemplate":"https:\/\/staging.forenteforlag.no\/pax\/?s={search_term_string}"},"query-input":{"@type":"PropertyValueSpecification","valueRequired":true,"valueName":"search_term_string"}}],"inLanguage":"nb-NO"}]}},"_links":{"self":[{"href":"https:\/\/staging.forenteforlag.no\/pax\/wp-json\/wp\/v2\/product\/24091","targetHints":{"allow":["GET"]}}],"collection":[{"href":"https:\/\/staging.forenteforlag.no\/pax\/wp-json\/wp\/v2\/product"}],"about":[{"href":"https:\/\/staging.forenteforlag.no\/pax\/wp-json\/wp\/v2\/types\/product"}],"wp:featuredmedia":[{"embeddable":true,"href":"https:\/\/staging.forenteforlag.no\/pax\/wp-json\/wp\/v2\/media\/27877"}],"wp:attachment":[{"href":"https:\/\/staging.forenteforlag.no\/pax\/wp-json\/wp\/v2\/media?parent=24091"}],"wp:term":[{"taxonomy":"product_brand","embeddable":true,"href":"https:\/\/staging.forenteforlag.no\/pax\/wp-json\/wp\/v2\/product_brand?post=24091"},{"taxonomy":"product_cat","embeddable":true,"href":"https:\/\/staging.forenteforlag.no\/pax\/wp-json\/wp\/v2\/product_cat?post=24091"},{"taxonomy":"product_tag","embeddable":true,"href":"https:\/\/staging.forenteforlag.no\/pax\/wp-json\/wp\/v2\/product_tag?post=24091"}],"curies":[{"name":"wp","href":"https:\/\/api.w.org\/{rel}","templated":true}]}}