{"id":24054,"date":"2024-12-11T00:04:40","date_gmt":"2024-12-10T23:04:40","guid":{"rendered":"https:\/\/pax.forenteforlag.no\/produkt\/kafka-pa-stranden-4\/"},"modified":"2026-03-04T21:53:52","modified_gmt":"2026-03-04T20:53:52","slug":"kafka-pa-stranden-4","status":"publish","type":"product","link":"https:\/\/staging.forenteforlag.no\/pax\/produkt\/kafka-pa-stranden-4\/","title":{"rendered":"Kafka p\u00e5 stranden"},"content":{"rendered":"<p>P\u00e5 15-\u00e5rsdagen r\u00f8mmer Kafka Tamura hjemmefra. Han sl\u00e5r seg ned i et lite bibliotek p\u00e5 \u00f8ya Takamatsu, der han blir kjent med den androgyne Oshima og den g\u00e5tefulle, eldre kvinnen Saeka. Vi m\u00f8ter ogs\u00e5 Nakata, en underlig, gammel mann som har kunnet snakke med katter etter en mystisk ulykke han var utsatt for som liten. Etter hvert veves Kafkas og Nakatas liv sammen. En episk roman med forankring i realisme og dr\u00f8m.<\/p>\n","protected":false},"excerpt":{"rendered":"<p>P\u00e5 15-\u00e5rsdagen r\u00f8mmer Kafka Tamura hjemmefra. Han sl\u00e5r seg ned i et lite bibliotek p\u00e5 \u00f8ya Takamatsu, der han blir kjent med den androgyne Oshima og den g\u00e5tefulle, eldre kvinnen Saeka. Vi m\u00f8ter ogs\u00e5 Nakata, en underlig, gammel mann som har kunnet snakke med katter etter en mystisk ulykke han var utsatt for som liten. [&hellip;]<\/p>\n","protected":false},"featured_media":29036,"template":"","meta":{"_acf_changed":false,"inline_featured_image":false},"product_brand":[],"product_cat":[1782],"product_tag":[1095,461,370],"class_list":{"0":"post-24054","1":"product","2":"type-product","3":"status-publish","4":"has-post-thumbnail","6":"product_cat-fripris","7":"product_tag-grafiske-romaner","8":"product_tag-japan","9":"product_tag-skjonnlitteratur","11":"first","12":"outofstock","13":"taxable","14":"shipping-taxable","15":"purchasable","16":"product-type-simple"},"acf":{"anmeldelse":null},"yoast_head":"<!-- This site is optimized with the Yoast SEO plugin v26.6 - https:\/\/yoast.com\/wordpress\/plugins\/seo\/ -->\n<title>Kafka p\u00e5 stranden - Pax<\/title>\n<meta name=\"robots\" content=\"noindex, follow, max-snippet:-1, max-image-preview:large, max-video-preview:-1\" \/>\n<meta property=\"og:locale\" content=\"nb_NO\" \/>\n<meta property=\"og:type\" content=\"article\" \/>\n<meta property=\"og:title\" content=\"Kafka p\u00e5 stranden - Pax\" \/>\n<meta property=\"og:description\" content=\"P\u00e5 15-\u00e5rsdagen r\u00f8mmer Kafka Tamura hjemmefra. Han sl\u00e5r seg ned i et lite bibliotek p\u00e5 \u00f8ya Takamatsu, der han blir kjent med den androgyne Oshima og den g\u00e5tefulle, eldre kvinnen Saeka. Vi m\u00f8ter ogs\u00e5 Nakata, en underlig, gammel mann som har kunnet snakke med katter etter en mystisk ulykke han var utsatt for som liten. [&hellip;]\" \/>\n<meta property=\"og:url\" content=\"https:\/\/staging.forenteforlag.no\/pax\/produkt\/kafka-pa-stranden-4\/\" \/>\n<meta property=\"og:site_name\" content=\"Pax\" \/>\n<meta property=\"article:modified_time\" content=\"2026-03-04T20:53:52+00:00\" \/>\n<meta property=\"og:image\" content=\"https:\/\/staging.forenteforlag.no\/pax\/wp-content\/uploads\/sites\/5\/2025\/08\/jpg-8711.jpg\" \/>\n\t<meta property=\"og:image:width\" content=\"282\" \/>\n\t<meta property=\"og:image:height\" content=\"450\" \/>\n\t<meta property=\"og:image:type\" content=\"image\/jpeg\" \/>\n<meta name=\"twitter:card\" content=\"summary_large_image\" \/>\n<script type=\"application\/ld+json\" class=\"yoast-schema-graph\">{\"@context\":\"https:\/\/schema.org\",\"@graph\":[{\"@type\":\"WebPage\",\"@id\":\"https:\/\/staging.forenteforlag.no\/pax\/produkt\/kafka-pa-stranden-4\/\",\"url\":\"https:\/\/staging.forenteforlag.no\/pax\/produkt\/kafka-pa-stranden-4\/\",\"name\":\"Kafka p\u00e5 stranden - Pax\",\"isPartOf\":{\"@id\":\"https:\/\/staging.forenteforlag.no\/pax\/#website\"},\"primaryImageOfPage\":{\"@id\":\"https:\/\/staging.forenteforlag.no\/pax\/produkt\/kafka-pa-stranden-4\/#primaryimage\"},\"image\":{\"@id\":\"https:\/\/staging.forenteforlag.no\/pax\/produkt\/kafka-pa-stranden-4\/#primaryimage\"},\"thumbnailUrl\":\"https:\/\/staging.forenteforlag.no\/pax\/wp-content\/uploads\/sites\/5\/2025\/08\/jpg-8711.jpg\",\"datePublished\":\"2024-12-10T23:04:40+00:00\",\"dateModified\":\"2026-03-04T20:53:52+00:00\",\"breadcrumb\":{\"@id\":\"https:\/\/staging.forenteforlag.no\/pax\/produkt\/kafka-pa-stranden-4\/#breadcrumb\"},\"inLanguage\":\"nb-NO\",\"potentialAction\":[{\"@type\":\"ReadAction\",\"target\":[\"https:\/\/staging.forenteforlag.no\/pax\/produkt\/kafka-pa-stranden-4\/\"]}]},{\"@type\":\"ImageObject\",\"inLanguage\":\"nb-NO\",\"@id\":\"https:\/\/staging.forenteforlag.no\/pax\/produkt\/kafka-pa-stranden-4\/#primaryimage\",\"url\":\"https:\/\/staging.forenteforlag.no\/pax\/wp-content\/uploads\/sites\/5\/2025\/08\/jpg-8711.jpg\",\"contentUrl\":\"https:\/\/staging.forenteforlag.no\/pax\/wp-content\/uploads\/sites\/5\/2025\/08\/jpg-8711.jpg\",\"width\":282,\"height\":450},{\"@type\":\"BreadcrumbList\",\"@id\":\"https:\/\/staging.forenteforlag.no\/pax\/produkt\/kafka-pa-stranden-4\/#breadcrumb\",\"itemListElement\":[{\"@type\":\"ListItem\",\"position\":1,\"name\":\"Hjem\",\"item\":\"https:\/\/staging.forenteforlag.no\/pax\/\"},{\"@type\":\"ListItem\",\"position\":2,\"name\":\"Alle b\u00f8ker\",\"item\":\"https:\/\/staging.forenteforlag.no\/pax\/butikk\/\"},{\"@type\":\"ListItem\",\"position\":3,\"name\":\"Kafka p\u00e5 stranden\"}]},{\"@type\":\"WebSite\",\"@id\":\"https:\/\/staging.forenteforlag.no\/pax\/#website\",\"url\":\"https:\/\/staging.forenteforlag.no\/pax\/\",\"name\":\"Pax\",\"description\":\"\",\"potentialAction\":[{\"@type\":\"SearchAction\",\"target\":{\"@type\":\"EntryPoint\",\"urlTemplate\":\"https:\/\/staging.forenteforlag.no\/pax\/?s={search_term_string}\"},\"query-input\":{\"@type\":\"PropertyValueSpecification\",\"valueRequired\":true,\"valueName\":\"search_term_string\"}}],\"inLanguage\":\"nb-NO\"}]}<\/script>\n<!-- \/ Yoast SEO plugin. -->","yoast_head_json":{"title":"Kafka p\u00e5 stranden - Pax","robots":{"index":"noindex","follow":"follow","max-snippet":"max-snippet:-1","max-image-preview":"max-image-preview:large","max-video-preview":"max-video-preview:-1"},"og_locale":"nb_NO","og_type":"article","og_title":"Kafka p\u00e5 stranden - Pax","og_description":"P\u00e5 15-\u00e5rsdagen r\u00f8mmer Kafka Tamura hjemmefra. Han sl\u00e5r seg ned i et lite bibliotek p\u00e5 \u00f8ya Takamatsu, der han blir kjent med den androgyne Oshima og den g\u00e5tefulle, eldre kvinnen Saeka. Vi m\u00f8ter ogs\u00e5 Nakata, en underlig, gammel mann som har kunnet snakke med katter etter en mystisk ulykke han var utsatt for som liten. [&hellip;]","og_url":"https:\/\/staging.forenteforlag.no\/pax\/produkt\/kafka-pa-stranden-4\/","og_site_name":"Pax","article_modified_time":"2026-03-04T20:53:52+00:00","og_image":[{"width":282,"height":450,"url":"https:\/\/staging.forenteforlag.no\/pax\/wp-content\/uploads\/sites\/5\/2025\/08\/jpg-8711.jpg","type":"image\/jpeg"}],"twitter_card":"summary_large_image","schema":{"@context":"https:\/\/schema.org","@graph":[{"@type":"WebPage","@id":"https:\/\/staging.forenteforlag.no\/pax\/produkt\/kafka-pa-stranden-4\/","url":"https:\/\/staging.forenteforlag.no\/pax\/produkt\/kafka-pa-stranden-4\/","name":"Kafka p\u00e5 stranden - Pax","isPartOf":{"@id":"https:\/\/staging.forenteforlag.no\/pax\/#website"},"primaryImageOfPage":{"@id":"https:\/\/staging.forenteforlag.no\/pax\/produkt\/kafka-pa-stranden-4\/#primaryimage"},"image":{"@id":"https:\/\/staging.forenteforlag.no\/pax\/produkt\/kafka-pa-stranden-4\/#primaryimage"},"thumbnailUrl":"https:\/\/staging.forenteforlag.no\/pax\/wp-content\/uploads\/sites\/5\/2025\/08\/jpg-8711.jpg","datePublished":"2024-12-10T23:04:40+00:00","dateModified":"2026-03-04T20:53:52+00:00","breadcrumb":{"@id":"https:\/\/staging.forenteforlag.no\/pax\/produkt\/kafka-pa-stranden-4\/#breadcrumb"},"inLanguage":"nb-NO","potentialAction":[{"@type":"ReadAction","target":["https:\/\/staging.forenteforlag.no\/pax\/produkt\/kafka-pa-stranden-4\/"]}]},{"@type":"ImageObject","inLanguage":"nb-NO","@id":"https:\/\/staging.forenteforlag.no\/pax\/produkt\/kafka-pa-stranden-4\/#primaryimage","url":"https:\/\/staging.forenteforlag.no\/pax\/wp-content\/uploads\/sites\/5\/2025\/08\/jpg-8711.jpg","contentUrl":"https:\/\/staging.forenteforlag.no\/pax\/wp-content\/uploads\/sites\/5\/2025\/08\/jpg-8711.jpg","width":282,"height":450},{"@type":"BreadcrumbList","@id":"https:\/\/staging.forenteforlag.no\/pax\/produkt\/kafka-pa-stranden-4\/#breadcrumb","itemListElement":[{"@type":"ListItem","position":1,"name":"Hjem","item":"https:\/\/staging.forenteforlag.no\/pax\/"},{"@type":"ListItem","position":2,"name":"Alle b\u00f8ker","item":"https:\/\/staging.forenteforlag.no\/pax\/butikk\/"},{"@type":"ListItem","position":3,"name":"Kafka p\u00e5 stranden"}]},{"@type":"WebSite","@id":"https:\/\/staging.forenteforlag.no\/pax\/#website","url":"https:\/\/staging.forenteforlag.no\/pax\/","name":"Pax","description":"","potentialAction":[{"@type":"SearchAction","target":{"@type":"EntryPoint","urlTemplate":"https:\/\/staging.forenteforlag.no\/pax\/?s={search_term_string}"},"query-input":{"@type":"PropertyValueSpecification","valueRequired":true,"valueName":"search_term_string"}}],"inLanguage":"nb-NO"}]}},"_links":{"self":[{"href":"https:\/\/staging.forenteforlag.no\/pax\/wp-json\/wp\/v2\/product\/24054","targetHints":{"allow":["GET"]}}],"collection":[{"href":"https:\/\/staging.forenteforlag.no\/pax\/wp-json\/wp\/v2\/product"}],"about":[{"href":"https:\/\/staging.forenteforlag.no\/pax\/wp-json\/wp\/v2\/types\/product"}],"wp:featuredmedia":[{"embeddable":true,"href":"https:\/\/staging.forenteforlag.no\/pax\/wp-json\/wp\/v2\/media\/29036"}],"wp:attachment":[{"href":"https:\/\/staging.forenteforlag.no\/pax\/wp-json\/wp\/v2\/media?parent=24054"}],"wp:term":[{"taxonomy":"product_brand","embeddable":true,"href":"https:\/\/staging.forenteforlag.no\/pax\/wp-json\/wp\/v2\/product_brand?post=24054"},{"taxonomy":"product_cat","embeddable":true,"href":"https:\/\/staging.forenteforlag.no\/pax\/wp-json\/wp\/v2\/product_cat?post=24054"},{"taxonomy":"product_tag","embeddable":true,"href":"https:\/\/staging.forenteforlag.no\/pax\/wp-json\/wp\/v2\/product_tag?post=24054"}],"curies":[{"name":"wp","href":"https:\/\/api.w.org\/{rel}","templated":true}]}}