{"id":24041,"date":"2019-11-18T01:00:00","date_gmt":"2019-11-18T00:00:00","guid":{"rendered":"https:\/\/pax.forenteforlag.no\/produkt\/kafka-pa-stranden\/"},"modified":"2026-03-03T22:57:56","modified_gmt":"2026-03-03T21:57:56","slug":"kafka-pa-stranden","status":"publish","type":"product","link":"https:\/\/staging.forenteforlag.no\/pax\/produkt\/kafka-pa-stranden\/","title":{"rendered":"Kafka p\u00e5 stranden"},"content":{"rendered":"<p>P\u00e5 15-\u00e5rsdagen r\u00f8mmer Kafka Tamura hjemmefra. Han vil vekk fra den iskalde faren sin og den foruroligende \u00f8dipale sp\u00e5dommen som alltid har forfulgt ham. Men Kafka b\u00e6rer ogs\u00e5 p\u00e5 h\u00e5pet om \u00e5 finne moren og s\u00f8steren, som forsvant elleve \u00e5r tidligere. I byen Takamatsu sl\u00e5r han seg ned i et lite privat bibliotek, der han blir kjent med den androgyne Oshima og den g\u00e5tefulle kvinnelige bestyreren. Og her f\u00e5r han hjelp da politiet tar opp jakten p\u00e5 ham etter en blodig hendelse. Nakata er ogs\u00e5 p\u00e5 flukt fra politiet. Etter en mystisk ulykke som barn har Nakata kunnet snakke med katter, og det er da han m\u00e5 lete etter en forsvunnet katt at han f\u00e5r blod p\u00e5 hendene og m\u00e5 legge ut p\u00e5 reise. Tr\u00e5dene i Kafkas og Nakatas liv veves sammen.<\/p>\n","protected":false},"excerpt":{"rendered":"<p>P\u00e5 15-\u00e5rsdagen r\u00f8mmer Kafka Tamura hjemmefra. Han vil vekk fra den iskalde faren sin og den foruroligende \u00f8dipale sp\u00e5dommen som alltid har forfulgt ham. Men Kafka b\u00e6rer ogs\u00e5 p\u00e5 h\u00e5pet om \u00e5 finne moren og s\u00f8steren, som forsvant elleve \u00e5r tidligere. I byen Takamatsu sl\u00e5r han seg ned i et lite privat bibliotek, der han [&hellip;]<\/p>\n","protected":false},"featured_media":29030,"template":"","meta":{"_acf_changed":false,"inline_featured_image":false},"product_brand":[],"product_cat":[1782],"product_tag":[370],"class_list":{"0":"post-24041","1":"product","2":"type-product","3":"status-publish","4":"has-post-thumbnail","6":"product_cat-fripris","7":"product_tag-skjonnlitteratur","9":"first","10":"instock","11":"shipping-taxable","12":"purchasable","13":"product-type-simple"},"acf":{"anmeldelse":null},"yoast_head":"<!-- This site is optimized with the Yoast SEO plugin v26.6 - https:\/\/yoast.com\/wordpress\/plugins\/seo\/ -->\n<title>Kafka p\u00e5 stranden - Pax<\/title>\n<meta name=\"robots\" content=\"noindex, follow, max-snippet:-1, max-image-preview:large, max-video-preview:-1\" \/>\n<meta property=\"og:locale\" content=\"nb_NO\" \/>\n<meta property=\"og:type\" content=\"article\" \/>\n<meta property=\"og:title\" content=\"Kafka p\u00e5 stranden - Pax\" \/>\n<meta property=\"og:description\" content=\"P\u00e5 15-\u00e5rsdagen r\u00f8mmer Kafka Tamura hjemmefra. Han vil vekk fra den iskalde faren sin og den foruroligende \u00f8dipale sp\u00e5dommen som alltid har forfulgt ham. Men Kafka b\u00e6rer ogs\u00e5 p\u00e5 h\u00e5pet om \u00e5 finne moren og s\u00f8steren, som forsvant elleve \u00e5r tidligere. I byen Takamatsu sl\u00e5r han seg ned i et lite privat bibliotek, der han [&hellip;]\" \/>\n<meta property=\"og:url\" content=\"https:\/\/staging.forenteforlag.no\/pax\/produkt\/kafka-pa-stranden\/\" \/>\n<meta property=\"og:site_name\" content=\"Pax\" \/>\n<meta property=\"article:modified_time\" content=\"2026-03-03T21:57:56+00:00\" \/>\n<meta property=\"og:image\" content=\"https:\/\/staging.forenteforlag.no\/pax\/wp-content\/uploads\/sites\/5\/2025\/08\/jpg-8706-scaled.jpg\" \/>\n\t<meta property=\"og:image:width\" content=\"1196\" \/>\n\t<meta property=\"og:image:height\" content=\"1920\" \/>\n\t<meta property=\"og:image:type\" content=\"image\/jpeg\" \/>\n<meta name=\"twitter:card\" content=\"summary_large_image\" \/>\n<meta name=\"twitter:label1\" content=\"Ansl. lesetid\" \/>\n\t<meta name=\"twitter:data1\" content=\"1 minutt\" \/>\n<script type=\"application\/ld+json\" class=\"yoast-schema-graph\">{\"@context\":\"https:\/\/schema.org\",\"@graph\":[{\"@type\":\"WebPage\",\"@id\":\"https:\/\/staging.forenteforlag.no\/pax\/produkt\/kafka-pa-stranden\/\",\"url\":\"https:\/\/staging.forenteforlag.no\/pax\/produkt\/kafka-pa-stranden\/\",\"name\":\"Kafka p\u00e5 stranden - Pax\",\"isPartOf\":{\"@id\":\"https:\/\/staging.forenteforlag.no\/pax\/#website\"},\"primaryImageOfPage\":{\"@id\":\"https:\/\/staging.forenteforlag.no\/pax\/produkt\/kafka-pa-stranden\/#primaryimage\"},\"image\":{\"@id\":\"https:\/\/staging.forenteforlag.no\/pax\/produkt\/kafka-pa-stranden\/#primaryimage\"},\"thumbnailUrl\":\"https:\/\/staging.forenteforlag.no\/pax\/wp-content\/uploads\/sites\/5\/2025\/08\/jpg-8706-scaled.jpg\",\"datePublished\":\"2019-11-18T00:00:00+00:00\",\"dateModified\":\"2026-03-03T21:57:56+00:00\",\"breadcrumb\":{\"@id\":\"https:\/\/staging.forenteforlag.no\/pax\/produkt\/kafka-pa-stranden\/#breadcrumb\"},\"inLanguage\":\"nb-NO\",\"potentialAction\":[{\"@type\":\"ReadAction\",\"target\":[\"https:\/\/staging.forenteforlag.no\/pax\/produkt\/kafka-pa-stranden\/\"]}]},{\"@type\":\"ImageObject\",\"inLanguage\":\"nb-NO\",\"@id\":\"https:\/\/staging.forenteforlag.no\/pax\/produkt\/kafka-pa-stranden\/#primaryimage\",\"url\":\"https:\/\/staging.forenteforlag.no\/pax\/wp-content\/uploads\/sites\/5\/2025\/08\/jpg-8706-scaled.jpg\",\"contentUrl\":\"https:\/\/staging.forenteforlag.no\/pax\/wp-content\/uploads\/sites\/5\/2025\/08\/jpg-8706-scaled.jpg\",\"width\":1196,\"height\":1920},{\"@type\":\"BreadcrumbList\",\"@id\":\"https:\/\/staging.forenteforlag.no\/pax\/produkt\/kafka-pa-stranden\/#breadcrumb\",\"itemListElement\":[{\"@type\":\"ListItem\",\"position\":1,\"name\":\"Hjem\",\"item\":\"https:\/\/staging.forenteforlag.no\/pax\/\"},{\"@type\":\"ListItem\",\"position\":2,\"name\":\"Alle b\u00f8ker\",\"item\":\"https:\/\/staging.forenteforlag.no\/pax\/butikk\/\"},{\"@type\":\"ListItem\",\"position\":3,\"name\":\"Kafka p\u00e5 stranden\"}]},{\"@type\":\"WebSite\",\"@id\":\"https:\/\/staging.forenteforlag.no\/pax\/#website\",\"url\":\"https:\/\/staging.forenteforlag.no\/pax\/\",\"name\":\"Pax\",\"description\":\"\",\"potentialAction\":[{\"@type\":\"SearchAction\",\"target\":{\"@type\":\"EntryPoint\",\"urlTemplate\":\"https:\/\/staging.forenteforlag.no\/pax\/?s={search_term_string}\"},\"query-input\":{\"@type\":\"PropertyValueSpecification\",\"valueRequired\":true,\"valueName\":\"search_term_string\"}}],\"inLanguage\":\"nb-NO\"}]}<\/script>\n<!-- \/ Yoast SEO plugin. -->","yoast_head_json":{"title":"Kafka p\u00e5 stranden - Pax","robots":{"index":"noindex","follow":"follow","max-snippet":"max-snippet:-1","max-image-preview":"max-image-preview:large","max-video-preview":"max-video-preview:-1"},"og_locale":"nb_NO","og_type":"article","og_title":"Kafka p\u00e5 stranden - Pax","og_description":"P\u00e5 15-\u00e5rsdagen r\u00f8mmer Kafka Tamura hjemmefra. Han vil vekk fra den iskalde faren sin og den foruroligende \u00f8dipale sp\u00e5dommen som alltid har forfulgt ham. Men Kafka b\u00e6rer ogs\u00e5 p\u00e5 h\u00e5pet om \u00e5 finne moren og s\u00f8steren, som forsvant elleve \u00e5r tidligere. I byen Takamatsu sl\u00e5r han seg ned i et lite privat bibliotek, der han [&hellip;]","og_url":"https:\/\/staging.forenteforlag.no\/pax\/produkt\/kafka-pa-stranden\/","og_site_name":"Pax","article_modified_time":"2026-03-03T21:57:56+00:00","og_image":[{"width":1196,"height":1920,"url":"https:\/\/staging.forenteforlag.no\/pax\/wp-content\/uploads\/sites\/5\/2025\/08\/jpg-8706-scaled.jpg","type":"image\/jpeg"}],"twitter_card":"summary_large_image","twitter_misc":{"Ansl. lesetid":"1 minutt"},"schema":{"@context":"https:\/\/schema.org","@graph":[{"@type":"WebPage","@id":"https:\/\/staging.forenteforlag.no\/pax\/produkt\/kafka-pa-stranden\/","url":"https:\/\/staging.forenteforlag.no\/pax\/produkt\/kafka-pa-stranden\/","name":"Kafka p\u00e5 stranden - Pax","isPartOf":{"@id":"https:\/\/staging.forenteforlag.no\/pax\/#website"},"primaryImageOfPage":{"@id":"https:\/\/staging.forenteforlag.no\/pax\/produkt\/kafka-pa-stranden\/#primaryimage"},"image":{"@id":"https:\/\/staging.forenteforlag.no\/pax\/produkt\/kafka-pa-stranden\/#primaryimage"},"thumbnailUrl":"https:\/\/staging.forenteforlag.no\/pax\/wp-content\/uploads\/sites\/5\/2025\/08\/jpg-8706-scaled.jpg","datePublished":"2019-11-18T00:00:00+00:00","dateModified":"2026-03-03T21:57:56+00:00","breadcrumb":{"@id":"https:\/\/staging.forenteforlag.no\/pax\/produkt\/kafka-pa-stranden\/#breadcrumb"},"inLanguage":"nb-NO","potentialAction":[{"@type":"ReadAction","target":["https:\/\/staging.forenteforlag.no\/pax\/produkt\/kafka-pa-stranden\/"]}]},{"@type":"ImageObject","inLanguage":"nb-NO","@id":"https:\/\/staging.forenteforlag.no\/pax\/produkt\/kafka-pa-stranden\/#primaryimage","url":"https:\/\/staging.forenteforlag.no\/pax\/wp-content\/uploads\/sites\/5\/2025\/08\/jpg-8706-scaled.jpg","contentUrl":"https:\/\/staging.forenteforlag.no\/pax\/wp-content\/uploads\/sites\/5\/2025\/08\/jpg-8706-scaled.jpg","width":1196,"height":1920},{"@type":"BreadcrumbList","@id":"https:\/\/staging.forenteforlag.no\/pax\/produkt\/kafka-pa-stranden\/#breadcrumb","itemListElement":[{"@type":"ListItem","position":1,"name":"Hjem","item":"https:\/\/staging.forenteforlag.no\/pax\/"},{"@type":"ListItem","position":2,"name":"Alle b\u00f8ker","item":"https:\/\/staging.forenteforlag.no\/pax\/butikk\/"},{"@type":"ListItem","position":3,"name":"Kafka p\u00e5 stranden"}]},{"@type":"WebSite","@id":"https:\/\/staging.forenteforlag.no\/pax\/#website","url":"https:\/\/staging.forenteforlag.no\/pax\/","name":"Pax","description":"","potentialAction":[{"@type":"SearchAction","target":{"@type":"EntryPoint","urlTemplate":"https:\/\/staging.forenteforlag.no\/pax\/?s={search_term_string}"},"query-input":{"@type":"PropertyValueSpecification","valueRequired":true,"valueName":"search_term_string"}}],"inLanguage":"nb-NO"}]}},"_links":{"self":[{"href":"https:\/\/staging.forenteforlag.no\/pax\/wp-json\/wp\/v2\/product\/24041","targetHints":{"allow":["GET"]}}],"collection":[{"href":"https:\/\/staging.forenteforlag.no\/pax\/wp-json\/wp\/v2\/product"}],"about":[{"href":"https:\/\/staging.forenteforlag.no\/pax\/wp-json\/wp\/v2\/types\/product"}],"wp:featuredmedia":[{"embeddable":true,"href":"https:\/\/staging.forenteforlag.no\/pax\/wp-json\/wp\/v2\/media\/29030"}],"wp:attachment":[{"href":"https:\/\/staging.forenteforlag.no\/pax\/wp-json\/wp\/v2\/media?parent=24041"}],"wp:term":[{"taxonomy":"product_brand","embeddable":true,"href":"https:\/\/staging.forenteforlag.no\/pax\/wp-json\/wp\/v2\/product_brand?post=24041"},{"taxonomy":"product_cat","embeddable":true,"href":"https:\/\/staging.forenteforlag.no\/pax\/wp-json\/wp\/v2\/product_cat?post=24041"},{"taxonomy":"product_tag","embeddable":true,"href":"https:\/\/staging.forenteforlag.no\/pax\/wp-json\/wp\/v2\/product_tag?post=24041"}],"curies":[{"name":"wp","href":"https:\/\/api.w.org\/{rel}","templated":true}]}}