{"id":24033,"date":"2024-12-11T00:04:07","date_gmt":"2024-12-10T23:04:07","guid":{"rendered":"https:\/\/pax.forenteforlag.no\/produkt\/gjokeredet\/"},"modified":"2026-03-03T20:11:00","modified_gmt":"2026-03-03T19:11:00","slug":"gjokeredet","status":"publish","type":"product","link":"https:\/\/staging.forenteforlag.no\/pax\/produkt\/gjokeredet\/","title":{"rendered":"Gj\u00f8keredet"},"content":{"rendered":"<p>Halvindianeren Chief Bromden, som alle tror er d\u00f8vstum, er innlagt p\u00e5 asyl. P\u00e5 asylet hersker Big Nurse uinnskrenket helt til vagabonden McMurphy dukker opp. Han er en komisk, tragisk og heroisk skikkelse som bl\u00e5ser frisk luft inn i asylet og snur opp ned p\u00e5 hele systemet. McMurphys oppr\u00f8r knuses og han taper, men Chief Bromden frigj\u00f8res. Romanen er filmatisert.<\/p>\n","protected":false},"excerpt":{"rendered":"<p>Halvindianeren Chief Bromden, som alle tror er d\u00f8vstum, er innlagt p\u00e5 asyl. P\u00e5 asylet hersker Big Nurse uinnskrenket helt til vagabonden McMurphy dukker opp. Han er en komisk, tragisk og heroisk skikkelse som bl\u00e5ser frisk luft inn i asylet og snur opp ned p\u00e5 hele systemet. McMurphys oppr\u00f8r knuses og han taper, men Chief Bromden [&hellip;]<\/p>\n","protected":false},"featured_media":0,"template":"","meta":{"_acf_changed":false,"inline_featured_image":false},"product_brand":[],"product_cat":[1782],"product_tag":[370],"class_list":{"0":"post-24033","1":"product","2":"type-product","3":"status-publish","5":"product_cat-fripris","6":"product_tag-skjonnlitteratur","8":"first","9":"outofstock","10":"taxable","11":"shipping-taxable","12":"purchasable","13":"product-type-simple"},"acf":{"anmeldelse":null},"yoast_head":"<!-- This site is optimized with the Yoast SEO plugin v26.6 - https:\/\/yoast.com\/wordpress\/plugins\/seo\/ -->\n<title>Gj\u00f8keredet - Pax<\/title>\n<meta name=\"robots\" content=\"noindex, follow, max-snippet:-1, max-image-preview:large, max-video-preview:-1\" \/>\n<meta property=\"og:locale\" content=\"nb_NO\" \/>\n<meta property=\"og:type\" content=\"article\" \/>\n<meta property=\"og:title\" content=\"Gj\u00f8keredet - Pax\" \/>\n<meta property=\"og:description\" content=\"Halvindianeren Chief Bromden, som alle tror er d\u00f8vstum, er innlagt p\u00e5 asyl. P\u00e5 asylet hersker Big Nurse uinnskrenket helt til vagabonden McMurphy dukker opp. Han er en komisk, tragisk og heroisk skikkelse som bl\u00e5ser frisk luft inn i asylet og snur opp ned p\u00e5 hele systemet. McMurphys oppr\u00f8r knuses og han taper, men Chief Bromden [&hellip;]\" \/>\n<meta property=\"og:url\" content=\"https:\/\/staging.forenteforlag.no\/pax\/produkt\/gjokeredet\/\" \/>\n<meta property=\"og:site_name\" content=\"Pax\" \/>\n<meta property=\"article:modified_time\" content=\"2026-03-03T19:11:00+00:00\" \/>\n<meta property=\"og:image\" content=\"https:\/\/staging.forenteforlag.no\/pax\/wp-content\/uploads\/sites\/5\/2025\/02\/pax-hvit.jpg\" \/>\n\t<meta property=\"og:image:width\" content=\"1200\" \/>\n\t<meta property=\"og:image:height\" content=\"800\" \/>\n\t<meta property=\"og:image:type\" content=\"image\/jpeg\" \/>\n<meta name=\"twitter:card\" content=\"summary_large_image\" \/>\n<script type=\"application\/ld+json\" class=\"yoast-schema-graph\">{\"@context\":\"https:\/\/schema.org\",\"@graph\":[{\"@type\":\"WebPage\",\"@id\":\"https:\/\/staging.forenteforlag.no\/pax\/produkt\/gjokeredet\/\",\"url\":\"https:\/\/staging.forenteforlag.no\/pax\/produkt\/gjokeredet\/\",\"name\":\"Gj\u00f8keredet - Pax\",\"isPartOf\":{\"@id\":\"https:\/\/staging.forenteforlag.no\/pax\/#website\"},\"datePublished\":\"2024-12-10T23:04:07+00:00\",\"dateModified\":\"2026-03-03T19:11:00+00:00\",\"breadcrumb\":{\"@id\":\"https:\/\/staging.forenteforlag.no\/pax\/produkt\/gjokeredet\/#breadcrumb\"},\"inLanguage\":\"nb-NO\",\"potentialAction\":[{\"@type\":\"ReadAction\",\"target\":[\"https:\/\/staging.forenteforlag.no\/pax\/produkt\/gjokeredet\/\"]}]},{\"@type\":\"BreadcrumbList\",\"@id\":\"https:\/\/staging.forenteforlag.no\/pax\/produkt\/gjokeredet\/#breadcrumb\",\"itemListElement\":[{\"@type\":\"ListItem\",\"position\":1,\"name\":\"Hjem\",\"item\":\"https:\/\/staging.forenteforlag.no\/pax\/\"},{\"@type\":\"ListItem\",\"position\":2,\"name\":\"Alle b\u00f8ker\",\"item\":\"https:\/\/staging.forenteforlag.no\/pax\/butikk\/\"},{\"@type\":\"ListItem\",\"position\":3,\"name\":\"Gj\u00f8keredet\"}]},{\"@type\":\"WebSite\",\"@id\":\"https:\/\/staging.forenteforlag.no\/pax\/#website\",\"url\":\"https:\/\/staging.forenteforlag.no\/pax\/\",\"name\":\"Pax\",\"description\":\"\",\"potentialAction\":[{\"@type\":\"SearchAction\",\"target\":{\"@type\":\"EntryPoint\",\"urlTemplate\":\"https:\/\/staging.forenteforlag.no\/pax\/?s={search_term_string}\"},\"query-input\":{\"@type\":\"PropertyValueSpecification\",\"valueRequired\":true,\"valueName\":\"search_term_string\"}}],\"inLanguage\":\"nb-NO\"}]}<\/script>\n<!-- \/ Yoast SEO plugin. -->","yoast_head_json":{"title":"Gj\u00f8keredet - Pax","robots":{"index":"noindex","follow":"follow","max-snippet":"max-snippet:-1","max-image-preview":"max-image-preview:large","max-video-preview":"max-video-preview:-1"},"og_locale":"nb_NO","og_type":"article","og_title":"Gj\u00f8keredet - Pax","og_description":"Halvindianeren Chief Bromden, som alle tror er d\u00f8vstum, er innlagt p\u00e5 asyl. P\u00e5 asylet hersker Big Nurse uinnskrenket helt til vagabonden McMurphy dukker opp. Han er en komisk, tragisk og heroisk skikkelse som bl\u00e5ser frisk luft inn i asylet og snur opp ned p\u00e5 hele systemet. McMurphys oppr\u00f8r knuses og han taper, men Chief Bromden [&hellip;]","og_url":"https:\/\/staging.forenteforlag.no\/pax\/produkt\/gjokeredet\/","og_site_name":"Pax","article_modified_time":"2026-03-03T19:11:00+00:00","og_image":[{"width":1200,"height":800,"url":"https:\/\/staging.forenteforlag.no\/pax\/wp-content\/uploads\/sites\/5\/2025\/02\/pax-hvit.jpg","type":"image\/jpeg"}],"twitter_card":"summary_large_image","schema":{"@context":"https:\/\/schema.org","@graph":[{"@type":"WebPage","@id":"https:\/\/staging.forenteforlag.no\/pax\/produkt\/gjokeredet\/","url":"https:\/\/staging.forenteforlag.no\/pax\/produkt\/gjokeredet\/","name":"Gj\u00f8keredet - Pax","isPartOf":{"@id":"https:\/\/staging.forenteforlag.no\/pax\/#website"},"datePublished":"2024-12-10T23:04:07+00:00","dateModified":"2026-03-03T19:11:00+00:00","breadcrumb":{"@id":"https:\/\/staging.forenteforlag.no\/pax\/produkt\/gjokeredet\/#breadcrumb"},"inLanguage":"nb-NO","potentialAction":[{"@type":"ReadAction","target":["https:\/\/staging.forenteforlag.no\/pax\/produkt\/gjokeredet\/"]}]},{"@type":"BreadcrumbList","@id":"https:\/\/staging.forenteforlag.no\/pax\/produkt\/gjokeredet\/#breadcrumb","itemListElement":[{"@type":"ListItem","position":1,"name":"Hjem","item":"https:\/\/staging.forenteforlag.no\/pax\/"},{"@type":"ListItem","position":2,"name":"Alle b\u00f8ker","item":"https:\/\/staging.forenteforlag.no\/pax\/butikk\/"},{"@type":"ListItem","position":3,"name":"Gj\u00f8keredet"}]},{"@type":"WebSite","@id":"https:\/\/staging.forenteforlag.no\/pax\/#website","url":"https:\/\/staging.forenteforlag.no\/pax\/","name":"Pax","description":"","potentialAction":[{"@type":"SearchAction","target":{"@type":"EntryPoint","urlTemplate":"https:\/\/staging.forenteforlag.no\/pax\/?s={search_term_string}"},"query-input":{"@type":"PropertyValueSpecification","valueRequired":true,"valueName":"search_term_string"}}],"inLanguage":"nb-NO"}]}},"_links":{"self":[{"href":"https:\/\/staging.forenteforlag.no\/pax\/wp-json\/wp\/v2\/product\/24033","targetHints":{"allow":["GET"]}}],"collection":[{"href":"https:\/\/staging.forenteforlag.no\/pax\/wp-json\/wp\/v2\/product"}],"about":[{"href":"https:\/\/staging.forenteforlag.no\/pax\/wp-json\/wp\/v2\/types\/product"}],"wp:attachment":[{"href":"https:\/\/staging.forenteforlag.no\/pax\/wp-json\/wp\/v2\/media?parent=24033"}],"wp:term":[{"taxonomy":"product_brand","embeddable":true,"href":"https:\/\/staging.forenteforlag.no\/pax\/wp-json\/wp\/v2\/product_brand?post=24033"},{"taxonomy":"product_cat","embeddable":true,"href":"https:\/\/staging.forenteforlag.no\/pax\/wp-json\/wp\/v2\/product_cat?post=24033"},{"taxonomy":"product_tag","embeddable":true,"href":"https:\/\/staging.forenteforlag.no\/pax\/wp-json\/wp\/v2\/product_tag?post=24033"}],"curies":[{"name":"wp","href":"https:\/\/api.w.org\/{rel}","templated":true}]}}