{"id":23986,"date":"2007-03-12T16:42:32","date_gmt":"2007-03-12T15:42:32","guid":{"rendered":"https:\/\/pax.forenteforlag.no\/produkt\/funksjonalismens-boliger\/"},"modified":"2025-11-29T23:14:36","modified_gmt":"2025-11-29T22:14:36","slug":"funksjonalismens-boliger","status":"publish","type":"product","link":"https:\/\/staging.forenteforlag.no\/pax\/produkt\/funksjonalismens-boliger\/","title":{"rendered":"Funksjonalismens boliger"},"content":{"rendered":"<p>Funkisstilen er stadig aktuell. Funksjonalistiske boliger fra 1920- og 1930-\u00e5rene uttrykker en klar, nesten vektl\u00f8s skj\u00f8nnhet. Enkle bygningskropper har glatte fasader og flate tak. Vindusb\u00e5nd og store glassflater skaper diffuse overganger mellom ute og inne. Luftige rom med gode proporsjoner gjennomlyses av sjener\u00f8se lysinnfall fra flere sider. Planl\u00f8sningen er rasjonell og oversiktlig og tilbyr en komfortabel livsstil for moderne mennesker. Slik kan funksjonalismens stil ses som et ressursbesparende og sympatisk samfunnsprosjekt. &laquo;Funksjonalismens boliger&raquo; belyser sammenhengen mellom periodens internasjonale forbilder og de konkrete resultatene i den norske boligarkitekturen. Boken er rikt illustrert med bilder av boligmilj\u00f8er, hus, interi\u00f8rer og m\u00f8bler. Her er en rekke eksempler p\u00e5 internasjonal arkitektur, med boliger skapt av fremst\u00e5ende norske arkitekter, som for eksempel Lars Backer, Ove Bang og Arne Korsmo.<\/p>\n","protected":false},"excerpt":{"rendered":"<p>Funkisstilen er stadig aktuell. Funksjonalistiske boliger fra 1920- og 1930-\u00e5rene uttrykker en klar, nesten vektl\u00f8s skj\u00f8nnhet. Enkle bygningskropper har glatte fasader og flate tak. Vindusb\u00e5nd og store glassflater skaper diffuse overganger mellom ute og inne. Luftige rom med gode proporsjoner gjennomlyses av sjener\u00f8se lysinnfall fra flere sider. Planl\u00f8sningen er rasjonell og oversiktlig og tilbyr en [&hellip;]<\/p>\n","protected":false},"featured_media":28052,"template":"","meta":{"_acf_changed":false,"inline_featured_image":false},"product_brand":[],"product_cat":[19,1782],"product_tag":[438,362],"class_list":{"0":"post-23986","1":"product","2":"type-product","3":"status-publish","4":"has-post-thumbnail","6":"product_cat-arkitektur","7":"product_cat-fripris","8":"product_tag-arkitektur","9":"product_tag-faglitteratur","10":"pa_format-innbundet","12":"first","13":"instock","14":"shipping-taxable","15":"purchasable","16":"product-type-simple"},"acf":{"anmeldelse":null},"yoast_head":"<!-- This site is optimized with the Yoast SEO plugin v26.6 - https:\/\/yoast.com\/wordpress\/plugins\/seo\/ -->\n<title>Funksjonalismens boliger - Pax<\/title>\n<meta name=\"robots\" content=\"noindex, follow, max-snippet:-1, max-image-preview:large, max-video-preview:-1\" \/>\n<meta property=\"og:locale\" content=\"nb_NO\" \/>\n<meta property=\"og:type\" content=\"article\" \/>\n<meta property=\"og:title\" content=\"Funksjonalismens boliger - Pax\" \/>\n<meta property=\"og:description\" content=\"Funkisstilen er stadig aktuell. Funksjonalistiske boliger fra 1920- og 1930-\u00e5rene uttrykker en klar, nesten vektl\u00f8s skj\u00f8nnhet. Enkle bygningskropper har glatte fasader og flate tak. Vindusb\u00e5nd og store glassflater skaper diffuse overganger mellom ute og inne. Luftige rom med gode proporsjoner gjennomlyses av sjener\u00f8se lysinnfall fra flere sider. Planl\u00f8sningen er rasjonell og oversiktlig og tilbyr en [&hellip;]\" \/>\n<meta property=\"og:url\" content=\"https:\/\/staging.forenteforlag.no\/pax\/produkt\/funksjonalismens-boliger\/\" \/>\n<meta property=\"og:site_name\" content=\"Pax\" \/>\n<meta property=\"article:modified_time\" content=\"2025-11-29T22:14:36+00:00\" \/>\n<meta property=\"og:image\" content=\"https:\/\/staging.forenteforlag.no\/pax\/wp-content\/uploads\/sites\/5\/2025\/08\/jpg-5866.jpg\" \/>\n\t<meta property=\"og:image:width\" content=\"400\" \/>\n\t<meta property=\"og:image:height\" content=\"450\" \/>\n\t<meta property=\"og:image:type\" content=\"image\/jpeg\" \/>\n<meta name=\"twitter:card\" content=\"summary_large_image\" \/>\n<meta name=\"twitter:label1\" content=\"Ansl. lesetid\" \/>\n\t<meta name=\"twitter:data1\" content=\"1 minutt\" \/>\n<script type=\"application\/ld+json\" class=\"yoast-schema-graph\">{\"@context\":\"https:\/\/schema.org\",\"@graph\":[{\"@type\":\"WebPage\",\"@id\":\"https:\/\/staging.forenteforlag.no\/pax\/produkt\/funksjonalismens-boliger\/\",\"url\":\"https:\/\/staging.forenteforlag.no\/pax\/produkt\/funksjonalismens-boliger\/\",\"name\":\"Funksjonalismens boliger - Pax\",\"isPartOf\":{\"@id\":\"https:\/\/staging.forenteforlag.no\/pax\/#website\"},\"primaryImageOfPage\":{\"@id\":\"https:\/\/staging.forenteforlag.no\/pax\/produkt\/funksjonalismens-boliger\/#primaryimage\"},\"image\":{\"@id\":\"https:\/\/staging.forenteforlag.no\/pax\/produkt\/funksjonalismens-boliger\/#primaryimage\"},\"thumbnailUrl\":\"https:\/\/staging.forenteforlag.no\/pax\/wp-content\/uploads\/sites\/5\/2025\/08\/jpg-5866.jpg\",\"datePublished\":\"2007-03-12T15:42:32+00:00\",\"dateModified\":\"2025-11-29T22:14:36+00:00\",\"breadcrumb\":{\"@id\":\"https:\/\/staging.forenteforlag.no\/pax\/produkt\/funksjonalismens-boliger\/#breadcrumb\"},\"inLanguage\":\"nb-NO\",\"potentialAction\":[{\"@type\":\"ReadAction\",\"target\":[\"https:\/\/staging.forenteforlag.no\/pax\/produkt\/funksjonalismens-boliger\/\"]}]},{\"@type\":\"ImageObject\",\"inLanguage\":\"nb-NO\",\"@id\":\"https:\/\/staging.forenteforlag.no\/pax\/produkt\/funksjonalismens-boliger\/#primaryimage\",\"url\":\"https:\/\/staging.forenteforlag.no\/pax\/wp-content\/uploads\/sites\/5\/2025\/08\/jpg-5866.jpg\",\"contentUrl\":\"https:\/\/staging.forenteforlag.no\/pax\/wp-content\/uploads\/sites\/5\/2025\/08\/jpg-5866.jpg\",\"width\":400,\"height\":450},{\"@type\":\"BreadcrumbList\",\"@id\":\"https:\/\/staging.forenteforlag.no\/pax\/produkt\/funksjonalismens-boliger\/#breadcrumb\",\"itemListElement\":[{\"@type\":\"ListItem\",\"position\":1,\"name\":\"Hjem\",\"item\":\"https:\/\/staging.forenteforlag.no\/pax\/\"},{\"@type\":\"ListItem\",\"position\":2,\"name\":\"Alle b\u00f8ker\",\"item\":\"https:\/\/staging.forenteforlag.no\/pax\/butikk\/\"},{\"@type\":\"ListItem\",\"position\":3,\"name\":\"Funksjonalismens boliger\"}]},{\"@type\":\"WebSite\",\"@id\":\"https:\/\/staging.forenteforlag.no\/pax\/#website\",\"url\":\"https:\/\/staging.forenteforlag.no\/pax\/\",\"name\":\"Pax\",\"description\":\"\",\"potentialAction\":[{\"@type\":\"SearchAction\",\"target\":{\"@type\":\"EntryPoint\",\"urlTemplate\":\"https:\/\/staging.forenteforlag.no\/pax\/?s={search_term_string}\"},\"query-input\":{\"@type\":\"PropertyValueSpecification\",\"valueRequired\":true,\"valueName\":\"search_term_string\"}}],\"inLanguage\":\"nb-NO\"}]}<\/script>\n<!-- \/ Yoast SEO plugin. -->","yoast_head_json":{"title":"Funksjonalismens boliger - Pax","robots":{"index":"noindex","follow":"follow","max-snippet":"max-snippet:-1","max-image-preview":"max-image-preview:large","max-video-preview":"max-video-preview:-1"},"og_locale":"nb_NO","og_type":"article","og_title":"Funksjonalismens boliger - Pax","og_description":"Funkisstilen er stadig aktuell. Funksjonalistiske boliger fra 1920- og 1930-\u00e5rene uttrykker en klar, nesten vektl\u00f8s skj\u00f8nnhet. Enkle bygningskropper har glatte fasader og flate tak. Vindusb\u00e5nd og store glassflater skaper diffuse overganger mellom ute og inne. Luftige rom med gode proporsjoner gjennomlyses av sjener\u00f8se lysinnfall fra flere sider. Planl\u00f8sningen er rasjonell og oversiktlig og tilbyr en [&hellip;]","og_url":"https:\/\/staging.forenteforlag.no\/pax\/produkt\/funksjonalismens-boliger\/","og_site_name":"Pax","article_modified_time":"2025-11-29T22:14:36+00:00","og_image":[{"width":400,"height":450,"url":"https:\/\/staging.forenteforlag.no\/pax\/wp-content\/uploads\/sites\/5\/2025\/08\/jpg-5866.jpg","type":"image\/jpeg"}],"twitter_card":"summary_large_image","twitter_misc":{"Ansl. lesetid":"1 minutt"},"schema":{"@context":"https:\/\/schema.org","@graph":[{"@type":"WebPage","@id":"https:\/\/staging.forenteforlag.no\/pax\/produkt\/funksjonalismens-boliger\/","url":"https:\/\/staging.forenteforlag.no\/pax\/produkt\/funksjonalismens-boliger\/","name":"Funksjonalismens boliger - Pax","isPartOf":{"@id":"https:\/\/staging.forenteforlag.no\/pax\/#website"},"primaryImageOfPage":{"@id":"https:\/\/staging.forenteforlag.no\/pax\/produkt\/funksjonalismens-boliger\/#primaryimage"},"image":{"@id":"https:\/\/staging.forenteforlag.no\/pax\/produkt\/funksjonalismens-boliger\/#primaryimage"},"thumbnailUrl":"https:\/\/staging.forenteforlag.no\/pax\/wp-content\/uploads\/sites\/5\/2025\/08\/jpg-5866.jpg","datePublished":"2007-03-12T15:42:32+00:00","dateModified":"2025-11-29T22:14:36+00:00","breadcrumb":{"@id":"https:\/\/staging.forenteforlag.no\/pax\/produkt\/funksjonalismens-boliger\/#breadcrumb"},"inLanguage":"nb-NO","potentialAction":[{"@type":"ReadAction","target":["https:\/\/staging.forenteforlag.no\/pax\/produkt\/funksjonalismens-boliger\/"]}]},{"@type":"ImageObject","inLanguage":"nb-NO","@id":"https:\/\/staging.forenteforlag.no\/pax\/produkt\/funksjonalismens-boliger\/#primaryimage","url":"https:\/\/staging.forenteforlag.no\/pax\/wp-content\/uploads\/sites\/5\/2025\/08\/jpg-5866.jpg","contentUrl":"https:\/\/staging.forenteforlag.no\/pax\/wp-content\/uploads\/sites\/5\/2025\/08\/jpg-5866.jpg","width":400,"height":450},{"@type":"BreadcrumbList","@id":"https:\/\/staging.forenteforlag.no\/pax\/produkt\/funksjonalismens-boliger\/#breadcrumb","itemListElement":[{"@type":"ListItem","position":1,"name":"Hjem","item":"https:\/\/staging.forenteforlag.no\/pax\/"},{"@type":"ListItem","position":2,"name":"Alle b\u00f8ker","item":"https:\/\/staging.forenteforlag.no\/pax\/butikk\/"},{"@type":"ListItem","position":3,"name":"Funksjonalismens boliger"}]},{"@type":"WebSite","@id":"https:\/\/staging.forenteforlag.no\/pax\/#website","url":"https:\/\/staging.forenteforlag.no\/pax\/","name":"Pax","description":"","potentialAction":[{"@type":"SearchAction","target":{"@type":"EntryPoint","urlTemplate":"https:\/\/staging.forenteforlag.no\/pax\/?s={search_term_string}"},"query-input":{"@type":"PropertyValueSpecification","valueRequired":true,"valueName":"search_term_string"}}],"inLanguage":"nb-NO"}]}},"_links":{"self":[{"href":"https:\/\/staging.forenteforlag.no\/pax\/wp-json\/wp\/v2\/product\/23986","targetHints":{"allow":["GET"]}}],"collection":[{"href":"https:\/\/staging.forenteforlag.no\/pax\/wp-json\/wp\/v2\/product"}],"about":[{"href":"https:\/\/staging.forenteforlag.no\/pax\/wp-json\/wp\/v2\/types\/product"}],"wp:featuredmedia":[{"embeddable":true,"href":"https:\/\/staging.forenteforlag.no\/pax\/wp-json\/wp\/v2\/media\/28052"}],"wp:attachment":[{"href":"https:\/\/staging.forenteforlag.no\/pax\/wp-json\/wp\/v2\/media?parent=23986"}],"wp:term":[{"taxonomy":"product_brand","embeddable":true,"href":"https:\/\/staging.forenteforlag.no\/pax\/wp-json\/wp\/v2\/product_brand?post=23986"},{"taxonomy":"product_cat","embeddable":true,"href":"https:\/\/staging.forenteforlag.no\/pax\/wp-json\/wp\/v2\/product_cat?post=23986"},{"taxonomy":"product_tag","embeddable":true,"href":"https:\/\/staging.forenteforlag.no\/pax\/wp-json\/wp\/v2\/product_tag?post=23986"}],"curies":[{"name":"wp","href":"https:\/\/api.w.org\/{rel}","templated":true}]}}