{"id":23983,"date":"2010-07-07T02:00:00","date_gmt":"2010-07-07T00:00:00","guid":{"rendered":"https:\/\/pax.forenteforlag.no\/produkt\/riktig-medisin\/"},"modified":"2025-08-27T08:38:23","modified_gmt":"2025-08-27T06:38:23","slug":"riktig-medisin","status":"publish","type":"product","link":"https:\/\/staging.forenteforlag.no\/pax\/produkt\/riktig-medisin\/","title":{"rendered":"Riktig medisin?"},"content":{"rendered":"<p>I 2001 fikk Norge ny Lov om apotek. Det var ikke lenger noe krav at apotekene var eid av farmas\u00f8yter, og man kunne fritt etablere nye apoteker. \u00d8kt konkurranse skulle gi billigere legemidler, slik at en vesentlig og voksende post p\u00e5 helsebudsjettene kunne komme under bedre kontroll. I l\u00f8pet av f\u00e5 m\u00e5neder ble en stor del av norske apotek omorganisert i kjeder eid av store, internasjonale legemiddelkonserner.  Apotekvesenet ble fra utsiden oppfattet som et lukket laugssystem som beskyttet farmas\u00f8ytenes privilegier, men av apotekerne selv sett p\u00e5 som en del av helsetjenestene. De fryktet at resultatet av omleggingen ville v\u00e6re at fokuseringen p\u00e5 fagkunnskap og formidling ville erstattes av profittjag og kommersialisering. Hvem drev frem liberaliseringen, hva ville de oppn\u00e5, og har de lyktes?<\/p>\n","protected":false},"excerpt":{"rendered":"<p>I 2001 fikk Norge ny Lov om apotek. Det var ikke lenger noe krav at apotekene var eid av farmas\u00f8yter, og man kunne fritt etablere nye apoteker. \u00d8kt konkurranse skulle gi billigere legemidler, slik at en vesentlig og voksende post p\u00e5 helsebudsjettene kunne komme under bedre kontroll. I l\u00f8pet av f\u00e5 m\u00e5neder ble en stor [&hellip;]<\/p>\n","protected":false},"featured_media":28232,"template":"","meta":{"_acf_changed":false,"inline_featured_image":false},"product_brand":[],"product_cat":[1782,23,25],"product_tag":[607,362,509,439],"class_list":{"0":"post-23983","1":"product","2":"type-product","3":"status-publish","4":"has-post-thumbnail","6":"product_cat-fripris","7":"product_cat-historie","8":"product_cat-kropp-og-sinn","9":"product_tag-bedriftshistorie","10":"product_tag-faglitteratur","11":"product_tag-legemidler","12":"product_tag-nord-norge","13":"pa_format-innbundet","15":"first","16":"instock","17":"shipping-taxable","18":"purchasable","19":"product-type-simple"},"acf":{"anmeldelse":null},"yoast_head":"<!-- This site is optimized with the Yoast SEO plugin v26.6 - https:\/\/yoast.com\/wordpress\/plugins\/seo\/ -->\n<title>Riktig medisin? - Pax<\/title>\n<meta name=\"robots\" content=\"noindex, follow, max-snippet:-1, max-image-preview:large, max-video-preview:-1\" \/>\n<meta property=\"og:locale\" content=\"nb_NO\" \/>\n<meta property=\"og:type\" content=\"article\" \/>\n<meta property=\"og:title\" content=\"Riktig medisin? - Pax\" \/>\n<meta property=\"og:description\" content=\"I 2001 fikk Norge ny Lov om apotek. Det var ikke lenger noe krav at apotekene var eid av farmas\u00f8yter, og man kunne fritt etablere nye apoteker. \u00d8kt konkurranse skulle gi billigere legemidler, slik at en vesentlig og voksende post p\u00e5 helsebudsjettene kunne komme under bedre kontroll. I l\u00f8pet av f\u00e5 m\u00e5neder ble en stor [&hellip;]\" \/>\n<meta property=\"og:url\" content=\"https:\/\/staging.forenteforlag.no\/pax\/produkt\/riktig-medisin\/\" \/>\n<meta property=\"og:site_name\" content=\"Pax\" \/>\n<meta property=\"article:modified_time\" content=\"2025-08-27T06:38:23+00:00\" \/>\n<meta property=\"og:image\" content=\"https:\/\/staging.forenteforlag.no\/pax\/wp-content\/uploads\/sites\/5\/2025\/08\/jpg-6353.jpg\" \/>\n\t<meta property=\"og:image:width\" content=\"319\" \/>\n\t<meta property=\"og:image:height\" content=\"450\" \/>\n\t<meta property=\"og:image:type\" content=\"image\/jpeg\" \/>\n<meta name=\"twitter:card\" content=\"summary_large_image\" \/>\n<meta name=\"twitter:label1\" content=\"Ansl. lesetid\" \/>\n\t<meta name=\"twitter:data1\" content=\"1 minutt\" \/>\n<script type=\"application\/ld+json\" class=\"yoast-schema-graph\">{\"@context\":\"https:\/\/schema.org\",\"@graph\":[{\"@type\":\"WebPage\",\"@id\":\"https:\/\/staging.forenteforlag.no\/pax\/produkt\/riktig-medisin\/\",\"url\":\"https:\/\/staging.forenteforlag.no\/pax\/produkt\/riktig-medisin\/\",\"name\":\"Riktig medisin? - Pax\",\"isPartOf\":{\"@id\":\"https:\/\/staging.forenteforlag.no\/pax\/#website\"},\"primaryImageOfPage\":{\"@id\":\"https:\/\/staging.forenteforlag.no\/pax\/produkt\/riktig-medisin\/#primaryimage\"},\"image\":{\"@id\":\"https:\/\/staging.forenteforlag.no\/pax\/produkt\/riktig-medisin\/#primaryimage\"},\"thumbnailUrl\":\"https:\/\/staging.forenteforlag.no\/pax\/wp-content\/uploads\/sites\/5\/2025\/08\/jpg-6353.jpg\",\"datePublished\":\"2010-07-07T00:00:00+00:00\",\"dateModified\":\"2025-08-27T06:38:23+00:00\",\"breadcrumb\":{\"@id\":\"https:\/\/staging.forenteforlag.no\/pax\/produkt\/riktig-medisin\/#breadcrumb\"},\"inLanguage\":\"nb-NO\",\"potentialAction\":[{\"@type\":\"ReadAction\",\"target\":[\"https:\/\/staging.forenteforlag.no\/pax\/produkt\/riktig-medisin\/\"]}]},{\"@type\":\"ImageObject\",\"inLanguage\":\"nb-NO\",\"@id\":\"https:\/\/staging.forenteforlag.no\/pax\/produkt\/riktig-medisin\/#primaryimage\",\"url\":\"https:\/\/staging.forenteforlag.no\/pax\/wp-content\/uploads\/sites\/5\/2025\/08\/jpg-6353.jpg\",\"contentUrl\":\"https:\/\/staging.forenteforlag.no\/pax\/wp-content\/uploads\/sites\/5\/2025\/08\/jpg-6353.jpg\",\"width\":319,\"height\":450},{\"@type\":\"BreadcrumbList\",\"@id\":\"https:\/\/staging.forenteforlag.no\/pax\/produkt\/riktig-medisin\/#breadcrumb\",\"itemListElement\":[{\"@type\":\"ListItem\",\"position\":1,\"name\":\"Hjem\",\"item\":\"https:\/\/staging.forenteforlag.no\/pax\/\"},{\"@type\":\"ListItem\",\"position\":2,\"name\":\"Alle b\u00f8ker\",\"item\":\"https:\/\/staging.forenteforlag.no\/pax\/butikk\/\"},{\"@type\":\"ListItem\",\"position\":3,\"name\":\"Riktig medisin?\"}]},{\"@type\":\"WebSite\",\"@id\":\"https:\/\/staging.forenteforlag.no\/pax\/#website\",\"url\":\"https:\/\/staging.forenteforlag.no\/pax\/\",\"name\":\"Pax\",\"description\":\"\",\"potentialAction\":[{\"@type\":\"SearchAction\",\"target\":{\"@type\":\"EntryPoint\",\"urlTemplate\":\"https:\/\/staging.forenteforlag.no\/pax\/?s={search_term_string}\"},\"query-input\":{\"@type\":\"PropertyValueSpecification\",\"valueRequired\":true,\"valueName\":\"search_term_string\"}}],\"inLanguage\":\"nb-NO\"}]}<\/script>\n<!-- \/ Yoast SEO plugin. -->","yoast_head_json":{"title":"Riktig medisin? - Pax","robots":{"index":"noindex","follow":"follow","max-snippet":"max-snippet:-1","max-image-preview":"max-image-preview:large","max-video-preview":"max-video-preview:-1"},"og_locale":"nb_NO","og_type":"article","og_title":"Riktig medisin? - Pax","og_description":"I 2001 fikk Norge ny Lov om apotek. Det var ikke lenger noe krav at apotekene var eid av farmas\u00f8yter, og man kunne fritt etablere nye apoteker. \u00d8kt konkurranse skulle gi billigere legemidler, slik at en vesentlig og voksende post p\u00e5 helsebudsjettene kunne komme under bedre kontroll. I l\u00f8pet av f\u00e5 m\u00e5neder ble en stor [&hellip;]","og_url":"https:\/\/staging.forenteforlag.no\/pax\/produkt\/riktig-medisin\/","og_site_name":"Pax","article_modified_time":"2025-08-27T06:38:23+00:00","og_image":[{"width":319,"height":450,"url":"https:\/\/staging.forenteforlag.no\/pax\/wp-content\/uploads\/sites\/5\/2025\/08\/jpg-6353.jpg","type":"image\/jpeg"}],"twitter_card":"summary_large_image","twitter_misc":{"Ansl. lesetid":"1 minutt"},"schema":{"@context":"https:\/\/schema.org","@graph":[{"@type":"WebPage","@id":"https:\/\/staging.forenteforlag.no\/pax\/produkt\/riktig-medisin\/","url":"https:\/\/staging.forenteforlag.no\/pax\/produkt\/riktig-medisin\/","name":"Riktig medisin? - Pax","isPartOf":{"@id":"https:\/\/staging.forenteforlag.no\/pax\/#website"},"primaryImageOfPage":{"@id":"https:\/\/staging.forenteforlag.no\/pax\/produkt\/riktig-medisin\/#primaryimage"},"image":{"@id":"https:\/\/staging.forenteforlag.no\/pax\/produkt\/riktig-medisin\/#primaryimage"},"thumbnailUrl":"https:\/\/staging.forenteforlag.no\/pax\/wp-content\/uploads\/sites\/5\/2025\/08\/jpg-6353.jpg","datePublished":"2010-07-07T00:00:00+00:00","dateModified":"2025-08-27T06:38:23+00:00","breadcrumb":{"@id":"https:\/\/staging.forenteforlag.no\/pax\/produkt\/riktig-medisin\/#breadcrumb"},"inLanguage":"nb-NO","potentialAction":[{"@type":"ReadAction","target":["https:\/\/staging.forenteforlag.no\/pax\/produkt\/riktig-medisin\/"]}]},{"@type":"ImageObject","inLanguage":"nb-NO","@id":"https:\/\/staging.forenteforlag.no\/pax\/produkt\/riktig-medisin\/#primaryimage","url":"https:\/\/staging.forenteforlag.no\/pax\/wp-content\/uploads\/sites\/5\/2025\/08\/jpg-6353.jpg","contentUrl":"https:\/\/staging.forenteforlag.no\/pax\/wp-content\/uploads\/sites\/5\/2025\/08\/jpg-6353.jpg","width":319,"height":450},{"@type":"BreadcrumbList","@id":"https:\/\/staging.forenteforlag.no\/pax\/produkt\/riktig-medisin\/#breadcrumb","itemListElement":[{"@type":"ListItem","position":1,"name":"Hjem","item":"https:\/\/staging.forenteforlag.no\/pax\/"},{"@type":"ListItem","position":2,"name":"Alle b\u00f8ker","item":"https:\/\/staging.forenteforlag.no\/pax\/butikk\/"},{"@type":"ListItem","position":3,"name":"Riktig medisin?"}]},{"@type":"WebSite","@id":"https:\/\/staging.forenteforlag.no\/pax\/#website","url":"https:\/\/staging.forenteforlag.no\/pax\/","name":"Pax","description":"","potentialAction":[{"@type":"SearchAction","target":{"@type":"EntryPoint","urlTemplate":"https:\/\/staging.forenteforlag.no\/pax\/?s={search_term_string}"},"query-input":{"@type":"PropertyValueSpecification","valueRequired":true,"valueName":"search_term_string"}}],"inLanguage":"nb-NO"}]}},"_links":{"self":[{"href":"https:\/\/staging.forenteforlag.no\/pax\/wp-json\/wp\/v2\/product\/23983","targetHints":{"allow":["GET"]}}],"collection":[{"href":"https:\/\/staging.forenteforlag.no\/pax\/wp-json\/wp\/v2\/product"}],"about":[{"href":"https:\/\/staging.forenteforlag.no\/pax\/wp-json\/wp\/v2\/types\/product"}],"wp:featuredmedia":[{"embeddable":true,"href":"https:\/\/staging.forenteforlag.no\/pax\/wp-json\/wp\/v2\/media\/28232"}],"wp:attachment":[{"href":"https:\/\/staging.forenteforlag.no\/pax\/wp-json\/wp\/v2\/media?parent=23983"}],"wp:term":[{"taxonomy":"product_brand","embeddable":true,"href":"https:\/\/staging.forenteforlag.no\/pax\/wp-json\/wp\/v2\/product_brand?post=23983"},{"taxonomy":"product_cat","embeddable":true,"href":"https:\/\/staging.forenteforlag.no\/pax\/wp-json\/wp\/v2\/product_cat?post=23983"},{"taxonomy":"product_tag","embeddable":true,"href":"https:\/\/staging.forenteforlag.no\/pax\/wp-json\/wp\/v2\/product_tag?post=23983"}],"curies":[{"name":"wp","href":"https:\/\/api.w.org\/{rel}","templated":true}]}}