{"id":23977,"date":"2005-03-12T16:42:34","date_gmt":"2005-03-12T15:42:34","guid":{"rendered":"https:\/\/pax.forenteforlag.no\/produkt\/norsk-arkeologisk-leksikon\/"},"modified":"2026-03-04T21:13:24","modified_gmt":"2026-03-04T20:13:24","slug":"norsk-arkeologisk-leksikon","status":"publish","type":"product","link":"https:\/\/staging.forenteforlag.no\/pax\/produkt\/norsk-arkeologisk-leksikon\/","title":{"rendered":"Norsk arkeologisk leksikon"},"content":{"rendered":"<p>Norges f\u00f8rste arkeologileksikon, med bidrag fra landets fremste arkeologer! Dette unike oppslagsverket for norsk arkeologi og forhistorie presenterer terminologi, funn, funnsteder og tidsepoker fra v\u00e5r egen fortid. Gjennom kortfattede og informative tekster f\u00e5r leseren innsikt i steinalder, bronsealder og jernalder, funn og fortidsminner landet rundt, oldtidens fangst og jordbruk, og kunst og h\u00e5ndverk. Helleristninger og andre fortidsminner de fleste har sett i sitt n\u00e6rmilj\u00f8 har f\u00e5tt sin plass, det har ogs\u00e5 de dyrebare importvarene fra Romerriket og vikingtoktenes r\u00f8vergods. Norsk arkeologi har de senere \u00e5rene opplevd en veldig vekst og interesse . og en rekke nye funn har avdekket stadig nye sider ved v\u00e5r forhistorie. Norsk arkeologileksikon er en oppdatert presentasjon av de brikkene vi m\u00e5 ha for \u00e5 f\u00e5 et innblikk i hvordan denne forhistorien var.<\/p>\n","protected":false},"excerpt":{"rendered":"<p>Norges f\u00f8rste arkeologileksikon, med bidrag fra landets fremste arkeologer! Dette unike oppslagsverket for norsk arkeologi og forhistorie presenterer terminologi, funn, funnsteder og tidsepoker fra v\u00e5r egen fortid. Gjennom kortfattede og informative tekster f\u00e5r leseren innsikt i steinalder, bronsealder og jernalder, funn og fortidsminner landet rundt, oldtidens fangst og jordbruk, og kunst og h\u00e5ndverk. Helleristninger og [&hellip;]<\/p>\n","protected":false},"featured_media":28496,"template":"","meta":{"_acf_changed":false,"inline_featured_image":false},"product_brand":[],"product_cat":[1782],"product_tag":[544,607,362,1639,361,1016,439],"class_list":{"0":"post-23977","1":"product","2":"type-product","3":"status-publish","4":"has-post-thumbnail","6":"product_cat-fripris","7":"product_tag-arkeologi","8":"product_tag-bedriftshistorie","9":"product_tag-faglitteratur","10":"product_tag-forhistorisk-tid","11":"product_tag-kulturhistorie","12":"product_tag-leksika","13":"product_tag-nord-norge","15":"first","16":"outofstock","17":"shipping-taxable","18":"purchasable","19":"product-type-simple"},"acf":{"anmeldelse":null},"yoast_head":"<!-- This site is optimized with the Yoast SEO plugin v26.6 - https:\/\/yoast.com\/wordpress\/plugins\/seo\/ -->\n<title>Norsk arkeologisk leksikon - Pax<\/title>\n<meta name=\"robots\" content=\"noindex, follow, max-snippet:-1, max-image-preview:large, max-video-preview:-1\" \/>\n<meta property=\"og:locale\" content=\"nb_NO\" \/>\n<meta property=\"og:type\" content=\"article\" \/>\n<meta property=\"og:title\" content=\"Norsk arkeologisk leksikon - Pax\" \/>\n<meta property=\"og:description\" content=\"Norges f\u00f8rste arkeologileksikon, med bidrag fra landets fremste arkeologer! Dette unike oppslagsverket for norsk arkeologi og forhistorie presenterer terminologi, funn, funnsteder og tidsepoker fra v\u00e5r egen fortid. Gjennom kortfattede og informative tekster f\u00e5r leseren innsikt i steinalder, bronsealder og jernalder, funn og fortidsminner landet rundt, oldtidens fangst og jordbruk, og kunst og h\u00e5ndverk. Helleristninger og [&hellip;]\" \/>\n<meta property=\"og:url\" content=\"https:\/\/staging.forenteforlag.no\/pax\/produkt\/norsk-arkeologisk-leksikon\/\" \/>\n<meta property=\"og:site_name\" content=\"Pax\" \/>\n<meta property=\"article:modified_time\" content=\"2026-03-04T20:13:24+00:00\" \/>\n<meta property=\"og:image\" content=\"https:\/\/staging.forenteforlag.no\/pax\/wp-content\/uploads\/sites\/5\/2025\/08\/jpg-7106.jpg\" \/>\n\t<meta property=\"og:image:width\" content=\"315\" \/>\n\t<meta property=\"og:image:height\" content=\"450\" \/>\n\t<meta property=\"og:image:type\" content=\"image\/jpeg\" \/>\n<meta name=\"twitter:card\" content=\"summary_large_image\" \/>\n<meta name=\"twitter:label1\" content=\"Ansl. lesetid\" \/>\n\t<meta name=\"twitter:data1\" content=\"1 minutt\" \/>\n<script type=\"application\/ld+json\" class=\"yoast-schema-graph\">{\"@context\":\"https:\/\/schema.org\",\"@graph\":[{\"@type\":\"WebPage\",\"@id\":\"https:\/\/staging.forenteforlag.no\/pax\/produkt\/norsk-arkeologisk-leksikon\/\",\"url\":\"https:\/\/staging.forenteforlag.no\/pax\/produkt\/norsk-arkeologisk-leksikon\/\",\"name\":\"Norsk arkeologisk leksikon - Pax\",\"isPartOf\":{\"@id\":\"https:\/\/staging.forenteforlag.no\/pax\/#website\"},\"primaryImageOfPage\":{\"@id\":\"https:\/\/staging.forenteforlag.no\/pax\/produkt\/norsk-arkeologisk-leksikon\/#primaryimage\"},\"image\":{\"@id\":\"https:\/\/staging.forenteforlag.no\/pax\/produkt\/norsk-arkeologisk-leksikon\/#primaryimage\"},\"thumbnailUrl\":\"https:\/\/staging.forenteforlag.no\/pax\/wp-content\/uploads\/sites\/5\/2025\/08\/jpg-7106.jpg\",\"datePublished\":\"2005-03-12T15:42:34+00:00\",\"dateModified\":\"2026-03-04T20:13:24+00:00\",\"breadcrumb\":{\"@id\":\"https:\/\/staging.forenteforlag.no\/pax\/produkt\/norsk-arkeologisk-leksikon\/#breadcrumb\"},\"inLanguage\":\"nb-NO\",\"potentialAction\":[{\"@type\":\"ReadAction\",\"target\":[\"https:\/\/staging.forenteforlag.no\/pax\/produkt\/norsk-arkeologisk-leksikon\/\"]}]},{\"@type\":\"ImageObject\",\"inLanguage\":\"nb-NO\",\"@id\":\"https:\/\/staging.forenteforlag.no\/pax\/produkt\/norsk-arkeologisk-leksikon\/#primaryimage\",\"url\":\"https:\/\/staging.forenteforlag.no\/pax\/wp-content\/uploads\/sites\/5\/2025\/08\/jpg-7106.jpg\",\"contentUrl\":\"https:\/\/staging.forenteforlag.no\/pax\/wp-content\/uploads\/sites\/5\/2025\/08\/jpg-7106.jpg\",\"width\":315,\"height\":450},{\"@type\":\"BreadcrumbList\",\"@id\":\"https:\/\/staging.forenteforlag.no\/pax\/produkt\/norsk-arkeologisk-leksikon\/#breadcrumb\",\"itemListElement\":[{\"@type\":\"ListItem\",\"position\":1,\"name\":\"Hjem\",\"item\":\"https:\/\/staging.forenteforlag.no\/pax\/\"},{\"@type\":\"ListItem\",\"position\":2,\"name\":\"Alle b\u00f8ker\",\"item\":\"https:\/\/staging.forenteforlag.no\/pax\/butikk\/\"},{\"@type\":\"ListItem\",\"position\":3,\"name\":\"Norsk arkeologisk leksikon\"}]},{\"@type\":\"WebSite\",\"@id\":\"https:\/\/staging.forenteforlag.no\/pax\/#website\",\"url\":\"https:\/\/staging.forenteforlag.no\/pax\/\",\"name\":\"Pax\",\"description\":\"\",\"potentialAction\":[{\"@type\":\"SearchAction\",\"target\":{\"@type\":\"EntryPoint\",\"urlTemplate\":\"https:\/\/staging.forenteforlag.no\/pax\/?s={search_term_string}\"},\"query-input\":{\"@type\":\"PropertyValueSpecification\",\"valueRequired\":true,\"valueName\":\"search_term_string\"}}],\"inLanguage\":\"nb-NO\"}]}<\/script>\n<!-- \/ Yoast SEO plugin. -->","yoast_head_json":{"title":"Norsk arkeologisk leksikon - Pax","robots":{"index":"noindex","follow":"follow","max-snippet":"max-snippet:-1","max-image-preview":"max-image-preview:large","max-video-preview":"max-video-preview:-1"},"og_locale":"nb_NO","og_type":"article","og_title":"Norsk arkeologisk leksikon - Pax","og_description":"Norges f\u00f8rste arkeologileksikon, med bidrag fra landets fremste arkeologer! Dette unike oppslagsverket for norsk arkeologi og forhistorie presenterer terminologi, funn, funnsteder og tidsepoker fra v\u00e5r egen fortid. Gjennom kortfattede og informative tekster f\u00e5r leseren innsikt i steinalder, bronsealder og jernalder, funn og fortidsminner landet rundt, oldtidens fangst og jordbruk, og kunst og h\u00e5ndverk. Helleristninger og [&hellip;]","og_url":"https:\/\/staging.forenteforlag.no\/pax\/produkt\/norsk-arkeologisk-leksikon\/","og_site_name":"Pax","article_modified_time":"2026-03-04T20:13:24+00:00","og_image":[{"width":315,"height":450,"url":"https:\/\/staging.forenteforlag.no\/pax\/wp-content\/uploads\/sites\/5\/2025\/08\/jpg-7106.jpg","type":"image\/jpeg"}],"twitter_card":"summary_large_image","twitter_misc":{"Ansl. lesetid":"1 minutt"},"schema":{"@context":"https:\/\/schema.org","@graph":[{"@type":"WebPage","@id":"https:\/\/staging.forenteforlag.no\/pax\/produkt\/norsk-arkeologisk-leksikon\/","url":"https:\/\/staging.forenteforlag.no\/pax\/produkt\/norsk-arkeologisk-leksikon\/","name":"Norsk arkeologisk leksikon - Pax","isPartOf":{"@id":"https:\/\/staging.forenteforlag.no\/pax\/#website"},"primaryImageOfPage":{"@id":"https:\/\/staging.forenteforlag.no\/pax\/produkt\/norsk-arkeologisk-leksikon\/#primaryimage"},"image":{"@id":"https:\/\/staging.forenteforlag.no\/pax\/produkt\/norsk-arkeologisk-leksikon\/#primaryimage"},"thumbnailUrl":"https:\/\/staging.forenteforlag.no\/pax\/wp-content\/uploads\/sites\/5\/2025\/08\/jpg-7106.jpg","datePublished":"2005-03-12T15:42:34+00:00","dateModified":"2026-03-04T20:13:24+00:00","breadcrumb":{"@id":"https:\/\/staging.forenteforlag.no\/pax\/produkt\/norsk-arkeologisk-leksikon\/#breadcrumb"},"inLanguage":"nb-NO","potentialAction":[{"@type":"ReadAction","target":["https:\/\/staging.forenteforlag.no\/pax\/produkt\/norsk-arkeologisk-leksikon\/"]}]},{"@type":"ImageObject","inLanguage":"nb-NO","@id":"https:\/\/staging.forenteforlag.no\/pax\/produkt\/norsk-arkeologisk-leksikon\/#primaryimage","url":"https:\/\/staging.forenteforlag.no\/pax\/wp-content\/uploads\/sites\/5\/2025\/08\/jpg-7106.jpg","contentUrl":"https:\/\/staging.forenteforlag.no\/pax\/wp-content\/uploads\/sites\/5\/2025\/08\/jpg-7106.jpg","width":315,"height":450},{"@type":"BreadcrumbList","@id":"https:\/\/staging.forenteforlag.no\/pax\/produkt\/norsk-arkeologisk-leksikon\/#breadcrumb","itemListElement":[{"@type":"ListItem","position":1,"name":"Hjem","item":"https:\/\/staging.forenteforlag.no\/pax\/"},{"@type":"ListItem","position":2,"name":"Alle b\u00f8ker","item":"https:\/\/staging.forenteforlag.no\/pax\/butikk\/"},{"@type":"ListItem","position":3,"name":"Norsk arkeologisk leksikon"}]},{"@type":"WebSite","@id":"https:\/\/staging.forenteforlag.no\/pax\/#website","url":"https:\/\/staging.forenteforlag.no\/pax\/","name":"Pax","description":"","potentialAction":[{"@type":"SearchAction","target":{"@type":"EntryPoint","urlTemplate":"https:\/\/staging.forenteforlag.no\/pax\/?s={search_term_string}"},"query-input":{"@type":"PropertyValueSpecification","valueRequired":true,"valueName":"search_term_string"}}],"inLanguage":"nb-NO"}]}},"_links":{"self":[{"href":"https:\/\/staging.forenteforlag.no\/pax\/wp-json\/wp\/v2\/product\/23977","targetHints":{"allow":["GET"]}}],"collection":[{"href":"https:\/\/staging.forenteforlag.no\/pax\/wp-json\/wp\/v2\/product"}],"about":[{"href":"https:\/\/staging.forenteforlag.no\/pax\/wp-json\/wp\/v2\/types\/product"}],"wp:featuredmedia":[{"embeddable":true,"href":"https:\/\/staging.forenteforlag.no\/pax\/wp-json\/wp\/v2\/media\/28496"}],"wp:attachment":[{"href":"https:\/\/staging.forenteforlag.no\/pax\/wp-json\/wp\/v2\/media?parent=23977"}],"wp:term":[{"taxonomy":"product_brand","embeddable":true,"href":"https:\/\/staging.forenteforlag.no\/pax\/wp-json\/wp\/v2\/product_brand?post=23977"},{"taxonomy":"product_cat","embeddable":true,"href":"https:\/\/staging.forenteforlag.no\/pax\/wp-json\/wp\/v2\/product_cat?post=23977"},{"taxonomy":"product_tag","embeddable":true,"href":"https:\/\/staging.forenteforlag.no\/pax\/wp-json\/wp\/v2\/product_tag?post=23977"}],"curies":[{"name":"wp","href":"https:\/\/api.w.org\/{rel}","templated":true}]}}