{"id":23932,"date":"2009-06-02T02:00:00","date_gmt":"2009-06-02T00:00:00","guid":{"rendered":"https:\/\/pax.forenteforlag.no\/produkt\/anton-martin-schweigaard\/"},"modified":"2025-08-27T10:33:50","modified_gmt":"2025-08-27T08:33:50","slug":"anton-martin-schweigaard","status":"publish","type":"product","link":"https:\/\/staging.forenteforlag.no\/pax\/produkt\/anton-martin-schweigaard\/","title":{"rendered":"Anton Martin Schweigaard"},"content":{"rendered":"<p>Anton Martin Schweigaard (1808-1870) var en av de mest sentrale menn i den norske embetsmannsstaten. Med basis i sitt professorat i juss, \u00f8konomi og statistikk var han Stortingets ledende politiker gjennom nesten tre ti\u00e5r. Han hadde dermed ett grunnlag i embetsverket og ett grunnlag i sin folkevalgte posisjon, han var en virkelig professorpolitiker.  Bokens forfattere kommer fra juss, \u00f8konomi, statistikk, id\u00e9historie og historie for \u00e5 favne Schweigaards omfattende virkefelt. Gjennom dyptg\u00e5ende studier i hans vitenskap og politikk og sammenfattende vurderinger av hans arbeid og samfunnsmessige posisjon gir de et utdypet og mer nyansert bilde av Schweigaard enn tidligere.   Utvalgte politiske standpunkter blir n\u00f8ye gjennomg\u00e5tt og sett i forhold til hans vitenskapelige produksjon. Hans s\u00e6rlige moderniseringsstrategi blir fremhevet og paradokset i at han som s\u00e6rlig fikk skolegangen finansiert av en n\u00e6ringsdrivende mormor, var negativ til \u00e5 styrke kvinners rettigheter i n\u00e6ringssammenheng. I et kapittel blir hans posisjon fors\u00f8kt samlet i begrepet autorit\u00e6r liberalisme. Det fanger opp Schweigaards spesielle form for n\u00e6ringsliberalisme s\u00e5 vel som hans autorit\u00e6re holdninger i de saker som den nye venstrebevegelsen med Johan Sverdrup i f\u00f8rersetet hevdet. Ogs\u00e5 hans egen vitenskapelige utvikling gjennom hans omdiskuterte forhold til romerretten blir sett i sammenheng med den politiske utvikling p\u00e5 Stortinget.<\/p>\n","protected":false},"excerpt":{"rendered":"<p>Anton Martin Schweigaard (1808-1870) var en av de mest sentrale menn i den norske embetsmannsstaten. Med basis i sitt professorat i juss, \u00f8konomi og statistikk var han Stortingets ledende politiker gjennom nesten tre ti\u00e5r. Han hadde dermed ett grunnlag i embetsverket og ett grunnlag i sin folkevalgte posisjon, han var en virkelig professorpolitiker. Bokens forfattere [&hellip;]<\/p>\n","protected":false},"featured_media":28656,"template":"","meta":{"_acf_changed":false,"inline_featured_image":false},"product_brand":[],"product_cat":[20,1782],"product_tag":[394,362,439,515,417],"class_list":{"0":"post-23932","1":"product","2":"type-product","3":"status-publish","4":"has-post-thumbnail","6":"product_cat-biografier-og-memoarer","7":"product_cat-fripris","8":"product_tag-1800-tallet","9":"product_tag-faglitteratur","10":"product_tag-nord-norge","11":"product_tag-politikere","12":"product_tag-selvbiografier","13":"pa_format-innbundet","15":"first","16":"instock","17":"shipping-taxable","18":"purchasable","19":"product-type-simple"},"acf":{"anmeldelse":null},"yoast_head":"<!-- This site is optimized with the Yoast SEO plugin v26.6 - https:\/\/yoast.com\/wordpress\/plugins\/seo\/ -->\n<title>Anton Martin Schweigaard - Pax<\/title>\n<meta name=\"robots\" content=\"noindex, follow, max-snippet:-1, max-image-preview:large, max-video-preview:-1\" \/>\n<meta property=\"og:locale\" content=\"nb_NO\" \/>\n<meta property=\"og:type\" content=\"article\" \/>\n<meta property=\"og:title\" content=\"Anton Martin Schweigaard - Pax\" \/>\n<meta property=\"og:description\" content=\"Anton Martin Schweigaard (1808-1870) var en av de mest sentrale menn i den norske embetsmannsstaten. Med basis i sitt professorat i juss, \u00f8konomi og statistikk var han Stortingets ledende politiker gjennom nesten tre ti\u00e5r. Han hadde dermed ett grunnlag i embetsverket og ett grunnlag i sin folkevalgte posisjon, han var en virkelig professorpolitiker. Bokens forfattere [&hellip;]\" \/>\n<meta property=\"og:url\" content=\"https:\/\/staging.forenteforlag.no\/pax\/produkt\/anton-martin-schweigaard\/\" \/>\n<meta property=\"og:site_name\" content=\"Pax\" \/>\n<meta property=\"article:modified_time\" content=\"2025-08-27T08:33:50+00:00\" \/>\n<meta property=\"og:image\" content=\"https:\/\/staging.forenteforlag.no\/pax\/wp-content\/uploads\/sites\/5\/2025\/08\/jpg-7561.jpg\" \/>\n\t<meta property=\"og:image:width\" content=\"341\" \/>\n\t<meta property=\"og:image:height\" content=\"450\" \/>\n\t<meta property=\"og:image:type\" content=\"image\/jpeg\" \/>\n<meta name=\"twitter:card\" content=\"summary_large_image\" \/>\n<meta name=\"twitter:label1\" content=\"Ansl. lesetid\" \/>\n\t<meta name=\"twitter:data1\" content=\"1 minutt\" \/>\n<script type=\"application\/ld+json\" class=\"yoast-schema-graph\">{\"@context\":\"https:\/\/schema.org\",\"@graph\":[{\"@type\":\"WebPage\",\"@id\":\"https:\/\/staging.forenteforlag.no\/pax\/produkt\/anton-martin-schweigaard\/\",\"url\":\"https:\/\/staging.forenteforlag.no\/pax\/produkt\/anton-martin-schweigaard\/\",\"name\":\"Anton Martin Schweigaard - Pax\",\"isPartOf\":{\"@id\":\"https:\/\/staging.forenteforlag.no\/pax\/#website\"},\"primaryImageOfPage\":{\"@id\":\"https:\/\/staging.forenteforlag.no\/pax\/produkt\/anton-martin-schweigaard\/#primaryimage\"},\"image\":{\"@id\":\"https:\/\/staging.forenteforlag.no\/pax\/produkt\/anton-martin-schweigaard\/#primaryimage\"},\"thumbnailUrl\":\"https:\/\/staging.forenteforlag.no\/pax\/wp-content\/uploads\/sites\/5\/2025\/08\/jpg-7561.jpg\",\"datePublished\":\"2009-06-02T00:00:00+00:00\",\"dateModified\":\"2025-08-27T08:33:50+00:00\",\"breadcrumb\":{\"@id\":\"https:\/\/staging.forenteforlag.no\/pax\/produkt\/anton-martin-schweigaard\/#breadcrumb\"},\"inLanguage\":\"nb-NO\",\"potentialAction\":[{\"@type\":\"ReadAction\",\"target\":[\"https:\/\/staging.forenteforlag.no\/pax\/produkt\/anton-martin-schweigaard\/\"]}]},{\"@type\":\"ImageObject\",\"inLanguage\":\"nb-NO\",\"@id\":\"https:\/\/staging.forenteforlag.no\/pax\/produkt\/anton-martin-schweigaard\/#primaryimage\",\"url\":\"https:\/\/staging.forenteforlag.no\/pax\/wp-content\/uploads\/sites\/5\/2025\/08\/jpg-7561.jpg\",\"contentUrl\":\"https:\/\/staging.forenteforlag.no\/pax\/wp-content\/uploads\/sites\/5\/2025\/08\/jpg-7561.jpg\",\"width\":341,\"height\":450},{\"@type\":\"BreadcrumbList\",\"@id\":\"https:\/\/staging.forenteforlag.no\/pax\/produkt\/anton-martin-schweigaard\/#breadcrumb\",\"itemListElement\":[{\"@type\":\"ListItem\",\"position\":1,\"name\":\"Hjem\",\"item\":\"https:\/\/staging.forenteforlag.no\/pax\/\"},{\"@type\":\"ListItem\",\"position\":2,\"name\":\"Alle b\u00f8ker\",\"item\":\"https:\/\/staging.forenteforlag.no\/pax\/butikk\/\"},{\"@type\":\"ListItem\",\"position\":3,\"name\":\"Anton Martin Schweigaard\"}]},{\"@type\":\"WebSite\",\"@id\":\"https:\/\/staging.forenteforlag.no\/pax\/#website\",\"url\":\"https:\/\/staging.forenteforlag.no\/pax\/\",\"name\":\"Pax\",\"description\":\"\",\"potentialAction\":[{\"@type\":\"SearchAction\",\"target\":{\"@type\":\"EntryPoint\",\"urlTemplate\":\"https:\/\/staging.forenteforlag.no\/pax\/?s={search_term_string}\"},\"query-input\":{\"@type\":\"PropertyValueSpecification\",\"valueRequired\":true,\"valueName\":\"search_term_string\"}}],\"inLanguage\":\"nb-NO\"}]}<\/script>\n<!-- \/ Yoast SEO plugin. -->","yoast_head_json":{"title":"Anton Martin Schweigaard - Pax","robots":{"index":"noindex","follow":"follow","max-snippet":"max-snippet:-1","max-image-preview":"max-image-preview:large","max-video-preview":"max-video-preview:-1"},"og_locale":"nb_NO","og_type":"article","og_title":"Anton Martin Schweigaard - Pax","og_description":"Anton Martin Schweigaard (1808-1870) var en av de mest sentrale menn i den norske embetsmannsstaten. Med basis i sitt professorat i juss, \u00f8konomi og statistikk var han Stortingets ledende politiker gjennom nesten tre ti\u00e5r. Han hadde dermed ett grunnlag i embetsverket og ett grunnlag i sin folkevalgte posisjon, han var en virkelig professorpolitiker. Bokens forfattere [&hellip;]","og_url":"https:\/\/staging.forenteforlag.no\/pax\/produkt\/anton-martin-schweigaard\/","og_site_name":"Pax","article_modified_time":"2025-08-27T08:33:50+00:00","og_image":[{"width":341,"height":450,"url":"https:\/\/staging.forenteforlag.no\/pax\/wp-content\/uploads\/sites\/5\/2025\/08\/jpg-7561.jpg","type":"image\/jpeg"}],"twitter_card":"summary_large_image","twitter_misc":{"Ansl. lesetid":"1 minutt"},"schema":{"@context":"https:\/\/schema.org","@graph":[{"@type":"WebPage","@id":"https:\/\/staging.forenteforlag.no\/pax\/produkt\/anton-martin-schweigaard\/","url":"https:\/\/staging.forenteforlag.no\/pax\/produkt\/anton-martin-schweigaard\/","name":"Anton Martin Schweigaard - Pax","isPartOf":{"@id":"https:\/\/staging.forenteforlag.no\/pax\/#website"},"primaryImageOfPage":{"@id":"https:\/\/staging.forenteforlag.no\/pax\/produkt\/anton-martin-schweigaard\/#primaryimage"},"image":{"@id":"https:\/\/staging.forenteforlag.no\/pax\/produkt\/anton-martin-schweigaard\/#primaryimage"},"thumbnailUrl":"https:\/\/staging.forenteforlag.no\/pax\/wp-content\/uploads\/sites\/5\/2025\/08\/jpg-7561.jpg","datePublished":"2009-06-02T00:00:00+00:00","dateModified":"2025-08-27T08:33:50+00:00","breadcrumb":{"@id":"https:\/\/staging.forenteforlag.no\/pax\/produkt\/anton-martin-schweigaard\/#breadcrumb"},"inLanguage":"nb-NO","potentialAction":[{"@type":"ReadAction","target":["https:\/\/staging.forenteforlag.no\/pax\/produkt\/anton-martin-schweigaard\/"]}]},{"@type":"ImageObject","inLanguage":"nb-NO","@id":"https:\/\/staging.forenteforlag.no\/pax\/produkt\/anton-martin-schweigaard\/#primaryimage","url":"https:\/\/staging.forenteforlag.no\/pax\/wp-content\/uploads\/sites\/5\/2025\/08\/jpg-7561.jpg","contentUrl":"https:\/\/staging.forenteforlag.no\/pax\/wp-content\/uploads\/sites\/5\/2025\/08\/jpg-7561.jpg","width":341,"height":450},{"@type":"BreadcrumbList","@id":"https:\/\/staging.forenteforlag.no\/pax\/produkt\/anton-martin-schweigaard\/#breadcrumb","itemListElement":[{"@type":"ListItem","position":1,"name":"Hjem","item":"https:\/\/staging.forenteforlag.no\/pax\/"},{"@type":"ListItem","position":2,"name":"Alle b\u00f8ker","item":"https:\/\/staging.forenteforlag.no\/pax\/butikk\/"},{"@type":"ListItem","position":3,"name":"Anton Martin Schweigaard"}]},{"@type":"WebSite","@id":"https:\/\/staging.forenteforlag.no\/pax\/#website","url":"https:\/\/staging.forenteforlag.no\/pax\/","name":"Pax","description":"","potentialAction":[{"@type":"SearchAction","target":{"@type":"EntryPoint","urlTemplate":"https:\/\/staging.forenteforlag.no\/pax\/?s={search_term_string}"},"query-input":{"@type":"PropertyValueSpecification","valueRequired":true,"valueName":"search_term_string"}}],"inLanguage":"nb-NO"}]}},"_links":{"self":[{"href":"https:\/\/staging.forenteforlag.no\/pax\/wp-json\/wp\/v2\/product\/23932","targetHints":{"allow":["GET"]}}],"collection":[{"href":"https:\/\/staging.forenteforlag.no\/pax\/wp-json\/wp\/v2\/product"}],"about":[{"href":"https:\/\/staging.forenteforlag.no\/pax\/wp-json\/wp\/v2\/types\/product"}],"wp:featuredmedia":[{"embeddable":true,"href":"https:\/\/staging.forenteforlag.no\/pax\/wp-json\/wp\/v2\/media\/28656"}],"wp:attachment":[{"href":"https:\/\/staging.forenteforlag.no\/pax\/wp-json\/wp\/v2\/media?parent=23932"}],"wp:term":[{"taxonomy":"product_brand","embeddable":true,"href":"https:\/\/staging.forenteforlag.no\/pax\/wp-json\/wp\/v2\/product_brand?post=23932"},{"taxonomy":"product_cat","embeddable":true,"href":"https:\/\/staging.forenteforlag.no\/pax\/wp-json\/wp\/v2\/product_cat?post=23932"},{"taxonomy":"product_tag","embeddable":true,"href":"https:\/\/staging.forenteforlag.no\/pax\/wp-json\/wp\/v2\/product_tag?post=23932"}],"curies":[{"name":"wp","href":"https:\/\/api.w.org\/{rel}","templated":true}]}}