{"id":23909,"date":"2014-06-10T02:00:00","date_gmt":"2014-06-10T00:00:00","guid":{"rendered":"https:\/\/pax.forenteforlag.no\/produkt\/naeringsliv-og-historie\/"},"modified":"2025-08-27T12:33:59","modified_gmt":"2025-08-27T10:33:59","slug":"naeringsliv-og-historie","status":"publish","type":"product","link":"https:\/\/staging.forenteforlag.no\/pax\/produkt\/naeringsliv-og-historie\/","title":{"rendered":"N\u00e6ringsliv og historie"},"content":{"rendered":"<p>N\u00e6ringslivet er en av det moderne samfunnets mektigste institusjoner. N\u00e6ringslivet er en drivkraft for vekst og velstand, det produserer og distribuerer varer og tjenester vi omgir oss med og det er en vesentlig arena for ut\u00f8velse av makt. Det former hvordan vi lever i fundamental forstand. Historiske studier av n\u00e6ringslivet kan dermed kaste lys over et bredt spekter av temaer, alt fra forbruksm\u00f8nstre og kj\u00f8nnsregimer, til arbeidslivsforhold, profesjonsmakt, entrepren\u00f8rskap og globalisering. Senter for n\u00e6ringslivshistorie ved Handelsh\u00f8yskolen BI har i 25 \u00e5r drevet en omfattende historisk forskning p\u00e5 norsk n\u00e6ringsliv. Forskningen spenner over et stort antall bedriftshistoriske studier, men ogs\u00e5 flere bransjestudier og unders\u00f8kelser av private og offentlige n\u00e6ringsinstitusjoner.  <\/p>\n<p>Hensikten med boken N\u00e6ringsliv og historie er \u00e5 vise feltets tilblivelse og utvikling, samt dets bredde og potensial, som bidragsyter i norsk historieforskning, som et perspektiverende alternativ til de etablerte.handelsh\u00f8yskolefagene og som premissleverand\u00f8r i den p\u00e5g\u00e5ende samfunnsdebatten. Hvorfor oppst\u00e5r finansielle kriser? Hvordan ble Norge en stor skipsfartsnasjon? Hvorfor er den norske arbeidslivsmodellen s\u00e5 robust? Hvordan skapes, utfordres og opprettholdes forestillinger om kvinnelighet og mannlighet i n\u00e6ringslivet? Eller helt enkelt<br \/>\n hvorfor drikker vi morgenkaffe? N\u00e6ringslivshistorien kan bidra med noen svar. <\/p>\n","protected":false},"excerpt":{"rendered":"<p>N\u00e6ringslivet er en av det moderne samfunnets mektigste institusjoner. N\u00e6ringslivet er en drivkraft for vekst og velstand, det produserer og distribuerer varer og tjenester vi omgir oss med og det er en vesentlig arena for ut\u00f8velse av makt. Det former hvordan vi lever i fundamental forstand. Historiske studier av n\u00e6ringslivet kan dermed kaste lys over [&hellip;]<\/p>\n","protected":false},"featured_media":29261,"template":"","meta":{"_acf_changed":false,"inline_featured_image":false},"product_brand":[],"product_cat":[1782,23],"product_tag":[607,362,439,1394],"class_list":{"0":"post-23909","1":"product","2":"type-product","3":"status-publish","4":"has-post-thumbnail","6":"product_cat-fripris","7":"product_cat-historie","8":"product_tag-bedriftshistorie","9":"product_tag-faglitteratur","10":"product_tag-nord-norge","11":"product_tag-teknikk-og-naeringsliv","12":"pa_format-innbundet","14":"first","15":"outofstock","16":"shipping-taxable","17":"purchasable","18":"product-type-simple"},"acf":{"anmeldelse":null},"yoast_head":"<!-- This site is optimized with the Yoast SEO plugin v26.6 - https:\/\/yoast.com\/wordpress\/plugins\/seo\/ -->\n<title>N\u00e6ringsliv og historie - Pax<\/title>\n<meta name=\"robots\" content=\"noindex, follow, max-snippet:-1, max-image-preview:large, max-video-preview:-1\" \/>\n<meta property=\"og:locale\" content=\"nb_NO\" \/>\n<meta property=\"og:type\" content=\"article\" \/>\n<meta property=\"og:title\" content=\"N\u00e6ringsliv og historie - Pax\" \/>\n<meta property=\"og:description\" content=\"N\u00e6ringslivet er en av det moderne samfunnets mektigste institusjoner. N\u00e6ringslivet er en drivkraft for vekst og velstand, det produserer og distribuerer varer og tjenester vi omgir oss med og det er en vesentlig arena for ut\u00f8velse av makt. Det former hvordan vi lever i fundamental forstand. Historiske studier av n\u00e6ringslivet kan dermed kaste lys over [&hellip;]\" \/>\n<meta property=\"og:url\" content=\"https:\/\/staging.forenteforlag.no\/pax\/produkt\/naeringsliv-og-historie\/\" \/>\n<meta property=\"og:site_name\" content=\"Pax\" \/>\n<meta property=\"article:modified_time\" content=\"2025-08-27T10:33:59+00:00\" \/>\n<meta property=\"og:image\" content=\"https:\/\/staging.forenteforlag.no\/pax\/wp-content\/uploads\/sites\/5\/2025\/08\/jpg-9409.jpg\" \/>\n\t<meta property=\"og:image:width\" content=\"328\" \/>\n\t<meta property=\"og:image:height\" content=\"449\" \/>\n\t<meta property=\"og:image:type\" content=\"image\/jpeg\" \/>\n<meta name=\"twitter:card\" content=\"summary_large_image\" \/>\n<meta name=\"twitter:label1\" content=\"Ansl. lesetid\" \/>\n\t<meta name=\"twitter:data1\" content=\"1 minutt\" \/>\n<script type=\"application\/ld+json\" class=\"yoast-schema-graph\">{\"@context\":\"https:\/\/schema.org\",\"@graph\":[{\"@type\":\"WebPage\",\"@id\":\"https:\/\/staging.forenteforlag.no\/pax\/produkt\/naeringsliv-og-historie\/\",\"url\":\"https:\/\/staging.forenteforlag.no\/pax\/produkt\/naeringsliv-og-historie\/\",\"name\":\"N\u00e6ringsliv og historie - Pax\",\"isPartOf\":{\"@id\":\"https:\/\/staging.forenteforlag.no\/pax\/#website\"},\"primaryImageOfPage\":{\"@id\":\"https:\/\/staging.forenteforlag.no\/pax\/produkt\/naeringsliv-og-historie\/#primaryimage\"},\"image\":{\"@id\":\"https:\/\/staging.forenteforlag.no\/pax\/produkt\/naeringsliv-og-historie\/#primaryimage\"},\"thumbnailUrl\":\"https:\/\/staging.forenteforlag.no\/pax\/wp-content\/uploads\/sites\/5\/2025\/08\/jpg-9409.jpg\",\"datePublished\":\"2014-06-10T00:00:00+00:00\",\"dateModified\":\"2025-08-27T10:33:59+00:00\",\"breadcrumb\":{\"@id\":\"https:\/\/staging.forenteforlag.no\/pax\/produkt\/naeringsliv-og-historie\/#breadcrumb\"},\"inLanguage\":\"nb-NO\",\"potentialAction\":[{\"@type\":\"ReadAction\",\"target\":[\"https:\/\/staging.forenteforlag.no\/pax\/produkt\/naeringsliv-og-historie\/\"]}]},{\"@type\":\"ImageObject\",\"inLanguage\":\"nb-NO\",\"@id\":\"https:\/\/staging.forenteforlag.no\/pax\/produkt\/naeringsliv-og-historie\/#primaryimage\",\"url\":\"https:\/\/staging.forenteforlag.no\/pax\/wp-content\/uploads\/sites\/5\/2025\/08\/jpg-9409.jpg\",\"contentUrl\":\"https:\/\/staging.forenteforlag.no\/pax\/wp-content\/uploads\/sites\/5\/2025\/08\/jpg-9409.jpg\",\"width\":328,\"height\":449},{\"@type\":\"BreadcrumbList\",\"@id\":\"https:\/\/staging.forenteforlag.no\/pax\/produkt\/naeringsliv-og-historie\/#breadcrumb\",\"itemListElement\":[{\"@type\":\"ListItem\",\"position\":1,\"name\":\"Hjem\",\"item\":\"https:\/\/staging.forenteforlag.no\/pax\/\"},{\"@type\":\"ListItem\",\"position\":2,\"name\":\"Alle b\u00f8ker\",\"item\":\"https:\/\/staging.forenteforlag.no\/pax\/butikk\/\"},{\"@type\":\"ListItem\",\"position\":3,\"name\":\"N\u00e6ringsliv og historie\"}]},{\"@type\":\"WebSite\",\"@id\":\"https:\/\/staging.forenteforlag.no\/pax\/#website\",\"url\":\"https:\/\/staging.forenteforlag.no\/pax\/\",\"name\":\"Pax\",\"description\":\"\",\"potentialAction\":[{\"@type\":\"SearchAction\",\"target\":{\"@type\":\"EntryPoint\",\"urlTemplate\":\"https:\/\/staging.forenteforlag.no\/pax\/?s={search_term_string}\"},\"query-input\":{\"@type\":\"PropertyValueSpecification\",\"valueRequired\":true,\"valueName\":\"search_term_string\"}}],\"inLanguage\":\"nb-NO\"}]}<\/script>\n<!-- \/ Yoast SEO plugin. -->","yoast_head_json":{"title":"N\u00e6ringsliv og historie - Pax","robots":{"index":"noindex","follow":"follow","max-snippet":"max-snippet:-1","max-image-preview":"max-image-preview:large","max-video-preview":"max-video-preview:-1"},"og_locale":"nb_NO","og_type":"article","og_title":"N\u00e6ringsliv og historie - Pax","og_description":"N\u00e6ringslivet er en av det moderne samfunnets mektigste institusjoner. N\u00e6ringslivet er en drivkraft for vekst og velstand, det produserer og distribuerer varer og tjenester vi omgir oss med og det er en vesentlig arena for ut\u00f8velse av makt. Det former hvordan vi lever i fundamental forstand. Historiske studier av n\u00e6ringslivet kan dermed kaste lys over [&hellip;]","og_url":"https:\/\/staging.forenteforlag.no\/pax\/produkt\/naeringsliv-og-historie\/","og_site_name":"Pax","article_modified_time":"2025-08-27T10:33:59+00:00","og_image":[{"width":328,"height":449,"url":"https:\/\/staging.forenteforlag.no\/pax\/wp-content\/uploads\/sites\/5\/2025\/08\/jpg-9409.jpg","type":"image\/jpeg"}],"twitter_card":"summary_large_image","twitter_misc":{"Ansl. lesetid":"1 minutt"},"schema":{"@context":"https:\/\/schema.org","@graph":[{"@type":"WebPage","@id":"https:\/\/staging.forenteforlag.no\/pax\/produkt\/naeringsliv-og-historie\/","url":"https:\/\/staging.forenteforlag.no\/pax\/produkt\/naeringsliv-og-historie\/","name":"N\u00e6ringsliv og historie - Pax","isPartOf":{"@id":"https:\/\/staging.forenteforlag.no\/pax\/#website"},"primaryImageOfPage":{"@id":"https:\/\/staging.forenteforlag.no\/pax\/produkt\/naeringsliv-og-historie\/#primaryimage"},"image":{"@id":"https:\/\/staging.forenteforlag.no\/pax\/produkt\/naeringsliv-og-historie\/#primaryimage"},"thumbnailUrl":"https:\/\/staging.forenteforlag.no\/pax\/wp-content\/uploads\/sites\/5\/2025\/08\/jpg-9409.jpg","datePublished":"2014-06-10T00:00:00+00:00","dateModified":"2025-08-27T10:33:59+00:00","breadcrumb":{"@id":"https:\/\/staging.forenteforlag.no\/pax\/produkt\/naeringsliv-og-historie\/#breadcrumb"},"inLanguage":"nb-NO","potentialAction":[{"@type":"ReadAction","target":["https:\/\/staging.forenteforlag.no\/pax\/produkt\/naeringsliv-og-historie\/"]}]},{"@type":"ImageObject","inLanguage":"nb-NO","@id":"https:\/\/staging.forenteforlag.no\/pax\/produkt\/naeringsliv-og-historie\/#primaryimage","url":"https:\/\/staging.forenteforlag.no\/pax\/wp-content\/uploads\/sites\/5\/2025\/08\/jpg-9409.jpg","contentUrl":"https:\/\/staging.forenteforlag.no\/pax\/wp-content\/uploads\/sites\/5\/2025\/08\/jpg-9409.jpg","width":328,"height":449},{"@type":"BreadcrumbList","@id":"https:\/\/staging.forenteforlag.no\/pax\/produkt\/naeringsliv-og-historie\/#breadcrumb","itemListElement":[{"@type":"ListItem","position":1,"name":"Hjem","item":"https:\/\/staging.forenteforlag.no\/pax\/"},{"@type":"ListItem","position":2,"name":"Alle b\u00f8ker","item":"https:\/\/staging.forenteforlag.no\/pax\/butikk\/"},{"@type":"ListItem","position":3,"name":"N\u00e6ringsliv og historie"}]},{"@type":"WebSite","@id":"https:\/\/staging.forenteforlag.no\/pax\/#website","url":"https:\/\/staging.forenteforlag.no\/pax\/","name":"Pax","description":"","potentialAction":[{"@type":"SearchAction","target":{"@type":"EntryPoint","urlTemplate":"https:\/\/staging.forenteforlag.no\/pax\/?s={search_term_string}"},"query-input":{"@type":"PropertyValueSpecification","valueRequired":true,"valueName":"search_term_string"}}],"inLanguage":"nb-NO"}]}},"_links":{"self":[{"href":"https:\/\/staging.forenteforlag.no\/pax\/wp-json\/wp\/v2\/product\/23909","targetHints":{"allow":["GET"]}}],"collection":[{"href":"https:\/\/staging.forenteforlag.no\/pax\/wp-json\/wp\/v2\/product"}],"about":[{"href":"https:\/\/staging.forenteforlag.no\/pax\/wp-json\/wp\/v2\/types\/product"}],"wp:featuredmedia":[{"embeddable":true,"href":"https:\/\/staging.forenteforlag.no\/pax\/wp-json\/wp\/v2\/media\/29261"}],"wp:attachment":[{"href":"https:\/\/staging.forenteforlag.no\/pax\/wp-json\/wp\/v2\/media?parent=23909"}],"wp:term":[{"taxonomy":"product_brand","embeddable":true,"href":"https:\/\/staging.forenteforlag.no\/pax\/wp-json\/wp\/v2\/product_brand?post=23909"},{"taxonomy":"product_cat","embeddable":true,"href":"https:\/\/staging.forenteforlag.no\/pax\/wp-json\/wp\/v2\/product_cat?post=23909"},{"taxonomy":"product_tag","embeddable":true,"href":"https:\/\/staging.forenteforlag.no\/pax\/wp-json\/wp\/v2\/product_tag?post=23909"}],"curies":[{"name":"wp","href":"https:\/\/api.w.org\/{rel}","templated":true}]}}