{"id":23903,"date":"2017-04-25T02:00:00","date_gmt":"2017-04-25T00:00:00","guid":{"rendered":"https:\/\/pax.forenteforlag.no\/produkt\/mrs-dalloway\/"},"modified":"2026-02-09T05:47:27","modified_gmt":"2026-02-09T04:47:27","slug":"mrs-dalloway","status":"publish","type":"product","link":"https:\/\/staging.forenteforlag.no\/pax\/produkt\/mrs-dalloway\/","title":{"rendered":"Mrs. Dalloway"},"content":{"rendered":"<p>En av v\u00e5re st\u00f8rste moderne klassikere i str\u00e5lende ny norsk oversettelse <\/p>\n<p>Tidlig en junimorgen g\u00e5r Clarissa Dalloway ut for \u00e5 kj\u00f8pe blomster. Om kvelden skal hun holde fest. Huset skal fylles med fremtredende gjester. Selv er Clarissa n\u00e5 i femti\u00e5rene, en sjarmerende og perfekt vertinne, og lykkelig gift. Likevel g\u00e5r tankene hennes denne dagen stadig til ungdomskj\u00e6resten Peter Walsh, som n\u00e5 er ventet tilbake til London etter mange \u00e5r.  <\/p>\n<p>&laquo;Mrs. Dalloway&raquo; foreg\u00e5r i l\u00f8pet av et enkelt d\u00f8gn i London p\u00e5 1920-tallet, en by som fortsatt er sterkt preget av hendelsene fra f\u00f8rste verdenskrig. Gjennom sin spesielle stream of consciousness-teknikk lar Woolf romanens ulike karakterer komme til orde gjennom \u00e5 skildre deres indre tanker og monologer. P\u00e5 denne m\u00e5ten kommer de forskjellige personenes liv til \u00e5 krysse hverandre p\u00e5 de mest uventede vis. Det blir et innholdsrikt d\u00f8gn der personlige minner og refleksjoner om livet f\u00e5r stort spillerom.  <\/p>\n<p>&laquo;Mrs. Dalloway&raquo; er et av modernismens st\u00f8rste og mest elskede hovedverk, og kommer n\u00e5 p\u00e5 norsk i ny utgave ved Merete Alfsen, som med dette har oversatt sin \u00e5ttende bok av Virginia Woolf til norsk, til glede for b\u00e5de nye og gamle lesere. <\/p>\n<p>Etterord av Inger Merete Hobbelstad<\/p>\n","protected":false},"excerpt":{"rendered":"<p>En av v\u00e5re st\u00f8rste moderne klassikere i str\u00e5lende ny norsk oversettelse Tidlig en junimorgen g\u00e5r Clarissa Dalloway ut for \u00e5 kj\u00f8pe blomster. Om kvelden skal hun holde fest. Huset skal fylles med fremtredende gjester. Selv er Clarissa n\u00e5 i femti\u00e5rene, en sjarmerende og perfekt vertinne, og lykkelig gift. Likevel g\u00e5r tankene hennes denne dagen stadig [&hellip;]<\/p>\n","protected":false},"featured_media":29418,"template":"","meta":{"_acf_changed":false,"inline_featured_image":false},"product_brand":[],"product_cat":[1782,40],"product_tag":[370],"class_list":{"0":"post-23903","1":"product","2":"type-product","3":"status-publish","4":"has-post-thumbnail","6":"product_cat-fripris","7":"product_cat-romaner","8":"product_tag-skjonnlitteratur","9":"pa_format-innbundet","11":"first","12":"instock","13":"shipping-taxable","14":"purchasable","15":"product-type-simple"},"acf":{"anmeldelse":null},"yoast_head":"<!-- This site is optimized with the Yoast SEO plugin v26.6 - https:\/\/yoast.com\/wordpress\/plugins\/seo\/ -->\n<title>Mrs. Dalloway - Pax<\/title>\n<meta name=\"robots\" content=\"noindex, follow, max-snippet:-1, max-image-preview:large, max-video-preview:-1\" \/>\n<meta property=\"og:locale\" content=\"nb_NO\" \/>\n<meta property=\"og:type\" content=\"article\" \/>\n<meta property=\"og:title\" content=\"Mrs. Dalloway - Pax\" \/>\n<meta property=\"og:description\" content=\"En av v\u00e5re st\u00f8rste moderne klassikere i str\u00e5lende ny norsk oversettelse Tidlig en junimorgen g\u00e5r Clarissa Dalloway ut for \u00e5 kj\u00f8pe blomster. Om kvelden skal hun holde fest. Huset skal fylles med fremtredende gjester. Selv er Clarissa n\u00e5 i femti\u00e5rene, en sjarmerende og perfekt vertinne, og lykkelig gift. Likevel g\u00e5r tankene hennes denne dagen stadig [&hellip;]\" \/>\n<meta property=\"og:url\" content=\"https:\/\/staging.forenteforlag.no\/pax\/produkt\/mrs-dalloway\/\" \/>\n<meta property=\"og:site_name\" content=\"Pax\" \/>\n<meta property=\"article:modified_time\" content=\"2026-02-09T04:47:27+00:00\" \/>\n<meta property=\"og:image\" content=\"https:\/\/staging.forenteforlag.no\/pax\/wp-content\/uploads\/sites\/5\/2025\/08\/jpg-9885-scaled.jpg\" \/>\n\t<meta property=\"og:image:width\" content=\"1234\" \/>\n\t<meta property=\"og:image:height\" content=\"1920\" \/>\n\t<meta property=\"og:image:type\" content=\"image\/jpeg\" \/>\n<meta name=\"twitter:card\" content=\"summary_large_image\" \/>\n<meta name=\"twitter:label1\" content=\"Ansl. lesetid\" \/>\n\t<meta name=\"twitter:data1\" content=\"1 minutt\" \/>\n<script type=\"application\/ld+json\" class=\"yoast-schema-graph\">{\"@context\":\"https:\/\/schema.org\",\"@graph\":[{\"@type\":\"WebPage\",\"@id\":\"https:\/\/staging.forenteforlag.no\/pax\/produkt\/mrs-dalloway\/\",\"url\":\"https:\/\/staging.forenteforlag.no\/pax\/produkt\/mrs-dalloway\/\",\"name\":\"Mrs. Dalloway - Pax\",\"isPartOf\":{\"@id\":\"https:\/\/staging.forenteforlag.no\/pax\/#website\"},\"primaryImageOfPage\":{\"@id\":\"https:\/\/staging.forenteforlag.no\/pax\/produkt\/mrs-dalloway\/#primaryimage\"},\"image\":{\"@id\":\"https:\/\/staging.forenteforlag.no\/pax\/produkt\/mrs-dalloway\/#primaryimage\"},\"thumbnailUrl\":\"https:\/\/staging.forenteforlag.no\/pax\/wp-content\/uploads\/sites\/5\/2025\/08\/jpg-9885-scaled.jpg\",\"datePublished\":\"2017-04-25T00:00:00+00:00\",\"dateModified\":\"2026-02-09T04:47:27+00:00\",\"breadcrumb\":{\"@id\":\"https:\/\/staging.forenteforlag.no\/pax\/produkt\/mrs-dalloway\/#breadcrumb\"},\"inLanguage\":\"nb-NO\",\"potentialAction\":[{\"@type\":\"ReadAction\",\"target\":[\"https:\/\/staging.forenteforlag.no\/pax\/produkt\/mrs-dalloway\/\"]}]},{\"@type\":\"ImageObject\",\"inLanguage\":\"nb-NO\",\"@id\":\"https:\/\/staging.forenteforlag.no\/pax\/produkt\/mrs-dalloway\/#primaryimage\",\"url\":\"https:\/\/staging.forenteforlag.no\/pax\/wp-content\/uploads\/sites\/5\/2025\/08\/jpg-9885-scaled.jpg\",\"contentUrl\":\"https:\/\/staging.forenteforlag.no\/pax\/wp-content\/uploads\/sites\/5\/2025\/08\/jpg-9885-scaled.jpg\",\"width\":1234,\"height\":1920},{\"@type\":\"BreadcrumbList\",\"@id\":\"https:\/\/staging.forenteforlag.no\/pax\/produkt\/mrs-dalloway\/#breadcrumb\",\"itemListElement\":[{\"@type\":\"ListItem\",\"position\":1,\"name\":\"Hjem\",\"item\":\"https:\/\/staging.forenteforlag.no\/pax\/\"},{\"@type\":\"ListItem\",\"position\":2,\"name\":\"Alle b\u00f8ker\",\"item\":\"https:\/\/staging.forenteforlag.no\/pax\/butikk\/\"},{\"@type\":\"ListItem\",\"position\":3,\"name\":\"Mrs. Dalloway\"}]},{\"@type\":\"WebSite\",\"@id\":\"https:\/\/staging.forenteforlag.no\/pax\/#website\",\"url\":\"https:\/\/staging.forenteforlag.no\/pax\/\",\"name\":\"Pax\",\"description\":\"\",\"potentialAction\":[{\"@type\":\"SearchAction\",\"target\":{\"@type\":\"EntryPoint\",\"urlTemplate\":\"https:\/\/staging.forenteforlag.no\/pax\/?s={search_term_string}\"},\"query-input\":{\"@type\":\"PropertyValueSpecification\",\"valueRequired\":true,\"valueName\":\"search_term_string\"}}],\"inLanguage\":\"nb-NO\"}]}<\/script>\n<!-- \/ Yoast SEO plugin. -->","yoast_head_json":{"title":"Mrs. Dalloway - Pax","robots":{"index":"noindex","follow":"follow","max-snippet":"max-snippet:-1","max-image-preview":"max-image-preview:large","max-video-preview":"max-video-preview:-1"},"og_locale":"nb_NO","og_type":"article","og_title":"Mrs. Dalloway - Pax","og_description":"En av v\u00e5re st\u00f8rste moderne klassikere i str\u00e5lende ny norsk oversettelse Tidlig en junimorgen g\u00e5r Clarissa Dalloway ut for \u00e5 kj\u00f8pe blomster. Om kvelden skal hun holde fest. Huset skal fylles med fremtredende gjester. Selv er Clarissa n\u00e5 i femti\u00e5rene, en sjarmerende og perfekt vertinne, og lykkelig gift. Likevel g\u00e5r tankene hennes denne dagen stadig [&hellip;]","og_url":"https:\/\/staging.forenteforlag.no\/pax\/produkt\/mrs-dalloway\/","og_site_name":"Pax","article_modified_time":"2026-02-09T04:47:27+00:00","og_image":[{"width":1234,"height":1920,"url":"https:\/\/staging.forenteforlag.no\/pax\/wp-content\/uploads\/sites\/5\/2025\/08\/jpg-9885-scaled.jpg","type":"image\/jpeg"}],"twitter_card":"summary_large_image","twitter_misc":{"Ansl. lesetid":"1 minutt"},"schema":{"@context":"https:\/\/schema.org","@graph":[{"@type":"WebPage","@id":"https:\/\/staging.forenteforlag.no\/pax\/produkt\/mrs-dalloway\/","url":"https:\/\/staging.forenteforlag.no\/pax\/produkt\/mrs-dalloway\/","name":"Mrs. Dalloway - Pax","isPartOf":{"@id":"https:\/\/staging.forenteforlag.no\/pax\/#website"},"primaryImageOfPage":{"@id":"https:\/\/staging.forenteforlag.no\/pax\/produkt\/mrs-dalloway\/#primaryimage"},"image":{"@id":"https:\/\/staging.forenteforlag.no\/pax\/produkt\/mrs-dalloway\/#primaryimage"},"thumbnailUrl":"https:\/\/staging.forenteforlag.no\/pax\/wp-content\/uploads\/sites\/5\/2025\/08\/jpg-9885-scaled.jpg","datePublished":"2017-04-25T00:00:00+00:00","dateModified":"2026-02-09T04:47:27+00:00","breadcrumb":{"@id":"https:\/\/staging.forenteforlag.no\/pax\/produkt\/mrs-dalloway\/#breadcrumb"},"inLanguage":"nb-NO","potentialAction":[{"@type":"ReadAction","target":["https:\/\/staging.forenteforlag.no\/pax\/produkt\/mrs-dalloway\/"]}]},{"@type":"ImageObject","inLanguage":"nb-NO","@id":"https:\/\/staging.forenteforlag.no\/pax\/produkt\/mrs-dalloway\/#primaryimage","url":"https:\/\/staging.forenteforlag.no\/pax\/wp-content\/uploads\/sites\/5\/2025\/08\/jpg-9885-scaled.jpg","contentUrl":"https:\/\/staging.forenteforlag.no\/pax\/wp-content\/uploads\/sites\/5\/2025\/08\/jpg-9885-scaled.jpg","width":1234,"height":1920},{"@type":"BreadcrumbList","@id":"https:\/\/staging.forenteforlag.no\/pax\/produkt\/mrs-dalloway\/#breadcrumb","itemListElement":[{"@type":"ListItem","position":1,"name":"Hjem","item":"https:\/\/staging.forenteforlag.no\/pax\/"},{"@type":"ListItem","position":2,"name":"Alle b\u00f8ker","item":"https:\/\/staging.forenteforlag.no\/pax\/butikk\/"},{"@type":"ListItem","position":3,"name":"Mrs. Dalloway"}]},{"@type":"WebSite","@id":"https:\/\/staging.forenteforlag.no\/pax\/#website","url":"https:\/\/staging.forenteforlag.no\/pax\/","name":"Pax","description":"","potentialAction":[{"@type":"SearchAction","target":{"@type":"EntryPoint","urlTemplate":"https:\/\/staging.forenteforlag.no\/pax\/?s={search_term_string}"},"query-input":{"@type":"PropertyValueSpecification","valueRequired":true,"valueName":"search_term_string"}}],"inLanguage":"nb-NO"}]}},"_links":{"self":[{"href":"https:\/\/staging.forenteforlag.no\/pax\/wp-json\/wp\/v2\/product\/23903","targetHints":{"allow":["GET"]}}],"collection":[{"href":"https:\/\/staging.forenteforlag.no\/pax\/wp-json\/wp\/v2\/product"}],"about":[{"href":"https:\/\/staging.forenteforlag.no\/pax\/wp-json\/wp\/v2\/types\/product"}],"wp:featuredmedia":[{"embeddable":true,"href":"https:\/\/staging.forenteforlag.no\/pax\/wp-json\/wp\/v2\/media\/29418"}],"wp:attachment":[{"href":"https:\/\/staging.forenteforlag.no\/pax\/wp-json\/wp\/v2\/media?parent=23903"}],"wp:term":[{"taxonomy":"product_brand","embeddable":true,"href":"https:\/\/staging.forenteforlag.no\/pax\/wp-json\/wp\/v2\/product_brand?post=23903"},{"taxonomy":"product_cat","embeddable":true,"href":"https:\/\/staging.forenteforlag.no\/pax\/wp-json\/wp\/v2\/product_cat?post=23903"},{"taxonomy":"product_tag","embeddable":true,"href":"https:\/\/staging.forenteforlag.no\/pax\/wp-json\/wp\/v2\/product_tag?post=23903"}],"curies":[{"name":"wp","href":"https:\/\/api.w.org\/{rel}","templated":true}]}}