{"id":23900,"date":"2016-03-11T01:00:00","date_gmt":"2016-03-11T00:00:00","guid":{"rendered":"https:\/\/pax.forenteforlag.no\/produkt\/arkitekt-lars-backer-og-hans-tid\/"},"modified":"2025-08-27T11:03:44","modified_gmt":"2025-08-27T09:03:44","slug":"arkitekt-lars-backer-og-hans-tid","status":"publish","type":"product","link":"https:\/\/staging.forenteforlag.no\/pax\/produkt\/arkitekt-lars-backer-og-hans-tid\/","title":{"rendered":"Arkitekt Lars Backer og hans tid"},"content":{"rendered":"<p>Lars Backer har en helt spesiell posisjon i norsk arkitekturhistorie. Selv om han<br \/>\nd\u00f8de i 1930, bare 38 \u00e5r gammel, rakk han \u00e5 fullf\u00f8re helt sentrale verk. Han var den som innf\u00f8rte funksjonalismen i Norge: Ekebergrestauranten, Horng\u00e5rden p\u00e5 Egertorget og restaurant Skansen som l\u00e5 p\u00e5 Kontraskj\u00e6ret. Backer startet som klassisist, men samtiden oppfattet ham som, den nye tids mann, den som personifiserte den nye perioden man sto ved terskelen til. <\/p>\n<p>Bokas tema er ikke bare de bygningene Lars Backer tegnet. Det er brakt inn mer biografisk stoff enn vi har v\u00e6rt vant til i denne sjangeren i Norge, og det er gitt rom for et st\u00f8rre persongalleri og et forsterket kulturhistorisk perspektiv.<br \/>\nKapitlene konsentrerer seg om en periode i Lars Backers liv eller tar for seg sentrale verk og hva den bygningstypen betydde i Norge p\u00e5 den tiden. Det redegj\u00f8res for Lars Backers rolle som et bindeledd mellom den internasjonale utviklingen og det norske milj\u00f8et.<\/p>\n","protected":false},"excerpt":{"rendered":"<p>Lars Backer har en helt spesiell posisjon i norsk arkitekturhistorie. Selv om han d\u00f8de i 1930, bare 38 \u00e5r gammel, rakk han \u00e5 fullf\u00f8re helt sentrale verk. Han var den som innf\u00f8rte funksjonalismen i Norge: Ekebergrestauranten, Horng\u00e5rden p\u00e5 Egertorget og restaurant Skansen som l\u00e5 p\u00e5 Kontraskj\u00e6ret. Backer startet som klassisist, men samtiden oppfattet ham som, [&hellip;]<\/p>\n","protected":false},"featured_media":28798,"template":"","meta":{"_acf_changed":false,"inline_featured_image":false},"product_brand":[],"product_cat":[19,20,1782],"product_tag":[438,362,439,417],"class_list":{"0":"post-23900","1":"product","2":"type-product","3":"status-publish","4":"has-post-thumbnail","6":"product_cat-arkitektur","7":"product_cat-biografier-og-memoarer","8":"product_cat-fripris","9":"product_tag-arkitektur","10":"product_tag-faglitteratur","11":"product_tag-nord-norge","12":"product_tag-selvbiografier","13":"pa_format-innbundet","15":"first","16":"instock","17":"shipping-taxable","18":"purchasable","19":"product-type-simple"},"acf":{"anmeldelse":null},"yoast_head":"<!-- This site is optimized with the Yoast SEO plugin v26.6 - https:\/\/yoast.com\/wordpress\/plugins\/seo\/ -->\n<title>Arkitekt Lars Backer og hans tid - Pax<\/title>\n<meta name=\"robots\" content=\"noindex, follow, max-snippet:-1, max-image-preview:large, max-video-preview:-1\" \/>\n<meta property=\"og:locale\" content=\"nb_NO\" \/>\n<meta property=\"og:type\" content=\"article\" \/>\n<meta property=\"og:title\" content=\"Arkitekt Lars Backer og hans tid - Pax\" \/>\n<meta property=\"og:description\" content=\"Lars Backer har en helt spesiell posisjon i norsk arkitekturhistorie. Selv om han d\u00f8de i 1930, bare 38 \u00e5r gammel, rakk han \u00e5 fullf\u00f8re helt sentrale verk. Han var den som innf\u00f8rte funksjonalismen i Norge: Ekebergrestauranten, Horng\u00e5rden p\u00e5 Egertorget og restaurant Skansen som l\u00e5 p\u00e5 Kontraskj\u00e6ret. Backer startet som klassisist, men samtiden oppfattet ham som, [&hellip;]\" \/>\n<meta property=\"og:url\" content=\"https:\/\/staging.forenteforlag.no\/pax\/produkt\/arkitekt-lars-backer-og-hans-tid\/\" \/>\n<meta property=\"og:site_name\" content=\"Pax\" \/>\n<meta property=\"article:modified_time\" content=\"2025-08-27T09:03:44+00:00\" \/>\n<meta property=\"og:image\" content=\"https:\/\/staging.forenteforlag.no\/pax\/wp-content\/uploads\/sites\/5\/2025\/08\/jpg-8023-scaled-1-scaled.jpg\" \/>\n\t<meta property=\"og:image:width\" content=\"1722\" \/>\n\t<meta property=\"og:image:height\" content=\"1920\" \/>\n\t<meta property=\"og:image:type\" content=\"image\/jpeg\" \/>\n<meta name=\"twitter:card\" content=\"summary_large_image\" \/>\n<meta name=\"twitter:label1\" content=\"Ansl. lesetid\" \/>\n\t<meta name=\"twitter:data1\" content=\"1 minutt\" \/>\n<script type=\"application\/ld+json\" class=\"yoast-schema-graph\">{\"@context\":\"https:\/\/schema.org\",\"@graph\":[{\"@type\":\"WebPage\",\"@id\":\"https:\/\/staging.forenteforlag.no\/pax\/produkt\/arkitekt-lars-backer-og-hans-tid\/\",\"url\":\"https:\/\/staging.forenteforlag.no\/pax\/produkt\/arkitekt-lars-backer-og-hans-tid\/\",\"name\":\"Arkitekt Lars Backer og hans tid - Pax\",\"isPartOf\":{\"@id\":\"https:\/\/staging.forenteforlag.no\/pax\/#website\"},\"primaryImageOfPage\":{\"@id\":\"https:\/\/staging.forenteforlag.no\/pax\/produkt\/arkitekt-lars-backer-og-hans-tid\/#primaryimage\"},\"image\":{\"@id\":\"https:\/\/staging.forenteforlag.no\/pax\/produkt\/arkitekt-lars-backer-og-hans-tid\/#primaryimage\"},\"thumbnailUrl\":\"https:\/\/staging.forenteforlag.no\/pax\/wp-content\/uploads\/sites\/5\/2025\/08\/jpg-8023-scaled-1-scaled.jpg\",\"datePublished\":\"2016-03-11T00:00:00+00:00\",\"dateModified\":\"2025-08-27T09:03:44+00:00\",\"breadcrumb\":{\"@id\":\"https:\/\/staging.forenteforlag.no\/pax\/produkt\/arkitekt-lars-backer-og-hans-tid\/#breadcrumb\"},\"inLanguage\":\"nb-NO\",\"potentialAction\":[{\"@type\":\"ReadAction\",\"target\":[\"https:\/\/staging.forenteforlag.no\/pax\/produkt\/arkitekt-lars-backer-og-hans-tid\/\"]}]},{\"@type\":\"ImageObject\",\"inLanguage\":\"nb-NO\",\"@id\":\"https:\/\/staging.forenteforlag.no\/pax\/produkt\/arkitekt-lars-backer-og-hans-tid\/#primaryimage\",\"url\":\"https:\/\/staging.forenteforlag.no\/pax\/wp-content\/uploads\/sites\/5\/2025\/08\/jpg-8023-scaled-1-scaled.jpg\",\"contentUrl\":\"https:\/\/staging.forenteforlag.no\/pax\/wp-content\/uploads\/sites\/5\/2025\/08\/jpg-8023-scaled-1-scaled.jpg\",\"width\":1722,\"height\":1920},{\"@type\":\"BreadcrumbList\",\"@id\":\"https:\/\/staging.forenteforlag.no\/pax\/produkt\/arkitekt-lars-backer-og-hans-tid\/#breadcrumb\",\"itemListElement\":[{\"@type\":\"ListItem\",\"position\":1,\"name\":\"Hjem\",\"item\":\"https:\/\/staging.forenteforlag.no\/pax\/\"},{\"@type\":\"ListItem\",\"position\":2,\"name\":\"Alle b\u00f8ker\",\"item\":\"https:\/\/staging.forenteforlag.no\/pax\/butikk\/\"},{\"@type\":\"ListItem\",\"position\":3,\"name\":\"Arkitekt Lars Backer og hans tid\"}]},{\"@type\":\"WebSite\",\"@id\":\"https:\/\/staging.forenteforlag.no\/pax\/#website\",\"url\":\"https:\/\/staging.forenteforlag.no\/pax\/\",\"name\":\"Pax\",\"description\":\"\",\"potentialAction\":[{\"@type\":\"SearchAction\",\"target\":{\"@type\":\"EntryPoint\",\"urlTemplate\":\"https:\/\/staging.forenteforlag.no\/pax\/?s={search_term_string}\"},\"query-input\":{\"@type\":\"PropertyValueSpecification\",\"valueRequired\":true,\"valueName\":\"search_term_string\"}}],\"inLanguage\":\"nb-NO\"}]}<\/script>\n<!-- \/ Yoast SEO plugin. -->","yoast_head_json":{"title":"Arkitekt Lars Backer og hans tid - Pax","robots":{"index":"noindex","follow":"follow","max-snippet":"max-snippet:-1","max-image-preview":"max-image-preview:large","max-video-preview":"max-video-preview:-1"},"og_locale":"nb_NO","og_type":"article","og_title":"Arkitekt Lars Backer og hans tid - Pax","og_description":"Lars Backer har en helt spesiell posisjon i norsk arkitekturhistorie. Selv om han d\u00f8de i 1930, bare 38 \u00e5r gammel, rakk han \u00e5 fullf\u00f8re helt sentrale verk. Han var den som innf\u00f8rte funksjonalismen i Norge: Ekebergrestauranten, Horng\u00e5rden p\u00e5 Egertorget og restaurant Skansen som l\u00e5 p\u00e5 Kontraskj\u00e6ret. Backer startet som klassisist, men samtiden oppfattet ham som, [&hellip;]","og_url":"https:\/\/staging.forenteforlag.no\/pax\/produkt\/arkitekt-lars-backer-og-hans-tid\/","og_site_name":"Pax","article_modified_time":"2025-08-27T09:03:44+00:00","og_image":[{"width":1722,"height":1920,"url":"https:\/\/staging.forenteforlag.no\/pax\/wp-content\/uploads\/sites\/5\/2025\/08\/jpg-8023-scaled-1-scaled.jpg","type":"image\/jpeg"}],"twitter_card":"summary_large_image","twitter_misc":{"Ansl. lesetid":"1 minutt"},"schema":{"@context":"https:\/\/schema.org","@graph":[{"@type":"WebPage","@id":"https:\/\/staging.forenteforlag.no\/pax\/produkt\/arkitekt-lars-backer-og-hans-tid\/","url":"https:\/\/staging.forenteforlag.no\/pax\/produkt\/arkitekt-lars-backer-og-hans-tid\/","name":"Arkitekt Lars Backer og hans tid - Pax","isPartOf":{"@id":"https:\/\/staging.forenteforlag.no\/pax\/#website"},"primaryImageOfPage":{"@id":"https:\/\/staging.forenteforlag.no\/pax\/produkt\/arkitekt-lars-backer-og-hans-tid\/#primaryimage"},"image":{"@id":"https:\/\/staging.forenteforlag.no\/pax\/produkt\/arkitekt-lars-backer-og-hans-tid\/#primaryimage"},"thumbnailUrl":"https:\/\/staging.forenteforlag.no\/pax\/wp-content\/uploads\/sites\/5\/2025\/08\/jpg-8023-scaled-1-scaled.jpg","datePublished":"2016-03-11T00:00:00+00:00","dateModified":"2025-08-27T09:03:44+00:00","breadcrumb":{"@id":"https:\/\/staging.forenteforlag.no\/pax\/produkt\/arkitekt-lars-backer-og-hans-tid\/#breadcrumb"},"inLanguage":"nb-NO","potentialAction":[{"@type":"ReadAction","target":["https:\/\/staging.forenteforlag.no\/pax\/produkt\/arkitekt-lars-backer-og-hans-tid\/"]}]},{"@type":"ImageObject","inLanguage":"nb-NO","@id":"https:\/\/staging.forenteforlag.no\/pax\/produkt\/arkitekt-lars-backer-og-hans-tid\/#primaryimage","url":"https:\/\/staging.forenteforlag.no\/pax\/wp-content\/uploads\/sites\/5\/2025\/08\/jpg-8023-scaled-1-scaled.jpg","contentUrl":"https:\/\/staging.forenteforlag.no\/pax\/wp-content\/uploads\/sites\/5\/2025\/08\/jpg-8023-scaled-1-scaled.jpg","width":1722,"height":1920},{"@type":"BreadcrumbList","@id":"https:\/\/staging.forenteforlag.no\/pax\/produkt\/arkitekt-lars-backer-og-hans-tid\/#breadcrumb","itemListElement":[{"@type":"ListItem","position":1,"name":"Hjem","item":"https:\/\/staging.forenteforlag.no\/pax\/"},{"@type":"ListItem","position":2,"name":"Alle b\u00f8ker","item":"https:\/\/staging.forenteforlag.no\/pax\/butikk\/"},{"@type":"ListItem","position":3,"name":"Arkitekt Lars Backer og hans tid"}]},{"@type":"WebSite","@id":"https:\/\/staging.forenteforlag.no\/pax\/#website","url":"https:\/\/staging.forenteforlag.no\/pax\/","name":"Pax","description":"","potentialAction":[{"@type":"SearchAction","target":{"@type":"EntryPoint","urlTemplate":"https:\/\/staging.forenteforlag.no\/pax\/?s={search_term_string}"},"query-input":{"@type":"PropertyValueSpecification","valueRequired":true,"valueName":"search_term_string"}}],"inLanguage":"nb-NO"}]}},"_links":{"self":[{"href":"https:\/\/staging.forenteforlag.no\/pax\/wp-json\/wp\/v2\/product\/23900","targetHints":{"allow":["GET"]}}],"collection":[{"href":"https:\/\/staging.forenteforlag.no\/pax\/wp-json\/wp\/v2\/product"}],"about":[{"href":"https:\/\/staging.forenteforlag.no\/pax\/wp-json\/wp\/v2\/types\/product"}],"wp:featuredmedia":[{"embeddable":true,"href":"https:\/\/staging.forenteforlag.no\/pax\/wp-json\/wp\/v2\/media\/28798"}],"wp:attachment":[{"href":"https:\/\/staging.forenteforlag.no\/pax\/wp-json\/wp\/v2\/media?parent=23900"}],"wp:term":[{"taxonomy":"product_brand","embeddable":true,"href":"https:\/\/staging.forenteforlag.no\/pax\/wp-json\/wp\/v2\/product_brand?post=23900"},{"taxonomy":"product_cat","embeddable":true,"href":"https:\/\/staging.forenteforlag.no\/pax\/wp-json\/wp\/v2\/product_cat?post=23900"},{"taxonomy":"product_tag","embeddable":true,"href":"https:\/\/staging.forenteforlag.no\/pax\/wp-json\/wp\/v2\/product_tag?post=23900"}],"curies":[{"name":"wp","href":"https:\/\/api.w.org\/{rel}","templated":true}]}}