{"id":23888,"date":"2016-10-25T02:00:00","date_gmt":"2016-10-25T00:00:00","guid":{"rendered":"https:\/\/pax.forenteforlag.no\/produkt\/historisk-atlas-over-oslo\/"},"modified":"2025-08-27T11:38:19","modified_gmt":"2025-08-27T09:38:19","slug":"historisk-atlas-over-oslo","status":"publish","type":"product","link":"https:\/\/staging.forenteforlag.no\/pax\/produkt\/historisk-atlas-over-oslo\/","title":{"rendered":"Historisk atlas over Oslo"},"content":{"rendered":"<p>Historiske bykart er vakre og viktige kilder til byhistorie.<br \/>\nDe er uunnv\u00e6rlige som supplement til skriftlige kilder og billedmateriale om den eksisterende byen. Blant norske byer er Christiania\/Oslo en av de best kartlagte. Vi kan finne den p\u00e5 kart ca. 400 \u00e5r tilbake i tid. Men vi har manglet et historisk atlas &#8211; en samlet kronologisk fremstilling.  I1814 ble provinsbyen hovedstad, noe som utl\u00f8ste en omfattende byggevirksomhet for \u00e5 f\u00e5 statsmaktene i hus. Med industrialiseringen p\u00e5 1800-tallet \u00f8kte folketallet og boligbyggingen. Ny infrastruktur endret byen. P\u00e5 kart blir veksten &#8211; og den sosiale og teknologiske utviklingen &#8211; synlig og forst\u00e5elig: havneanlegg og kj\u00f8rbare veier, vannledninger og kloakkr\u00f8r, gass, jernbane, telefon, elektrisitet &#8211; og sporveier. Kartene forteller om byens kontinuerlige forandring. Historisk atlas for Oslo er b\u00e5de et uerstattelig oppslagsverk og en gedigen prakt- og gavebok.  <\/p>\n<p>1624-1814. Kartene er i denne perioden hovedsakelig lagd av og for milit\u00e6re, med utgangspunkt i Akershus festning. De som i tillegg viser byen, f\u00e5r frem hvordan bebyggelsen vokste utover i Bj\u00f8rvika og utenfor vollene.<br \/>\n1814-1900. Hovedstadens krav og byens raske vekst dokumenteres av bykart for st\u00f8rre omr\u00e5der enn i perioden f\u00f8r. Forsteder, industrivekst og byutvidelser blir gjennomgangstemaer, som belyses ved hjelp av trykte kart.<br \/>\n1900-tallet. Her vises hovedtrekk i utviklingen av den moderne storbyen, som i 1949 la Aker under seg og transformerte et landskap. Det skulle bli fylt av villastr\u00f8k, boligblokker, drabantbyer og biltrafikk. Generalplaner fra 1929 og 1950 er med. Byfornyelse og \u00absanering\u00bb dokumenteres, som Vaterland, Vika og Hammersborg. Den f\u00f8rste drabantbyen settes p\u00e5 kartet: Lambertseter.<\/p>\n","protected":false},"excerpt":{"rendered":"<p>Historiske bykart er vakre og viktige kilder til byhistorie. De er uunnv\u00e6rlige som supplement til skriftlige kilder og billedmateriale om den eksisterende byen. Blant norske byer er Christiania\/Oslo en av de best kartlagte. Vi kan finne den p\u00e5 kart ca. 400 \u00e5r tilbake i tid. Men vi har manglet et historisk atlas &#8211; en samlet [&hellip;]<\/p>\n","protected":false},"featured_media":28982,"template":"","meta":{"_acf_changed":false,"inline_featured_image":false},"product_brand":[],"product_cat":[1782,37],"product_tag":[675,362,525,377],"class_list":{"0":"post-23888","1":"product","2":"type-product","3":"status-publish","4":"has-post-thumbnail","6":"product_cat-fripris","7":"product_cat-oslo","8":"product_tag-atlas","9":"product_tag-faglitteratur","10":"product_tag-lokalhistorie","11":"product_tag-oslo","12":"pa_format-innbundet","14":"first","15":"instock","16":"shipping-taxable","17":"purchasable","18":"product-type-simple"},"acf":{"anmeldelse":null},"yoast_head":"<!-- This site is optimized with the Yoast SEO plugin v26.6 - https:\/\/yoast.com\/wordpress\/plugins\/seo\/ -->\n<title>Historisk atlas over Oslo - Pax<\/title>\n<meta name=\"robots\" content=\"noindex, follow, max-snippet:-1, max-image-preview:large, max-video-preview:-1\" \/>\n<meta property=\"og:locale\" content=\"nb_NO\" \/>\n<meta property=\"og:type\" content=\"article\" \/>\n<meta property=\"og:title\" content=\"Historisk atlas over Oslo - Pax\" \/>\n<meta property=\"og:description\" content=\"Historiske bykart er vakre og viktige kilder til byhistorie. De er uunnv\u00e6rlige som supplement til skriftlige kilder og billedmateriale om den eksisterende byen. Blant norske byer er Christiania\/Oslo en av de best kartlagte. Vi kan finne den p\u00e5 kart ca. 400 \u00e5r tilbake i tid. Men vi har manglet et historisk atlas &#8211; en samlet [&hellip;]\" \/>\n<meta property=\"og:url\" content=\"https:\/\/staging.forenteforlag.no\/pax\/produkt\/historisk-atlas-over-oslo\/\" \/>\n<meta property=\"og:site_name\" content=\"Pax\" \/>\n<meta property=\"article:modified_time\" content=\"2025-08-27T09:38:19+00:00\" \/>\n<meta property=\"og:image\" content=\"https:\/\/staging.forenteforlag.no\/pax\/wp-content\/uploads\/sites\/5\/2025\/08\/jpg-8548-scaled-1-scaled.jpg\" \/>\n\t<meta property=\"og:image:width\" content=\"1920\" \/>\n\t<meta property=\"og:image:height\" content=\"1849\" \/>\n\t<meta property=\"og:image:type\" content=\"image\/jpeg\" \/>\n<meta name=\"twitter:card\" content=\"summary_large_image\" \/>\n<meta name=\"twitter:label1\" content=\"Ansl. lesetid\" \/>\n\t<meta name=\"twitter:data1\" content=\"1 minutt\" \/>\n<script type=\"application\/ld+json\" class=\"yoast-schema-graph\">{\"@context\":\"https:\/\/schema.org\",\"@graph\":[{\"@type\":\"WebPage\",\"@id\":\"https:\/\/staging.forenteforlag.no\/pax\/produkt\/historisk-atlas-over-oslo\/\",\"url\":\"https:\/\/staging.forenteforlag.no\/pax\/produkt\/historisk-atlas-over-oslo\/\",\"name\":\"Historisk atlas over Oslo - Pax\",\"isPartOf\":{\"@id\":\"https:\/\/staging.forenteforlag.no\/pax\/#website\"},\"primaryImageOfPage\":{\"@id\":\"https:\/\/staging.forenteforlag.no\/pax\/produkt\/historisk-atlas-over-oslo\/#primaryimage\"},\"image\":{\"@id\":\"https:\/\/staging.forenteforlag.no\/pax\/produkt\/historisk-atlas-over-oslo\/#primaryimage\"},\"thumbnailUrl\":\"https:\/\/staging.forenteforlag.no\/pax\/wp-content\/uploads\/sites\/5\/2025\/08\/jpg-8548-scaled-1-scaled.jpg\",\"datePublished\":\"2016-10-25T00:00:00+00:00\",\"dateModified\":\"2025-08-27T09:38:19+00:00\",\"breadcrumb\":{\"@id\":\"https:\/\/staging.forenteforlag.no\/pax\/produkt\/historisk-atlas-over-oslo\/#breadcrumb\"},\"inLanguage\":\"nb-NO\",\"potentialAction\":[{\"@type\":\"ReadAction\",\"target\":[\"https:\/\/staging.forenteforlag.no\/pax\/produkt\/historisk-atlas-over-oslo\/\"]}]},{\"@type\":\"ImageObject\",\"inLanguage\":\"nb-NO\",\"@id\":\"https:\/\/staging.forenteforlag.no\/pax\/produkt\/historisk-atlas-over-oslo\/#primaryimage\",\"url\":\"https:\/\/staging.forenteforlag.no\/pax\/wp-content\/uploads\/sites\/5\/2025\/08\/jpg-8548-scaled-1-scaled.jpg\",\"contentUrl\":\"https:\/\/staging.forenteforlag.no\/pax\/wp-content\/uploads\/sites\/5\/2025\/08\/jpg-8548-scaled-1-scaled.jpg\",\"width\":1920,\"height\":1849},{\"@type\":\"BreadcrumbList\",\"@id\":\"https:\/\/staging.forenteforlag.no\/pax\/produkt\/historisk-atlas-over-oslo\/#breadcrumb\",\"itemListElement\":[{\"@type\":\"ListItem\",\"position\":1,\"name\":\"Hjem\",\"item\":\"https:\/\/staging.forenteforlag.no\/pax\/\"},{\"@type\":\"ListItem\",\"position\":2,\"name\":\"Alle b\u00f8ker\",\"item\":\"https:\/\/staging.forenteforlag.no\/pax\/butikk\/\"},{\"@type\":\"ListItem\",\"position\":3,\"name\":\"Historisk atlas over Oslo\"}]},{\"@type\":\"WebSite\",\"@id\":\"https:\/\/staging.forenteforlag.no\/pax\/#website\",\"url\":\"https:\/\/staging.forenteforlag.no\/pax\/\",\"name\":\"Pax\",\"description\":\"\",\"potentialAction\":[{\"@type\":\"SearchAction\",\"target\":{\"@type\":\"EntryPoint\",\"urlTemplate\":\"https:\/\/staging.forenteforlag.no\/pax\/?s={search_term_string}\"},\"query-input\":{\"@type\":\"PropertyValueSpecification\",\"valueRequired\":true,\"valueName\":\"search_term_string\"}}],\"inLanguage\":\"nb-NO\"}]}<\/script>\n<!-- \/ Yoast SEO plugin. -->","yoast_head_json":{"title":"Historisk atlas over Oslo - Pax","robots":{"index":"noindex","follow":"follow","max-snippet":"max-snippet:-1","max-image-preview":"max-image-preview:large","max-video-preview":"max-video-preview:-1"},"og_locale":"nb_NO","og_type":"article","og_title":"Historisk atlas over Oslo - Pax","og_description":"Historiske bykart er vakre og viktige kilder til byhistorie. De er uunnv\u00e6rlige som supplement til skriftlige kilder og billedmateriale om den eksisterende byen. Blant norske byer er Christiania\/Oslo en av de best kartlagte. Vi kan finne den p\u00e5 kart ca. 400 \u00e5r tilbake i tid. Men vi har manglet et historisk atlas &#8211; en samlet [&hellip;]","og_url":"https:\/\/staging.forenteforlag.no\/pax\/produkt\/historisk-atlas-over-oslo\/","og_site_name":"Pax","article_modified_time":"2025-08-27T09:38:19+00:00","og_image":[{"width":1920,"height":1849,"url":"https:\/\/staging.forenteforlag.no\/pax\/wp-content\/uploads\/sites\/5\/2025\/08\/jpg-8548-scaled-1-scaled.jpg","type":"image\/jpeg"}],"twitter_card":"summary_large_image","twitter_misc":{"Ansl. lesetid":"1 minutt"},"schema":{"@context":"https:\/\/schema.org","@graph":[{"@type":"WebPage","@id":"https:\/\/staging.forenteforlag.no\/pax\/produkt\/historisk-atlas-over-oslo\/","url":"https:\/\/staging.forenteforlag.no\/pax\/produkt\/historisk-atlas-over-oslo\/","name":"Historisk atlas over Oslo - Pax","isPartOf":{"@id":"https:\/\/staging.forenteforlag.no\/pax\/#website"},"primaryImageOfPage":{"@id":"https:\/\/staging.forenteforlag.no\/pax\/produkt\/historisk-atlas-over-oslo\/#primaryimage"},"image":{"@id":"https:\/\/staging.forenteforlag.no\/pax\/produkt\/historisk-atlas-over-oslo\/#primaryimage"},"thumbnailUrl":"https:\/\/staging.forenteforlag.no\/pax\/wp-content\/uploads\/sites\/5\/2025\/08\/jpg-8548-scaled-1-scaled.jpg","datePublished":"2016-10-25T00:00:00+00:00","dateModified":"2025-08-27T09:38:19+00:00","breadcrumb":{"@id":"https:\/\/staging.forenteforlag.no\/pax\/produkt\/historisk-atlas-over-oslo\/#breadcrumb"},"inLanguage":"nb-NO","potentialAction":[{"@type":"ReadAction","target":["https:\/\/staging.forenteforlag.no\/pax\/produkt\/historisk-atlas-over-oslo\/"]}]},{"@type":"ImageObject","inLanguage":"nb-NO","@id":"https:\/\/staging.forenteforlag.no\/pax\/produkt\/historisk-atlas-over-oslo\/#primaryimage","url":"https:\/\/staging.forenteforlag.no\/pax\/wp-content\/uploads\/sites\/5\/2025\/08\/jpg-8548-scaled-1-scaled.jpg","contentUrl":"https:\/\/staging.forenteforlag.no\/pax\/wp-content\/uploads\/sites\/5\/2025\/08\/jpg-8548-scaled-1-scaled.jpg","width":1920,"height":1849},{"@type":"BreadcrumbList","@id":"https:\/\/staging.forenteforlag.no\/pax\/produkt\/historisk-atlas-over-oslo\/#breadcrumb","itemListElement":[{"@type":"ListItem","position":1,"name":"Hjem","item":"https:\/\/staging.forenteforlag.no\/pax\/"},{"@type":"ListItem","position":2,"name":"Alle b\u00f8ker","item":"https:\/\/staging.forenteforlag.no\/pax\/butikk\/"},{"@type":"ListItem","position":3,"name":"Historisk atlas over Oslo"}]},{"@type":"WebSite","@id":"https:\/\/staging.forenteforlag.no\/pax\/#website","url":"https:\/\/staging.forenteforlag.no\/pax\/","name":"Pax","description":"","potentialAction":[{"@type":"SearchAction","target":{"@type":"EntryPoint","urlTemplate":"https:\/\/staging.forenteforlag.no\/pax\/?s={search_term_string}"},"query-input":{"@type":"PropertyValueSpecification","valueRequired":true,"valueName":"search_term_string"}}],"inLanguage":"nb-NO"}]}},"_links":{"self":[{"href":"https:\/\/staging.forenteforlag.no\/pax\/wp-json\/wp\/v2\/product\/23888","targetHints":{"allow":["GET"]}}],"collection":[{"href":"https:\/\/staging.forenteforlag.no\/pax\/wp-json\/wp\/v2\/product"}],"about":[{"href":"https:\/\/staging.forenteforlag.no\/pax\/wp-json\/wp\/v2\/types\/product"}],"wp:featuredmedia":[{"embeddable":true,"href":"https:\/\/staging.forenteforlag.no\/pax\/wp-json\/wp\/v2\/media\/28982"}],"wp:attachment":[{"href":"https:\/\/staging.forenteforlag.no\/pax\/wp-json\/wp\/v2\/media?parent=23888"}],"wp:term":[{"taxonomy":"product_brand","embeddable":true,"href":"https:\/\/staging.forenteforlag.no\/pax\/wp-json\/wp\/v2\/product_brand?post=23888"},{"taxonomy":"product_cat","embeddable":true,"href":"https:\/\/staging.forenteforlag.no\/pax\/wp-json\/wp\/v2\/product_cat?post=23888"},{"taxonomy":"product_tag","embeddable":true,"href":"https:\/\/staging.forenteforlag.no\/pax\/wp-json\/wp\/v2\/product_tag?post=23888"}],"curies":[{"name":"wp","href":"https:\/\/api.w.org\/{rel}","templated":true}]}}