{"id":23874,"date":"2014-03-20T01:00:00","date_gmt":"2014-03-20T00:00:00","guid":{"rendered":"https:\/\/pax.forenteforlag.no\/produkt\/innvandringen-til-norge\/"},"modified":"2025-08-27T09:54:03","modified_gmt":"2025-08-27T07:54:03","slug":"innvandringen-til-norge","status":"publish","type":"product","link":"https:\/\/staging.forenteforlag.no\/pax\/produkt\/innvandringen-til-norge\/","title":{"rendered":"Innvandringen til Norge"},"content":{"rendered":"<p>En konsentrert og allsidig beretning om mer enn tusen \u00e5r med innvandring &#8211;  fra \u00e5r 900 til 2010. Til Norge kom klostermunker, hanseater, rallarer, gjestearbeidere, arbeidsinnvandrere, flyktninger og asyls\u00f8kere. Hvem var de f\u00f8rste, hvor kom de fra og hvorfor kom de hit? Innvandringen skaper forandring i arbeidsliv, forvaltning, velferd og kultur. Hvilke fag, kunnskaper og skikker har nykommerne brakt med seg? Hvordan ble de m\u00f8tt her i landet? Brochmann og Kjeldstadli har sett n\u00e6rmere p\u00e5 kulturelle forskjeller, og p\u00e5 hvordan religi\u00f8se og kulturelle konflikter blir h\u00e5ndtert. De forteller om politiske, juridiske og sosiale endringer som har fulgt i kj\u00f8lvannet av innvandringen. En fruktbar debatt fordrer solide fakta. Denne boken er spekket med historisk kunnskap, relevante analyser og statistikk.<\/p>\n","protected":false},"excerpt":{"rendered":"<p>En konsentrert og allsidig beretning om mer enn tusen \u00e5r med innvandring &#8211; fra \u00e5r 900 til 2010. Til Norge kom klostermunker, hanseater, rallarer, gjestearbeidere, arbeidsinnvandrere, flyktninger og asyls\u00f8kere. Hvem var de f\u00f8rste, hvor kom de fra og hvorfor kom de hit? Innvandringen skaper forandring i arbeidsliv, forvaltning, velferd og kultur. Hvilke fag, kunnskaper og [&hellip;]<\/p>\n","protected":false},"featured_media":28571,"template":"","meta":{"_acf_changed":false,"inline_featured_image":false},"product_brand":[],"product_cat":[1782,23],"product_tag":[607,362,697,910,953,439],"class_list":{"0":"post-23874","1":"product","2":"type-product","3":"status-publish","4":"has-post-thumbnail","6":"product_cat-fripris","7":"product_cat-historie","8":"product_tag-bedriftshistorie","9":"product_tag-faglitteratur","10":"product_tag-immigrasjon","11":"product_tag-innvandrere","12":"product_tag-minoriteter","13":"product_tag-nord-norge","14":"pa_format-innbundet","16":"first","17":"outofstock","18":"shipping-taxable","19":"purchasable","20":"product-type-simple"},"acf":{"anmeldelse":null},"yoast_head":"<!-- This site is optimized with the Yoast SEO plugin v26.6 - https:\/\/yoast.com\/wordpress\/plugins\/seo\/ -->\n<title>Innvandringen til Norge - Pax<\/title>\n<meta name=\"robots\" content=\"noindex, follow, max-snippet:-1, max-image-preview:large, max-video-preview:-1\" \/>\n<meta property=\"og:locale\" content=\"nb_NO\" \/>\n<meta property=\"og:type\" content=\"article\" \/>\n<meta property=\"og:title\" content=\"Innvandringen til Norge - Pax\" \/>\n<meta property=\"og:description\" content=\"En konsentrert og allsidig beretning om mer enn tusen \u00e5r med innvandring &#8211; fra \u00e5r 900 til 2010. Til Norge kom klostermunker, hanseater, rallarer, gjestearbeidere, arbeidsinnvandrere, flyktninger og asyls\u00f8kere. Hvem var de f\u00f8rste, hvor kom de fra og hvorfor kom de hit? Innvandringen skaper forandring i arbeidsliv, forvaltning, velferd og kultur. Hvilke fag, kunnskaper og [&hellip;]\" \/>\n<meta property=\"og:url\" content=\"https:\/\/staging.forenteforlag.no\/pax\/produkt\/innvandringen-til-norge\/\" \/>\n<meta property=\"og:site_name\" content=\"Pax\" \/>\n<meta property=\"article:modified_time\" content=\"2025-08-27T07:54:03+00:00\" \/>\n<meta property=\"og:image\" content=\"https:\/\/staging.forenteforlag.no\/pax\/wp-content\/uploads\/sites\/5\/2025\/08\/jpg-7359.jpg\" \/>\n\t<meta property=\"og:image:width\" content=\"333\" \/>\n\t<meta property=\"og:image:height\" content=\"449\" \/>\n\t<meta property=\"og:image:type\" content=\"image\/jpeg\" \/>\n<meta name=\"twitter:card\" content=\"summary_large_image\" \/>\n<meta name=\"twitter:label1\" content=\"Ansl. lesetid\" \/>\n\t<meta name=\"twitter:data1\" content=\"1 minutt\" \/>\n<script type=\"application\/ld+json\" class=\"yoast-schema-graph\">{\"@context\":\"https:\/\/schema.org\",\"@graph\":[{\"@type\":\"WebPage\",\"@id\":\"https:\/\/staging.forenteforlag.no\/pax\/produkt\/innvandringen-til-norge\/\",\"url\":\"https:\/\/staging.forenteforlag.no\/pax\/produkt\/innvandringen-til-norge\/\",\"name\":\"Innvandringen til Norge - Pax\",\"isPartOf\":{\"@id\":\"https:\/\/staging.forenteforlag.no\/pax\/#website\"},\"primaryImageOfPage\":{\"@id\":\"https:\/\/staging.forenteforlag.no\/pax\/produkt\/innvandringen-til-norge\/#primaryimage\"},\"image\":{\"@id\":\"https:\/\/staging.forenteforlag.no\/pax\/produkt\/innvandringen-til-norge\/#primaryimage\"},\"thumbnailUrl\":\"https:\/\/staging.forenteforlag.no\/pax\/wp-content\/uploads\/sites\/5\/2025\/08\/jpg-7359.jpg\",\"datePublished\":\"2014-03-20T00:00:00+00:00\",\"dateModified\":\"2025-08-27T07:54:03+00:00\",\"breadcrumb\":{\"@id\":\"https:\/\/staging.forenteforlag.no\/pax\/produkt\/innvandringen-til-norge\/#breadcrumb\"},\"inLanguage\":\"nb-NO\",\"potentialAction\":[{\"@type\":\"ReadAction\",\"target\":[\"https:\/\/staging.forenteforlag.no\/pax\/produkt\/innvandringen-til-norge\/\"]}]},{\"@type\":\"ImageObject\",\"inLanguage\":\"nb-NO\",\"@id\":\"https:\/\/staging.forenteforlag.no\/pax\/produkt\/innvandringen-til-norge\/#primaryimage\",\"url\":\"https:\/\/staging.forenteforlag.no\/pax\/wp-content\/uploads\/sites\/5\/2025\/08\/jpg-7359.jpg\",\"contentUrl\":\"https:\/\/staging.forenteforlag.no\/pax\/wp-content\/uploads\/sites\/5\/2025\/08\/jpg-7359.jpg\",\"width\":333,\"height\":449},{\"@type\":\"BreadcrumbList\",\"@id\":\"https:\/\/staging.forenteforlag.no\/pax\/produkt\/innvandringen-til-norge\/#breadcrumb\",\"itemListElement\":[{\"@type\":\"ListItem\",\"position\":1,\"name\":\"Hjem\",\"item\":\"https:\/\/staging.forenteforlag.no\/pax\/\"},{\"@type\":\"ListItem\",\"position\":2,\"name\":\"Alle b\u00f8ker\",\"item\":\"https:\/\/staging.forenteforlag.no\/pax\/butikk\/\"},{\"@type\":\"ListItem\",\"position\":3,\"name\":\"Innvandringen til Norge\"}]},{\"@type\":\"WebSite\",\"@id\":\"https:\/\/staging.forenteforlag.no\/pax\/#website\",\"url\":\"https:\/\/staging.forenteforlag.no\/pax\/\",\"name\":\"Pax\",\"description\":\"\",\"potentialAction\":[{\"@type\":\"SearchAction\",\"target\":{\"@type\":\"EntryPoint\",\"urlTemplate\":\"https:\/\/staging.forenteforlag.no\/pax\/?s={search_term_string}\"},\"query-input\":{\"@type\":\"PropertyValueSpecification\",\"valueRequired\":true,\"valueName\":\"search_term_string\"}}],\"inLanguage\":\"nb-NO\"}]}<\/script>\n<!-- \/ Yoast SEO plugin. -->","yoast_head_json":{"title":"Innvandringen til Norge - Pax","robots":{"index":"noindex","follow":"follow","max-snippet":"max-snippet:-1","max-image-preview":"max-image-preview:large","max-video-preview":"max-video-preview:-1"},"og_locale":"nb_NO","og_type":"article","og_title":"Innvandringen til Norge - Pax","og_description":"En konsentrert og allsidig beretning om mer enn tusen \u00e5r med innvandring &#8211; fra \u00e5r 900 til 2010. Til Norge kom klostermunker, hanseater, rallarer, gjestearbeidere, arbeidsinnvandrere, flyktninger og asyls\u00f8kere. Hvem var de f\u00f8rste, hvor kom de fra og hvorfor kom de hit? Innvandringen skaper forandring i arbeidsliv, forvaltning, velferd og kultur. Hvilke fag, kunnskaper og [&hellip;]","og_url":"https:\/\/staging.forenteforlag.no\/pax\/produkt\/innvandringen-til-norge\/","og_site_name":"Pax","article_modified_time":"2025-08-27T07:54:03+00:00","og_image":[{"width":333,"height":449,"url":"https:\/\/staging.forenteforlag.no\/pax\/wp-content\/uploads\/sites\/5\/2025\/08\/jpg-7359.jpg","type":"image\/jpeg"}],"twitter_card":"summary_large_image","twitter_misc":{"Ansl. lesetid":"1 minutt"},"schema":{"@context":"https:\/\/schema.org","@graph":[{"@type":"WebPage","@id":"https:\/\/staging.forenteforlag.no\/pax\/produkt\/innvandringen-til-norge\/","url":"https:\/\/staging.forenteforlag.no\/pax\/produkt\/innvandringen-til-norge\/","name":"Innvandringen til Norge - Pax","isPartOf":{"@id":"https:\/\/staging.forenteforlag.no\/pax\/#website"},"primaryImageOfPage":{"@id":"https:\/\/staging.forenteforlag.no\/pax\/produkt\/innvandringen-til-norge\/#primaryimage"},"image":{"@id":"https:\/\/staging.forenteforlag.no\/pax\/produkt\/innvandringen-til-norge\/#primaryimage"},"thumbnailUrl":"https:\/\/staging.forenteforlag.no\/pax\/wp-content\/uploads\/sites\/5\/2025\/08\/jpg-7359.jpg","datePublished":"2014-03-20T00:00:00+00:00","dateModified":"2025-08-27T07:54:03+00:00","breadcrumb":{"@id":"https:\/\/staging.forenteforlag.no\/pax\/produkt\/innvandringen-til-norge\/#breadcrumb"},"inLanguage":"nb-NO","potentialAction":[{"@type":"ReadAction","target":["https:\/\/staging.forenteforlag.no\/pax\/produkt\/innvandringen-til-norge\/"]}]},{"@type":"ImageObject","inLanguage":"nb-NO","@id":"https:\/\/staging.forenteforlag.no\/pax\/produkt\/innvandringen-til-norge\/#primaryimage","url":"https:\/\/staging.forenteforlag.no\/pax\/wp-content\/uploads\/sites\/5\/2025\/08\/jpg-7359.jpg","contentUrl":"https:\/\/staging.forenteforlag.no\/pax\/wp-content\/uploads\/sites\/5\/2025\/08\/jpg-7359.jpg","width":333,"height":449},{"@type":"BreadcrumbList","@id":"https:\/\/staging.forenteforlag.no\/pax\/produkt\/innvandringen-til-norge\/#breadcrumb","itemListElement":[{"@type":"ListItem","position":1,"name":"Hjem","item":"https:\/\/staging.forenteforlag.no\/pax\/"},{"@type":"ListItem","position":2,"name":"Alle b\u00f8ker","item":"https:\/\/staging.forenteforlag.no\/pax\/butikk\/"},{"@type":"ListItem","position":3,"name":"Innvandringen til Norge"}]},{"@type":"WebSite","@id":"https:\/\/staging.forenteforlag.no\/pax\/#website","url":"https:\/\/staging.forenteforlag.no\/pax\/","name":"Pax","description":"","potentialAction":[{"@type":"SearchAction","target":{"@type":"EntryPoint","urlTemplate":"https:\/\/staging.forenteforlag.no\/pax\/?s={search_term_string}"},"query-input":{"@type":"PropertyValueSpecification","valueRequired":true,"valueName":"search_term_string"}}],"inLanguage":"nb-NO"}]}},"_links":{"self":[{"href":"https:\/\/staging.forenteforlag.no\/pax\/wp-json\/wp\/v2\/product\/23874","targetHints":{"allow":["GET"]}}],"collection":[{"href":"https:\/\/staging.forenteforlag.no\/pax\/wp-json\/wp\/v2\/product"}],"about":[{"href":"https:\/\/staging.forenteforlag.no\/pax\/wp-json\/wp\/v2\/types\/product"}],"wp:featuredmedia":[{"embeddable":true,"href":"https:\/\/staging.forenteforlag.no\/pax\/wp-json\/wp\/v2\/media\/28571"}],"wp:attachment":[{"href":"https:\/\/staging.forenteforlag.no\/pax\/wp-json\/wp\/v2\/media?parent=23874"}],"wp:term":[{"taxonomy":"product_brand","embeddable":true,"href":"https:\/\/staging.forenteforlag.no\/pax\/wp-json\/wp\/v2\/product_brand?post=23874"},{"taxonomy":"product_cat","embeddable":true,"href":"https:\/\/staging.forenteforlag.no\/pax\/wp-json\/wp\/v2\/product_cat?post=23874"},{"taxonomy":"product_tag","embeddable":true,"href":"https:\/\/staging.forenteforlag.no\/pax\/wp-json\/wp\/v2\/product_tag?post=23874"}],"curies":[{"name":"wp","href":"https:\/\/api.w.org\/{rel}","templated":true}]}}