{"id":23853,"date":"2023-10-20T02:00:00","date_gmt":"2023-10-20T00:00:00","guid":{"rendered":"https:\/\/pax.forenteforlag.no\/produkt\/ekstremisme-2\/"},"modified":"2025-08-27T12:45:21","modified_gmt":"2025-08-27T10:45:21","slug":"ekstremisme-2","status":"publish","type":"product","link":"https:\/\/staging.forenteforlag.no\/pax\/produkt\/ekstremisme-2\/","title":{"rendered":"Ekstremisme"},"content":{"rendered":"<p>Ekstremisme er blant de mest belastede og kontroversielle temaene i det tjuef\u00f8rste \u00e5rhundret. Til tross for utallige programmer for avradikalisering og forebygging rundt om i verden, er ekstremisme fortsatt et vanskelig og lite forst\u00e5tt problem.<\/p>\n<p>I denne s\u00e5rt tiltrengte boken identifiserer Quassim Cassam tre typer ekstremisme og diskuterer grunnleggende temaer og problemstillinger: Hva er ekstremisme? Hvilke metoder brukes av ekstremister? Finnes det et ekstremistisk tenkesett, og i s\u00e5 fall hva er det? Hvordan skiller ekstremisme seg fra fanatisme og fundamentalisme? Hvordan blir man ekstremist, og hvordan skal vi forst\u00e5 avradikalisering?<\/p>\n<p>Gjennom hele boken bruker Cassam overbevisende eksempler, blant andre Anders Behring Breivik, R\u00f8de Khmer, IRA, al-Qaida og Timothy McVeigh. Ekstremisme. En filosofisk analyse er engasjerende og viktig lesning for alle som \u00f8nsker \u00e5 forst\u00e5 ekstremisme.<\/p>\n","protected":false},"excerpt":{"rendered":"<p>Ekstremisme er blant de mest belastede og kontroversielle temaene i det tjuef\u00f8rste \u00e5rhundret. Til tross for utallige programmer for avradikalisering og forebygging rundt om i verden, er ekstremisme fortsatt et vanskelig og lite forst\u00e5tt problem. I denne s\u00e5rt tiltrengte boken identifiserer Quassim Cassam tre typer ekstremisme og diskuterer grunnleggende temaer og problemstillinger: Hva er ekstremisme? [&hellip;]<\/p>\n","protected":false},"featured_media":29302,"template":"","meta":{"_acf_changed":false,"inline_featured_image":false},"product_brand":[],"product_cat":[1782,1791,21],"product_tag":[1346,1127,362,1126],"class_list":{"0":"post-23853","1":"product","2":"type-product","3":"status-publish","4":"has-post-thumbnail","6":"product_cat-fripris","7":"product_cat-tilbud","8":"product_cat-filosofi","9":"product_tag-antikk-filosofi","10":"product_tag-ekstremisme","11":"product_tag-faglitteratur","12":"product_tag-radikalisering","13":"pa_format-innbundet","15":"first","16":"instock","17":"shipping-taxable","18":"purchasable","19":"product-type-simple"},"acf":{"anmeldelse":null},"yoast_head":"<!-- This site is optimized with the Yoast SEO plugin v26.6 - https:\/\/yoast.com\/wordpress\/plugins\/seo\/ -->\n<title>Ekstremisme - Pax<\/title>\n<meta name=\"robots\" content=\"noindex, follow, max-snippet:-1, max-image-preview:large, max-video-preview:-1\" \/>\n<meta property=\"og:locale\" content=\"nb_NO\" \/>\n<meta property=\"og:type\" content=\"article\" \/>\n<meta property=\"og:title\" content=\"Ekstremisme - Pax\" \/>\n<meta property=\"og:description\" content=\"Ekstremisme er blant de mest belastede og kontroversielle temaene i det tjuef\u00f8rste \u00e5rhundret. Til tross for utallige programmer for avradikalisering og forebygging rundt om i verden, er ekstremisme fortsatt et vanskelig og lite forst\u00e5tt problem. I denne s\u00e5rt tiltrengte boken identifiserer Quassim Cassam tre typer ekstremisme og diskuterer grunnleggende temaer og problemstillinger: Hva er ekstremisme? [&hellip;]\" \/>\n<meta property=\"og:url\" content=\"https:\/\/staging.forenteforlag.no\/pax\/produkt\/ekstremisme-2\/\" \/>\n<meta property=\"og:site_name\" content=\"Pax\" \/>\n<meta property=\"article:modified_time\" content=\"2025-08-27T10:45:21+00:00\" \/>\n<meta property=\"og:image\" content=\"https:\/\/staging.forenteforlag.no\/pax\/wp-content\/uploads\/sites\/5\/2025\/08\/jpg-9546-scaled-1-scaled.jpg\" \/>\n\t<meta property=\"og:image:width\" content=\"1277\" \/>\n\t<meta property=\"og:image:height\" content=\"1920\" \/>\n\t<meta property=\"og:image:type\" content=\"image\/jpeg\" \/>\n<meta name=\"twitter:card\" content=\"summary_large_image\" \/>\n<meta name=\"twitter:label1\" content=\"Ansl. lesetid\" \/>\n\t<meta name=\"twitter:data1\" content=\"1 minutt\" \/>\n<script type=\"application\/ld+json\" class=\"yoast-schema-graph\">{\"@context\":\"https:\/\/schema.org\",\"@graph\":[{\"@type\":\"WebPage\",\"@id\":\"https:\/\/staging.forenteforlag.no\/pax\/produkt\/ekstremisme-2\/\",\"url\":\"https:\/\/staging.forenteforlag.no\/pax\/produkt\/ekstremisme-2\/\",\"name\":\"Ekstremisme - Pax\",\"isPartOf\":{\"@id\":\"https:\/\/staging.forenteforlag.no\/pax\/#website\"},\"primaryImageOfPage\":{\"@id\":\"https:\/\/staging.forenteforlag.no\/pax\/produkt\/ekstremisme-2\/#primaryimage\"},\"image\":{\"@id\":\"https:\/\/staging.forenteforlag.no\/pax\/produkt\/ekstremisme-2\/#primaryimage\"},\"thumbnailUrl\":\"https:\/\/staging.forenteforlag.no\/pax\/wp-content\/uploads\/sites\/5\/2025\/08\/jpg-9546-scaled-1-scaled.jpg\",\"datePublished\":\"2023-10-20T00:00:00+00:00\",\"dateModified\":\"2025-08-27T10:45:21+00:00\",\"breadcrumb\":{\"@id\":\"https:\/\/staging.forenteforlag.no\/pax\/produkt\/ekstremisme-2\/#breadcrumb\"},\"inLanguage\":\"nb-NO\",\"potentialAction\":[{\"@type\":\"ReadAction\",\"target\":[\"https:\/\/staging.forenteforlag.no\/pax\/produkt\/ekstremisme-2\/\"]}]},{\"@type\":\"ImageObject\",\"inLanguage\":\"nb-NO\",\"@id\":\"https:\/\/staging.forenteforlag.no\/pax\/produkt\/ekstremisme-2\/#primaryimage\",\"url\":\"https:\/\/staging.forenteforlag.no\/pax\/wp-content\/uploads\/sites\/5\/2025\/08\/jpg-9546-scaled-1-scaled.jpg\",\"contentUrl\":\"https:\/\/staging.forenteforlag.no\/pax\/wp-content\/uploads\/sites\/5\/2025\/08\/jpg-9546-scaled-1-scaled.jpg\",\"width\":1277,\"height\":1920},{\"@type\":\"BreadcrumbList\",\"@id\":\"https:\/\/staging.forenteforlag.no\/pax\/produkt\/ekstremisme-2\/#breadcrumb\",\"itemListElement\":[{\"@type\":\"ListItem\",\"position\":1,\"name\":\"Hjem\",\"item\":\"https:\/\/staging.forenteforlag.no\/pax\/\"},{\"@type\":\"ListItem\",\"position\":2,\"name\":\"Alle b\u00f8ker\",\"item\":\"https:\/\/staging.forenteforlag.no\/pax\/butikk\/\"},{\"@type\":\"ListItem\",\"position\":3,\"name\":\"Ekstremisme\"}]},{\"@type\":\"WebSite\",\"@id\":\"https:\/\/staging.forenteforlag.no\/pax\/#website\",\"url\":\"https:\/\/staging.forenteforlag.no\/pax\/\",\"name\":\"Pax\",\"description\":\"\",\"potentialAction\":[{\"@type\":\"SearchAction\",\"target\":{\"@type\":\"EntryPoint\",\"urlTemplate\":\"https:\/\/staging.forenteforlag.no\/pax\/?s={search_term_string}\"},\"query-input\":{\"@type\":\"PropertyValueSpecification\",\"valueRequired\":true,\"valueName\":\"search_term_string\"}}],\"inLanguage\":\"nb-NO\"}]}<\/script>\n<!-- \/ Yoast SEO plugin. -->","yoast_head_json":{"title":"Ekstremisme - Pax","robots":{"index":"noindex","follow":"follow","max-snippet":"max-snippet:-1","max-image-preview":"max-image-preview:large","max-video-preview":"max-video-preview:-1"},"og_locale":"nb_NO","og_type":"article","og_title":"Ekstremisme - Pax","og_description":"Ekstremisme er blant de mest belastede og kontroversielle temaene i det tjuef\u00f8rste \u00e5rhundret. Til tross for utallige programmer for avradikalisering og forebygging rundt om i verden, er ekstremisme fortsatt et vanskelig og lite forst\u00e5tt problem. I denne s\u00e5rt tiltrengte boken identifiserer Quassim Cassam tre typer ekstremisme og diskuterer grunnleggende temaer og problemstillinger: Hva er ekstremisme? [&hellip;]","og_url":"https:\/\/staging.forenteforlag.no\/pax\/produkt\/ekstremisme-2\/","og_site_name":"Pax","article_modified_time":"2025-08-27T10:45:21+00:00","og_image":[{"width":1277,"height":1920,"url":"https:\/\/staging.forenteforlag.no\/pax\/wp-content\/uploads\/sites\/5\/2025\/08\/jpg-9546-scaled-1-scaled.jpg","type":"image\/jpeg"}],"twitter_card":"summary_large_image","twitter_misc":{"Ansl. lesetid":"1 minutt"},"schema":{"@context":"https:\/\/schema.org","@graph":[{"@type":"WebPage","@id":"https:\/\/staging.forenteforlag.no\/pax\/produkt\/ekstremisme-2\/","url":"https:\/\/staging.forenteforlag.no\/pax\/produkt\/ekstremisme-2\/","name":"Ekstremisme - Pax","isPartOf":{"@id":"https:\/\/staging.forenteforlag.no\/pax\/#website"},"primaryImageOfPage":{"@id":"https:\/\/staging.forenteforlag.no\/pax\/produkt\/ekstremisme-2\/#primaryimage"},"image":{"@id":"https:\/\/staging.forenteforlag.no\/pax\/produkt\/ekstremisme-2\/#primaryimage"},"thumbnailUrl":"https:\/\/staging.forenteforlag.no\/pax\/wp-content\/uploads\/sites\/5\/2025\/08\/jpg-9546-scaled-1-scaled.jpg","datePublished":"2023-10-20T00:00:00+00:00","dateModified":"2025-08-27T10:45:21+00:00","breadcrumb":{"@id":"https:\/\/staging.forenteforlag.no\/pax\/produkt\/ekstremisme-2\/#breadcrumb"},"inLanguage":"nb-NO","potentialAction":[{"@type":"ReadAction","target":["https:\/\/staging.forenteforlag.no\/pax\/produkt\/ekstremisme-2\/"]}]},{"@type":"ImageObject","inLanguage":"nb-NO","@id":"https:\/\/staging.forenteforlag.no\/pax\/produkt\/ekstremisme-2\/#primaryimage","url":"https:\/\/staging.forenteforlag.no\/pax\/wp-content\/uploads\/sites\/5\/2025\/08\/jpg-9546-scaled-1-scaled.jpg","contentUrl":"https:\/\/staging.forenteforlag.no\/pax\/wp-content\/uploads\/sites\/5\/2025\/08\/jpg-9546-scaled-1-scaled.jpg","width":1277,"height":1920},{"@type":"BreadcrumbList","@id":"https:\/\/staging.forenteforlag.no\/pax\/produkt\/ekstremisme-2\/#breadcrumb","itemListElement":[{"@type":"ListItem","position":1,"name":"Hjem","item":"https:\/\/staging.forenteforlag.no\/pax\/"},{"@type":"ListItem","position":2,"name":"Alle b\u00f8ker","item":"https:\/\/staging.forenteforlag.no\/pax\/butikk\/"},{"@type":"ListItem","position":3,"name":"Ekstremisme"}]},{"@type":"WebSite","@id":"https:\/\/staging.forenteforlag.no\/pax\/#website","url":"https:\/\/staging.forenteforlag.no\/pax\/","name":"Pax","description":"","potentialAction":[{"@type":"SearchAction","target":{"@type":"EntryPoint","urlTemplate":"https:\/\/staging.forenteforlag.no\/pax\/?s={search_term_string}"},"query-input":{"@type":"PropertyValueSpecification","valueRequired":true,"valueName":"search_term_string"}}],"inLanguage":"nb-NO"}]}},"_links":{"self":[{"href":"https:\/\/staging.forenteforlag.no\/pax\/wp-json\/wp\/v2\/product\/23853","targetHints":{"allow":["GET"]}}],"collection":[{"href":"https:\/\/staging.forenteforlag.no\/pax\/wp-json\/wp\/v2\/product"}],"about":[{"href":"https:\/\/staging.forenteforlag.no\/pax\/wp-json\/wp\/v2\/types\/product"}],"wp:featuredmedia":[{"embeddable":true,"href":"https:\/\/staging.forenteforlag.no\/pax\/wp-json\/wp\/v2\/media\/29302"}],"wp:attachment":[{"href":"https:\/\/staging.forenteforlag.no\/pax\/wp-json\/wp\/v2\/media?parent=23853"}],"wp:term":[{"taxonomy":"product_brand","embeddable":true,"href":"https:\/\/staging.forenteforlag.no\/pax\/wp-json\/wp\/v2\/product_brand?post=23853"},{"taxonomy":"product_cat","embeddable":true,"href":"https:\/\/staging.forenteforlag.no\/pax\/wp-json\/wp\/v2\/product_cat?post=23853"},{"taxonomy":"product_tag","embeddable":true,"href":"https:\/\/staging.forenteforlag.no\/pax\/wp-json\/wp\/v2\/product_tag?post=23853"}],"curies":[{"name":"wp","href":"https:\/\/api.w.org\/{rel}","templated":true}]}}