{"id":23849,"date":"2023-01-11T01:00:00","date_gmt":"2023-01-11T00:00:00","guid":{"rendered":"https:\/\/pax.forenteforlag.no\/produkt\/babetta\/"},"modified":"2025-11-19T08:20:39","modified_gmt":"2025-11-19T07:20:39","slug":"babetta","status":"publish","type":"product","link":"https:\/\/staging.forenteforlag.no\/pax\/produkt\/babetta\/","title":{"rendered":"Babetta"},"content":{"rendered":"<p>Da Lou inviterer Katja til \u00e5 tilbringe sommeren i det solfylte franske slottet hun deler med en eldre fransk filmlegende, griper Katja sjansen. Hun og Lou har v\u00e6rt bestevenner siden de m\u00f8ttes p\u00e5 dramalinjen p\u00e5 videreg\u00e5ende, men i l\u00f8pet av de siste femten \u00e5rene har livet deres tatt forskjellige retninger. Katja jobber p\u00e5 en \u00f8kologisk kaf\u00e9, mens Lou har blitt filmstjerne etter suksessen med storfilmen \u00abBabetta\u00bb. <\/p>\n<p>Selv om Lous verden fremst\u00e5r mer som fantasi enn virkelighet, finner de to likevel tilbake til hverandre og den verdenen hvor de deler alt, nesten som to s\u00f8stre. Eller som to sider av samme speil? Men det blir fort klart at ikke alt er slik det ser ut, og den ene foruroligende hendelsen avl\u00f8ser den andre. Sannhet blir stadig vanskeligere \u00e5 skille fra l\u00f8gn. <\/p>\n<p>Etter sitt store gjennombrudd med romanen \u00abTestamente\u00bb, er Nina W\u00e4h\u00e4 n\u00e5 tilbake med en hyllest til filmkunsten med alle dens helter og skurker. \u00abBabetta\u00bb er et psykologisk drama som utforsker vennskapets kompleksitet og de ulike rollene vi spiller i livet.<\/p>\n","protected":false},"excerpt":{"rendered":"<p>Da Lou inviterer Katja til \u00e5 tilbringe sommeren i det solfylte franske slottet hun deler med en eldre fransk filmlegende, griper Katja sjansen. Hun og Lou har v\u00e6rt bestevenner siden de m\u00f8ttes p\u00e5 dramalinjen p\u00e5 videreg\u00e5ende, men i l\u00f8pet av de siste femten \u00e5rene har livet deres tatt forskjellige retninger. Katja jobber p\u00e5 en \u00f8kologisk [&hellip;]<\/p>\n","protected":false},"featured_media":29410,"template":"","meta":{"_acf_changed":false,"inline_featured_image":false},"product_brand":[],"product_cat":[1782,40],"product_tag":[370],"class_list":{"0":"post-23849","1":"product","2":"type-product","3":"status-publish","4":"has-post-thumbnail","6":"product_cat-fripris","7":"product_cat-romaner","8":"product_tag-skjonnlitteratur","9":"pa_format-innbundet","11":"first","12":"outofstock","13":"shipping-taxable","14":"purchasable","15":"product-type-simple"},"acf":{"anmeldelse":null},"yoast_head":"<!-- This site is optimized with the Yoast SEO plugin v26.6 - https:\/\/yoast.com\/wordpress\/plugins\/seo\/ -->\n<title>Babetta - Pax<\/title>\n<meta name=\"robots\" content=\"noindex, follow, max-snippet:-1, max-image-preview:large, max-video-preview:-1\" \/>\n<meta property=\"og:locale\" content=\"nb_NO\" \/>\n<meta property=\"og:type\" content=\"article\" \/>\n<meta property=\"og:title\" content=\"Babetta - Pax\" \/>\n<meta property=\"og:description\" content=\"Da Lou inviterer Katja til \u00e5 tilbringe sommeren i det solfylte franske slottet hun deler med en eldre fransk filmlegende, griper Katja sjansen. Hun og Lou har v\u00e6rt bestevenner siden de m\u00f8ttes p\u00e5 dramalinjen p\u00e5 videreg\u00e5ende, men i l\u00f8pet av de siste femten \u00e5rene har livet deres tatt forskjellige retninger. Katja jobber p\u00e5 en \u00f8kologisk [&hellip;]\" \/>\n<meta property=\"og:url\" content=\"https:\/\/staging.forenteforlag.no\/pax\/produkt\/babetta\/\" \/>\n<meta property=\"og:site_name\" content=\"Pax\" \/>\n<meta property=\"article:modified_time\" content=\"2025-11-19T07:20:39+00:00\" \/>\n<meta property=\"og:image\" content=\"https:\/\/staging.forenteforlag.no\/pax\/wp-content\/uploads\/sites\/5\/2025\/08\/jpg-9844-scaled.jpg\" \/>\n\t<meta property=\"og:image:width\" content=\"1228\" \/>\n\t<meta property=\"og:image:height\" content=\"1920\" \/>\n\t<meta property=\"og:image:type\" content=\"image\/jpeg\" \/>\n<meta name=\"twitter:card\" content=\"summary_large_image\" \/>\n<meta name=\"twitter:label1\" content=\"Ansl. lesetid\" \/>\n\t<meta name=\"twitter:data1\" content=\"1 minutt\" \/>\n<script type=\"application\/ld+json\" class=\"yoast-schema-graph\">{\"@context\":\"https:\/\/schema.org\",\"@graph\":[{\"@type\":\"WebPage\",\"@id\":\"https:\/\/staging.forenteforlag.no\/pax\/produkt\/babetta\/\",\"url\":\"https:\/\/staging.forenteforlag.no\/pax\/produkt\/babetta\/\",\"name\":\"Babetta - Pax\",\"isPartOf\":{\"@id\":\"https:\/\/staging.forenteforlag.no\/pax\/#website\"},\"primaryImageOfPage\":{\"@id\":\"https:\/\/staging.forenteforlag.no\/pax\/produkt\/babetta\/#primaryimage\"},\"image\":{\"@id\":\"https:\/\/staging.forenteforlag.no\/pax\/produkt\/babetta\/#primaryimage\"},\"thumbnailUrl\":\"https:\/\/staging.forenteforlag.no\/pax\/wp-content\/uploads\/sites\/5\/2025\/08\/jpg-9844-scaled.jpg\",\"datePublished\":\"2023-01-11T00:00:00+00:00\",\"dateModified\":\"2025-11-19T07:20:39+00:00\",\"breadcrumb\":{\"@id\":\"https:\/\/staging.forenteforlag.no\/pax\/produkt\/babetta\/#breadcrumb\"},\"inLanguage\":\"nb-NO\",\"potentialAction\":[{\"@type\":\"ReadAction\",\"target\":[\"https:\/\/staging.forenteforlag.no\/pax\/produkt\/babetta\/\"]}]},{\"@type\":\"ImageObject\",\"inLanguage\":\"nb-NO\",\"@id\":\"https:\/\/staging.forenteforlag.no\/pax\/produkt\/babetta\/#primaryimage\",\"url\":\"https:\/\/staging.forenteforlag.no\/pax\/wp-content\/uploads\/sites\/5\/2025\/08\/jpg-9844-scaled.jpg\",\"contentUrl\":\"https:\/\/staging.forenteforlag.no\/pax\/wp-content\/uploads\/sites\/5\/2025\/08\/jpg-9844-scaled.jpg\",\"width\":1228,\"height\":1920},{\"@type\":\"BreadcrumbList\",\"@id\":\"https:\/\/staging.forenteforlag.no\/pax\/produkt\/babetta\/#breadcrumb\",\"itemListElement\":[{\"@type\":\"ListItem\",\"position\":1,\"name\":\"Hjem\",\"item\":\"https:\/\/staging.forenteforlag.no\/pax\/\"},{\"@type\":\"ListItem\",\"position\":2,\"name\":\"Alle b\u00f8ker\",\"item\":\"https:\/\/staging.forenteforlag.no\/pax\/butikk\/\"},{\"@type\":\"ListItem\",\"position\":3,\"name\":\"Babetta\"}]},{\"@type\":\"WebSite\",\"@id\":\"https:\/\/staging.forenteforlag.no\/pax\/#website\",\"url\":\"https:\/\/staging.forenteforlag.no\/pax\/\",\"name\":\"Pax\",\"description\":\"\",\"potentialAction\":[{\"@type\":\"SearchAction\",\"target\":{\"@type\":\"EntryPoint\",\"urlTemplate\":\"https:\/\/staging.forenteforlag.no\/pax\/?s={search_term_string}\"},\"query-input\":{\"@type\":\"PropertyValueSpecification\",\"valueRequired\":true,\"valueName\":\"search_term_string\"}}],\"inLanguage\":\"nb-NO\"}]}<\/script>\n<!-- \/ Yoast SEO plugin. -->","yoast_head_json":{"title":"Babetta - Pax","robots":{"index":"noindex","follow":"follow","max-snippet":"max-snippet:-1","max-image-preview":"max-image-preview:large","max-video-preview":"max-video-preview:-1"},"og_locale":"nb_NO","og_type":"article","og_title":"Babetta - Pax","og_description":"Da Lou inviterer Katja til \u00e5 tilbringe sommeren i det solfylte franske slottet hun deler med en eldre fransk filmlegende, griper Katja sjansen. Hun og Lou har v\u00e6rt bestevenner siden de m\u00f8ttes p\u00e5 dramalinjen p\u00e5 videreg\u00e5ende, men i l\u00f8pet av de siste femten \u00e5rene har livet deres tatt forskjellige retninger. Katja jobber p\u00e5 en \u00f8kologisk [&hellip;]","og_url":"https:\/\/staging.forenteforlag.no\/pax\/produkt\/babetta\/","og_site_name":"Pax","article_modified_time":"2025-11-19T07:20:39+00:00","og_image":[{"width":1228,"height":1920,"url":"https:\/\/staging.forenteforlag.no\/pax\/wp-content\/uploads\/sites\/5\/2025\/08\/jpg-9844-scaled.jpg","type":"image\/jpeg"}],"twitter_card":"summary_large_image","twitter_misc":{"Ansl. lesetid":"1 minutt"},"schema":{"@context":"https:\/\/schema.org","@graph":[{"@type":"WebPage","@id":"https:\/\/staging.forenteforlag.no\/pax\/produkt\/babetta\/","url":"https:\/\/staging.forenteforlag.no\/pax\/produkt\/babetta\/","name":"Babetta - Pax","isPartOf":{"@id":"https:\/\/staging.forenteforlag.no\/pax\/#website"},"primaryImageOfPage":{"@id":"https:\/\/staging.forenteforlag.no\/pax\/produkt\/babetta\/#primaryimage"},"image":{"@id":"https:\/\/staging.forenteforlag.no\/pax\/produkt\/babetta\/#primaryimage"},"thumbnailUrl":"https:\/\/staging.forenteforlag.no\/pax\/wp-content\/uploads\/sites\/5\/2025\/08\/jpg-9844-scaled.jpg","datePublished":"2023-01-11T00:00:00+00:00","dateModified":"2025-11-19T07:20:39+00:00","breadcrumb":{"@id":"https:\/\/staging.forenteforlag.no\/pax\/produkt\/babetta\/#breadcrumb"},"inLanguage":"nb-NO","potentialAction":[{"@type":"ReadAction","target":["https:\/\/staging.forenteforlag.no\/pax\/produkt\/babetta\/"]}]},{"@type":"ImageObject","inLanguage":"nb-NO","@id":"https:\/\/staging.forenteforlag.no\/pax\/produkt\/babetta\/#primaryimage","url":"https:\/\/staging.forenteforlag.no\/pax\/wp-content\/uploads\/sites\/5\/2025\/08\/jpg-9844-scaled.jpg","contentUrl":"https:\/\/staging.forenteforlag.no\/pax\/wp-content\/uploads\/sites\/5\/2025\/08\/jpg-9844-scaled.jpg","width":1228,"height":1920},{"@type":"BreadcrumbList","@id":"https:\/\/staging.forenteforlag.no\/pax\/produkt\/babetta\/#breadcrumb","itemListElement":[{"@type":"ListItem","position":1,"name":"Hjem","item":"https:\/\/staging.forenteforlag.no\/pax\/"},{"@type":"ListItem","position":2,"name":"Alle b\u00f8ker","item":"https:\/\/staging.forenteforlag.no\/pax\/butikk\/"},{"@type":"ListItem","position":3,"name":"Babetta"}]},{"@type":"WebSite","@id":"https:\/\/staging.forenteforlag.no\/pax\/#website","url":"https:\/\/staging.forenteforlag.no\/pax\/","name":"Pax","description":"","potentialAction":[{"@type":"SearchAction","target":{"@type":"EntryPoint","urlTemplate":"https:\/\/staging.forenteforlag.no\/pax\/?s={search_term_string}"},"query-input":{"@type":"PropertyValueSpecification","valueRequired":true,"valueName":"search_term_string"}}],"inLanguage":"nb-NO"}]}},"_links":{"self":[{"href":"https:\/\/staging.forenteforlag.no\/pax\/wp-json\/wp\/v2\/product\/23849","targetHints":{"allow":["GET"]}}],"collection":[{"href":"https:\/\/staging.forenteforlag.no\/pax\/wp-json\/wp\/v2\/product"}],"about":[{"href":"https:\/\/staging.forenteforlag.no\/pax\/wp-json\/wp\/v2\/types\/product"}],"wp:featuredmedia":[{"embeddable":true,"href":"https:\/\/staging.forenteforlag.no\/pax\/wp-json\/wp\/v2\/media\/29410"}],"wp:attachment":[{"href":"https:\/\/staging.forenteforlag.no\/pax\/wp-json\/wp\/v2\/media?parent=23849"}],"wp:term":[{"taxonomy":"product_brand","embeddable":true,"href":"https:\/\/staging.forenteforlag.no\/pax\/wp-json\/wp\/v2\/product_brand?post=23849"},{"taxonomy":"product_cat","embeddable":true,"href":"https:\/\/staging.forenteforlag.no\/pax\/wp-json\/wp\/v2\/product_cat?post=23849"},{"taxonomy":"product_tag","embeddable":true,"href":"https:\/\/staging.forenteforlag.no\/pax\/wp-json\/wp\/v2\/product_tag?post=23849"}],"curies":[{"name":"wp","href":"https:\/\/api.w.org\/{rel}","templated":true}]}}