{"id":23842,"date":"2017-11-21T01:00:00","date_gmt":"2017-11-21T00:00:00","guid":{"rendered":"https:\/\/pax.forenteforlag.no\/produkt\/makt-og-styring-rundt-matfatet\/"},"modified":"2025-08-27T11:29:19","modified_gmt":"2025-08-27T09:29:19","slug":"makt-og-styring-rundt-matfatet","status":"publish","type":"product","link":"https:\/\/staging.forenteforlag.no\/pax\/produkt\/makt-og-styring-rundt-matfatet\/","title":{"rendered":"Makt og styring rundt matfatet"},"content":{"rendered":"<p>Mattrygghet er et uttrykk for at f\u00f8den v\u00e5r, mat og drikke, er helsemessig trygg. Mattrygghet er matprodusentenes ansvar, mens myndighetene stiller krav og kontrollerer at kravene f\u00f8lges. Denne boken handler om mattrygghet, myndigheter og maktbruk. Bokas lange historiske linjer bidrar til \u00e5 fors\u00e5 n\u00e5tiden bedre. I oldtiden, der denne historien starter, manglet matprodusentene faktisk kunnskap om mattrygghet, men de hadde kunnskap i form av erfaringer, og religi\u00f8se spiseregler finner vi for eksempel i Moseb\u00f8kene. Da bysamfunnene oppstod, l\u00e6rte man mer om hvordan mat og drikke kunne gi sykdom og d\u00f8d, men det var f\u00f8rst p\u00e5 slutten av 1800-tallet at forskerne etter hvert avdekket de virkelige \u00e5rsakene til at noen ble syke av maten. Dette var starten p\u00e5 en faktabasert matforvaltning. Men det ble ogs\u00e5 starten p\u00e5 profesjonskamper, tautrekking mellom departementer, fagmilj\u00f8er, n\u00e6ringsinteresser og nasjoner. Dette toppet seg fra midt p\u00e5 1980-tallet og utover da kugalskap, Tsjernobyl, matsminke, belgisk bl\u00e5, grensekontroll, E\u00d8S- og Veterin\u00e6ravtalen gjorde deler av matpolitikken til storpolitikk. Det ble heftige kamper om makt og styring rundt matfatet. Forfatterne er sju pensjonerte byr\u00e5krater som har opplevd faglige og politiske basketak innenfra i de aktuelle ti\u00e5rene fram mot Mattilsynets f\u00f8dsel, b\u00e5de hjemme og ute. Erfaringene fra et lojalt embetsverk under skiftende politisk ledelse vil utvilsomt ogs\u00e5 ha interesse for andre.<\/p>\n","protected":false},"excerpt":{"rendered":"<p>Mattrygghet er et uttrykk for at f\u00f8den v\u00e5r, mat og drikke, er helsemessig trygg. Mattrygghet er matprodusentenes ansvar, mens myndighetene stiller krav og kontrollerer at kravene f\u00f8lges. Denne boken handler om mattrygghet, myndigheter og maktbruk. Bokas lange historiske linjer bidrar til \u00e5 fors\u00e5 n\u00e5tiden bedre. I oldtiden, der denne historien starter, manglet matprodusentene faktisk kunnskap [&hellip;]<\/p>\n","protected":false},"featured_media":28939,"template":"","meta":{"_acf_changed":false,"inline_featured_image":false},"product_brand":[],"product_cat":[1782,23,28],"product_tag":[607,362,1589,671],"class_list":{"0":"post-23842","1":"product","2":"type-product","3":"status-publish","4":"has-post-thumbnail","6":"product_cat-fripris","7":"product_cat-historie","8":"product_cat-mat-og-drikke","9":"product_tag-bedriftshistorie","10":"product_tag-faglitteratur","11":"product_tag-landbruk-og-fiske","12":"product_tag-mat-og-drikke","13":"pa_format-innbundet","15":"first","16":"instock","17":"shipping-taxable","18":"purchasable","19":"product-type-simple"},"acf":{"anmeldelse":null},"yoast_head":"<!-- This site is optimized with the Yoast SEO plugin v26.6 - https:\/\/yoast.com\/wordpress\/plugins\/seo\/ -->\n<title>Makt og styring rundt matfatet - Pax<\/title>\n<meta name=\"robots\" content=\"noindex, follow, max-snippet:-1, max-image-preview:large, max-video-preview:-1\" \/>\n<meta property=\"og:locale\" content=\"nb_NO\" \/>\n<meta property=\"og:type\" content=\"article\" \/>\n<meta property=\"og:title\" content=\"Makt og styring rundt matfatet - Pax\" \/>\n<meta property=\"og:description\" content=\"Mattrygghet er et uttrykk for at f\u00f8den v\u00e5r, mat og drikke, er helsemessig trygg. Mattrygghet er matprodusentenes ansvar, mens myndighetene stiller krav og kontrollerer at kravene f\u00f8lges. Denne boken handler om mattrygghet, myndigheter og maktbruk. Bokas lange historiske linjer bidrar til \u00e5 fors\u00e5 n\u00e5tiden bedre. I oldtiden, der denne historien starter, manglet matprodusentene faktisk kunnskap [&hellip;]\" \/>\n<meta property=\"og:url\" content=\"https:\/\/staging.forenteforlag.no\/pax\/produkt\/makt-og-styring-rundt-matfatet\/\" \/>\n<meta property=\"og:site_name\" content=\"Pax\" \/>\n<meta property=\"article:modified_time\" content=\"2025-08-27T09:29:19+00:00\" \/>\n<meta property=\"og:image\" content=\"https:\/\/staging.forenteforlag.no\/pax\/wp-content\/uploads\/sites\/5\/2025\/08\/jpg-8409-scaled-1-scaled.jpg\" \/>\n\t<meta property=\"og:image:width\" content=\"1354\" \/>\n\t<meta property=\"og:image:height\" content=\"1920\" \/>\n\t<meta property=\"og:image:type\" content=\"image\/jpeg\" \/>\n<meta name=\"twitter:card\" content=\"summary_large_image\" \/>\n<meta name=\"twitter:label1\" content=\"Ansl. lesetid\" \/>\n\t<meta name=\"twitter:data1\" content=\"1 minutt\" \/>\n<script type=\"application\/ld+json\" class=\"yoast-schema-graph\">{\"@context\":\"https:\/\/schema.org\",\"@graph\":[{\"@type\":\"WebPage\",\"@id\":\"https:\/\/staging.forenteforlag.no\/pax\/produkt\/makt-og-styring-rundt-matfatet\/\",\"url\":\"https:\/\/staging.forenteforlag.no\/pax\/produkt\/makt-og-styring-rundt-matfatet\/\",\"name\":\"Makt og styring rundt matfatet - Pax\",\"isPartOf\":{\"@id\":\"https:\/\/staging.forenteforlag.no\/pax\/#website\"},\"primaryImageOfPage\":{\"@id\":\"https:\/\/staging.forenteforlag.no\/pax\/produkt\/makt-og-styring-rundt-matfatet\/#primaryimage\"},\"image\":{\"@id\":\"https:\/\/staging.forenteforlag.no\/pax\/produkt\/makt-og-styring-rundt-matfatet\/#primaryimage\"},\"thumbnailUrl\":\"https:\/\/staging.forenteforlag.no\/pax\/wp-content\/uploads\/sites\/5\/2025\/08\/jpg-8409-scaled-1-scaled.jpg\",\"datePublished\":\"2017-11-21T00:00:00+00:00\",\"dateModified\":\"2025-08-27T09:29:19+00:00\",\"breadcrumb\":{\"@id\":\"https:\/\/staging.forenteforlag.no\/pax\/produkt\/makt-og-styring-rundt-matfatet\/#breadcrumb\"},\"inLanguage\":\"nb-NO\",\"potentialAction\":[{\"@type\":\"ReadAction\",\"target\":[\"https:\/\/staging.forenteforlag.no\/pax\/produkt\/makt-og-styring-rundt-matfatet\/\"]}]},{\"@type\":\"ImageObject\",\"inLanguage\":\"nb-NO\",\"@id\":\"https:\/\/staging.forenteforlag.no\/pax\/produkt\/makt-og-styring-rundt-matfatet\/#primaryimage\",\"url\":\"https:\/\/staging.forenteforlag.no\/pax\/wp-content\/uploads\/sites\/5\/2025\/08\/jpg-8409-scaled-1-scaled.jpg\",\"contentUrl\":\"https:\/\/staging.forenteforlag.no\/pax\/wp-content\/uploads\/sites\/5\/2025\/08\/jpg-8409-scaled-1-scaled.jpg\",\"width\":1354,\"height\":1920},{\"@type\":\"BreadcrumbList\",\"@id\":\"https:\/\/staging.forenteforlag.no\/pax\/produkt\/makt-og-styring-rundt-matfatet\/#breadcrumb\",\"itemListElement\":[{\"@type\":\"ListItem\",\"position\":1,\"name\":\"Hjem\",\"item\":\"https:\/\/staging.forenteforlag.no\/pax\/\"},{\"@type\":\"ListItem\",\"position\":2,\"name\":\"Alle b\u00f8ker\",\"item\":\"https:\/\/staging.forenteforlag.no\/pax\/butikk\/\"},{\"@type\":\"ListItem\",\"position\":3,\"name\":\"Makt og styring rundt matfatet\"}]},{\"@type\":\"WebSite\",\"@id\":\"https:\/\/staging.forenteforlag.no\/pax\/#website\",\"url\":\"https:\/\/staging.forenteforlag.no\/pax\/\",\"name\":\"Pax\",\"description\":\"\",\"potentialAction\":[{\"@type\":\"SearchAction\",\"target\":{\"@type\":\"EntryPoint\",\"urlTemplate\":\"https:\/\/staging.forenteforlag.no\/pax\/?s={search_term_string}\"},\"query-input\":{\"@type\":\"PropertyValueSpecification\",\"valueRequired\":true,\"valueName\":\"search_term_string\"}}],\"inLanguage\":\"nb-NO\"}]}<\/script>\n<!-- \/ Yoast SEO plugin. -->","yoast_head_json":{"title":"Makt og styring rundt matfatet - Pax","robots":{"index":"noindex","follow":"follow","max-snippet":"max-snippet:-1","max-image-preview":"max-image-preview:large","max-video-preview":"max-video-preview:-1"},"og_locale":"nb_NO","og_type":"article","og_title":"Makt og styring rundt matfatet - Pax","og_description":"Mattrygghet er et uttrykk for at f\u00f8den v\u00e5r, mat og drikke, er helsemessig trygg. Mattrygghet er matprodusentenes ansvar, mens myndighetene stiller krav og kontrollerer at kravene f\u00f8lges. Denne boken handler om mattrygghet, myndigheter og maktbruk. Bokas lange historiske linjer bidrar til \u00e5 fors\u00e5 n\u00e5tiden bedre. I oldtiden, der denne historien starter, manglet matprodusentene faktisk kunnskap [&hellip;]","og_url":"https:\/\/staging.forenteforlag.no\/pax\/produkt\/makt-og-styring-rundt-matfatet\/","og_site_name":"Pax","article_modified_time":"2025-08-27T09:29:19+00:00","og_image":[{"width":1354,"height":1920,"url":"https:\/\/staging.forenteforlag.no\/pax\/wp-content\/uploads\/sites\/5\/2025\/08\/jpg-8409-scaled-1-scaled.jpg","type":"image\/jpeg"}],"twitter_card":"summary_large_image","twitter_misc":{"Ansl. lesetid":"1 minutt"},"schema":{"@context":"https:\/\/schema.org","@graph":[{"@type":"WebPage","@id":"https:\/\/staging.forenteforlag.no\/pax\/produkt\/makt-og-styring-rundt-matfatet\/","url":"https:\/\/staging.forenteforlag.no\/pax\/produkt\/makt-og-styring-rundt-matfatet\/","name":"Makt og styring rundt matfatet - Pax","isPartOf":{"@id":"https:\/\/staging.forenteforlag.no\/pax\/#website"},"primaryImageOfPage":{"@id":"https:\/\/staging.forenteforlag.no\/pax\/produkt\/makt-og-styring-rundt-matfatet\/#primaryimage"},"image":{"@id":"https:\/\/staging.forenteforlag.no\/pax\/produkt\/makt-og-styring-rundt-matfatet\/#primaryimage"},"thumbnailUrl":"https:\/\/staging.forenteforlag.no\/pax\/wp-content\/uploads\/sites\/5\/2025\/08\/jpg-8409-scaled-1-scaled.jpg","datePublished":"2017-11-21T00:00:00+00:00","dateModified":"2025-08-27T09:29:19+00:00","breadcrumb":{"@id":"https:\/\/staging.forenteforlag.no\/pax\/produkt\/makt-og-styring-rundt-matfatet\/#breadcrumb"},"inLanguage":"nb-NO","potentialAction":[{"@type":"ReadAction","target":["https:\/\/staging.forenteforlag.no\/pax\/produkt\/makt-og-styring-rundt-matfatet\/"]}]},{"@type":"ImageObject","inLanguage":"nb-NO","@id":"https:\/\/staging.forenteforlag.no\/pax\/produkt\/makt-og-styring-rundt-matfatet\/#primaryimage","url":"https:\/\/staging.forenteforlag.no\/pax\/wp-content\/uploads\/sites\/5\/2025\/08\/jpg-8409-scaled-1-scaled.jpg","contentUrl":"https:\/\/staging.forenteforlag.no\/pax\/wp-content\/uploads\/sites\/5\/2025\/08\/jpg-8409-scaled-1-scaled.jpg","width":1354,"height":1920},{"@type":"BreadcrumbList","@id":"https:\/\/staging.forenteforlag.no\/pax\/produkt\/makt-og-styring-rundt-matfatet\/#breadcrumb","itemListElement":[{"@type":"ListItem","position":1,"name":"Hjem","item":"https:\/\/staging.forenteforlag.no\/pax\/"},{"@type":"ListItem","position":2,"name":"Alle b\u00f8ker","item":"https:\/\/staging.forenteforlag.no\/pax\/butikk\/"},{"@type":"ListItem","position":3,"name":"Makt og styring rundt matfatet"}]},{"@type":"WebSite","@id":"https:\/\/staging.forenteforlag.no\/pax\/#website","url":"https:\/\/staging.forenteforlag.no\/pax\/","name":"Pax","description":"","potentialAction":[{"@type":"SearchAction","target":{"@type":"EntryPoint","urlTemplate":"https:\/\/staging.forenteforlag.no\/pax\/?s={search_term_string}"},"query-input":{"@type":"PropertyValueSpecification","valueRequired":true,"valueName":"search_term_string"}}],"inLanguage":"nb-NO"}]}},"_links":{"self":[{"href":"https:\/\/staging.forenteforlag.no\/pax\/wp-json\/wp\/v2\/product\/23842","targetHints":{"allow":["GET"]}}],"collection":[{"href":"https:\/\/staging.forenteforlag.no\/pax\/wp-json\/wp\/v2\/product"}],"about":[{"href":"https:\/\/staging.forenteforlag.no\/pax\/wp-json\/wp\/v2\/types\/product"}],"wp:featuredmedia":[{"embeddable":true,"href":"https:\/\/staging.forenteforlag.no\/pax\/wp-json\/wp\/v2\/media\/28939"}],"wp:attachment":[{"href":"https:\/\/staging.forenteforlag.no\/pax\/wp-json\/wp\/v2\/media?parent=23842"}],"wp:term":[{"taxonomy":"product_brand","embeddable":true,"href":"https:\/\/staging.forenteforlag.no\/pax\/wp-json\/wp\/v2\/product_brand?post=23842"},{"taxonomy":"product_cat","embeddable":true,"href":"https:\/\/staging.forenteforlag.no\/pax\/wp-json\/wp\/v2\/product_cat?post=23842"},{"taxonomy":"product_tag","embeddable":true,"href":"https:\/\/staging.forenteforlag.no\/pax\/wp-json\/wp\/v2\/product_tag?post=23842"}],"curies":[{"name":"wp","href":"https:\/\/api.w.org\/{rel}","templated":true}]}}