{"id":23812,"date":"2024-12-10T23:21:10","date_gmt":"2024-12-10T22:21:10","guid":{"rendered":"https:\/\/pax.forenteforlag.no\/produkt\/barnas-fuglebok-2\/"},"modified":"2026-03-04T18:37:27","modified_gmt":"2026-03-04T17:37:27","slug":"barnas-fuglebok-2","status":"publish","type":"product","link":"https:\/\/staging.forenteforlag.no\/pax\/produkt\/barnas-fuglebok-2\/","title":{"rendered":"Barnas fuglebok"},"content":{"rendered":"<p>Nytt opplag av popul\u00e6r tittel!  Barnas fuglebok presenterer et f\u00f8rtitalls fugler i tekst og illustrasjoner. For hver fugl gjengis ogs\u00e5 en fortelling fra mytologi eller folkelig fortellertradisjon. Kombinasjonen av lett tilgjengelig faktainformasjon og utfyllende fortelling stimulerer fantasien og l\u00e6relysten hos barn &#8211; og voksne. Hyggelig lesning for familien og en glimrende bruksbok for barnehage og sm\u00e5skole. Fra 4 \u00e5r.<\/p>\n","protected":false},"excerpt":{"rendered":"<p>Nytt opplag av popul\u00e6r tittel! Barnas fuglebok presenterer et f\u00f8rtitalls fugler i tekst og illustrasjoner. For hver fugl gjengis ogs\u00e5 en fortelling fra mytologi eller folkelig fortellertradisjon. Kombinasjonen av lett tilgjengelig faktainformasjon og utfyllende fortelling stimulerer fantasien og l\u00e6relysten hos barn &#8211; og voksne. Hyggelig lesning for familien og en glimrende bruksbok for barnehage og [&hellip;]<\/p>\n","protected":false},"featured_media":29991,"template":"","meta":{"_acf_changed":false,"inline_featured_image":false},"product_brand":[],"product_cat":[1782],"product_tag":[362,673,370],"class_list":{"0":"post-23812","1":"product","2":"type-product","3":"status-publish","4":"has-post-thumbnail","6":"product_cat-fripris","7":"product_tag-faglitteratur","8":"product_tag-fugler","9":"product_tag-skjonnlitteratur","11":"first","12":"outofstock","13":"taxable","14":"shipping-taxable","15":"purchasable","16":"product-type-simple"},"acf":{"anmeldelse":null},"yoast_head":"<!-- This site is optimized with the Yoast SEO plugin v26.6 - https:\/\/yoast.com\/wordpress\/plugins\/seo\/ -->\n<title>Barnas fuglebok - Pax<\/title>\n<meta name=\"robots\" content=\"noindex, follow, max-snippet:-1, max-image-preview:large, max-video-preview:-1\" \/>\n<meta property=\"og:locale\" content=\"nb_NO\" \/>\n<meta property=\"og:type\" content=\"article\" \/>\n<meta property=\"og:title\" content=\"Barnas fuglebok - Pax\" \/>\n<meta property=\"og:description\" content=\"Nytt opplag av popul\u00e6r tittel! Barnas fuglebok presenterer et f\u00f8rtitalls fugler i tekst og illustrasjoner. For hver fugl gjengis ogs\u00e5 en fortelling fra mytologi eller folkelig fortellertradisjon. Kombinasjonen av lett tilgjengelig faktainformasjon og utfyllende fortelling stimulerer fantasien og l\u00e6relysten hos barn &#8211; og voksne. Hyggelig lesning for familien og en glimrende bruksbok for barnehage og [&hellip;]\" \/>\n<meta property=\"og:url\" content=\"https:\/\/staging.forenteforlag.no\/pax\/produkt\/barnas-fuglebok-2\/\" \/>\n<meta property=\"og:site_name\" content=\"Pax\" \/>\n<meta property=\"article:modified_time\" content=\"2026-03-04T17:37:27+00:00\" \/>\n<meta property=\"og:image\" content=\"https:\/\/staging.forenteforlag.no\/pax\/wp-content\/uploads\/sites\/5\/2026\/03\/9788253017402.jpg\" \/>\n\t<meta property=\"og:image:width\" content=\"720\" \/>\n\t<meta property=\"og:image:height\" content=\"604\" \/>\n\t<meta property=\"og:image:type\" content=\"image\/jpeg\" \/>\n<meta name=\"twitter:card\" content=\"summary_large_image\" \/>\n<script type=\"application\/ld+json\" class=\"yoast-schema-graph\">{\"@context\":\"https:\/\/schema.org\",\"@graph\":[{\"@type\":\"WebPage\",\"@id\":\"https:\/\/staging.forenteforlag.no\/pax\/produkt\/barnas-fuglebok-2\/\",\"url\":\"https:\/\/staging.forenteforlag.no\/pax\/produkt\/barnas-fuglebok-2\/\",\"name\":\"Barnas fuglebok - Pax\",\"isPartOf\":{\"@id\":\"https:\/\/staging.forenteforlag.no\/pax\/#website\"},\"primaryImageOfPage\":{\"@id\":\"https:\/\/staging.forenteforlag.no\/pax\/produkt\/barnas-fuglebok-2\/#primaryimage\"},\"image\":{\"@id\":\"https:\/\/staging.forenteforlag.no\/pax\/produkt\/barnas-fuglebok-2\/#primaryimage\"},\"thumbnailUrl\":\"https:\/\/staging.forenteforlag.no\/pax\/wp-content\/uploads\/sites\/5\/2026\/03\/9788253017402.jpg\",\"datePublished\":\"2024-12-10T22:21:10+00:00\",\"dateModified\":\"2026-03-04T17:37:27+00:00\",\"breadcrumb\":{\"@id\":\"https:\/\/staging.forenteforlag.no\/pax\/produkt\/barnas-fuglebok-2\/#breadcrumb\"},\"inLanguage\":\"nb-NO\",\"potentialAction\":[{\"@type\":\"ReadAction\",\"target\":[\"https:\/\/staging.forenteforlag.no\/pax\/produkt\/barnas-fuglebok-2\/\"]}]},{\"@type\":\"ImageObject\",\"inLanguage\":\"nb-NO\",\"@id\":\"https:\/\/staging.forenteforlag.no\/pax\/produkt\/barnas-fuglebok-2\/#primaryimage\",\"url\":\"https:\/\/staging.forenteforlag.no\/pax\/wp-content\/uploads\/sites\/5\/2026\/03\/9788253017402.jpg\",\"contentUrl\":\"https:\/\/staging.forenteforlag.no\/pax\/wp-content\/uploads\/sites\/5\/2026\/03\/9788253017402.jpg\",\"width\":720,\"height\":604},{\"@type\":\"BreadcrumbList\",\"@id\":\"https:\/\/staging.forenteforlag.no\/pax\/produkt\/barnas-fuglebok-2\/#breadcrumb\",\"itemListElement\":[{\"@type\":\"ListItem\",\"position\":1,\"name\":\"Hjem\",\"item\":\"https:\/\/staging.forenteforlag.no\/pax\/\"},{\"@type\":\"ListItem\",\"position\":2,\"name\":\"Alle b\u00f8ker\",\"item\":\"https:\/\/staging.forenteforlag.no\/pax\/butikk\/\"},{\"@type\":\"ListItem\",\"position\":3,\"name\":\"Barnas fuglebok\"}]},{\"@type\":\"WebSite\",\"@id\":\"https:\/\/staging.forenteforlag.no\/pax\/#website\",\"url\":\"https:\/\/staging.forenteforlag.no\/pax\/\",\"name\":\"Pax\",\"description\":\"\",\"potentialAction\":[{\"@type\":\"SearchAction\",\"target\":{\"@type\":\"EntryPoint\",\"urlTemplate\":\"https:\/\/staging.forenteforlag.no\/pax\/?s={search_term_string}\"},\"query-input\":{\"@type\":\"PropertyValueSpecification\",\"valueRequired\":true,\"valueName\":\"search_term_string\"}}],\"inLanguage\":\"nb-NO\"}]}<\/script>\n<!-- \/ Yoast SEO plugin. -->","yoast_head_json":{"title":"Barnas fuglebok - Pax","robots":{"index":"noindex","follow":"follow","max-snippet":"max-snippet:-1","max-image-preview":"max-image-preview:large","max-video-preview":"max-video-preview:-1"},"og_locale":"nb_NO","og_type":"article","og_title":"Barnas fuglebok - Pax","og_description":"Nytt opplag av popul\u00e6r tittel! Barnas fuglebok presenterer et f\u00f8rtitalls fugler i tekst og illustrasjoner. For hver fugl gjengis ogs\u00e5 en fortelling fra mytologi eller folkelig fortellertradisjon. Kombinasjonen av lett tilgjengelig faktainformasjon og utfyllende fortelling stimulerer fantasien og l\u00e6relysten hos barn &#8211; og voksne. Hyggelig lesning for familien og en glimrende bruksbok for barnehage og [&hellip;]","og_url":"https:\/\/staging.forenteforlag.no\/pax\/produkt\/barnas-fuglebok-2\/","og_site_name":"Pax","article_modified_time":"2026-03-04T17:37:27+00:00","og_image":[{"width":720,"height":604,"url":"https:\/\/staging.forenteforlag.no\/pax\/wp-content\/uploads\/sites\/5\/2026\/03\/9788253017402.jpg","type":"image\/jpeg"}],"twitter_card":"summary_large_image","schema":{"@context":"https:\/\/schema.org","@graph":[{"@type":"WebPage","@id":"https:\/\/staging.forenteforlag.no\/pax\/produkt\/barnas-fuglebok-2\/","url":"https:\/\/staging.forenteforlag.no\/pax\/produkt\/barnas-fuglebok-2\/","name":"Barnas fuglebok - Pax","isPartOf":{"@id":"https:\/\/staging.forenteforlag.no\/pax\/#website"},"primaryImageOfPage":{"@id":"https:\/\/staging.forenteforlag.no\/pax\/produkt\/barnas-fuglebok-2\/#primaryimage"},"image":{"@id":"https:\/\/staging.forenteforlag.no\/pax\/produkt\/barnas-fuglebok-2\/#primaryimage"},"thumbnailUrl":"https:\/\/staging.forenteforlag.no\/pax\/wp-content\/uploads\/sites\/5\/2026\/03\/9788253017402.jpg","datePublished":"2024-12-10T22:21:10+00:00","dateModified":"2026-03-04T17:37:27+00:00","breadcrumb":{"@id":"https:\/\/staging.forenteforlag.no\/pax\/produkt\/barnas-fuglebok-2\/#breadcrumb"},"inLanguage":"nb-NO","potentialAction":[{"@type":"ReadAction","target":["https:\/\/staging.forenteforlag.no\/pax\/produkt\/barnas-fuglebok-2\/"]}]},{"@type":"ImageObject","inLanguage":"nb-NO","@id":"https:\/\/staging.forenteforlag.no\/pax\/produkt\/barnas-fuglebok-2\/#primaryimage","url":"https:\/\/staging.forenteforlag.no\/pax\/wp-content\/uploads\/sites\/5\/2026\/03\/9788253017402.jpg","contentUrl":"https:\/\/staging.forenteforlag.no\/pax\/wp-content\/uploads\/sites\/5\/2026\/03\/9788253017402.jpg","width":720,"height":604},{"@type":"BreadcrumbList","@id":"https:\/\/staging.forenteforlag.no\/pax\/produkt\/barnas-fuglebok-2\/#breadcrumb","itemListElement":[{"@type":"ListItem","position":1,"name":"Hjem","item":"https:\/\/staging.forenteforlag.no\/pax\/"},{"@type":"ListItem","position":2,"name":"Alle b\u00f8ker","item":"https:\/\/staging.forenteforlag.no\/pax\/butikk\/"},{"@type":"ListItem","position":3,"name":"Barnas fuglebok"}]},{"@type":"WebSite","@id":"https:\/\/staging.forenteforlag.no\/pax\/#website","url":"https:\/\/staging.forenteforlag.no\/pax\/","name":"Pax","description":"","potentialAction":[{"@type":"SearchAction","target":{"@type":"EntryPoint","urlTemplate":"https:\/\/staging.forenteforlag.no\/pax\/?s={search_term_string}"},"query-input":{"@type":"PropertyValueSpecification","valueRequired":true,"valueName":"search_term_string"}}],"inLanguage":"nb-NO"}]}},"_links":{"self":[{"href":"https:\/\/staging.forenteforlag.no\/pax\/wp-json\/wp\/v2\/product\/23812","targetHints":{"allow":["GET"]}}],"collection":[{"href":"https:\/\/staging.forenteforlag.no\/pax\/wp-json\/wp\/v2\/product"}],"about":[{"href":"https:\/\/staging.forenteforlag.no\/pax\/wp-json\/wp\/v2\/types\/product"}],"wp:featuredmedia":[{"embeddable":true,"href":"https:\/\/staging.forenteforlag.no\/pax\/wp-json\/wp\/v2\/media\/29991"}],"wp:attachment":[{"href":"https:\/\/staging.forenteforlag.no\/pax\/wp-json\/wp\/v2\/media?parent=23812"}],"wp:term":[{"taxonomy":"product_brand","embeddable":true,"href":"https:\/\/staging.forenteforlag.no\/pax\/wp-json\/wp\/v2\/product_brand?post=23812"},{"taxonomy":"product_cat","embeddable":true,"href":"https:\/\/staging.forenteforlag.no\/pax\/wp-json\/wp\/v2\/product_cat?post=23812"},{"taxonomy":"product_tag","embeddable":true,"href":"https:\/\/staging.forenteforlag.no\/pax\/wp-json\/wp\/v2\/product_tag?post=23812"}],"curies":[{"name":"wp","href":"https:\/\/api.w.org\/{rel}","templated":true}]}}