{"id":23770,"date":"2024-12-10T22:59:58","date_gmt":"2024-12-10T21:59:58","guid":{"rendered":"https:\/\/pax.forenteforlag.no\/produkt\/resept-pa-et-lykkelig-liv-2\/"},"modified":"2026-03-03T20:57:09","modified_gmt":"2026-03-03T19:57:09","slug":"resept-pa-et-lykkelig-liv-2","status":"publish","type":"product","link":"https:\/\/staging.forenteforlag.no\/pax\/produkt\/resept-pa-et-lykkelig-liv-2\/","title":{"rendered":"Resept p\u00e5 et lykkelig liv"},"content":{"rendered":"<p>Med denne romanen fikk forfatteren sitt nasjonale gjennombrudd i USA. Boka handler om tre generasjoner kvinner i North Carolina, i f\u00f8rste halvdel av 1900-tallet. Datterdatter Margaret er bokas fortellerstemme, men det er mormoren Charlie Kate som er hovedpersonen. Charlie Kate er familiens grunnvoll og dynamiske element. Hun er selvl\u00e6rt og selvbestaltet jordmor, lege og tannlege, og er et lite helsevesen i seg selv. Ingen er up\u00e5virket av \u00e5 ha et slikt fyrverkeri i sin n\u00e6rhet. En ektemann stikker tidlig av, datteren Sophia m\u00e5 sl\u00e5ss for et pusterom. Men Margaret kan beundre mormoren.<\/p>\n","protected":false},"excerpt":{"rendered":"<p>Med denne romanen fikk forfatteren sitt nasjonale gjennombrudd i USA. Boka handler om tre generasjoner kvinner i North Carolina, i f\u00f8rste halvdel av 1900-tallet. Datterdatter Margaret er bokas fortellerstemme, men det er mormoren Charlie Kate som er hovedpersonen. Charlie Kate er familiens grunnvoll og dynamiske element. Hun er selvl\u00e6rt og selvbestaltet jordmor, lege og tannlege, [&hellip;]<\/p>\n","protected":false},"featured_media":0,"template":"","meta":{"_acf_changed":false,"inline_featured_image":false},"product_brand":[],"product_cat":[1782],"product_tag":[370],"class_list":{"0":"post-23770","1":"product","2":"type-product","3":"status-publish","5":"product_cat-fripris","6":"product_tag-skjonnlitteratur","8":"first","9":"outofstock","10":"taxable","11":"shipping-taxable","12":"purchasable","13":"product-type-simple"},"acf":{"anmeldelse":null},"yoast_head":"<!-- This site is optimized with the Yoast SEO plugin v26.6 - https:\/\/yoast.com\/wordpress\/plugins\/seo\/ -->\n<title>Resept p\u00e5 et lykkelig liv - Pax<\/title>\n<meta name=\"robots\" content=\"noindex, follow, max-snippet:-1, max-image-preview:large, max-video-preview:-1\" \/>\n<meta property=\"og:locale\" content=\"nb_NO\" \/>\n<meta property=\"og:type\" content=\"article\" \/>\n<meta property=\"og:title\" content=\"Resept p\u00e5 et lykkelig liv - Pax\" \/>\n<meta property=\"og:description\" content=\"Med denne romanen fikk forfatteren sitt nasjonale gjennombrudd i USA. Boka handler om tre generasjoner kvinner i North Carolina, i f\u00f8rste halvdel av 1900-tallet. Datterdatter Margaret er bokas fortellerstemme, men det er mormoren Charlie Kate som er hovedpersonen. Charlie Kate er familiens grunnvoll og dynamiske element. Hun er selvl\u00e6rt og selvbestaltet jordmor, lege og tannlege, [&hellip;]\" \/>\n<meta property=\"og:url\" content=\"https:\/\/staging.forenteforlag.no\/pax\/produkt\/resept-pa-et-lykkelig-liv-2\/\" \/>\n<meta property=\"og:site_name\" content=\"Pax\" \/>\n<meta property=\"article:modified_time\" content=\"2026-03-03T19:57:09+00:00\" \/>\n<meta property=\"og:image\" content=\"https:\/\/staging.forenteforlag.no\/pax\/wp-content\/uploads\/sites\/5\/2025\/02\/pax-hvit.jpg\" \/>\n\t<meta property=\"og:image:width\" content=\"1200\" \/>\n\t<meta property=\"og:image:height\" content=\"800\" \/>\n\t<meta property=\"og:image:type\" content=\"image\/jpeg\" \/>\n<meta name=\"twitter:card\" content=\"summary_large_image\" \/>\n<script type=\"application\/ld+json\" class=\"yoast-schema-graph\">{\"@context\":\"https:\/\/schema.org\",\"@graph\":[{\"@type\":\"WebPage\",\"@id\":\"https:\/\/staging.forenteforlag.no\/pax\/produkt\/resept-pa-et-lykkelig-liv-2\/\",\"url\":\"https:\/\/staging.forenteforlag.no\/pax\/produkt\/resept-pa-et-lykkelig-liv-2\/\",\"name\":\"Resept p\u00e5 et lykkelig liv - Pax\",\"isPartOf\":{\"@id\":\"https:\/\/staging.forenteforlag.no\/pax\/#website\"},\"datePublished\":\"2024-12-10T21:59:58+00:00\",\"dateModified\":\"2026-03-03T19:57:09+00:00\",\"breadcrumb\":{\"@id\":\"https:\/\/staging.forenteforlag.no\/pax\/produkt\/resept-pa-et-lykkelig-liv-2\/#breadcrumb\"},\"inLanguage\":\"nb-NO\",\"potentialAction\":[{\"@type\":\"ReadAction\",\"target\":[\"https:\/\/staging.forenteforlag.no\/pax\/produkt\/resept-pa-et-lykkelig-liv-2\/\"]}]},{\"@type\":\"BreadcrumbList\",\"@id\":\"https:\/\/staging.forenteforlag.no\/pax\/produkt\/resept-pa-et-lykkelig-liv-2\/#breadcrumb\",\"itemListElement\":[{\"@type\":\"ListItem\",\"position\":1,\"name\":\"Hjem\",\"item\":\"https:\/\/staging.forenteforlag.no\/pax\/\"},{\"@type\":\"ListItem\",\"position\":2,\"name\":\"Alle b\u00f8ker\",\"item\":\"https:\/\/staging.forenteforlag.no\/pax\/butikk\/\"},{\"@type\":\"ListItem\",\"position\":3,\"name\":\"Resept p\u00e5 et lykkelig liv\"}]},{\"@type\":\"WebSite\",\"@id\":\"https:\/\/staging.forenteforlag.no\/pax\/#website\",\"url\":\"https:\/\/staging.forenteforlag.no\/pax\/\",\"name\":\"Pax\",\"description\":\"\",\"potentialAction\":[{\"@type\":\"SearchAction\",\"target\":{\"@type\":\"EntryPoint\",\"urlTemplate\":\"https:\/\/staging.forenteforlag.no\/pax\/?s={search_term_string}\"},\"query-input\":{\"@type\":\"PropertyValueSpecification\",\"valueRequired\":true,\"valueName\":\"search_term_string\"}}],\"inLanguage\":\"nb-NO\"}]}<\/script>\n<!-- \/ Yoast SEO plugin. -->","yoast_head_json":{"title":"Resept p\u00e5 et lykkelig liv - Pax","robots":{"index":"noindex","follow":"follow","max-snippet":"max-snippet:-1","max-image-preview":"max-image-preview:large","max-video-preview":"max-video-preview:-1"},"og_locale":"nb_NO","og_type":"article","og_title":"Resept p\u00e5 et lykkelig liv - Pax","og_description":"Med denne romanen fikk forfatteren sitt nasjonale gjennombrudd i USA. Boka handler om tre generasjoner kvinner i North Carolina, i f\u00f8rste halvdel av 1900-tallet. Datterdatter Margaret er bokas fortellerstemme, men det er mormoren Charlie Kate som er hovedpersonen. Charlie Kate er familiens grunnvoll og dynamiske element. Hun er selvl\u00e6rt og selvbestaltet jordmor, lege og tannlege, [&hellip;]","og_url":"https:\/\/staging.forenteforlag.no\/pax\/produkt\/resept-pa-et-lykkelig-liv-2\/","og_site_name":"Pax","article_modified_time":"2026-03-03T19:57:09+00:00","og_image":[{"width":1200,"height":800,"url":"https:\/\/staging.forenteforlag.no\/pax\/wp-content\/uploads\/sites\/5\/2025\/02\/pax-hvit.jpg","type":"image\/jpeg"}],"twitter_card":"summary_large_image","schema":{"@context":"https:\/\/schema.org","@graph":[{"@type":"WebPage","@id":"https:\/\/staging.forenteforlag.no\/pax\/produkt\/resept-pa-et-lykkelig-liv-2\/","url":"https:\/\/staging.forenteforlag.no\/pax\/produkt\/resept-pa-et-lykkelig-liv-2\/","name":"Resept p\u00e5 et lykkelig liv - Pax","isPartOf":{"@id":"https:\/\/staging.forenteforlag.no\/pax\/#website"},"datePublished":"2024-12-10T21:59:58+00:00","dateModified":"2026-03-03T19:57:09+00:00","breadcrumb":{"@id":"https:\/\/staging.forenteforlag.no\/pax\/produkt\/resept-pa-et-lykkelig-liv-2\/#breadcrumb"},"inLanguage":"nb-NO","potentialAction":[{"@type":"ReadAction","target":["https:\/\/staging.forenteforlag.no\/pax\/produkt\/resept-pa-et-lykkelig-liv-2\/"]}]},{"@type":"BreadcrumbList","@id":"https:\/\/staging.forenteforlag.no\/pax\/produkt\/resept-pa-et-lykkelig-liv-2\/#breadcrumb","itemListElement":[{"@type":"ListItem","position":1,"name":"Hjem","item":"https:\/\/staging.forenteforlag.no\/pax\/"},{"@type":"ListItem","position":2,"name":"Alle b\u00f8ker","item":"https:\/\/staging.forenteforlag.no\/pax\/butikk\/"},{"@type":"ListItem","position":3,"name":"Resept p\u00e5 et lykkelig liv"}]},{"@type":"WebSite","@id":"https:\/\/staging.forenteforlag.no\/pax\/#website","url":"https:\/\/staging.forenteforlag.no\/pax\/","name":"Pax","description":"","potentialAction":[{"@type":"SearchAction","target":{"@type":"EntryPoint","urlTemplate":"https:\/\/staging.forenteforlag.no\/pax\/?s={search_term_string}"},"query-input":{"@type":"PropertyValueSpecification","valueRequired":true,"valueName":"search_term_string"}}],"inLanguage":"nb-NO"}]}},"_links":{"self":[{"href":"https:\/\/staging.forenteforlag.no\/pax\/wp-json\/wp\/v2\/product\/23770","targetHints":{"allow":["GET"]}}],"collection":[{"href":"https:\/\/staging.forenteforlag.no\/pax\/wp-json\/wp\/v2\/product"}],"about":[{"href":"https:\/\/staging.forenteforlag.no\/pax\/wp-json\/wp\/v2\/types\/product"}],"wp:attachment":[{"href":"https:\/\/staging.forenteforlag.no\/pax\/wp-json\/wp\/v2\/media?parent=23770"}],"wp:term":[{"taxonomy":"product_brand","embeddable":true,"href":"https:\/\/staging.forenteforlag.no\/pax\/wp-json\/wp\/v2\/product_brand?post=23770"},{"taxonomy":"product_cat","embeddable":true,"href":"https:\/\/staging.forenteforlag.no\/pax\/wp-json\/wp\/v2\/product_cat?post=23770"},{"taxonomy":"product_tag","embeddable":true,"href":"https:\/\/staging.forenteforlag.no\/pax\/wp-json\/wp\/v2\/product_tag?post=23770"}],"curies":[{"name":"wp","href":"https:\/\/api.w.org\/{rel}","templated":true}]}}