{"id":23766,"date":"2024-12-10T22:59:50","date_gmt":"2024-12-10T21:59:50","guid":{"rendered":"https:\/\/pax.forenteforlag.no\/produkt\/diva\/"},"modified":"2026-03-04T21:23:59","modified_gmt":"2026-03-04T20:23:59","slug":"diva","status":"publish","type":"product","link":"https:\/\/staging.forenteforlag.no\/pax\/produkt\/diva\/","title":{"rendered":"Diva"},"content":{"rendered":"<p>Den finlandssvenske forfatteren Monika Fagerholm fikk et stort internasjonalt gjennombrudd med romanen Vidunderlige kvinner ved vannet. I h\u00f8st kommer Pax med Diva, som ogs\u00e5 har f\u00e5tt str\u00e5lende kritikker og ble innstilt til Nordisk R\u00e5ds Litteraturpris. Diva er en ten\u00e5ringsjente som selv bestemmer hvilke stjerner hun navigerer etter n\u00e5r oppvekstorkanen herjer som verst. Sammen med sin mor og br\u00f8drene Meolombj\u00f8rn og Storebj\u00f8rn (selv er hun Lillebj\u00f8rn) bor Diva i en leilighet i forstaden V\u00e4rtbyhamn. For Diva finnes ingen grenser mellom l\u00f8gn og sannhet, og hennes sansning er p\u00e5 samme tid b\u00e5de barnslig og foruroligende voksen. Hennes tro p\u00e5 egne krefter kjenner ingen grenser. Det er den store hungeren som karakteriser Diva, og slett ikke m\u00e5teholdet. Hun er sulten &#8211; p\u00e5 mat, menn, kvinner, kunnskap og matematikk. Hun er forf\u00f8rende og glupsk. Hun har sin helt egen m\u00e5te \u00e5 sette opp livets regnestykker p\u00e5. Romanen Diva er historien om metamorfosen, om gr\u00e5sonen mellom barne- og voksenuniverset, om tiden da kreftene herjer vilt, og Monika Fagerholm skriver fortellingen med svart fandenivoldsk humor.<\/p>\n","protected":false},"excerpt":{"rendered":"<p>Den finlandssvenske forfatteren Monika Fagerholm fikk et stort internasjonalt gjennombrudd med romanen Vidunderlige kvinner ved vannet. I h\u00f8st kommer Pax med Diva, som ogs\u00e5 har f\u00e5tt str\u00e5lende kritikker og ble innstilt til Nordisk R\u00e5ds Litteraturpris. Diva er en ten\u00e5ringsjente som selv bestemmer hvilke stjerner hun navigerer etter n\u00e5r oppvekstorkanen herjer som verst. Sammen med sin [&hellip;]<\/p>\n","protected":false},"featured_media":28830,"template":"","meta":{"_acf_changed":false,"inline_featured_image":false},"product_brand":[],"product_cat":[1782],"product_tag":[1445,1095,370],"class_list":{"0":"post-23766","1":"product","2":"type-product","3":"status-publish","4":"has-post-thumbnail","6":"product_cat-fripris","7":"product_tag-barne-og-ungdomslitteratur","8":"product_tag-grafiske-romaner","9":"product_tag-skjonnlitteratur","11":"first","12":"outofstock","13":"taxable","14":"shipping-taxable","15":"purchasable","16":"product-type-simple"},"acf":{"anmeldelse":null},"yoast_head":"<!-- This site is optimized with the Yoast SEO plugin v26.6 - https:\/\/yoast.com\/wordpress\/plugins\/seo\/ -->\n<title>Diva - Pax<\/title>\n<meta name=\"robots\" content=\"noindex, follow, max-snippet:-1, max-image-preview:large, max-video-preview:-1\" \/>\n<meta property=\"og:locale\" content=\"nb_NO\" \/>\n<meta property=\"og:type\" content=\"article\" \/>\n<meta property=\"og:title\" content=\"Diva - Pax\" \/>\n<meta property=\"og:description\" content=\"Den finlandssvenske forfatteren Monika Fagerholm fikk et stort internasjonalt gjennombrudd med romanen Vidunderlige kvinner ved vannet. I h\u00f8st kommer Pax med Diva, som ogs\u00e5 har f\u00e5tt str\u00e5lende kritikker og ble innstilt til Nordisk R\u00e5ds Litteraturpris. Diva er en ten\u00e5ringsjente som selv bestemmer hvilke stjerner hun navigerer etter n\u00e5r oppvekstorkanen herjer som verst. Sammen med sin [&hellip;]\" \/>\n<meta property=\"og:url\" content=\"https:\/\/staging.forenteforlag.no\/pax\/produkt\/diva\/\" \/>\n<meta property=\"og:site_name\" content=\"Pax\" \/>\n<meta property=\"article:modified_time\" content=\"2026-03-04T20:23:59+00:00\" \/>\n<meta property=\"og:image\" content=\"https:\/\/staging.forenteforlag.no\/pax\/wp-content\/uploads\/sites\/5\/2025\/08\/jpg-8103.jpg\" \/>\n\t<meta property=\"og:image:width\" content=\"289\" \/>\n\t<meta property=\"og:image:height\" content=\"449\" \/>\n\t<meta property=\"og:image:type\" content=\"image\/jpeg\" \/>\n<meta name=\"twitter:card\" content=\"summary_large_image\" \/>\n<meta name=\"twitter:label1\" content=\"Ansl. lesetid\" \/>\n\t<meta name=\"twitter:data1\" content=\"1 minutt\" \/>\n<script type=\"application\/ld+json\" class=\"yoast-schema-graph\">{\"@context\":\"https:\/\/schema.org\",\"@graph\":[{\"@type\":\"WebPage\",\"@id\":\"https:\/\/staging.forenteforlag.no\/pax\/produkt\/diva\/\",\"url\":\"https:\/\/staging.forenteforlag.no\/pax\/produkt\/diva\/\",\"name\":\"Diva - Pax\",\"isPartOf\":{\"@id\":\"https:\/\/staging.forenteforlag.no\/pax\/#website\"},\"primaryImageOfPage\":{\"@id\":\"https:\/\/staging.forenteforlag.no\/pax\/produkt\/diva\/#primaryimage\"},\"image\":{\"@id\":\"https:\/\/staging.forenteforlag.no\/pax\/produkt\/diva\/#primaryimage\"},\"thumbnailUrl\":\"https:\/\/staging.forenteforlag.no\/pax\/wp-content\/uploads\/sites\/5\/2025\/08\/jpg-8103.jpg\",\"datePublished\":\"2024-12-10T21:59:50+00:00\",\"dateModified\":\"2026-03-04T20:23:59+00:00\",\"breadcrumb\":{\"@id\":\"https:\/\/staging.forenteforlag.no\/pax\/produkt\/diva\/#breadcrumb\"},\"inLanguage\":\"nb-NO\",\"potentialAction\":[{\"@type\":\"ReadAction\",\"target\":[\"https:\/\/staging.forenteforlag.no\/pax\/produkt\/diva\/\"]}]},{\"@type\":\"ImageObject\",\"inLanguage\":\"nb-NO\",\"@id\":\"https:\/\/staging.forenteforlag.no\/pax\/produkt\/diva\/#primaryimage\",\"url\":\"https:\/\/staging.forenteforlag.no\/pax\/wp-content\/uploads\/sites\/5\/2025\/08\/jpg-8103.jpg\",\"contentUrl\":\"https:\/\/staging.forenteforlag.no\/pax\/wp-content\/uploads\/sites\/5\/2025\/08\/jpg-8103.jpg\",\"width\":289,\"height\":449},{\"@type\":\"BreadcrumbList\",\"@id\":\"https:\/\/staging.forenteforlag.no\/pax\/produkt\/diva\/#breadcrumb\",\"itemListElement\":[{\"@type\":\"ListItem\",\"position\":1,\"name\":\"Hjem\",\"item\":\"https:\/\/staging.forenteforlag.no\/pax\/\"},{\"@type\":\"ListItem\",\"position\":2,\"name\":\"Alle b\u00f8ker\",\"item\":\"https:\/\/staging.forenteforlag.no\/pax\/butikk\/\"},{\"@type\":\"ListItem\",\"position\":3,\"name\":\"Diva\"}]},{\"@type\":\"WebSite\",\"@id\":\"https:\/\/staging.forenteforlag.no\/pax\/#website\",\"url\":\"https:\/\/staging.forenteforlag.no\/pax\/\",\"name\":\"Pax\",\"description\":\"\",\"potentialAction\":[{\"@type\":\"SearchAction\",\"target\":{\"@type\":\"EntryPoint\",\"urlTemplate\":\"https:\/\/staging.forenteforlag.no\/pax\/?s={search_term_string}\"},\"query-input\":{\"@type\":\"PropertyValueSpecification\",\"valueRequired\":true,\"valueName\":\"search_term_string\"}}],\"inLanguage\":\"nb-NO\"}]}<\/script>\n<!-- \/ Yoast SEO plugin. -->","yoast_head_json":{"title":"Diva - Pax","robots":{"index":"noindex","follow":"follow","max-snippet":"max-snippet:-1","max-image-preview":"max-image-preview:large","max-video-preview":"max-video-preview:-1"},"og_locale":"nb_NO","og_type":"article","og_title":"Diva - Pax","og_description":"Den finlandssvenske forfatteren Monika Fagerholm fikk et stort internasjonalt gjennombrudd med romanen Vidunderlige kvinner ved vannet. I h\u00f8st kommer Pax med Diva, som ogs\u00e5 har f\u00e5tt str\u00e5lende kritikker og ble innstilt til Nordisk R\u00e5ds Litteraturpris. Diva er en ten\u00e5ringsjente som selv bestemmer hvilke stjerner hun navigerer etter n\u00e5r oppvekstorkanen herjer som verst. Sammen med sin [&hellip;]","og_url":"https:\/\/staging.forenteforlag.no\/pax\/produkt\/diva\/","og_site_name":"Pax","article_modified_time":"2026-03-04T20:23:59+00:00","og_image":[{"width":289,"height":449,"url":"https:\/\/staging.forenteforlag.no\/pax\/wp-content\/uploads\/sites\/5\/2025\/08\/jpg-8103.jpg","type":"image\/jpeg"}],"twitter_card":"summary_large_image","twitter_misc":{"Ansl. lesetid":"1 minutt"},"schema":{"@context":"https:\/\/schema.org","@graph":[{"@type":"WebPage","@id":"https:\/\/staging.forenteforlag.no\/pax\/produkt\/diva\/","url":"https:\/\/staging.forenteforlag.no\/pax\/produkt\/diva\/","name":"Diva - Pax","isPartOf":{"@id":"https:\/\/staging.forenteforlag.no\/pax\/#website"},"primaryImageOfPage":{"@id":"https:\/\/staging.forenteforlag.no\/pax\/produkt\/diva\/#primaryimage"},"image":{"@id":"https:\/\/staging.forenteforlag.no\/pax\/produkt\/diva\/#primaryimage"},"thumbnailUrl":"https:\/\/staging.forenteforlag.no\/pax\/wp-content\/uploads\/sites\/5\/2025\/08\/jpg-8103.jpg","datePublished":"2024-12-10T21:59:50+00:00","dateModified":"2026-03-04T20:23:59+00:00","breadcrumb":{"@id":"https:\/\/staging.forenteforlag.no\/pax\/produkt\/diva\/#breadcrumb"},"inLanguage":"nb-NO","potentialAction":[{"@type":"ReadAction","target":["https:\/\/staging.forenteforlag.no\/pax\/produkt\/diva\/"]}]},{"@type":"ImageObject","inLanguage":"nb-NO","@id":"https:\/\/staging.forenteforlag.no\/pax\/produkt\/diva\/#primaryimage","url":"https:\/\/staging.forenteforlag.no\/pax\/wp-content\/uploads\/sites\/5\/2025\/08\/jpg-8103.jpg","contentUrl":"https:\/\/staging.forenteforlag.no\/pax\/wp-content\/uploads\/sites\/5\/2025\/08\/jpg-8103.jpg","width":289,"height":449},{"@type":"BreadcrumbList","@id":"https:\/\/staging.forenteforlag.no\/pax\/produkt\/diva\/#breadcrumb","itemListElement":[{"@type":"ListItem","position":1,"name":"Hjem","item":"https:\/\/staging.forenteforlag.no\/pax\/"},{"@type":"ListItem","position":2,"name":"Alle b\u00f8ker","item":"https:\/\/staging.forenteforlag.no\/pax\/butikk\/"},{"@type":"ListItem","position":3,"name":"Diva"}]},{"@type":"WebSite","@id":"https:\/\/staging.forenteforlag.no\/pax\/#website","url":"https:\/\/staging.forenteforlag.no\/pax\/","name":"Pax","description":"","potentialAction":[{"@type":"SearchAction","target":{"@type":"EntryPoint","urlTemplate":"https:\/\/staging.forenteforlag.no\/pax\/?s={search_term_string}"},"query-input":{"@type":"PropertyValueSpecification","valueRequired":true,"valueName":"search_term_string"}}],"inLanguage":"nb-NO"}]}},"_links":{"self":[{"href":"https:\/\/staging.forenteforlag.no\/pax\/wp-json\/wp\/v2\/product\/23766","targetHints":{"allow":["GET"]}}],"collection":[{"href":"https:\/\/staging.forenteforlag.no\/pax\/wp-json\/wp\/v2\/product"}],"about":[{"href":"https:\/\/staging.forenteforlag.no\/pax\/wp-json\/wp\/v2\/types\/product"}],"wp:featuredmedia":[{"embeddable":true,"href":"https:\/\/staging.forenteforlag.no\/pax\/wp-json\/wp\/v2\/media\/28830"}],"wp:attachment":[{"href":"https:\/\/staging.forenteforlag.no\/pax\/wp-json\/wp\/v2\/media?parent=23766"}],"wp:term":[{"taxonomy":"product_brand","embeddable":true,"href":"https:\/\/staging.forenteforlag.no\/pax\/wp-json\/wp\/v2\/product_brand?post=23766"},{"taxonomy":"product_cat","embeddable":true,"href":"https:\/\/staging.forenteforlag.no\/pax\/wp-json\/wp\/v2\/product_cat?post=23766"},{"taxonomy":"product_tag","embeddable":true,"href":"https:\/\/staging.forenteforlag.no\/pax\/wp-json\/wp\/v2\/product_tag?post=23766"}],"curies":[{"name":"wp","href":"https:\/\/api.w.org\/{rel}","templated":true}]}}