{"id":23709,"date":"2024-12-10T22:57:28","date_gmt":"2024-12-10T21:57:28","guid":{"rendered":"https:\/\/pax.forenteforlag.no\/produkt\/kulturelt-nodverge\/"},"modified":"2026-03-04T19:08:19","modified_gmt":"2026-03-04T18:08:19","slug":"kulturelt-nodverge","status":"publish","type":"product","link":"https:\/\/staging.forenteforlag.no\/pax\/produkt\/kulturelt-nodverge\/","title":{"rendered":"Kulturelt n\u00f8dverge"},"content":{"rendered":"<p>Boka inneholder et utvalg tekster som gir innblikk i Zapffes allsidighet: dikt, epistler, historier, essays og artikler om litteratur, spr\u00e5k, humor, tindebestigning og mye annet. Boka har artikler om Zapffe av Jens Bj\u00f8rneboe og Sigmund Kval\u00f8y Setereng og en fyldig Zapffe-bibliografi.<\/p>\n","protected":false},"excerpt":{"rendered":"<p>Boka inneholder et utvalg tekster som gir innblikk i Zapffes allsidighet: dikt, epistler, historier, essays og artikler om litteratur, spr\u00e5k, humor, tindebestigning og mye annet. Boka har artikler om Zapffe av Jens Bj\u00f8rneboe og Sigmund Kval\u00f8y Setereng og en fyldig Zapffe-bibliografi.<\/p>\n","protected":false},"featured_media":0,"template":"","meta":{"_acf_changed":false,"inline_featured_image":false},"product_brand":[],"product_cat":[1782],"product_tag":[378,362,1258,665],"class_list":{"0":"post-23709","1":"product","2":"type-product","3":"status-publish","5":"product_cat-fripris","6":"product_tag-essay","7":"product_tag-faglitteratur","8":"product_tag-kaserier","9":"product_tag-litteraer-analyse","11":"first","12":"outofstock","13":"taxable","14":"shipping-taxable","15":"purchasable","16":"product-type-simple"},"acf":{"anmeldelse":null},"yoast_head":"<!-- This site is optimized with the Yoast SEO plugin v26.6 - https:\/\/yoast.com\/wordpress\/plugins\/seo\/ -->\n<title>Kulturelt n\u00f8dverge - Pax<\/title>\n<meta name=\"robots\" content=\"noindex, follow, max-snippet:-1, max-image-preview:large, max-video-preview:-1\" \/>\n<meta property=\"og:locale\" content=\"nb_NO\" \/>\n<meta property=\"og:type\" content=\"article\" \/>\n<meta property=\"og:title\" content=\"Kulturelt n\u00f8dverge - Pax\" \/>\n<meta property=\"og:description\" content=\"Boka inneholder et utvalg tekster som gir innblikk i Zapffes allsidighet: dikt, epistler, historier, essays og artikler om litteratur, spr\u00e5k, humor, tindebestigning og mye annet. Boka har artikler om Zapffe av Jens Bj\u00f8rneboe og Sigmund Kval\u00f8y Setereng og en fyldig Zapffe-bibliografi.\" \/>\n<meta property=\"og:url\" content=\"https:\/\/staging.forenteforlag.no\/pax\/produkt\/kulturelt-nodverge\/\" \/>\n<meta property=\"og:site_name\" content=\"Pax\" \/>\n<meta property=\"article:modified_time\" content=\"2026-03-04T18:08:19+00:00\" \/>\n<meta property=\"og:image\" content=\"https:\/\/staging.forenteforlag.no\/pax\/wp-content\/uploads\/sites\/5\/2025\/02\/pax-hvit.jpg\" \/>\n\t<meta property=\"og:image:width\" content=\"1200\" \/>\n\t<meta property=\"og:image:height\" content=\"800\" \/>\n\t<meta property=\"og:image:type\" content=\"image\/jpeg\" \/>\n<meta name=\"twitter:card\" content=\"summary_large_image\" \/>\n<script type=\"application\/ld+json\" class=\"yoast-schema-graph\">{\"@context\":\"https:\/\/schema.org\",\"@graph\":[{\"@type\":\"WebPage\",\"@id\":\"https:\/\/staging.forenteforlag.no\/pax\/produkt\/kulturelt-nodverge\/\",\"url\":\"https:\/\/staging.forenteforlag.no\/pax\/produkt\/kulturelt-nodverge\/\",\"name\":\"Kulturelt n\u00f8dverge - Pax\",\"isPartOf\":{\"@id\":\"https:\/\/staging.forenteforlag.no\/pax\/#website\"},\"datePublished\":\"2024-12-10T21:57:28+00:00\",\"dateModified\":\"2026-03-04T18:08:19+00:00\",\"breadcrumb\":{\"@id\":\"https:\/\/staging.forenteforlag.no\/pax\/produkt\/kulturelt-nodverge\/#breadcrumb\"},\"inLanguage\":\"nb-NO\",\"potentialAction\":[{\"@type\":\"ReadAction\",\"target\":[\"https:\/\/staging.forenteforlag.no\/pax\/produkt\/kulturelt-nodverge\/\"]}]},{\"@type\":\"BreadcrumbList\",\"@id\":\"https:\/\/staging.forenteforlag.no\/pax\/produkt\/kulturelt-nodverge\/#breadcrumb\",\"itemListElement\":[{\"@type\":\"ListItem\",\"position\":1,\"name\":\"Hjem\",\"item\":\"https:\/\/staging.forenteforlag.no\/pax\/\"},{\"@type\":\"ListItem\",\"position\":2,\"name\":\"Alle b\u00f8ker\",\"item\":\"https:\/\/staging.forenteforlag.no\/pax\/butikk\/\"},{\"@type\":\"ListItem\",\"position\":3,\"name\":\"Kulturelt n\u00f8dverge\"}]},{\"@type\":\"WebSite\",\"@id\":\"https:\/\/staging.forenteforlag.no\/pax\/#website\",\"url\":\"https:\/\/staging.forenteforlag.no\/pax\/\",\"name\":\"Pax\",\"description\":\"\",\"potentialAction\":[{\"@type\":\"SearchAction\",\"target\":{\"@type\":\"EntryPoint\",\"urlTemplate\":\"https:\/\/staging.forenteforlag.no\/pax\/?s={search_term_string}\"},\"query-input\":{\"@type\":\"PropertyValueSpecification\",\"valueRequired\":true,\"valueName\":\"search_term_string\"}}],\"inLanguage\":\"nb-NO\"}]}<\/script>\n<!-- \/ Yoast SEO plugin. -->","yoast_head_json":{"title":"Kulturelt n\u00f8dverge - Pax","robots":{"index":"noindex","follow":"follow","max-snippet":"max-snippet:-1","max-image-preview":"max-image-preview:large","max-video-preview":"max-video-preview:-1"},"og_locale":"nb_NO","og_type":"article","og_title":"Kulturelt n\u00f8dverge - Pax","og_description":"Boka inneholder et utvalg tekster som gir innblikk i Zapffes allsidighet: dikt, epistler, historier, essays og artikler om litteratur, spr\u00e5k, humor, tindebestigning og mye annet. Boka har artikler om Zapffe av Jens Bj\u00f8rneboe og Sigmund Kval\u00f8y Setereng og en fyldig Zapffe-bibliografi.","og_url":"https:\/\/staging.forenteforlag.no\/pax\/produkt\/kulturelt-nodverge\/","og_site_name":"Pax","article_modified_time":"2026-03-04T18:08:19+00:00","og_image":[{"width":1200,"height":800,"url":"https:\/\/staging.forenteforlag.no\/pax\/wp-content\/uploads\/sites\/5\/2025\/02\/pax-hvit.jpg","type":"image\/jpeg"}],"twitter_card":"summary_large_image","schema":{"@context":"https:\/\/schema.org","@graph":[{"@type":"WebPage","@id":"https:\/\/staging.forenteforlag.no\/pax\/produkt\/kulturelt-nodverge\/","url":"https:\/\/staging.forenteforlag.no\/pax\/produkt\/kulturelt-nodverge\/","name":"Kulturelt n\u00f8dverge - Pax","isPartOf":{"@id":"https:\/\/staging.forenteforlag.no\/pax\/#website"},"datePublished":"2024-12-10T21:57:28+00:00","dateModified":"2026-03-04T18:08:19+00:00","breadcrumb":{"@id":"https:\/\/staging.forenteforlag.no\/pax\/produkt\/kulturelt-nodverge\/#breadcrumb"},"inLanguage":"nb-NO","potentialAction":[{"@type":"ReadAction","target":["https:\/\/staging.forenteforlag.no\/pax\/produkt\/kulturelt-nodverge\/"]}]},{"@type":"BreadcrumbList","@id":"https:\/\/staging.forenteforlag.no\/pax\/produkt\/kulturelt-nodverge\/#breadcrumb","itemListElement":[{"@type":"ListItem","position":1,"name":"Hjem","item":"https:\/\/staging.forenteforlag.no\/pax\/"},{"@type":"ListItem","position":2,"name":"Alle b\u00f8ker","item":"https:\/\/staging.forenteforlag.no\/pax\/butikk\/"},{"@type":"ListItem","position":3,"name":"Kulturelt n\u00f8dverge"}]},{"@type":"WebSite","@id":"https:\/\/staging.forenteforlag.no\/pax\/#website","url":"https:\/\/staging.forenteforlag.no\/pax\/","name":"Pax","description":"","potentialAction":[{"@type":"SearchAction","target":{"@type":"EntryPoint","urlTemplate":"https:\/\/staging.forenteforlag.no\/pax\/?s={search_term_string}"},"query-input":{"@type":"PropertyValueSpecification","valueRequired":true,"valueName":"search_term_string"}}],"inLanguage":"nb-NO"}]}},"_links":{"self":[{"href":"https:\/\/staging.forenteforlag.no\/pax\/wp-json\/wp\/v2\/product\/23709","targetHints":{"allow":["GET"]}}],"collection":[{"href":"https:\/\/staging.forenteforlag.no\/pax\/wp-json\/wp\/v2\/product"}],"about":[{"href":"https:\/\/staging.forenteforlag.no\/pax\/wp-json\/wp\/v2\/types\/product"}],"wp:attachment":[{"href":"https:\/\/staging.forenteforlag.no\/pax\/wp-json\/wp\/v2\/media?parent=23709"}],"wp:term":[{"taxonomy":"product_brand","embeddable":true,"href":"https:\/\/staging.forenteforlag.no\/pax\/wp-json\/wp\/v2\/product_brand?post=23709"},{"taxonomy":"product_cat","embeddable":true,"href":"https:\/\/staging.forenteforlag.no\/pax\/wp-json\/wp\/v2\/product_cat?post=23709"},{"taxonomy":"product_tag","embeddable":true,"href":"https:\/\/staging.forenteforlag.no\/pax\/wp-json\/wp\/v2\/product_tag?post=23709"}],"curies":[{"name":"wp","href":"https:\/\/api.w.org\/{rel}","templated":true}]}}