{"id":23707,"date":"2024-12-10T22:57:23","date_gmt":"2024-12-10T21:57:23","guid":{"rendered":"https:\/\/pax.forenteforlag.no\/produkt\/utstott\/"},"modified":"2026-03-04T19:12:05","modified_gmt":"2026-03-04T18:12:05","slug":"utstott","status":"publish","type":"product","link":"https:\/\/staging.forenteforlag.no\/pax\/produkt\/utstott\/","title":{"rendered":"Utst\u00f8tt"},"content":{"rendered":"<p>Da Ibrahim ble f\u00f8dt visste ingen av hans folk at han skulle leve livet sitt i landflyktighet. Den landflyktigheten foreldrene brakte ham ut i preget barndom og oppvekst. Maktesl\u00f8s men ikke r\u00e5dl\u00f8s, flyter Ibrahim som ung mann inn i nye eksil b\u00e5de p\u00e5 det fysiske og det psykiske planet.<\/p>\n","protected":false},"excerpt":{"rendered":"<p>Da Ibrahim ble f\u00f8dt visste ingen av hans folk at han skulle leve livet sitt i landflyktighet. Den landflyktigheten foreldrene brakte ham ut i preget barndom og oppvekst. Maktesl\u00f8s men ikke r\u00e5dl\u00f8s, flyter Ibrahim som ung mann inn i nye eksil b\u00e5de p\u00e5 det fysiske og det psykiske planet.<\/p>\n","protected":false},"featured_media":0,"template":"","meta":{"_acf_changed":false,"inline_featured_image":false},"product_brand":[],"product_cat":[1782],"product_tag":[584,1095,370],"class_list":{"0":"post-23707","1":"product","2":"type-product","3":"status-publish","5":"product_cat-fripris","6":"product_tag-flyktninger","7":"product_tag-grafiske-romaner","8":"product_tag-skjonnlitteratur","10":"first","11":"outofstock","12":"taxable","13":"shipping-taxable","14":"purchasable","15":"product-type-simple"},"acf":{"anmeldelse":null},"yoast_head":"<!-- This site is optimized with the Yoast SEO plugin v26.6 - https:\/\/yoast.com\/wordpress\/plugins\/seo\/ -->\n<title>Utst\u00f8tt - Pax<\/title>\n<meta name=\"robots\" content=\"noindex, follow, max-snippet:-1, max-image-preview:large, max-video-preview:-1\" \/>\n<meta property=\"og:locale\" content=\"nb_NO\" \/>\n<meta property=\"og:type\" content=\"article\" \/>\n<meta property=\"og:title\" content=\"Utst\u00f8tt - Pax\" \/>\n<meta property=\"og:description\" content=\"Da Ibrahim ble f\u00f8dt visste ingen av hans folk at han skulle leve livet sitt i landflyktighet. Den landflyktigheten foreldrene brakte ham ut i preget barndom og oppvekst. Maktesl\u00f8s men ikke r\u00e5dl\u00f8s, flyter Ibrahim som ung mann inn i nye eksil b\u00e5de p\u00e5 det fysiske og det psykiske planet.\" \/>\n<meta property=\"og:url\" content=\"https:\/\/staging.forenteforlag.no\/pax\/produkt\/utstott\/\" \/>\n<meta property=\"og:site_name\" content=\"Pax\" \/>\n<meta property=\"article:modified_time\" content=\"2026-03-04T18:12:05+00:00\" \/>\n<meta property=\"og:image\" content=\"https:\/\/staging.forenteforlag.no\/pax\/wp-content\/uploads\/sites\/5\/2025\/02\/pax-hvit.jpg\" \/>\n\t<meta property=\"og:image:width\" content=\"1200\" \/>\n\t<meta property=\"og:image:height\" content=\"800\" \/>\n\t<meta property=\"og:image:type\" content=\"image\/jpeg\" \/>\n<meta name=\"twitter:card\" content=\"summary_large_image\" \/>\n<script type=\"application\/ld+json\" class=\"yoast-schema-graph\">{\"@context\":\"https:\/\/schema.org\",\"@graph\":[{\"@type\":\"WebPage\",\"@id\":\"https:\/\/staging.forenteforlag.no\/pax\/produkt\/utstott\/\",\"url\":\"https:\/\/staging.forenteforlag.no\/pax\/produkt\/utstott\/\",\"name\":\"Utst\u00f8tt - Pax\",\"isPartOf\":{\"@id\":\"https:\/\/staging.forenteforlag.no\/pax\/#website\"},\"datePublished\":\"2024-12-10T21:57:23+00:00\",\"dateModified\":\"2026-03-04T18:12:05+00:00\",\"breadcrumb\":{\"@id\":\"https:\/\/staging.forenteforlag.no\/pax\/produkt\/utstott\/#breadcrumb\"},\"inLanguage\":\"nb-NO\",\"potentialAction\":[{\"@type\":\"ReadAction\",\"target\":[\"https:\/\/staging.forenteforlag.no\/pax\/produkt\/utstott\/\"]}]},{\"@type\":\"BreadcrumbList\",\"@id\":\"https:\/\/staging.forenteforlag.no\/pax\/produkt\/utstott\/#breadcrumb\",\"itemListElement\":[{\"@type\":\"ListItem\",\"position\":1,\"name\":\"Hjem\",\"item\":\"https:\/\/staging.forenteforlag.no\/pax\/\"},{\"@type\":\"ListItem\",\"position\":2,\"name\":\"Alle b\u00f8ker\",\"item\":\"https:\/\/staging.forenteforlag.no\/pax\/butikk\/\"},{\"@type\":\"ListItem\",\"position\":3,\"name\":\"Utst\u00f8tt\"}]},{\"@type\":\"WebSite\",\"@id\":\"https:\/\/staging.forenteforlag.no\/pax\/#website\",\"url\":\"https:\/\/staging.forenteforlag.no\/pax\/\",\"name\":\"Pax\",\"description\":\"\",\"potentialAction\":[{\"@type\":\"SearchAction\",\"target\":{\"@type\":\"EntryPoint\",\"urlTemplate\":\"https:\/\/staging.forenteforlag.no\/pax\/?s={search_term_string}\"},\"query-input\":{\"@type\":\"PropertyValueSpecification\",\"valueRequired\":true,\"valueName\":\"search_term_string\"}}],\"inLanguage\":\"nb-NO\"}]}<\/script>\n<!-- \/ Yoast SEO plugin. -->","yoast_head_json":{"title":"Utst\u00f8tt - Pax","robots":{"index":"noindex","follow":"follow","max-snippet":"max-snippet:-1","max-image-preview":"max-image-preview:large","max-video-preview":"max-video-preview:-1"},"og_locale":"nb_NO","og_type":"article","og_title":"Utst\u00f8tt - Pax","og_description":"Da Ibrahim ble f\u00f8dt visste ingen av hans folk at han skulle leve livet sitt i landflyktighet. Den landflyktigheten foreldrene brakte ham ut i preget barndom og oppvekst. Maktesl\u00f8s men ikke r\u00e5dl\u00f8s, flyter Ibrahim som ung mann inn i nye eksil b\u00e5de p\u00e5 det fysiske og det psykiske planet.","og_url":"https:\/\/staging.forenteforlag.no\/pax\/produkt\/utstott\/","og_site_name":"Pax","article_modified_time":"2026-03-04T18:12:05+00:00","og_image":[{"width":1200,"height":800,"url":"https:\/\/staging.forenteforlag.no\/pax\/wp-content\/uploads\/sites\/5\/2025\/02\/pax-hvit.jpg","type":"image\/jpeg"}],"twitter_card":"summary_large_image","schema":{"@context":"https:\/\/schema.org","@graph":[{"@type":"WebPage","@id":"https:\/\/staging.forenteforlag.no\/pax\/produkt\/utstott\/","url":"https:\/\/staging.forenteforlag.no\/pax\/produkt\/utstott\/","name":"Utst\u00f8tt - Pax","isPartOf":{"@id":"https:\/\/staging.forenteforlag.no\/pax\/#website"},"datePublished":"2024-12-10T21:57:23+00:00","dateModified":"2026-03-04T18:12:05+00:00","breadcrumb":{"@id":"https:\/\/staging.forenteforlag.no\/pax\/produkt\/utstott\/#breadcrumb"},"inLanguage":"nb-NO","potentialAction":[{"@type":"ReadAction","target":["https:\/\/staging.forenteforlag.no\/pax\/produkt\/utstott\/"]}]},{"@type":"BreadcrumbList","@id":"https:\/\/staging.forenteforlag.no\/pax\/produkt\/utstott\/#breadcrumb","itemListElement":[{"@type":"ListItem","position":1,"name":"Hjem","item":"https:\/\/staging.forenteforlag.no\/pax\/"},{"@type":"ListItem","position":2,"name":"Alle b\u00f8ker","item":"https:\/\/staging.forenteforlag.no\/pax\/butikk\/"},{"@type":"ListItem","position":3,"name":"Utst\u00f8tt"}]},{"@type":"WebSite","@id":"https:\/\/staging.forenteforlag.no\/pax\/#website","url":"https:\/\/staging.forenteforlag.no\/pax\/","name":"Pax","description":"","potentialAction":[{"@type":"SearchAction","target":{"@type":"EntryPoint","urlTemplate":"https:\/\/staging.forenteforlag.no\/pax\/?s={search_term_string}"},"query-input":{"@type":"PropertyValueSpecification","valueRequired":true,"valueName":"search_term_string"}}],"inLanguage":"nb-NO"}]}},"_links":{"self":[{"href":"https:\/\/staging.forenteforlag.no\/pax\/wp-json\/wp\/v2\/product\/23707","targetHints":{"allow":["GET"]}}],"collection":[{"href":"https:\/\/staging.forenteforlag.no\/pax\/wp-json\/wp\/v2\/product"}],"about":[{"href":"https:\/\/staging.forenteforlag.no\/pax\/wp-json\/wp\/v2\/types\/product"}],"wp:attachment":[{"href":"https:\/\/staging.forenteforlag.no\/pax\/wp-json\/wp\/v2\/media?parent=23707"}],"wp:term":[{"taxonomy":"product_brand","embeddable":true,"href":"https:\/\/staging.forenteforlag.no\/pax\/wp-json\/wp\/v2\/product_brand?post=23707"},{"taxonomy":"product_cat","embeddable":true,"href":"https:\/\/staging.forenteforlag.no\/pax\/wp-json\/wp\/v2\/product_cat?post=23707"},{"taxonomy":"product_tag","embeddable":true,"href":"https:\/\/staging.forenteforlag.no\/pax\/wp-json\/wp\/v2\/product_tag?post=23707"}],"curies":[{"name":"wp","href":"https:\/\/api.w.org\/{rel}","templated":true}]}}