{"id":23694,"date":"2024-12-10T22:56:47","date_gmt":"2024-12-10T21:56:47","guid":{"rendered":"https:\/\/pax.forenteforlag.no\/produkt\/norsk-innvandringshistorie-bd-3\/"},"modified":"2026-03-04T21:02:33","modified_gmt":"2026-03-04T20:02:33","slug":"norsk-innvandringshistorie-bd-3","status":"publish","type":"product","link":"https:\/\/staging.forenteforlag.no\/pax\/produkt\/norsk-innvandringshistorie-bd-3\/","title":{"rendered":"Norsk innvandringshistorie. Bd. 3"},"content":{"rendered":"<p>Dette bindet starter med de store folkebevegelsene ut og inn av landet mellom 1940 og 1945. Etter okkupasjons\u00e5ra kom den kalde krigen med et nytt flyktningeregime. Grensene ble \u00e5pnet for arbeidsinnvandring, og Norden ble et felles arbeidsmarked. Ved begynnelsen av 1970 kom restriksjonene. Den andre b\u00f8lgen av innvandring var familieinnvandringene; ektefeller og barn av opprinnelige arbeidsinnvandrere kom. Den tredje innvandringsb\u00f8lgen fra 1980 tallett og utover til \u00e5r 2000 telte ogs\u00e5 flyktninger og asyls\u00f8kere. Har register og litteraturliste.<\/p>\n","protected":false},"excerpt":{"rendered":"<p>Dette bindet starter med de store folkebevegelsene ut og inn av landet mellom 1940 og 1945. Etter okkupasjons\u00e5ra kom den kalde krigen med et nytt flyktningeregime. Grensene ble \u00e5pnet for arbeidsinnvandring, og Norden ble et felles arbeidsmarked. Ved begynnelsen av 1970 kom restriksjonene. Den andre b\u00f8lgen av innvandring var familieinnvandringene; ektefeller og barn av opprinnelige [&hellip;]<\/p>\n","protected":false},"featured_media":28214,"template":"","meta":{"_acf_changed":false,"inline_featured_image":false},"product_brand":[],"product_cat":[1782],"product_tag":[441,607,362,697,439],"class_list":{"0":"post-23694","1":"product","2":"type-product","3":"status-publish","4":"has-post-thumbnail","6":"product_cat-fripris","7":"product_tag-1900-tallet","8":"product_tag-bedriftshistorie","9":"product_tag-faglitteratur","10":"product_tag-immigrasjon","11":"product_tag-nord-norge","13":"first","14":"outofstock","15":"taxable","16":"shipping-taxable","17":"purchasable","18":"product-type-simple"},"acf":{"anmeldelse":null},"yoast_head":"<!-- This site is optimized with the Yoast SEO plugin v26.6 - https:\/\/yoast.com\/wordpress\/plugins\/seo\/ -->\n<title>Norsk innvandringshistorie. Bd. 3 - Pax<\/title>\n<meta name=\"robots\" content=\"noindex, follow, max-snippet:-1, max-image-preview:large, max-video-preview:-1\" \/>\n<meta property=\"og:locale\" content=\"nb_NO\" \/>\n<meta property=\"og:type\" content=\"article\" \/>\n<meta property=\"og:title\" content=\"Norsk innvandringshistorie. Bd. 3 - Pax\" \/>\n<meta property=\"og:description\" content=\"Dette bindet starter med de store folkebevegelsene ut og inn av landet mellom 1940 og 1945. Etter okkupasjons\u00e5ra kom den kalde krigen med et nytt flyktningeregime. Grensene ble \u00e5pnet for arbeidsinnvandring, og Norden ble et felles arbeidsmarked. Ved begynnelsen av 1970 kom restriksjonene. Den andre b\u00f8lgen av innvandring var familieinnvandringene; ektefeller og barn av opprinnelige [&hellip;]\" \/>\n<meta property=\"og:url\" content=\"https:\/\/staging.forenteforlag.no\/pax\/produkt\/norsk-innvandringshistorie-bd-3\/\" \/>\n<meta property=\"og:site_name\" content=\"Pax\" \/>\n<meta property=\"article:modified_time\" content=\"2026-03-04T20:02:33+00:00\" \/>\n<meta property=\"og:image\" content=\"https:\/\/staging.forenteforlag.no\/pax\/wp-content\/uploads\/sites\/5\/2025\/08\/jpg-6302.jpg\" \/>\n\t<meta property=\"og:image:width\" content=\"328\" \/>\n\t<meta property=\"og:image:height\" content=\"449\" \/>\n\t<meta property=\"og:image:type\" content=\"image\/jpeg\" \/>\n<meta name=\"twitter:card\" content=\"summary_large_image\" \/>\n<script type=\"application\/ld+json\" class=\"yoast-schema-graph\">{\"@context\":\"https:\/\/schema.org\",\"@graph\":[{\"@type\":\"WebPage\",\"@id\":\"https:\/\/staging.forenteforlag.no\/pax\/produkt\/norsk-innvandringshistorie-bd-3\/\",\"url\":\"https:\/\/staging.forenteforlag.no\/pax\/produkt\/norsk-innvandringshistorie-bd-3\/\",\"name\":\"Norsk innvandringshistorie. Bd. 3 - Pax\",\"isPartOf\":{\"@id\":\"https:\/\/staging.forenteforlag.no\/pax\/#website\"},\"primaryImageOfPage\":{\"@id\":\"https:\/\/staging.forenteforlag.no\/pax\/produkt\/norsk-innvandringshistorie-bd-3\/#primaryimage\"},\"image\":{\"@id\":\"https:\/\/staging.forenteforlag.no\/pax\/produkt\/norsk-innvandringshistorie-bd-3\/#primaryimage\"},\"thumbnailUrl\":\"https:\/\/staging.forenteforlag.no\/pax\/wp-content\/uploads\/sites\/5\/2025\/08\/jpg-6302.jpg\",\"datePublished\":\"2024-12-10T21:56:47+00:00\",\"dateModified\":\"2026-03-04T20:02:33+00:00\",\"breadcrumb\":{\"@id\":\"https:\/\/staging.forenteforlag.no\/pax\/produkt\/norsk-innvandringshistorie-bd-3\/#breadcrumb\"},\"inLanguage\":\"nb-NO\",\"potentialAction\":[{\"@type\":\"ReadAction\",\"target\":[\"https:\/\/staging.forenteforlag.no\/pax\/produkt\/norsk-innvandringshistorie-bd-3\/\"]}]},{\"@type\":\"ImageObject\",\"inLanguage\":\"nb-NO\",\"@id\":\"https:\/\/staging.forenteforlag.no\/pax\/produkt\/norsk-innvandringshistorie-bd-3\/#primaryimage\",\"url\":\"https:\/\/staging.forenteforlag.no\/pax\/wp-content\/uploads\/sites\/5\/2025\/08\/jpg-6302.jpg\",\"contentUrl\":\"https:\/\/staging.forenteforlag.no\/pax\/wp-content\/uploads\/sites\/5\/2025\/08\/jpg-6302.jpg\",\"width\":328,\"height\":449},{\"@type\":\"BreadcrumbList\",\"@id\":\"https:\/\/staging.forenteforlag.no\/pax\/produkt\/norsk-innvandringshistorie-bd-3\/#breadcrumb\",\"itemListElement\":[{\"@type\":\"ListItem\",\"position\":1,\"name\":\"Hjem\",\"item\":\"https:\/\/staging.forenteforlag.no\/pax\/\"},{\"@type\":\"ListItem\",\"position\":2,\"name\":\"Alle b\u00f8ker\",\"item\":\"https:\/\/staging.forenteforlag.no\/pax\/butikk\/\"},{\"@type\":\"ListItem\",\"position\":3,\"name\":\"Norsk innvandringshistorie. Bd. 3\"}]},{\"@type\":\"WebSite\",\"@id\":\"https:\/\/staging.forenteforlag.no\/pax\/#website\",\"url\":\"https:\/\/staging.forenteforlag.no\/pax\/\",\"name\":\"Pax\",\"description\":\"\",\"potentialAction\":[{\"@type\":\"SearchAction\",\"target\":{\"@type\":\"EntryPoint\",\"urlTemplate\":\"https:\/\/staging.forenteforlag.no\/pax\/?s={search_term_string}\"},\"query-input\":{\"@type\":\"PropertyValueSpecification\",\"valueRequired\":true,\"valueName\":\"search_term_string\"}}],\"inLanguage\":\"nb-NO\"}]}<\/script>\n<!-- \/ Yoast SEO plugin. -->","yoast_head_json":{"title":"Norsk innvandringshistorie. Bd. 3 - Pax","robots":{"index":"noindex","follow":"follow","max-snippet":"max-snippet:-1","max-image-preview":"max-image-preview:large","max-video-preview":"max-video-preview:-1"},"og_locale":"nb_NO","og_type":"article","og_title":"Norsk innvandringshistorie. Bd. 3 - Pax","og_description":"Dette bindet starter med de store folkebevegelsene ut og inn av landet mellom 1940 og 1945. Etter okkupasjons\u00e5ra kom den kalde krigen med et nytt flyktningeregime. Grensene ble \u00e5pnet for arbeidsinnvandring, og Norden ble et felles arbeidsmarked. Ved begynnelsen av 1970 kom restriksjonene. Den andre b\u00f8lgen av innvandring var familieinnvandringene; ektefeller og barn av opprinnelige [&hellip;]","og_url":"https:\/\/staging.forenteforlag.no\/pax\/produkt\/norsk-innvandringshistorie-bd-3\/","og_site_name":"Pax","article_modified_time":"2026-03-04T20:02:33+00:00","og_image":[{"width":328,"height":449,"url":"https:\/\/staging.forenteforlag.no\/pax\/wp-content\/uploads\/sites\/5\/2025\/08\/jpg-6302.jpg","type":"image\/jpeg"}],"twitter_card":"summary_large_image","schema":{"@context":"https:\/\/schema.org","@graph":[{"@type":"WebPage","@id":"https:\/\/staging.forenteforlag.no\/pax\/produkt\/norsk-innvandringshistorie-bd-3\/","url":"https:\/\/staging.forenteforlag.no\/pax\/produkt\/norsk-innvandringshistorie-bd-3\/","name":"Norsk innvandringshistorie. Bd. 3 - Pax","isPartOf":{"@id":"https:\/\/staging.forenteforlag.no\/pax\/#website"},"primaryImageOfPage":{"@id":"https:\/\/staging.forenteforlag.no\/pax\/produkt\/norsk-innvandringshistorie-bd-3\/#primaryimage"},"image":{"@id":"https:\/\/staging.forenteforlag.no\/pax\/produkt\/norsk-innvandringshistorie-bd-3\/#primaryimage"},"thumbnailUrl":"https:\/\/staging.forenteforlag.no\/pax\/wp-content\/uploads\/sites\/5\/2025\/08\/jpg-6302.jpg","datePublished":"2024-12-10T21:56:47+00:00","dateModified":"2026-03-04T20:02:33+00:00","breadcrumb":{"@id":"https:\/\/staging.forenteforlag.no\/pax\/produkt\/norsk-innvandringshistorie-bd-3\/#breadcrumb"},"inLanguage":"nb-NO","potentialAction":[{"@type":"ReadAction","target":["https:\/\/staging.forenteforlag.no\/pax\/produkt\/norsk-innvandringshistorie-bd-3\/"]}]},{"@type":"ImageObject","inLanguage":"nb-NO","@id":"https:\/\/staging.forenteforlag.no\/pax\/produkt\/norsk-innvandringshistorie-bd-3\/#primaryimage","url":"https:\/\/staging.forenteforlag.no\/pax\/wp-content\/uploads\/sites\/5\/2025\/08\/jpg-6302.jpg","contentUrl":"https:\/\/staging.forenteforlag.no\/pax\/wp-content\/uploads\/sites\/5\/2025\/08\/jpg-6302.jpg","width":328,"height":449},{"@type":"BreadcrumbList","@id":"https:\/\/staging.forenteforlag.no\/pax\/produkt\/norsk-innvandringshistorie-bd-3\/#breadcrumb","itemListElement":[{"@type":"ListItem","position":1,"name":"Hjem","item":"https:\/\/staging.forenteforlag.no\/pax\/"},{"@type":"ListItem","position":2,"name":"Alle b\u00f8ker","item":"https:\/\/staging.forenteforlag.no\/pax\/butikk\/"},{"@type":"ListItem","position":3,"name":"Norsk innvandringshistorie. Bd. 3"}]},{"@type":"WebSite","@id":"https:\/\/staging.forenteforlag.no\/pax\/#website","url":"https:\/\/staging.forenteforlag.no\/pax\/","name":"Pax","description":"","potentialAction":[{"@type":"SearchAction","target":{"@type":"EntryPoint","urlTemplate":"https:\/\/staging.forenteforlag.no\/pax\/?s={search_term_string}"},"query-input":{"@type":"PropertyValueSpecification","valueRequired":true,"valueName":"search_term_string"}}],"inLanguage":"nb-NO"}]}},"_links":{"self":[{"href":"https:\/\/staging.forenteforlag.no\/pax\/wp-json\/wp\/v2\/product\/23694","targetHints":{"allow":["GET"]}}],"collection":[{"href":"https:\/\/staging.forenteforlag.no\/pax\/wp-json\/wp\/v2\/product"}],"about":[{"href":"https:\/\/staging.forenteforlag.no\/pax\/wp-json\/wp\/v2\/types\/product"}],"wp:featuredmedia":[{"embeddable":true,"href":"https:\/\/staging.forenteforlag.no\/pax\/wp-json\/wp\/v2\/media\/28214"}],"wp:attachment":[{"href":"https:\/\/staging.forenteforlag.no\/pax\/wp-json\/wp\/v2\/media?parent=23694"}],"wp:term":[{"taxonomy":"product_brand","embeddable":true,"href":"https:\/\/staging.forenteforlag.no\/pax\/wp-json\/wp\/v2\/product_brand?post=23694"},{"taxonomy":"product_cat","embeddable":true,"href":"https:\/\/staging.forenteforlag.no\/pax\/wp-json\/wp\/v2\/product_cat?post=23694"},{"taxonomy":"product_tag","embeddable":true,"href":"https:\/\/staging.forenteforlag.no\/pax\/wp-json\/wp\/v2\/product_tag?post=23694"}],"curies":[{"name":"wp","href":"https:\/\/api.w.org\/{rel}","templated":true}]}}