{"id":23686,"date":"2024-12-10T22:56:39","date_gmt":"2024-12-10T21:56:39","guid":{"rendered":"https:\/\/pax.forenteforlag.no\/produkt\/faren-ved-a-vaere-skrake-3\/"},"modified":"2026-03-04T20:59:00","modified_gmt":"2026-03-04T19:59:00","slug":"faren-ved-a-vaere-skrake-3","status":"publish","type":"product","link":"https:\/\/staging.forenteforlag.no\/pax\/produkt\/faren-ved-a-vaere-skrake-3\/","title":{"rendered":"Faren ved \u00e5 v\u00e6re Skrake"},"content":{"rendered":"<p>Beretningen starter i 1952, da OL arrangeres i Helsingfors, Coca-Cola introduseres i Finland og en finsk skj\u00f8nnhetsdronning blir Miss Universum. Det er \u00e5ret unge Werner Skrake har sitt f\u00f8rste spektakul\u00e6re uhell, som Vera skal f\u00e5 se flere av, og som s\u00f8nnen Wiktor selv ti\u00e5r senere f\u00e5r p\u00e5minnelser om. Historien om slekten Skrake strekker seg b\u00e5de bakover til borgerkrigens erfaringer, og fremover til n\u00e5tidens Helsingfors. Og i skj\u00e6rg\u00e5rden utenfor, Werner og Wiktors m\u00f8tested, vaker de store s\u00f8lvfargede sj\u00f8\u00f8rretene.<\/p>\n","protected":false},"excerpt":{"rendered":"<p>Beretningen starter i 1952, da OL arrangeres i Helsingfors, Coca-Cola introduseres i Finland og en finsk skj\u00f8nnhetsdronning blir Miss Universum. Det er \u00e5ret unge Werner Skrake har sitt f\u00f8rste spektakul\u00e6re uhell, som Vera skal f\u00e5 se flere av, og som s\u00f8nnen Wiktor selv ti\u00e5r senere f\u00e5r p\u00e5minnelser om. Historien om slekten Skrake strekker seg b\u00e5de [&hellip;]<\/p>\n","protected":false},"featured_media":27952,"template":"","meta":{"_acf_changed":false,"inline_featured_image":false},"product_brand":[],"product_cat":[1782],"product_tag":[568,1095,1164,510,370],"class_list":{"0":"post-23686","1":"product","2":"type-product","3":"status-publish","4":"has-post-thumbnail","6":"product_cat-fripris","7":"product_tag-bonusfamilie","8":"product_tag-grafiske-romaner","9":"product_tag-helsinki","10":"product_tag-kjaerlighet","11":"product_tag-skjonnlitteratur","13":"first","14":"outofstock","15":"taxable","16":"shipping-taxable","17":"purchasable","18":"product-type-simple"},"acf":{"anmeldelse":null},"yoast_head":"<!-- This site is optimized with the Yoast SEO plugin v26.6 - https:\/\/yoast.com\/wordpress\/plugins\/seo\/ -->\n<title>Faren ved \u00e5 v\u00e6re Skrake - Pax<\/title>\n<meta name=\"robots\" content=\"noindex, follow, max-snippet:-1, max-image-preview:large, max-video-preview:-1\" \/>\n<meta property=\"og:locale\" content=\"nb_NO\" \/>\n<meta property=\"og:type\" content=\"article\" \/>\n<meta property=\"og:title\" content=\"Faren ved \u00e5 v\u00e6re Skrake - Pax\" \/>\n<meta property=\"og:description\" content=\"Beretningen starter i 1952, da OL arrangeres i Helsingfors, Coca-Cola introduseres i Finland og en finsk skj\u00f8nnhetsdronning blir Miss Universum. Det er \u00e5ret unge Werner Skrake har sitt f\u00f8rste spektakul\u00e6re uhell, som Vera skal f\u00e5 se flere av, og som s\u00f8nnen Wiktor selv ti\u00e5r senere f\u00e5r p\u00e5minnelser om. Historien om slekten Skrake strekker seg b\u00e5de [&hellip;]\" \/>\n<meta property=\"og:url\" content=\"https:\/\/staging.forenteforlag.no\/pax\/produkt\/faren-ved-a-vaere-skrake-3\/\" \/>\n<meta property=\"og:site_name\" content=\"Pax\" \/>\n<meta property=\"article:modified_time\" content=\"2026-03-04T19:59:00+00:00\" \/>\n<meta property=\"og:image\" content=\"https:\/\/staging.forenteforlag.no\/pax\/wp-content\/uploads\/sites\/5\/2025\/08\/jpg-5565.jpg\" \/>\n\t<meta property=\"og:image:width\" content=\"277\" \/>\n\t<meta property=\"og:image:height\" content=\"449\" \/>\n\t<meta property=\"og:image:type\" content=\"image\/jpeg\" \/>\n<meta name=\"twitter:card\" content=\"summary_large_image\" \/>\n<script type=\"application\/ld+json\" class=\"yoast-schema-graph\">{\"@context\":\"https:\/\/schema.org\",\"@graph\":[{\"@type\":\"WebPage\",\"@id\":\"https:\/\/staging.forenteforlag.no\/pax\/produkt\/faren-ved-a-vaere-skrake-3\/\",\"url\":\"https:\/\/staging.forenteforlag.no\/pax\/produkt\/faren-ved-a-vaere-skrake-3\/\",\"name\":\"Faren ved \u00e5 v\u00e6re Skrake - Pax\",\"isPartOf\":{\"@id\":\"https:\/\/staging.forenteforlag.no\/pax\/#website\"},\"primaryImageOfPage\":{\"@id\":\"https:\/\/staging.forenteforlag.no\/pax\/produkt\/faren-ved-a-vaere-skrake-3\/#primaryimage\"},\"image\":{\"@id\":\"https:\/\/staging.forenteforlag.no\/pax\/produkt\/faren-ved-a-vaere-skrake-3\/#primaryimage\"},\"thumbnailUrl\":\"https:\/\/staging.forenteforlag.no\/pax\/wp-content\/uploads\/sites\/5\/2025\/08\/jpg-5565.jpg\",\"datePublished\":\"2024-12-10T21:56:39+00:00\",\"dateModified\":\"2026-03-04T19:59:00+00:00\",\"breadcrumb\":{\"@id\":\"https:\/\/staging.forenteforlag.no\/pax\/produkt\/faren-ved-a-vaere-skrake-3\/#breadcrumb\"},\"inLanguage\":\"nb-NO\",\"potentialAction\":[{\"@type\":\"ReadAction\",\"target\":[\"https:\/\/staging.forenteforlag.no\/pax\/produkt\/faren-ved-a-vaere-skrake-3\/\"]}]},{\"@type\":\"ImageObject\",\"inLanguage\":\"nb-NO\",\"@id\":\"https:\/\/staging.forenteforlag.no\/pax\/produkt\/faren-ved-a-vaere-skrake-3\/#primaryimage\",\"url\":\"https:\/\/staging.forenteforlag.no\/pax\/wp-content\/uploads\/sites\/5\/2025\/08\/jpg-5565.jpg\",\"contentUrl\":\"https:\/\/staging.forenteforlag.no\/pax\/wp-content\/uploads\/sites\/5\/2025\/08\/jpg-5565.jpg\",\"width\":277,\"height\":449},{\"@type\":\"BreadcrumbList\",\"@id\":\"https:\/\/staging.forenteforlag.no\/pax\/produkt\/faren-ved-a-vaere-skrake-3\/#breadcrumb\",\"itemListElement\":[{\"@type\":\"ListItem\",\"position\":1,\"name\":\"Hjem\",\"item\":\"https:\/\/staging.forenteforlag.no\/pax\/\"},{\"@type\":\"ListItem\",\"position\":2,\"name\":\"Alle b\u00f8ker\",\"item\":\"https:\/\/staging.forenteforlag.no\/pax\/butikk\/\"},{\"@type\":\"ListItem\",\"position\":3,\"name\":\"Faren ved \u00e5 v\u00e6re Skrake\"}]},{\"@type\":\"WebSite\",\"@id\":\"https:\/\/staging.forenteforlag.no\/pax\/#website\",\"url\":\"https:\/\/staging.forenteforlag.no\/pax\/\",\"name\":\"Pax\",\"description\":\"\",\"potentialAction\":[{\"@type\":\"SearchAction\",\"target\":{\"@type\":\"EntryPoint\",\"urlTemplate\":\"https:\/\/staging.forenteforlag.no\/pax\/?s={search_term_string}\"},\"query-input\":{\"@type\":\"PropertyValueSpecification\",\"valueRequired\":true,\"valueName\":\"search_term_string\"}}],\"inLanguage\":\"nb-NO\"}]}<\/script>\n<!-- \/ Yoast SEO plugin. -->","yoast_head_json":{"title":"Faren ved \u00e5 v\u00e6re Skrake - Pax","robots":{"index":"noindex","follow":"follow","max-snippet":"max-snippet:-1","max-image-preview":"max-image-preview:large","max-video-preview":"max-video-preview:-1"},"og_locale":"nb_NO","og_type":"article","og_title":"Faren ved \u00e5 v\u00e6re Skrake - Pax","og_description":"Beretningen starter i 1952, da OL arrangeres i Helsingfors, Coca-Cola introduseres i Finland og en finsk skj\u00f8nnhetsdronning blir Miss Universum. Det er \u00e5ret unge Werner Skrake har sitt f\u00f8rste spektakul\u00e6re uhell, som Vera skal f\u00e5 se flere av, og som s\u00f8nnen Wiktor selv ti\u00e5r senere f\u00e5r p\u00e5minnelser om. Historien om slekten Skrake strekker seg b\u00e5de [&hellip;]","og_url":"https:\/\/staging.forenteforlag.no\/pax\/produkt\/faren-ved-a-vaere-skrake-3\/","og_site_name":"Pax","article_modified_time":"2026-03-04T19:59:00+00:00","og_image":[{"width":277,"height":449,"url":"https:\/\/staging.forenteforlag.no\/pax\/wp-content\/uploads\/sites\/5\/2025\/08\/jpg-5565.jpg","type":"image\/jpeg"}],"twitter_card":"summary_large_image","schema":{"@context":"https:\/\/schema.org","@graph":[{"@type":"WebPage","@id":"https:\/\/staging.forenteforlag.no\/pax\/produkt\/faren-ved-a-vaere-skrake-3\/","url":"https:\/\/staging.forenteforlag.no\/pax\/produkt\/faren-ved-a-vaere-skrake-3\/","name":"Faren ved \u00e5 v\u00e6re Skrake - Pax","isPartOf":{"@id":"https:\/\/staging.forenteforlag.no\/pax\/#website"},"primaryImageOfPage":{"@id":"https:\/\/staging.forenteforlag.no\/pax\/produkt\/faren-ved-a-vaere-skrake-3\/#primaryimage"},"image":{"@id":"https:\/\/staging.forenteforlag.no\/pax\/produkt\/faren-ved-a-vaere-skrake-3\/#primaryimage"},"thumbnailUrl":"https:\/\/staging.forenteforlag.no\/pax\/wp-content\/uploads\/sites\/5\/2025\/08\/jpg-5565.jpg","datePublished":"2024-12-10T21:56:39+00:00","dateModified":"2026-03-04T19:59:00+00:00","breadcrumb":{"@id":"https:\/\/staging.forenteforlag.no\/pax\/produkt\/faren-ved-a-vaere-skrake-3\/#breadcrumb"},"inLanguage":"nb-NO","potentialAction":[{"@type":"ReadAction","target":["https:\/\/staging.forenteforlag.no\/pax\/produkt\/faren-ved-a-vaere-skrake-3\/"]}]},{"@type":"ImageObject","inLanguage":"nb-NO","@id":"https:\/\/staging.forenteforlag.no\/pax\/produkt\/faren-ved-a-vaere-skrake-3\/#primaryimage","url":"https:\/\/staging.forenteforlag.no\/pax\/wp-content\/uploads\/sites\/5\/2025\/08\/jpg-5565.jpg","contentUrl":"https:\/\/staging.forenteforlag.no\/pax\/wp-content\/uploads\/sites\/5\/2025\/08\/jpg-5565.jpg","width":277,"height":449},{"@type":"BreadcrumbList","@id":"https:\/\/staging.forenteforlag.no\/pax\/produkt\/faren-ved-a-vaere-skrake-3\/#breadcrumb","itemListElement":[{"@type":"ListItem","position":1,"name":"Hjem","item":"https:\/\/staging.forenteforlag.no\/pax\/"},{"@type":"ListItem","position":2,"name":"Alle b\u00f8ker","item":"https:\/\/staging.forenteforlag.no\/pax\/butikk\/"},{"@type":"ListItem","position":3,"name":"Faren ved \u00e5 v\u00e6re Skrake"}]},{"@type":"WebSite","@id":"https:\/\/staging.forenteforlag.no\/pax\/#website","url":"https:\/\/staging.forenteforlag.no\/pax\/","name":"Pax","description":"","potentialAction":[{"@type":"SearchAction","target":{"@type":"EntryPoint","urlTemplate":"https:\/\/staging.forenteforlag.no\/pax\/?s={search_term_string}"},"query-input":{"@type":"PropertyValueSpecification","valueRequired":true,"valueName":"search_term_string"}}],"inLanguage":"nb-NO"}]}},"_links":{"self":[{"href":"https:\/\/staging.forenteforlag.no\/pax\/wp-json\/wp\/v2\/product\/23686","targetHints":{"allow":["GET"]}}],"collection":[{"href":"https:\/\/staging.forenteforlag.no\/pax\/wp-json\/wp\/v2\/product"}],"about":[{"href":"https:\/\/staging.forenteforlag.no\/pax\/wp-json\/wp\/v2\/types\/product"}],"wp:featuredmedia":[{"embeddable":true,"href":"https:\/\/staging.forenteforlag.no\/pax\/wp-json\/wp\/v2\/media\/27952"}],"wp:attachment":[{"href":"https:\/\/staging.forenteforlag.no\/pax\/wp-json\/wp\/v2\/media?parent=23686"}],"wp:term":[{"taxonomy":"product_brand","embeddable":true,"href":"https:\/\/staging.forenteforlag.no\/pax\/wp-json\/wp\/v2\/product_brand?post=23686"},{"taxonomy":"product_cat","embeddable":true,"href":"https:\/\/staging.forenteforlag.no\/pax\/wp-json\/wp\/v2\/product_cat?post=23686"},{"taxonomy":"product_tag","embeddable":true,"href":"https:\/\/staging.forenteforlag.no\/pax\/wp-json\/wp\/v2\/product_tag?post=23686"}],"curies":[{"name":"wp","href":"https:\/\/api.w.org\/{rel}","templated":true}]}}