{"id":23637,"date":"1998-12-10T22:55:25","date_gmt":"1998-12-10T21:55:25","guid":{"rendered":"https:\/\/pax.forenteforlag.no\/produkt\/dagdrivergjengen-2\/"},"modified":"2026-03-04T19:20:23","modified_gmt":"2026-03-04T18:20:23","slug":"dagdrivergjengen-2","status":"publish","type":"product","link":"https:\/\/staging.forenteforlag.no\/pax\/produkt\/dagdrivergjengen-2\/","title":{"rendered":"Dagdrivergjengen"},"content":{"rendered":"<p>Danny og hans livsglade, lettbevegelige svirebr\u00f8dre lever sitt glade og bekymringsl\u00f8se liv i den lille byen Monterey, California. De er late, ikke s\u00e5 helt \u00e6rlige, og tar det ikke s\u00e5 n\u00f8ye med sannheten; de er slu, men p\u00e5 samme tid naive og trofaste, de er kvinnekj\u00e6re &#8211; og lykkelige. Gods og gull har de ikke, men en av dem arver en gammel falleferdig r\u00f8nne og inviterer resten av gjengen til \u00e5 bo der. Og de er utrolig oppfinnsomme n\u00e5r det gjelder \u00e5 skaffe seg det daglige br\u00f8d.<\/p>\n","protected":false},"excerpt":{"rendered":"<p>Danny og hans livsglade, lettbevegelige svirebr\u00f8dre lever sitt glade og bekymringsl\u00f8se liv i den lille byen Monterey, California. De er late, ikke s\u00e5 helt \u00e6rlige, og tar det ikke s\u00e5 n\u00f8ye med sannheten; de er slu, men p\u00e5 samme tid naive og trofaste, de er kvinnekj\u00e6re &#8211; og lykkelige. Gods og gull har de ikke, [&hellip;]<\/p>\n","protected":false},"featured_media":30019,"template":"","meta":{"_acf_changed":false,"inline_featured_image":false},"product_brand":[],"product_cat":[1782],"product_tag":[566,1095,505,370],"class_list":{"0":"post-23637","1":"product","2":"type-product","3":"status-publish","4":"has-post-thumbnail","6":"product_cat-fripris","7":"product_tag-california","8":"product_tag-grafiske-romaner","9":"product_tag-outsidere","10":"product_tag-skjonnlitteratur","12":"first","13":"instock","14":"shipping-taxable","15":"purchasable","16":"product-type-simple"},"acf":{"anmeldelse":null},"yoast_head":"<!-- This site is optimized with the Yoast SEO plugin v26.6 - https:\/\/yoast.com\/wordpress\/plugins\/seo\/ -->\n<title>Dagdrivergjengen - Pax<\/title>\n<meta name=\"robots\" content=\"noindex, follow, max-snippet:-1, max-image-preview:large, max-video-preview:-1\" \/>\n<meta property=\"og:locale\" content=\"nb_NO\" \/>\n<meta property=\"og:type\" content=\"article\" \/>\n<meta property=\"og:title\" content=\"Dagdrivergjengen - Pax\" \/>\n<meta property=\"og:description\" content=\"Danny og hans livsglade, lettbevegelige svirebr\u00f8dre lever sitt glade og bekymringsl\u00f8se liv i den lille byen Monterey, California. De er late, ikke s\u00e5 helt \u00e6rlige, og tar det ikke s\u00e5 n\u00f8ye med sannheten; de er slu, men p\u00e5 samme tid naive og trofaste, de er kvinnekj\u00e6re &#8211; og lykkelige. Gods og gull har de ikke, [&hellip;]\" \/>\n<meta property=\"og:url\" content=\"https:\/\/staging.forenteforlag.no\/pax\/produkt\/dagdrivergjengen-2\/\" \/>\n<meta property=\"og:site_name\" content=\"Pax\" \/>\n<meta property=\"article:modified_time\" content=\"2026-03-04T18:20:23+00:00\" \/>\n<meta property=\"og:image\" content=\"https:\/\/staging.forenteforlag.no\/pax\/wp-content\/uploads\/sites\/5\/2026\/03\/9788253019734.jpg\" \/>\n\t<meta property=\"og:image:width\" content=\"720\" \/>\n\t<meta property=\"og:image:height\" content=\"1353\" \/>\n\t<meta property=\"og:image:type\" content=\"image\/jpeg\" \/>\n<meta name=\"twitter:card\" content=\"summary_large_image\" \/>\n<script type=\"application\/ld+json\" class=\"yoast-schema-graph\">{\"@context\":\"https:\/\/schema.org\",\"@graph\":[{\"@type\":\"WebPage\",\"@id\":\"https:\/\/staging.forenteforlag.no\/pax\/produkt\/dagdrivergjengen-2\/\",\"url\":\"https:\/\/staging.forenteforlag.no\/pax\/produkt\/dagdrivergjengen-2\/\",\"name\":\"Dagdrivergjengen - Pax\",\"isPartOf\":{\"@id\":\"https:\/\/staging.forenteforlag.no\/pax\/#website\"},\"primaryImageOfPage\":{\"@id\":\"https:\/\/staging.forenteforlag.no\/pax\/produkt\/dagdrivergjengen-2\/#primaryimage\"},\"image\":{\"@id\":\"https:\/\/staging.forenteforlag.no\/pax\/produkt\/dagdrivergjengen-2\/#primaryimage\"},\"thumbnailUrl\":\"https:\/\/staging.forenteforlag.no\/pax\/wp-content\/uploads\/sites\/5\/2026\/03\/9788253019734.jpg\",\"datePublished\":\"1998-12-10T21:55:25+00:00\",\"dateModified\":\"2026-03-04T18:20:23+00:00\",\"breadcrumb\":{\"@id\":\"https:\/\/staging.forenteforlag.no\/pax\/produkt\/dagdrivergjengen-2\/#breadcrumb\"},\"inLanguage\":\"nb-NO\",\"potentialAction\":[{\"@type\":\"ReadAction\",\"target\":[\"https:\/\/staging.forenteforlag.no\/pax\/produkt\/dagdrivergjengen-2\/\"]}]},{\"@type\":\"ImageObject\",\"inLanguage\":\"nb-NO\",\"@id\":\"https:\/\/staging.forenteforlag.no\/pax\/produkt\/dagdrivergjengen-2\/#primaryimage\",\"url\":\"https:\/\/staging.forenteforlag.no\/pax\/wp-content\/uploads\/sites\/5\/2026\/03\/9788253019734.jpg\",\"contentUrl\":\"https:\/\/staging.forenteforlag.no\/pax\/wp-content\/uploads\/sites\/5\/2026\/03\/9788253019734.jpg\",\"width\":720,\"height\":1353},{\"@type\":\"BreadcrumbList\",\"@id\":\"https:\/\/staging.forenteforlag.no\/pax\/produkt\/dagdrivergjengen-2\/#breadcrumb\",\"itemListElement\":[{\"@type\":\"ListItem\",\"position\":1,\"name\":\"Hjem\",\"item\":\"https:\/\/staging.forenteforlag.no\/pax\/\"},{\"@type\":\"ListItem\",\"position\":2,\"name\":\"Alle b\u00f8ker\",\"item\":\"https:\/\/staging.forenteforlag.no\/pax\/butikk\/\"},{\"@type\":\"ListItem\",\"position\":3,\"name\":\"Dagdrivergjengen\"}]},{\"@type\":\"WebSite\",\"@id\":\"https:\/\/staging.forenteforlag.no\/pax\/#website\",\"url\":\"https:\/\/staging.forenteforlag.no\/pax\/\",\"name\":\"Pax\",\"description\":\"\",\"potentialAction\":[{\"@type\":\"SearchAction\",\"target\":{\"@type\":\"EntryPoint\",\"urlTemplate\":\"https:\/\/staging.forenteforlag.no\/pax\/?s={search_term_string}\"},\"query-input\":{\"@type\":\"PropertyValueSpecification\",\"valueRequired\":true,\"valueName\":\"search_term_string\"}}],\"inLanguage\":\"nb-NO\"}]}<\/script>\n<!-- \/ Yoast SEO plugin. -->","yoast_head_json":{"title":"Dagdrivergjengen - Pax","robots":{"index":"noindex","follow":"follow","max-snippet":"max-snippet:-1","max-image-preview":"max-image-preview:large","max-video-preview":"max-video-preview:-1"},"og_locale":"nb_NO","og_type":"article","og_title":"Dagdrivergjengen - Pax","og_description":"Danny og hans livsglade, lettbevegelige svirebr\u00f8dre lever sitt glade og bekymringsl\u00f8se liv i den lille byen Monterey, California. De er late, ikke s\u00e5 helt \u00e6rlige, og tar det ikke s\u00e5 n\u00f8ye med sannheten; de er slu, men p\u00e5 samme tid naive og trofaste, de er kvinnekj\u00e6re &#8211; og lykkelige. Gods og gull har de ikke, [&hellip;]","og_url":"https:\/\/staging.forenteforlag.no\/pax\/produkt\/dagdrivergjengen-2\/","og_site_name":"Pax","article_modified_time":"2026-03-04T18:20:23+00:00","og_image":[{"width":720,"height":1353,"url":"https:\/\/staging.forenteforlag.no\/pax\/wp-content\/uploads\/sites\/5\/2026\/03\/9788253019734.jpg","type":"image\/jpeg"}],"twitter_card":"summary_large_image","schema":{"@context":"https:\/\/schema.org","@graph":[{"@type":"WebPage","@id":"https:\/\/staging.forenteforlag.no\/pax\/produkt\/dagdrivergjengen-2\/","url":"https:\/\/staging.forenteforlag.no\/pax\/produkt\/dagdrivergjengen-2\/","name":"Dagdrivergjengen - Pax","isPartOf":{"@id":"https:\/\/staging.forenteforlag.no\/pax\/#website"},"primaryImageOfPage":{"@id":"https:\/\/staging.forenteforlag.no\/pax\/produkt\/dagdrivergjengen-2\/#primaryimage"},"image":{"@id":"https:\/\/staging.forenteforlag.no\/pax\/produkt\/dagdrivergjengen-2\/#primaryimage"},"thumbnailUrl":"https:\/\/staging.forenteforlag.no\/pax\/wp-content\/uploads\/sites\/5\/2026\/03\/9788253019734.jpg","datePublished":"1998-12-10T21:55:25+00:00","dateModified":"2026-03-04T18:20:23+00:00","breadcrumb":{"@id":"https:\/\/staging.forenteforlag.no\/pax\/produkt\/dagdrivergjengen-2\/#breadcrumb"},"inLanguage":"nb-NO","potentialAction":[{"@type":"ReadAction","target":["https:\/\/staging.forenteforlag.no\/pax\/produkt\/dagdrivergjengen-2\/"]}]},{"@type":"ImageObject","inLanguage":"nb-NO","@id":"https:\/\/staging.forenteforlag.no\/pax\/produkt\/dagdrivergjengen-2\/#primaryimage","url":"https:\/\/staging.forenteforlag.no\/pax\/wp-content\/uploads\/sites\/5\/2026\/03\/9788253019734.jpg","contentUrl":"https:\/\/staging.forenteforlag.no\/pax\/wp-content\/uploads\/sites\/5\/2026\/03\/9788253019734.jpg","width":720,"height":1353},{"@type":"BreadcrumbList","@id":"https:\/\/staging.forenteforlag.no\/pax\/produkt\/dagdrivergjengen-2\/#breadcrumb","itemListElement":[{"@type":"ListItem","position":1,"name":"Hjem","item":"https:\/\/staging.forenteforlag.no\/pax\/"},{"@type":"ListItem","position":2,"name":"Alle b\u00f8ker","item":"https:\/\/staging.forenteforlag.no\/pax\/butikk\/"},{"@type":"ListItem","position":3,"name":"Dagdrivergjengen"}]},{"@type":"WebSite","@id":"https:\/\/staging.forenteforlag.no\/pax\/#website","url":"https:\/\/staging.forenteforlag.no\/pax\/","name":"Pax","description":"","potentialAction":[{"@type":"SearchAction","target":{"@type":"EntryPoint","urlTemplate":"https:\/\/staging.forenteforlag.no\/pax\/?s={search_term_string}"},"query-input":{"@type":"PropertyValueSpecification","valueRequired":true,"valueName":"search_term_string"}}],"inLanguage":"nb-NO"}]}},"_links":{"self":[{"href":"https:\/\/staging.forenteforlag.no\/pax\/wp-json\/wp\/v2\/product\/23637","targetHints":{"allow":["GET"]}}],"collection":[{"href":"https:\/\/staging.forenteforlag.no\/pax\/wp-json\/wp\/v2\/product"}],"about":[{"href":"https:\/\/staging.forenteforlag.no\/pax\/wp-json\/wp\/v2\/types\/product"}],"wp:featuredmedia":[{"embeddable":true,"href":"https:\/\/staging.forenteforlag.no\/pax\/wp-json\/wp\/v2\/media\/30019"}],"wp:attachment":[{"href":"https:\/\/staging.forenteforlag.no\/pax\/wp-json\/wp\/v2\/media?parent=23637"}],"wp:term":[{"taxonomy":"product_brand","embeddable":true,"href":"https:\/\/staging.forenteforlag.no\/pax\/wp-json\/wp\/v2\/product_brand?post=23637"},{"taxonomy":"product_cat","embeddable":true,"href":"https:\/\/staging.forenteforlag.no\/pax\/wp-json\/wp\/v2\/product_cat?post=23637"},{"taxonomy":"product_tag","embeddable":true,"href":"https:\/\/staging.forenteforlag.no\/pax\/wp-json\/wp\/v2\/product_tag?post=23637"}],"curies":[{"name":"wp","href":"https:\/\/api.w.org\/{rel}","templated":true}]}}