{"id":23629,"date":"2024-12-10T22:55:07","date_gmt":"2024-12-10T21:55:07","guid":{"rendered":"https:\/\/pax.forenteforlag.no\/produkt\/natt-uten-mane-2\/"},"modified":"2026-03-02T19:33:58","modified_gmt":"2026-03-02T18:33:58","slug":"natt-uten-mane-2","status":"publish","type":"product","link":"https:\/\/staging.forenteforlag.no\/pax\/produkt\/natt-uten-mane-2\/","title":{"rendered":"Natt uten m\u00e5ne"},"content":{"rendered":"<p>Handlingen utspiller seg i en liten by i det okkuperte Norge under annen verdenskrig. Innbyggerne kjemper med alle midler mot nazistenes terror. Den gamle borgermesteren pr\u00f8ver \u00e5 st\u00e5 imot presset fra de h\u00f8flige, men brutale inntrengerne, sammen med stedets patriotiske doktor. Sentralt i motstandsarbeidet st\u00e5r ogs\u00e5 den blonde heltinnen Molly, hvis mann er skutt av tyskerne. Hun m\u00e5 avlede alle mistanker om motstand og samtidig unnslippe tiln\u00e6rmelser fra en mistenksom og kj\u00e6rlighetssyk tysker.<\/p>\n","protected":false},"excerpt":{"rendered":"<p>Handlingen utspiller seg i en liten by i det okkuperte Norge under annen verdenskrig. Innbyggerne kjemper med alle midler mot nazistenes terror. Den gamle borgermesteren pr\u00f8ver \u00e5 st\u00e5 imot presset fra de h\u00f8flige, men brutale inntrengerne, sammen med stedets patriotiske doktor. Sentralt i motstandsarbeidet st\u00e5r ogs\u00e5 den blonde heltinnen Molly, hvis mann er skutt av [&hellip;]<\/p>\n","protected":false},"featured_media":30036,"template":"","meta":{"_acf_changed":false,"inline_featured_image":false},"product_brand":[],"product_cat":[1782],"product_tag":[370],"class_list":{"0":"post-23629","1":"product","2":"type-product","3":"status-publish","4":"has-post-thumbnail","6":"product_cat-fripris","7":"product_tag-skjonnlitteratur","9":"first","10":"outofstock","11":"taxable","12":"shipping-taxable","13":"purchasable","14":"product-type-simple"},"acf":{"anmeldelse":null},"yoast_head":"<!-- This site is optimized with the Yoast SEO plugin v26.6 - https:\/\/yoast.com\/wordpress\/plugins\/seo\/ -->\n<title>Natt uten m\u00e5ne - Pax<\/title>\n<meta name=\"robots\" content=\"noindex, follow, max-snippet:-1, max-image-preview:large, max-video-preview:-1\" \/>\n<meta property=\"og:locale\" content=\"nb_NO\" \/>\n<meta property=\"og:type\" content=\"article\" \/>\n<meta property=\"og:title\" content=\"Natt uten m\u00e5ne - Pax\" \/>\n<meta property=\"og:description\" content=\"Handlingen utspiller seg i en liten by i det okkuperte Norge under annen verdenskrig. Innbyggerne kjemper med alle midler mot nazistenes terror. Den gamle borgermesteren pr\u00f8ver \u00e5 st\u00e5 imot presset fra de h\u00f8flige, men brutale inntrengerne, sammen med stedets patriotiske doktor. Sentralt i motstandsarbeidet st\u00e5r ogs\u00e5 den blonde heltinnen Molly, hvis mann er skutt av [&hellip;]\" \/>\n<meta property=\"og:url\" content=\"https:\/\/staging.forenteforlag.no\/pax\/produkt\/natt-uten-mane-2\/\" \/>\n<meta property=\"og:site_name\" content=\"Pax\" \/>\n<meta property=\"article:modified_time\" content=\"2026-03-02T18:33:58+00:00\" \/>\n<meta property=\"og:image\" content=\"https:\/\/staging.forenteforlag.no\/pax\/wp-content\/uploads\/sites\/5\/2025\/08\/jpg-8360.jpg\" \/>\n\t<meta property=\"og:image:width\" content=\"285\" \/>\n\t<meta property=\"og:image:height\" content=\"449\" \/>\n\t<meta property=\"og:image:type\" content=\"image\/jpeg\" \/>\n<meta name=\"twitter:card\" content=\"summary_large_image\" \/>\n<script type=\"application\/ld+json\" class=\"yoast-schema-graph\">{\"@context\":\"https:\/\/schema.org\",\"@graph\":[{\"@type\":\"WebPage\",\"@id\":\"https:\/\/staging.forenteforlag.no\/pax\/produkt\/natt-uten-mane-2\/\",\"url\":\"https:\/\/staging.forenteforlag.no\/pax\/produkt\/natt-uten-mane-2\/\",\"name\":\"Natt uten m\u00e5ne - Pax\",\"isPartOf\":{\"@id\":\"https:\/\/staging.forenteforlag.no\/pax\/#website\"},\"primaryImageOfPage\":{\"@id\":\"https:\/\/staging.forenteforlag.no\/pax\/produkt\/natt-uten-mane-2\/#primaryimage\"},\"image\":{\"@id\":\"https:\/\/staging.forenteforlag.no\/pax\/produkt\/natt-uten-mane-2\/#primaryimage\"},\"thumbnailUrl\":\"https:\/\/staging.forenteforlag.no\/pax\/wp-content\/uploads\/sites\/5\/2026\/03\/9788253021034.jpg\",\"datePublished\":\"2024-12-10T21:55:07+00:00\",\"dateModified\":\"2026-03-02T18:33:58+00:00\",\"breadcrumb\":{\"@id\":\"https:\/\/staging.forenteforlag.no\/pax\/produkt\/natt-uten-mane-2\/#breadcrumb\"},\"inLanguage\":\"nb-NO\",\"potentialAction\":[{\"@type\":\"ReadAction\",\"target\":[\"https:\/\/staging.forenteforlag.no\/pax\/produkt\/natt-uten-mane-2\/\"]}]},{\"@type\":\"ImageObject\",\"inLanguage\":\"nb-NO\",\"@id\":\"https:\/\/staging.forenteforlag.no\/pax\/produkt\/natt-uten-mane-2\/#primaryimage\",\"url\":\"https:\/\/staging.forenteforlag.no\/pax\/wp-content\/uploads\/sites\/5\/2026\/03\/9788253021034.jpg\",\"contentUrl\":\"https:\/\/staging.forenteforlag.no\/pax\/wp-content\/uploads\/sites\/5\/2026\/03\/9788253021034.jpg\",\"width\":720,\"height\":1134},{\"@type\":\"BreadcrumbList\",\"@id\":\"https:\/\/staging.forenteforlag.no\/pax\/produkt\/natt-uten-mane-2\/#breadcrumb\",\"itemListElement\":[{\"@type\":\"ListItem\",\"position\":1,\"name\":\"Hjem\",\"item\":\"https:\/\/staging.forenteforlag.no\/pax\/\"},{\"@type\":\"ListItem\",\"position\":2,\"name\":\"Alle b\u00f8ker\",\"item\":\"https:\/\/staging.forenteforlag.no\/pax\/butikk\/\"},{\"@type\":\"ListItem\",\"position\":3,\"name\":\"Natt uten m\u00e5ne\"}]},{\"@type\":\"WebSite\",\"@id\":\"https:\/\/staging.forenteforlag.no\/pax\/#website\",\"url\":\"https:\/\/staging.forenteforlag.no\/pax\/\",\"name\":\"Pax\",\"description\":\"\",\"potentialAction\":[{\"@type\":\"SearchAction\",\"target\":{\"@type\":\"EntryPoint\",\"urlTemplate\":\"https:\/\/staging.forenteforlag.no\/pax\/?s={search_term_string}\"},\"query-input\":{\"@type\":\"PropertyValueSpecification\",\"valueRequired\":true,\"valueName\":\"search_term_string\"}}],\"inLanguage\":\"nb-NO\"}]}<\/script>\n<!-- \/ Yoast SEO plugin. -->","yoast_head_json":{"title":"Natt uten m\u00e5ne - Pax","robots":{"index":"noindex","follow":"follow","max-snippet":"max-snippet:-1","max-image-preview":"max-image-preview:large","max-video-preview":"max-video-preview:-1"},"og_locale":"nb_NO","og_type":"article","og_title":"Natt uten m\u00e5ne - Pax","og_description":"Handlingen utspiller seg i en liten by i det okkuperte Norge under annen verdenskrig. Innbyggerne kjemper med alle midler mot nazistenes terror. Den gamle borgermesteren pr\u00f8ver \u00e5 st\u00e5 imot presset fra de h\u00f8flige, men brutale inntrengerne, sammen med stedets patriotiske doktor. Sentralt i motstandsarbeidet st\u00e5r ogs\u00e5 den blonde heltinnen Molly, hvis mann er skutt av [&hellip;]","og_url":"https:\/\/staging.forenteforlag.no\/pax\/produkt\/natt-uten-mane-2\/","og_site_name":"Pax","article_modified_time":"2026-03-02T18:33:58+00:00","og_image":[{"width":285,"height":449,"url":"https:\/\/staging.forenteforlag.no\/pax\/wp-content\/uploads\/sites\/5\/2025\/08\/jpg-8360.jpg","type":"image\/jpeg"}],"twitter_card":"summary_large_image","schema":{"@context":"https:\/\/schema.org","@graph":[{"@type":"WebPage","@id":"https:\/\/staging.forenteforlag.no\/pax\/produkt\/natt-uten-mane-2\/","url":"https:\/\/staging.forenteforlag.no\/pax\/produkt\/natt-uten-mane-2\/","name":"Natt uten m\u00e5ne - Pax","isPartOf":{"@id":"https:\/\/staging.forenteforlag.no\/pax\/#website"},"primaryImageOfPage":{"@id":"https:\/\/staging.forenteforlag.no\/pax\/produkt\/natt-uten-mane-2\/#primaryimage"},"image":{"@id":"https:\/\/staging.forenteforlag.no\/pax\/produkt\/natt-uten-mane-2\/#primaryimage"},"thumbnailUrl":"https:\/\/staging.forenteforlag.no\/pax\/wp-content\/uploads\/sites\/5\/2026\/03\/9788253021034.jpg","datePublished":"2024-12-10T21:55:07+00:00","dateModified":"2026-03-02T18:33:58+00:00","breadcrumb":{"@id":"https:\/\/staging.forenteforlag.no\/pax\/produkt\/natt-uten-mane-2\/#breadcrumb"},"inLanguage":"nb-NO","potentialAction":[{"@type":"ReadAction","target":["https:\/\/staging.forenteforlag.no\/pax\/produkt\/natt-uten-mane-2\/"]}]},{"@type":"ImageObject","inLanguage":"nb-NO","@id":"https:\/\/staging.forenteforlag.no\/pax\/produkt\/natt-uten-mane-2\/#primaryimage","url":"https:\/\/staging.forenteforlag.no\/pax\/wp-content\/uploads\/sites\/5\/2026\/03\/9788253021034.jpg","contentUrl":"https:\/\/staging.forenteforlag.no\/pax\/wp-content\/uploads\/sites\/5\/2026\/03\/9788253021034.jpg","width":720,"height":1134},{"@type":"BreadcrumbList","@id":"https:\/\/staging.forenteforlag.no\/pax\/produkt\/natt-uten-mane-2\/#breadcrumb","itemListElement":[{"@type":"ListItem","position":1,"name":"Hjem","item":"https:\/\/staging.forenteforlag.no\/pax\/"},{"@type":"ListItem","position":2,"name":"Alle b\u00f8ker","item":"https:\/\/staging.forenteforlag.no\/pax\/butikk\/"},{"@type":"ListItem","position":3,"name":"Natt uten m\u00e5ne"}]},{"@type":"WebSite","@id":"https:\/\/staging.forenteforlag.no\/pax\/#website","url":"https:\/\/staging.forenteforlag.no\/pax\/","name":"Pax","description":"","potentialAction":[{"@type":"SearchAction","target":{"@type":"EntryPoint","urlTemplate":"https:\/\/staging.forenteforlag.no\/pax\/?s={search_term_string}"},"query-input":{"@type":"PropertyValueSpecification","valueRequired":true,"valueName":"search_term_string"}}],"inLanguage":"nb-NO"}]}},"_links":{"self":[{"href":"https:\/\/staging.forenteforlag.no\/pax\/wp-json\/wp\/v2\/product\/23629","targetHints":{"allow":["GET"]}}],"collection":[{"href":"https:\/\/staging.forenteforlag.no\/pax\/wp-json\/wp\/v2\/product"}],"about":[{"href":"https:\/\/staging.forenteforlag.no\/pax\/wp-json\/wp\/v2\/types\/product"}],"wp:featuredmedia":[{"embeddable":true,"href":"https:\/\/staging.forenteforlag.no\/pax\/wp-json\/wp\/v2\/media\/30036"}],"wp:attachment":[{"href":"https:\/\/staging.forenteforlag.no\/pax\/wp-json\/wp\/v2\/media?parent=23629"}],"wp:term":[{"taxonomy":"product_brand","embeddable":true,"href":"https:\/\/staging.forenteforlag.no\/pax\/wp-json\/wp\/v2\/product_brand?post=23629"},{"taxonomy":"product_cat","embeddable":true,"href":"https:\/\/staging.forenteforlag.no\/pax\/wp-json\/wp\/v2\/product_cat?post=23629"},{"taxonomy":"product_tag","embeddable":true,"href":"https:\/\/staging.forenteforlag.no\/pax\/wp-json\/wp\/v2\/product_tag?post=23629"}],"curies":[{"name":"wp","href":"https:\/\/api.w.org\/{rel}","templated":true}]}}