{"id":23615,"date":"2024-12-10T22:54:37","date_gmt":"2024-12-10T21:54:37","guid":{"rendered":"https:\/\/pax.forenteforlag.no\/produkt\/norsk-innvandringshistorie-bd-2\/"},"modified":"2026-03-04T21:02:18","modified_gmt":"2026-03-04T20:02:18","slug":"norsk-innvandringshistorie-bd-2","status":"publish","type":"product","link":"https:\/\/staging.forenteforlag.no\/pax\/produkt\/norsk-innvandringshistorie-bd-2\/","title":{"rendered":"Norsk innvandringshistorie. Bd. 2"},"content":{"rendered":"<p>Dette bindet sp\u00f8r hva 1814 betydde for Norge som innvandringsland og for synet p\u00e5 fremmede. Du f\u00e5r h\u00f8re om opphevingen av det tvungne passvesen, tjenestetvangen, opphevingen av grunnlovens forbud mot j\u00f8der, kvenene i nord som ble sett p\u00e5 som et nasjonalt problem, kunstnerne som oppdaget Norge, rasebegrepet, det nordiske arbeidsmarkedet p\u00e5 Nordkalotten og det vestskandinaviske i Vest-Sverige og S\u00f8r-Norge. Har register og litteraturliste.<\/p>\n","protected":false},"excerpt":{"rendered":"<p>Dette bindet sp\u00f8r hva 1814 betydde for Norge som innvandringsland og for synet p\u00e5 fremmede. Du f\u00e5r h\u00f8re om opphevingen av det tvungne passvesen, tjenestetvangen, opphevingen av grunnlovens forbud mot j\u00f8der, kvenene i nord som ble sett p\u00e5 som et nasjonalt problem, kunstnerne som oppdaget Norge, rasebegrepet, det nordiske arbeidsmarkedet p\u00e5 Nordkalotten og det vestskandinaviske [&hellip;]<\/p>\n","protected":false},"featured_media":28912,"template":"","meta":{"_acf_changed":false,"inline_featured_image":false},"product_brand":[],"product_cat":[1782],"product_tag":[394,399,607,362,697,439],"class_list":{"0":"post-23615","1":"product","2":"type-product","3":"status-publish","4":"has-post-thumbnail","6":"product_cat-fripris","7":"product_tag-1800-tallet","8":"product_tag-1900-1945","9":"product_tag-bedriftshistorie","10":"product_tag-faglitteratur","11":"product_tag-immigrasjon","12":"product_tag-nord-norge","14":"first","15":"outofstock","16":"taxable","17":"shipping-taxable","18":"purchasable","19":"product-type-simple"},"acf":{"anmeldelse":null},"yoast_head":"<!-- This site is optimized with the Yoast SEO plugin v26.6 - https:\/\/yoast.com\/wordpress\/plugins\/seo\/ -->\n<title>Norsk innvandringshistorie. Bd. 2 - Pax<\/title>\n<meta name=\"robots\" content=\"noindex, follow, max-snippet:-1, max-image-preview:large, max-video-preview:-1\" \/>\n<meta property=\"og:locale\" content=\"nb_NO\" \/>\n<meta property=\"og:type\" content=\"article\" \/>\n<meta property=\"og:title\" content=\"Norsk innvandringshistorie. Bd. 2 - Pax\" \/>\n<meta property=\"og:description\" content=\"Dette bindet sp\u00f8r hva 1814 betydde for Norge som innvandringsland og for synet p\u00e5 fremmede. Du f\u00e5r h\u00f8re om opphevingen av det tvungne passvesen, tjenestetvangen, opphevingen av grunnlovens forbud mot j\u00f8der, kvenene i nord som ble sett p\u00e5 som et nasjonalt problem, kunstnerne som oppdaget Norge, rasebegrepet, det nordiske arbeidsmarkedet p\u00e5 Nordkalotten og det vestskandinaviske [&hellip;]\" \/>\n<meta property=\"og:url\" content=\"https:\/\/staging.forenteforlag.no\/pax\/produkt\/norsk-innvandringshistorie-bd-2\/\" \/>\n<meta property=\"og:site_name\" content=\"Pax\" \/>\n<meta property=\"article:modified_time\" content=\"2026-03-04T20:02:18+00:00\" \/>\n<meta property=\"og:image\" content=\"https:\/\/staging.forenteforlag.no\/pax\/wp-content\/uploads\/sites\/5\/2025\/08\/jpg-8351.jpg\" \/>\n\t<meta property=\"og:image:width\" content=\"320\" \/>\n\t<meta property=\"og:image:height\" content=\"449\" \/>\n\t<meta property=\"og:image:type\" content=\"image\/jpeg\" \/>\n<meta name=\"twitter:card\" content=\"summary_large_image\" \/>\n<script type=\"application\/ld+json\" class=\"yoast-schema-graph\">{\"@context\":\"https:\/\/schema.org\",\"@graph\":[{\"@type\":\"WebPage\",\"@id\":\"https:\/\/staging.forenteforlag.no\/pax\/produkt\/norsk-innvandringshistorie-bd-2\/\",\"url\":\"https:\/\/staging.forenteforlag.no\/pax\/produkt\/norsk-innvandringshistorie-bd-2\/\",\"name\":\"Norsk innvandringshistorie. Bd. 2 - Pax\",\"isPartOf\":{\"@id\":\"https:\/\/staging.forenteforlag.no\/pax\/#website\"},\"primaryImageOfPage\":{\"@id\":\"https:\/\/staging.forenteforlag.no\/pax\/produkt\/norsk-innvandringshistorie-bd-2\/#primaryimage\"},\"image\":{\"@id\":\"https:\/\/staging.forenteforlag.no\/pax\/produkt\/norsk-innvandringshistorie-bd-2\/#primaryimage\"},\"thumbnailUrl\":\"https:\/\/staging.forenteforlag.no\/pax\/wp-content\/uploads\/sites\/5\/2025\/08\/jpg-8351.jpg\",\"datePublished\":\"2024-12-10T21:54:37+00:00\",\"dateModified\":\"2026-03-04T20:02:18+00:00\",\"breadcrumb\":{\"@id\":\"https:\/\/staging.forenteforlag.no\/pax\/produkt\/norsk-innvandringshistorie-bd-2\/#breadcrumb\"},\"inLanguage\":\"nb-NO\",\"potentialAction\":[{\"@type\":\"ReadAction\",\"target\":[\"https:\/\/staging.forenteforlag.no\/pax\/produkt\/norsk-innvandringshistorie-bd-2\/\"]}]},{\"@type\":\"ImageObject\",\"inLanguage\":\"nb-NO\",\"@id\":\"https:\/\/staging.forenteforlag.no\/pax\/produkt\/norsk-innvandringshistorie-bd-2\/#primaryimage\",\"url\":\"https:\/\/staging.forenteforlag.no\/pax\/wp-content\/uploads\/sites\/5\/2025\/08\/jpg-8351.jpg\",\"contentUrl\":\"https:\/\/staging.forenteforlag.no\/pax\/wp-content\/uploads\/sites\/5\/2025\/08\/jpg-8351.jpg\",\"width\":320,\"height\":449},{\"@type\":\"BreadcrumbList\",\"@id\":\"https:\/\/staging.forenteforlag.no\/pax\/produkt\/norsk-innvandringshistorie-bd-2\/#breadcrumb\",\"itemListElement\":[{\"@type\":\"ListItem\",\"position\":1,\"name\":\"Hjem\",\"item\":\"https:\/\/staging.forenteforlag.no\/pax\/\"},{\"@type\":\"ListItem\",\"position\":2,\"name\":\"Alle b\u00f8ker\",\"item\":\"https:\/\/staging.forenteforlag.no\/pax\/butikk\/\"},{\"@type\":\"ListItem\",\"position\":3,\"name\":\"Norsk innvandringshistorie. Bd. 2\"}]},{\"@type\":\"WebSite\",\"@id\":\"https:\/\/staging.forenteforlag.no\/pax\/#website\",\"url\":\"https:\/\/staging.forenteforlag.no\/pax\/\",\"name\":\"Pax\",\"description\":\"\",\"potentialAction\":[{\"@type\":\"SearchAction\",\"target\":{\"@type\":\"EntryPoint\",\"urlTemplate\":\"https:\/\/staging.forenteforlag.no\/pax\/?s={search_term_string}\"},\"query-input\":{\"@type\":\"PropertyValueSpecification\",\"valueRequired\":true,\"valueName\":\"search_term_string\"}}],\"inLanguage\":\"nb-NO\"}]}<\/script>\n<!-- \/ Yoast SEO plugin. -->","yoast_head_json":{"title":"Norsk innvandringshistorie. Bd. 2 - Pax","robots":{"index":"noindex","follow":"follow","max-snippet":"max-snippet:-1","max-image-preview":"max-image-preview:large","max-video-preview":"max-video-preview:-1"},"og_locale":"nb_NO","og_type":"article","og_title":"Norsk innvandringshistorie. Bd. 2 - Pax","og_description":"Dette bindet sp\u00f8r hva 1814 betydde for Norge som innvandringsland og for synet p\u00e5 fremmede. Du f\u00e5r h\u00f8re om opphevingen av det tvungne passvesen, tjenestetvangen, opphevingen av grunnlovens forbud mot j\u00f8der, kvenene i nord som ble sett p\u00e5 som et nasjonalt problem, kunstnerne som oppdaget Norge, rasebegrepet, det nordiske arbeidsmarkedet p\u00e5 Nordkalotten og det vestskandinaviske [&hellip;]","og_url":"https:\/\/staging.forenteforlag.no\/pax\/produkt\/norsk-innvandringshistorie-bd-2\/","og_site_name":"Pax","article_modified_time":"2026-03-04T20:02:18+00:00","og_image":[{"width":320,"height":449,"url":"https:\/\/staging.forenteforlag.no\/pax\/wp-content\/uploads\/sites\/5\/2025\/08\/jpg-8351.jpg","type":"image\/jpeg"}],"twitter_card":"summary_large_image","schema":{"@context":"https:\/\/schema.org","@graph":[{"@type":"WebPage","@id":"https:\/\/staging.forenteforlag.no\/pax\/produkt\/norsk-innvandringshistorie-bd-2\/","url":"https:\/\/staging.forenteforlag.no\/pax\/produkt\/norsk-innvandringshistorie-bd-2\/","name":"Norsk innvandringshistorie. Bd. 2 - Pax","isPartOf":{"@id":"https:\/\/staging.forenteforlag.no\/pax\/#website"},"primaryImageOfPage":{"@id":"https:\/\/staging.forenteforlag.no\/pax\/produkt\/norsk-innvandringshistorie-bd-2\/#primaryimage"},"image":{"@id":"https:\/\/staging.forenteforlag.no\/pax\/produkt\/norsk-innvandringshistorie-bd-2\/#primaryimage"},"thumbnailUrl":"https:\/\/staging.forenteforlag.no\/pax\/wp-content\/uploads\/sites\/5\/2025\/08\/jpg-8351.jpg","datePublished":"2024-12-10T21:54:37+00:00","dateModified":"2026-03-04T20:02:18+00:00","breadcrumb":{"@id":"https:\/\/staging.forenteforlag.no\/pax\/produkt\/norsk-innvandringshistorie-bd-2\/#breadcrumb"},"inLanguage":"nb-NO","potentialAction":[{"@type":"ReadAction","target":["https:\/\/staging.forenteforlag.no\/pax\/produkt\/norsk-innvandringshistorie-bd-2\/"]}]},{"@type":"ImageObject","inLanguage":"nb-NO","@id":"https:\/\/staging.forenteforlag.no\/pax\/produkt\/norsk-innvandringshistorie-bd-2\/#primaryimage","url":"https:\/\/staging.forenteforlag.no\/pax\/wp-content\/uploads\/sites\/5\/2025\/08\/jpg-8351.jpg","contentUrl":"https:\/\/staging.forenteforlag.no\/pax\/wp-content\/uploads\/sites\/5\/2025\/08\/jpg-8351.jpg","width":320,"height":449},{"@type":"BreadcrumbList","@id":"https:\/\/staging.forenteforlag.no\/pax\/produkt\/norsk-innvandringshistorie-bd-2\/#breadcrumb","itemListElement":[{"@type":"ListItem","position":1,"name":"Hjem","item":"https:\/\/staging.forenteforlag.no\/pax\/"},{"@type":"ListItem","position":2,"name":"Alle b\u00f8ker","item":"https:\/\/staging.forenteforlag.no\/pax\/butikk\/"},{"@type":"ListItem","position":3,"name":"Norsk innvandringshistorie. Bd. 2"}]},{"@type":"WebSite","@id":"https:\/\/staging.forenteforlag.no\/pax\/#website","url":"https:\/\/staging.forenteforlag.no\/pax\/","name":"Pax","description":"","potentialAction":[{"@type":"SearchAction","target":{"@type":"EntryPoint","urlTemplate":"https:\/\/staging.forenteforlag.no\/pax\/?s={search_term_string}"},"query-input":{"@type":"PropertyValueSpecification","valueRequired":true,"valueName":"search_term_string"}}],"inLanguage":"nb-NO"}]}},"_links":{"self":[{"href":"https:\/\/staging.forenteforlag.no\/pax\/wp-json\/wp\/v2\/product\/23615","targetHints":{"allow":["GET"]}}],"collection":[{"href":"https:\/\/staging.forenteforlag.no\/pax\/wp-json\/wp\/v2\/product"}],"about":[{"href":"https:\/\/staging.forenteforlag.no\/pax\/wp-json\/wp\/v2\/types\/product"}],"wp:featuredmedia":[{"embeddable":true,"href":"https:\/\/staging.forenteforlag.no\/pax\/wp-json\/wp\/v2\/media\/28912"}],"wp:attachment":[{"href":"https:\/\/staging.forenteforlag.no\/pax\/wp-json\/wp\/v2\/media?parent=23615"}],"wp:term":[{"taxonomy":"product_brand","embeddable":true,"href":"https:\/\/staging.forenteforlag.no\/pax\/wp-json\/wp\/v2\/product_brand?post=23615"},{"taxonomy":"product_cat","embeddable":true,"href":"https:\/\/staging.forenteforlag.no\/pax\/wp-json\/wp\/v2\/product_cat?post=23615"},{"taxonomy":"product_tag","embeddable":true,"href":"https:\/\/staging.forenteforlag.no\/pax\/wp-json\/wp\/v2\/product_tag?post=23615"}],"curies":[{"name":"wp","href":"https:\/\/api.w.org\/{rel}","templated":true}]}}