{"id":23602,"date":"2013-11-01T01:00:00","date_gmt":"2013-11-01T00:00:00","guid":{"rendered":"https:\/\/pax.forenteforlag.no\/produkt\/arkitekturarbok-2013\/"},"modified":"2026-03-03T22:32:08","modified_gmt":"2026-03-03T21:32:08","slug":"arkitekturarbok-2013","status":"publish","type":"product","link":"https:\/\/staging.forenteforlag.no\/pax\/produkt\/arkitekturarbok-2013\/","title":{"rendered":"Arkitektur\u00e5rbok 2013"},"content":{"rendered":"<p>Arkitektur\u00e5rbok er en \u00e5rlig utgivelse i samarbeid med Nasjonalmuseet for kunst, arkitektur og design. \u00c5rboka presenterer utvalgte bygninger og arkitektoniske prosjekter fra \u00e5ret som har g\u00e5tt ledsaget av et essay om norsk samtidsarkitektur.  I tillegg behandler \u00e5rboka relevante arkitekturhistoriske temaer. \u00c5rets bok gjengir en serie med de vakre svart-hvite fotografiene Karl Teigen tok i 1959 da Amerikas forente staters ambassade i Oslo \u00e5pnet. Bygningen er tegnet av den finsk-amerikanske arkitekten Eero Saarinen (1910?1961). Blant flere artikler er Barbara Aschers kritiske unders\u00f8kelse av Olav Selvaags bidrag til norsk arkitektonisk kultur og Rune Slagstads innlegg om den nasjonsbyggende arkitekturen, framf\u00f8rt ved lanseringen av boka &laquo;Vor Tids Fordringer. Norske arkitekturdebatter 1818?1919.&raquo;<\/p>\n","protected":false},"excerpt":{"rendered":"<p>Arkitektur\u00e5rbok er en \u00e5rlig utgivelse i samarbeid med Nasjonalmuseet for kunst, arkitektur og design. \u00c5rboka presenterer utvalgte bygninger og arkitektoniske prosjekter fra \u00e5ret som har g\u00e5tt ledsaget av et essay om norsk samtidsarkitektur. I tillegg behandler \u00e5rboka relevante arkitekturhistoriske temaer. \u00c5rets bok gjengir en serie med de vakre svart-hvite fotografiene Karl Teigen tok i 1959 [&hellip;]<\/p>\n","protected":false},"featured_media":28363,"template":"","meta":{"_acf_changed":false,"inline_featured_image":false},"product_brand":[],"product_cat":[1782],"product_tag":[1146,438,362,439],"class_list":{"0":"post-23602","1":"product","2":"type-product","3":"status-publish","4":"has-post-thumbnail","6":"product_cat-fripris","7":"product_tag-arboker","8":"product_tag-arkitektur","9":"product_tag-faglitteratur","10":"product_tag-nord-norge","12":"first","13":"outofstock","14":"shipping-taxable","15":"purchasable","16":"product-type-simple"},"acf":{"anmeldelse":null},"yoast_head":"<!-- This site is optimized with the Yoast SEO plugin v26.6 - https:\/\/yoast.com\/wordpress\/plugins\/seo\/ -->\n<title>Arkitektur\u00e5rbok 2013 - Pax<\/title>\n<meta name=\"robots\" content=\"noindex, follow, max-snippet:-1, max-image-preview:large, max-video-preview:-1\" \/>\n<meta property=\"og:locale\" content=\"nb_NO\" \/>\n<meta property=\"og:type\" content=\"article\" \/>\n<meta property=\"og:title\" content=\"Arkitektur\u00e5rbok 2013 - Pax\" \/>\n<meta property=\"og:description\" content=\"Arkitektur\u00e5rbok er en \u00e5rlig utgivelse i samarbeid med Nasjonalmuseet for kunst, arkitektur og design. \u00c5rboka presenterer utvalgte bygninger og arkitektoniske prosjekter fra \u00e5ret som har g\u00e5tt ledsaget av et essay om norsk samtidsarkitektur. I tillegg behandler \u00e5rboka relevante arkitekturhistoriske temaer. \u00c5rets bok gjengir en serie med de vakre svart-hvite fotografiene Karl Teigen tok i 1959 [&hellip;]\" \/>\n<meta property=\"og:url\" content=\"https:\/\/staging.forenteforlag.no\/pax\/produkt\/arkitekturarbok-2013\/\" \/>\n<meta property=\"og:site_name\" content=\"Pax\" \/>\n<meta property=\"article:modified_time\" content=\"2026-03-03T21:32:08+00:00\" \/>\n<meta property=\"og:image\" content=\"https:\/\/staging.forenteforlag.no\/pax\/wp-content\/uploads\/sites\/5\/2025\/08\/jpg-6712.jpg\" \/>\n\t<meta property=\"og:image:width\" content=\"421\" \/>\n\t<meta property=\"og:image:height\" content=\"449\" \/>\n\t<meta property=\"og:image:type\" content=\"image\/jpeg\" \/>\n<meta name=\"twitter:card\" content=\"summary_large_image\" \/>\n<meta name=\"twitter:label1\" content=\"Ansl. lesetid\" \/>\n\t<meta name=\"twitter:data1\" content=\"1 minutt\" \/>\n<script type=\"application\/ld+json\" class=\"yoast-schema-graph\">{\"@context\":\"https:\/\/schema.org\",\"@graph\":[{\"@type\":\"WebPage\",\"@id\":\"https:\/\/staging.forenteforlag.no\/pax\/produkt\/arkitekturarbok-2013\/\",\"url\":\"https:\/\/staging.forenteforlag.no\/pax\/produkt\/arkitekturarbok-2013\/\",\"name\":\"Arkitektur\u00e5rbok 2013 - Pax\",\"isPartOf\":{\"@id\":\"https:\/\/staging.forenteforlag.no\/pax\/#website\"},\"primaryImageOfPage\":{\"@id\":\"https:\/\/staging.forenteforlag.no\/pax\/produkt\/arkitekturarbok-2013\/#primaryimage\"},\"image\":{\"@id\":\"https:\/\/staging.forenteforlag.no\/pax\/produkt\/arkitekturarbok-2013\/#primaryimage\"},\"thumbnailUrl\":\"https:\/\/staging.forenteforlag.no\/pax\/wp-content\/uploads\/sites\/5\/2025\/08\/jpg-6712.jpg\",\"datePublished\":\"2013-11-01T00:00:00+00:00\",\"dateModified\":\"2026-03-03T21:32:08+00:00\",\"breadcrumb\":{\"@id\":\"https:\/\/staging.forenteforlag.no\/pax\/produkt\/arkitekturarbok-2013\/#breadcrumb\"},\"inLanguage\":\"nb-NO\",\"potentialAction\":[{\"@type\":\"ReadAction\",\"target\":[\"https:\/\/staging.forenteforlag.no\/pax\/produkt\/arkitekturarbok-2013\/\"]}]},{\"@type\":\"ImageObject\",\"inLanguage\":\"nb-NO\",\"@id\":\"https:\/\/staging.forenteforlag.no\/pax\/produkt\/arkitekturarbok-2013\/#primaryimage\",\"url\":\"https:\/\/staging.forenteforlag.no\/pax\/wp-content\/uploads\/sites\/5\/2025\/08\/jpg-6712.jpg\",\"contentUrl\":\"https:\/\/staging.forenteforlag.no\/pax\/wp-content\/uploads\/sites\/5\/2025\/08\/jpg-6712.jpg\",\"width\":421,\"height\":449},{\"@type\":\"BreadcrumbList\",\"@id\":\"https:\/\/staging.forenteforlag.no\/pax\/produkt\/arkitekturarbok-2013\/#breadcrumb\",\"itemListElement\":[{\"@type\":\"ListItem\",\"position\":1,\"name\":\"Hjem\",\"item\":\"https:\/\/staging.forenteforlag.no\/pax\/\"},{\"@type\":\"ListItem\",\"position\":2,\"name\":\"Alle b\u00f8ker\",\"item\":\"https:\/\/staging.forenteforlag.no\/pax\/butikk\/\"},{\"@type\":\"ListItem\",\"position\":3,\"name\":\"Arkitektur\u00e5rbok 2013\"}]},{\"@type\":\"WebSite\",\"@id\":\"https:\/\/staging.forenteforlag.no\/pax\/#website\",\"url\":\"https:\/\/staging.forenteforlag.no\/pax\/\",\"name\":\"Pax\",\"description\":\"\",\"potentialAction\":[{\"@type\":\"SearchAction\",\"target\":{\"@type\":\"EntryPoint\",\"urlTemplate\":\"https:\/\/staging.forenteforlag.no\/pax\/?s={search_term_string}\"},\"query-input\":{\"@type\":\"PropertyValueSpecification\",\"valueRequired\":true,\"valueName\":\"search_term_string\"}}],\"inLanguage\":\"nb-NO\"}]}<\/script>\n<!-- \/ Yoast SEO plugin. -->","yoast_head_json":{"title":"Arkitektur\u00e5rbok 2013 - Pax","robots":{"index":"noindex","follow":"follow","max-snippet":"max-snippet:-1","max-image-preview":"max-image-preview:large","max-video-preview":"max-video-preview:-1"},"og_locale":"nb_NO","og_type":"article","og_title":"Arkitektur\u00e5rbok 2013 - Pax","og_description":"Arkitektur\u00e5rbok er en \u00e5rlig utgivelse i samarbeid med Nasjonalmuseet for kunst, arkitektur og design. \u00c5rboka presenterer utvalgte bygninger og arkitektoniske prosjekter fra \u00e5ret som har g\u00e5tt ledsaget av et essay om norsk samtidsarkitektur. I tillegg behandler \u00e5rboka relevante arkitekturhistoriske temaer. \u00c5rets bok gjengir en serie med de vakre svart-hvite fotografiene Karl Teigen tok i 1959 [&hellip;]","og_url":"https:\/\/staging.forenteforlag.no\/pax\/produkt\/arkitekturarbok-2013\/","og_site_name":"Pax","article_modified_time":"2026-03-03T21:32:08+00:00","og_image":[{"width":421,"height":449,"url":"https:\/\/staging.forenteforlag.no\/pax\/wp-content\/uploads\/sites\/5\/2025\/08\/jpg-6712.jpg","type":"image\/jpeg"}],"twitter_card":"summary_large_image","twitter_misc":{"Ansl. lesetid":"1 minutt"},"schema":{"@context":"https:\/\/schema.org","@graph":[{"@type":"WebPage","@id":"https:\/\/staging.forenteforlag.no\/pax\/produkt\/arkitekturarbok-2013\/","url":"https:\/\/staging.forenteforlag.no\/pax\/produkt\/arkitekturarbok-2013\/","name":"Arkitektur\u00e5rbok 2013 - Pax","isPartOf":{"@id":"https:\/\/staging.forenteforlag.no\/pax\/#website"},"primaryImageOfPage":{"@id":"https:\/\/staging.forenteforlag.no\/pax\/produkt\/arkitekturarbok-2013\/#primaryimage"},"image":{"@id":"https:\/\/staging.forenteforlag.no\/pax\/produkt\/arkitekturarbok-2013\/#primaryimage"},"thumbnailUrl":"https:\/\/staging.forenteforlag.no\/pax\/wp-content\/uploads\/sites\/5\/2025\/08\/jpg-6712.jpg","datePublished":"2013-11-01T00:00:00+00:00","dateModified":"2026-03-03T21:32:08+00:00","breadcrumb":{"@id":"https:\/\/staging.forenteforlag.no\/pax\/produkt\/arkitekturarbok-2013\/#breadcrumb"},"inLanguage":"nb-NO","potentialAction":[{"@type":"ReadAction","target":["https:\/\/staging.forenteforlag.no\/pax\/produkt\/arkitekturarbok-2013\/"]}]},{"@type":"ImageObject","inLanguage":"nb-NO","@id":"https:\/\/staging.forenteforlag.no\/pax\/produkt\/arkitekturarbok-2013\/#primaryimage","url":"https:\/\/staging.forenteforlag.no\/pax\/wp-content\/uploads\/sites\/5\/2025\/08\/jpg-6712.jpg","contentUrl":"https:\/\/staging.forenteforlag.no\/pax\/wp-content\/uploads\/sites\/5\/2025\/08\/jpg-6712.jpg","width":421,"height":449},{"@type":"BreadcrumbList","@id":"https:\/\/staging.forenteforlag.no\/pax\/produkt\/arkitekturarbok-2013\/#breadcrumb","itemListElement":[{"@type":"ListItem","position":1,"name":"Hjem","item":"https:\/\/staging.forenteforlag.no\/pax\/"},{"@type":"ListItem","position":2,"name":"Alle b\u00f8ker","item":"https:\/\/staging.forenteforlag.no\/pax\/butikk\/"},{"@type":"ListItem","position":3,"name":"Arkitektur\u00e5rbok 2013"}]},{"@type":"WebSite","@id":"https:\/\/staging.forenteforlag.no\/pax\/#website","url":"https:\/\/staging.forenteforlag.no\/pax\/","name":"Pax","description":"","potentialAction":[{"@type":"SearchAction","target":{"@type":"EntryPoint","urlTemplate":"https:\/\/staging.forenteforlag.no\/pax\/?s={search_term_string}"},"query-input":{"@type":"PropertyValueSpecification","valueRequired":true,"valueName":"search_term_string"}}],"inLanguage":"nb-NO"}]}},"_links":{"self":[{"href":"https:\/\/staging.forenteforlag.no\/pax\/wp-json\/wp\/v2\/product\/23602","targetHints":{"allow":["GET"]}}],"collection":[{"href":"https:\/\/staging.forenteforlag.no\/pax\/wp-json\/wp\/v2\/product"}],"about":[{"href":"https:\/\/staging.forenteforlag.no\/pax\/wp-json\/wp\/v2\/types\/product"}],"wp:featuredmedia":[{"embeddable":true,"href":"https:\/\/staging.forenteforlag.no\/pax\/wp-json\/wp\/v2\/media\/28363"}],"wp:attachment":[{"href":"https:\/\/staging.forenteforlag.no\/pax\/wp-json\/wp\/v2\/media?parent=23602"}],"wp:term":[{"taxonomy":"product_brand","embeddable":true,"href":"https:\/\/staging.forenteforlag.no\/pax\/wp-json\/wp\/v2\/product_brand?post=23602"},{"taxonomy":"product_cat","embeddable":true,"href":"https:\/\/staging.forenteforlag.no\/pax\/wp-json\/wp\/v2\/product_cat?post=23602"},{"taxonomy":"product_tag","embeddable":true,"href":"https:\/\/staging.forenteforlag.no\/pax\/wp-json\/wp\/v2\/product_tag?post=23602"}],"curies":[{"name":"wp","href":"https:\/\/api.w.org\/{rel}","templated":true}]}}