{"id":23583,"date":"2024-12-10T22:52:23","date_gmt":"2024-12-10T21:52:23","guid":{"rendered":"https:\/\/pax.forenteforlag.no\/produkt\/rype-med-lettol\/"},"modified":"2026-03-04T21:06:08","modified_gmt":"2026-03-04T20:06:08","slug":"rype-med-lettol","status":"publish","type":"product","link":"https:\/\/staging.forenteforlag.no\/pax\/produkt\/rype-med-lettol\/","title":{"rendered":"Rype med lett\u00f8l"},"content":{"rendered":"<p>Hvordan er det egentlig med nordmenns vaner og adferd rundt mat og m\u00e5ltider? Hvilken status har egentlig matpakken i Norge? Hva er det med oss og kaffen og hvorfor er det s\u00e5 vanskelig \u00e5 f\u00e5 servert bare vann? Hvorfor spiser vi fortsatt kj\u00f8ttkaker og hvorfor drikker ikke flere lett\u00f8l? Forfatteren i boken foretar feltarbeidet sitt i et lite tettsted i \u00d8stfold. Han \u00f8nsker \u00e5 se om matvanene v\u00e5re kan gjenspeile samfunnet v\u00e5rt og om vi virkelig er p\u00e5 vei inn i en kultur med \u00f8kende individualisme.<\/p>\n","protected":false},"excerpt":{"rendered":"<p>Hvordan er det egentlig med nordmenns vaner og adferd rundt mat og m\u00e5ltider? Hvilken status har egentlig matpakken i Norge? Hva er det med oss og kaffen og hvorfor er det s\u00e5 vanskelig \u00e5 f\u00e5 servert bare vann? Hvorfor spiser vi fortsatt kj\u00f8ttkaker og hvorfor drikker ikke flere lett\u00f8l? Forfatteren i boken foretar feltarbeidet sitt [&hellip;]<\/p>\n","protected":false},"featured_media":28748,"template":"","meta":{"_acf_changed":false,"inline_featured_image":false},"product_brand":[],"product_cat":[1782],"product_tag":[362,843,671,439],"class_list":{"0":"post-23583","1":"product","2":"type-product","3":"status-publish","4":"has-post-thumbnail","6":"product_cat-fripris","7":"product_tag-faglitteratur","8":"product_tag-kulturforskning","9":"product_tag-mat-og-drikke","10":"product_tag-nord-norge","12":"first","13":"outofstock","14":"taxable","15":"shipping-taxable","16":"purchasable","17":"product-type-simple"},"acf":{"anmeldelse":null},"yoast_head":"<!-- This site is optimized with the Yoast SEO plugin v26.6 - https:\/\/yoast.com\/wordpress\/plugins\/seo\/ -->\n<title>Rype med lett\u00f8l - Pax<\/title>\n<meta name=\"robots\" content=\"noindex, follow, max-snippet:-1, max-image-preview:large, max-video-preview:-1\" \/>\n<meta property=\"og:locale\" content=\"nb_NO\" \/>\n<meta property=\"og:type\" content=\"article\" \/>\n<meta property=\"og:title\" content=\"Rype med lett\u00f8l - Pax\" \/>\n<meta property=\"og:description\" content=\"Hvordan er det egentlig med nordmenns vaner og adferd rundt mat og m\u00e5ltider? Hvilken status har egentlig matpakken i Norge? Hva er det med oss og kaffen og hvorfor er det s\u00e5 vanskelig \u00e5 f\u00e5 servert bare vann? Hvorfor spiser vi fortsatt kj\u00f8ttkaker og hvorfor drikker ikke flere lett\u00f8l? Forfatteren i boken foretar feltarbeidet sitt [&hellip;]\" \/>\n<meta property=\"og:url\" content=\"https:\/\/staging.forenteforlag.no\/pax\/produkt\/rype-med-lettol\/\" \/>\n<meta property=\"og:site_name\" content=\"Pax\" \/>\n<meta property=\"article:modified_time\" content=\"2026-03-04T20:06:08+00:00\" \/>\n<meta property=\"og:image\" content=\"https:\/\/staging.forenteforlag.no\/pax\/wp-content\/uploads\/sites\/5\/2025\/08\/jpg-7846.jpg\" \/>\n\t<meta property=\"og:image:width\" content=\"329\" \/>\n\t<meta property=\"og:image:height\" content=\"450\" \/>\n\t<meta property=\"og:image:type\" content=\"image\/jpeg\" \/>\n<meta name=\"twitter:card\" content=\"summary_large_image\" \/>\n<script type=\"application\/ld+json\" class=\"yoast-schema-graph\">{\"@context\":\"https:\/\/schema.org\",\"@graph\":[{\"@type\":\"WebPage\",\"@id\":\"https:\/\/staging.forenteforlag.no\/pax\/produkt\/rype-med-lettol\/\",\"url\":\"https:\/\/staging.forenteforlag.no\/pax\/produkt\/rype-med-lettol\/\",\"name\":\"Rype med lett\u00f8l - Pax\",\"isPartOf\":{\"@id\":\"https:\/\/staging.forenteforlag.no\/pax\/#website\"},\"primaryImageOfPage\":{\"@id\":\"https:\/\/staging.forenteforlag.no\/pax\/produkt\/rype-med-lettol\/#primaryimage\"},\"image\":{\"@id\":\"https:\/\/staging.forenteforlag.no\/pax\/produkt\/rype-med-lettol\/#primaryimage\"},\"thumbnailUrl\":\"https:\/\/staging.forenteforlag.no\/pax\/wp-content\/uploads\/sites\/5\/2025\/08\/jpg-7846.jpg\",\"datePublished\":\"2024-12-10T21:52:23+00:00\",\"dateModified\":\"2026-03-04T20:06:08+00:00\",\"breadcrumb\":{\"@id\":\"https:\/\/staging.forenteforlag.no\/pax\/produkt\/rype-med-lettol\/#breadcrumb\"},\"inLanguage\":\"nb-NO\",\"potentialAction\":[{\"@type\":\"ReadAction\",\"target\":[\"https:\/\/staging.forenteforlag.no\/pax\/produkt\/rype-med-lettol\/\"]}]},{\"@type\":\"ImageObject\",\"inLanguage\":\"nb-NO\",\"@id\":\"https:\/\/staging.forenteforlag.no\/pax\/produkt\/rype-med-lettol\/#primaryimage\",\"url\":\"https:\/\/staging.forenteforlag.no\/pax\/wp-content\/uploads\/sites\/5\/2025\/08\/jpg-7846.jpg\",\"contentUrl\":\"https:\/\/staging.forenteforlag.no\/pax\/wp-content\/uploads\/sites\/5\/2025\/08\/jpg-7846.jpg\",\"width\":329,\"height\":450},{\"@type\":\"BreadcrumbList\",\"@id\":\"https:\/\/staging.forenteforlag.no\/pax\/produkt\/rype-med-lettol\/#breadcrumb\",\"itemListElement\":[{\"@type\":\"ListItem\",\"position\":1,\"name\":\"Hjem\",\"item\":\"https:\/\/staging.forenteforlag.no\/pax\/\"},{\"@type\":\"ListItem\",\"position\":2,\"name\":\"Alle b\u00f8ker\",\"item\":\"https:\/\/staging.forenteforlag.no\/pax\/butikk\/\"},{\"@type\":\"ListItem\",\"position\":3,\"name\":\"Rype med lett\u00f8l\"}]},{\"@type\":\"WebSite\",\"@id\":\"https:\/\/staging.forenteforlag.no\/pax\/#website\",\"url\":\"https:\/\/staging.forenteforlag.no\/pax\/\",\"name\":\"Pax\",\"description\":\"\",\"potentialAction\":[{\"@type\":\"SearchAction\",\"target\":{\"@type\":\"EntryPoint\",\"urlTemplate\":\"https:\/\/staging.forenteforlag.no\/pax\/?s={search_term_string}\"},\"query-input\":{\"@type\":\"PropertyValueSpecification\",\"valueRequired\":true,\"valueName\":\"search_term_string\"}}],\"inLanguage\":\"nb-NO\"}]}<\/script>\n<!-- \/ Yoast SEO plugin. -->","yoast_head_json":{"title":"Rype med lett\u00f8l - Pax","robots":{"index":"noindex","follow":"follow","max-snippet":"max-snippet:-1","max-image-preview":"max-image-preview:large","max-video-preview":"max-video-preview:-1"},"og_locale":"nb_NO","og_type":"article","og_title":"Rype med lett\u00f8l - Pax","og_description":"Hvordan er det egentlig med nordmenns vaner og adferd rundt mat og m\u00e5ltider? Hvilken status har egentlig matpakken i Norge? Hva er det med oss og kaffen og hvorfor er det s\u00e5 vanskelig \u00e5 f\u00e5 servert bare vann? Hvorfor spiser vi fortsatt kj\u00f8ttkaker og hvorfor drikker ikke flere lett\u00f8l? Forfatteren i boken foretar feltarbeidet sitt [&hellip;]","og_url":"https:\/\/staging.forenteforlag.no\/pax\/produkt\/rype-med-lettol\/","og_site_name":"Pax","article_modified_time":"2026-03-04T20:06:08+00:00","og_image":[{"width":329,"height":450,"url":"https:\/\/staging.forenteforlag.no\/pax\/wp-content\/uploads\/sites\/5\/2025\/08\/jpg-7846.jpg","type":"image\/jpeg"}],"twitter_card":"summary_large_image","schema":{"@context":"https:\/\/schema.org","@graph":[{"@type":"WebPage","@id":"https:\/\/staging.forenteforlag.no\/pax\/produkt\/rype-med-lettol\/","url":"https:\/\/staging.forenteforlag.no\/pax\/produkt\/rype-med-lettol\/","name":"Rype med lett\u00f8l - Pax","isPartOf":{"@id":"https:\/\/staging.forenteforlag.no\/pax\/#website"},"primaryImageOfPage":{"@id":"https:\/\/staging.forenteforlag.no\/pax\/produkt\/rype-med-lettol\/#primaryimage"},"image":{"@id":"https:\/\/staging.forenteforlag.no\/pax\/produkt\/rype-med-lettol\/#primaryimage"},"thumbnailUrl":"https:\/\/staging.forenteforlag.no\/pax\/wp-content\/uploads\/sites\/5\/2025\/08\/jpg-7846.jpg","datePublished":"2024-12-10T21:52:23+00:00","dateModified":"2026-03-04T20:06:08+00:00","breadcrumb":{"@id":"https:\/\/staging.forenteforlag.no\/pax\/produkt\/rype-med-lettol\/#breadcrumb"},"inLanguage":"nb-NO","potentialAction":[{"@type":"ReadAction","target":["https:\/\/staging.forenteforlag.no\/pax\/produkt\/rype-med-lettol\/"]}]},{"@type":"ImageObject","inLanguage":"nb-NO","@id":"https:\/\/staging.forenteforlag.no\/pax\/produkt\/rype-med-lettol\/#primaryimage","url":"https:\/\/staging.forenteforlag.no\/pax\/wp-content\/uploads\/sites\/5\/2025\/08\/jpg-7846.jpg","contentUrl":"https:\/\/staging.forenteforlag.no\/pax\/wp-content\/uploads\/sites\/5\/2025\/08\/jpg-7846.jpg","width":329,"height":450},{"@type":"BreadcrumbList","@id":"https:\/\/staging.forenteforlag.no\/pax\/produkt\/rype-med-lettol\/#breadcrumb","itemListElement":[{"@type":"ListItem","position":1,"name":"Hjem","item":"https:\/\/staging.forenteforlag.no\/pax\/"},{"@type":"ListItem","position":2,"name":"Alle b\u00f8ker","item":"https:\/\/staging.forenteforlag.no\/pax\/butikk\/"},{"@type":"ListItem","position":3,"name":"Rype med lett\u00f8l"}]},{"@type":"WebSite","@id":"https:\/\/staging.forenteforlag.no\/pax\/#website","url":"https:\/\/staging.forenteforlag.no\/pax\/","name":"Pax","description":"","potentialAction":[{"@type":"SearchAction","target":{"@type":"EntryPoint","urlTemplate":"https:\/\/staging.forenteforlag.no\/pax\/?s={search_term_string}"},"query-input":{"@type":"PropertyValueSpecification","valueRequired":true,"valueName":"search_term_string"}}],"inLanguage":"nb-NO"}]}},"_links":{"self":[{"href":"https:\/\/staging.forenteforlag.no\/pax\/wp-json\/wp\/v2\/product\/23583","targetHints":{"allow":["GET"]}}],"collection":[{"href":"https:\/\/staging.forenteforlag.no\/pax\/wp-json\/wp\/v2\/product"}],"about":[{"href":"https:\/\/staging.forenteforlag.no\/pax\/wp-json\/wp\/v2\/types\/product"}],"wp:featuredmedia":[{"embeddable":true,"href":"https:\/\/staging.forenteforlag.no\/pax\/wp-json\/wp\/v2\/media\/28748"}],"wp:attachment":[{"href":"https:\/\/staging.forenteforlag.no\/pax\/wp-json\/wp\/v2\/media?parent=23583"}],"wp:term":[{"taxonomy":"product_brand","embeddable":true,"href":"https:\/\/staging.forenteforlag.no\/pax\/wp-json\/wp\/v2\/product_brand?post=23583"},{"taxonomy":"product_cat","embeddable":true,"href":"https:\/\/staging.forenteforlag.no\/pax\/wp-json\/wp\/v2\/product_cat?post=23583"},{"taxonomy":"product_tag","embeddable":true,"href":"https:\/\/staging.forenteforlag.no\/pax\/wp-json\/wp\/v2\/product_tag?post=23583"}],"curies":[{"name":"wp","href":"https:\/\/api.w.org\/{rel}","templated":true}]}}