{"id":23511,"date":"2024-12-10T22:49:36","date_gmt":"2024-12-10T21:49:36","guid":{"rendered":"https:\/\/pax.forenteforlag.no\/produkt\/de-gammeldagse-piker\/"},"modified":"2026-03-04T17:05:37","modified_gmt":"2026-03-04T16:05:37","slug":"de-gammeldagse-piker","status":"publish","type":"product","link":"https:\/\/staging.forenteforlag.no\/pax\/produkt\/de-gammeldagse-piker\/","title":{"rendered":"De gammeldagse piker"},"content":{"rendered":"<p>I denne boken forteller 15 eldre kvinner sin livshistorie. Alle er f\u00f8dt f\u00f8r f\u00f8rste verdenskrig, i en tid da barna l\u00e6rte h\u00f8flighet, lydighet, \u00e6rlighet, n\u00f8ysomhet og renslighet. En skulle ikke v\u00e6re flekkete eller lusete, men ren og pen &laquo;som en edelsten&raquo;. Arbeidsmoralen var h\u00f8y, og samfunnet la sterke begrensninger p\u00e5 den enkeltes valgmuligheter n\u00e5r det gjaldt \u00e5 realisere sine \u00f8nsker og dr\u00f8mmer. Kvinnene kommer fra by og bygd, fra det kondisjonerte storborgerskap, fra trangbodd arbeiderklasse og fra grisgrendte husmannsplasser, men de har alle blitt gamle i Oslo.<\/p>\n","protected":false},"excerpt":{"rendered":"<p>I denne boken forteller 15 eldre kvinner sin livshistorie. Alle er f\u00f8dt f\u00f8r f\u00f8rste verdenskrig, i en tid da barna l\u00e6rte h\u00f8flighet, lydighet, \u00e6rlighet, n\u00f8ysomhet og renslighet. En skulle ikke v\u00e6re flekkete eller lusete, men ren og pen &laquo;som en edelsten&raquo;. Arbeidsmoralen var h\u00f8y, og samfunnet la sterke begrensninger p\u00e5 den enkeltes valgmuligheter n\u00e5r det [&hellip;]<\/p>\n","protected":false},"featured_media":0,"template":"","meta":{"_acf_changed":false,"inline_featured_image":false},"product_brand":[],"product_cat":[1782],"product_tag":[441,362,380,417],"class_list":{"0":"post-23511","1":"product","2":"type-product","3":"status-publish","5":"product_cat-fripris","6":"product_tag-1900-tallet","7":"product_tag-faglitteratur","8":"product_tag-kvinner","9":"product_tag-selvbiografier","11":"first","12":"outofstock","13":"taxable","14":"shipping-taxable","15":"purchasable","16":"product-type-simple"},"acf":{"anmeldelse":null},"yoast_head":"<!-- This site is optimized with the Yoast SEO plugin v26.6 - https:\/\/yoast.com\/wordpress\/plugins\/seo\/ -->\n<title>De gammeldagse piker - Pax<\/title>\n<meta name=\"robots\" content=\"noindex, follow, max-snippet:-1, max-image-preview:large, max-video-preview:-1\" \/>\n<meta property=\"og:locale\" content=\"nb_NO\" \/>\n<meta property=\"og:type\" content=\"article\" \/>\n<meta property=\"og:title\" content=\"De gammeldagse piker - Pax\" \/>\n<meta property=\"og:description\" content=\"I denne boken forteller 15 eldre kvinner sin livshistorie. Alle er f\u00f8dt f\u00f8r f\u00f8rste verdenskrig, i en tid da barna l\u00e6rte h\u00f8flighet, lydighet, \u00e6rlighet, n\u00f8ysomhet og renslighet. En skulle ikke v\u00e6re flekkete eller lusete, men ren og pen &laquo;som en edelsten&raquo;. Arbeidsmoralen var h\u00f8y, og samfunnet la sterke begrensninger p\u00e5 den enkeltes valgmuligheter n\u00e5r det [&hellip;]\" \/>\n<meta property=\"og:url\" content=\"https:\/\/staging.forenteforlag.no\/pax\/produkt\/de-gammeldagse-piker\/\" \/>\n<meta property=\"og:site_name\" content=\"Pax\" \/>\n<meta property=\"article:modified_time\" content=\"2026-03-04T16:05:37+00:00\" \/>\n<meta property=\"og:image\" content=\"https:\/\/staging.forenteforlag.no\/pax\/wp-content\/uploads\/sites\/5\/2025\/02\/pax-hvit.jpg\" \/>\n\t<meta property=\"og:image:width\" content=\"1200\" \/>\n\t<meta property=\"og:image:height\" content=\"800\" \/>\n\t<meta property=\"og:image:type\" content=\"image\/jpeg\" \/>\n<meta name=\"twitter:card\" content=\"summary_large_image\" \/>\n<script type=\"application\/ld+json\" class=\"yoast-schema-graph\">{\"@context\":\"https:\/\/schema.org\",\"@graph\":[{\"@type\":\"WebPage\",\"@id\":\"https:\/\/staging.forenteforlag.no\/pax\/produkt\/de-gammeldagse-piker\/\",\"url\":\"https:\/\/staging.forenteforlag.no\/pax\/produkt\/de-gammeldagse-piker\/\",\"name\":\"De gammeldagse piker - Pax\",\"isPartOf\":{\"@id\":\"https:\/\/staging.forenteforlag.no\/pax\/#website\"},\"datePublished\":\"2024-12-10T21:49:36+00:00\",\"dateModified\":\"2026-03-04T16:05:37+00:00\",\"breadcrumb\":{\"@id\":\"https:\/\/staging.forenteforlag.no\/pax\/produkt\/de-gammeldagse-piker\/#breadcrumb\"},\"inLanguage\":\"nb-NO\",\"potentialAction\":[{\"@type\":\"ReadAction\",\"target\":[\"https:\/\/staging.forenteforlag.no\/pax\/produkt\/de-gammeldagse-piker\/\"]}]},{\"@type\":\"BreadcrumbList\",\"@id\":\"https:\/\/staging.forenteforlag.no\/pax\/produkt\/de-gammeldagse-piker\/#breadcrumb\",\"itemListElement\":[{\"@type\":\"ListItem\",\"position\":1,\"name\":\"Hjem\",\"item\":\"https:\/\/staging.forenteforlag.no\/pax\/\"},{\"@type\":\"ListItem\",\"position\":2,\"name\":\"Alle b\u00f8ker\",\"item\":\"https:\/\/staging.forenteforlag.no\/pax\/butikk\/\"},{\"@type\":\"ListItem\",\"position\":3,\"name\":\"De gammeldagse piker\"}]},{\"@type\":\"WebSite\",\"@id\":\"https:\/\/staging.forenteforlag.no\/pax\/#website\",\"url\":\"https:\/\/staging.forenteforlag.no\/pax\/\",\"name\":\"Pax\",\"description\":\"\",\"potentialAction\":[{\"@type\":\"SearchAction\",\"target\":{\"@type\":\"EntryPoint\",\"urlTemplate\":\"https:\/\/staging.forenteforlag.no\/pax\/?s={search_term_string}\"},\"query-input\":{\"@type\":\"PropertyValueSpecification\",\"valueRequired\":true,\"valueName\":\"search_term_string\"}}],\"inLanguage\":\"nb-NO\"}]}<\/script>\n<!-- \/ Yoast SEO plugin. -->","yoast_head_json":{"title":"De gammeldagse piker - Pax","robots":{"index":"noindex","follow":"follow","max-snippet":"max-snippet:-1","max-image-preview":"max-image-preview:large","max-video-preview":"max-video-preview:-1"},"og_locale":"nb_NO","og_type":"article","og_title":"De gammeldagse piker - Pax","og_description":"I denne boken forteller 15 eldre kvinner sin livshistorie. Alle er f\u00f8dt f\u00f8r f\u00f8rste verdenskrig, i en tid da barna l\u00e6rte h\u00f8flighet, lydighet, \u00e6rlighet, n\u00f8ysomhet og renslighet. En skulle ikke v\u00e6re flekkete eller lusete, men ren og pen &laquo;som en edelsten&raquo;. Arbeidsmoralen var h\u00f8y, og samfunnet la sterke begrensninger p\u00e5 den enkeltes valgmuligheter n\u00e5r det [&hellip;]","og_url":"https:\/\/staging.forenteforlag.no\/pax\/produkt\/de-gammeldagse-piker\/","og_site_name":"Pax","article_modified_time":"2026-03-04T16:05:37+00:00","og_image":[{"width":1200,"height":800,"url":"https:\/\/staging.forenteforlag.no\/pax\/wp-content\/uploads\/sites\/5\/2025\/02\/pax-hvit.jpg","type":"image\/jpeg"}],"twitter_card":"summary_large_image","schema":{"@context":"https:\/\/schema.org","@graph":[{"@type":"WebPage","@id":"https:\/\/staging.forenteforlag.no\/pax\/produkt\/de-gammeldagse-piker\/","url":"https:\/\/staging.forenteforlag.no\/pax\/produkt\/de-gammeldagse-piker\/","name":"De gammeldagse piker - Pax","isPartOf":{"@id":"https:\/\/staging.forenteforlag.no\/pax\/#website"},"datePublished":"2024-12-10T21:49:36+00:00","dateModified":"2026-03-04T16:05:37+00:00","breadcrumb":{"@id":"https:\/\/staging.forenteforlag.no\/pax\/produkt\/de-gammeldagse-piker\/#breadcrumb"},"inLanguage":"nb-NO","potentialAction":[{"@type":"ReadAction","target":["https:\/\/staging.forenteforlag.no\/pax\/produkt\/de-gammeldagse-piker\/"]}]},{"@type":"BreadcrumbList","@id":"https:\/\/staging.forenteforlag.no\/pax\/produkt\/de-gammeldagse-piker\/#breadcrumb","itemListElement":[{"@type":"ListItem","position":1,"name":"Hjem","item":"https:\/\/staging.forenteforlag.no\/pax\/"},{"@type":"ListItem","position":2,"name":"Alle b\u00f8ker","item":"https:\/\/staging.forenteforlag.no\/pax\/butikk\/"},{"@type":"ListItem","position":3,"name":"De gammeldagse piker"}]},{"@type":"WebSite","@id":"https:\/\/staging.forenteforlag.no\/pax\/#website","url":"https:\/\/staging.forenteforlag.no\/pax\/","name":"Pax","description":"","potentialAction":[{"@type":"SearchAction","target":{"@type":"EntryPoint","urlTemplate":"https:\/\/staging.forenteforlag.no\/pax\/?s={search_term_string}"},"query-input":{"@type":"PropertyValueSpecification","valueRequired":true,"valueName":"search_term_string"}}],"inLanguage":"nb-NO"}]}},"_links":{"self":[{"href":"https:\/\/staging.forenteforlag.no\/pax\/wp-json\/wp\/v2\/product\/23511","targetHints":{"allow":["GET"]}}],"collection":[{"href":"https:\/\/staging.forenteforlag.no\/pax\/wp-json\/wp\/v2\/product"}],"about":[{"href":"https:\/\/staging.forenteforlag.no\/pax\/wp-json\/wp\/v2\/types\/product"}],"wp:attachment":[{"href":"https:\/\/staging.forenteforlag.no\/pax\/wp-json\/wp\/v2\/media?parent=23511"}],"wp:term":[{"taxonomy":"product_brand","embeddable":true,"href":"https:\/\/staging.forenteforlag.no\/pax\/wp-json\/wp\/v2\/product_brand?post=23511"},{"taxonomy":"product_cat","embeddable":true,"href":"https:\/\/staging.forenteforlag.no\/pax\/wp-json\/wp\/v2\/product_cat?post=23511"},{"taxonomy":"product_tag","embeddable":true,"href":"https:\/\/staging.forenteforlag.no\/pax\/wp-json\/wp\/v2\/product_tag?post=23511"}],"curies":[{"name":"wp","href":"https:\/\/api.w.org\/{rel}","templated":true}]}}