{"id":23498,"date":"2014-01-14T01:00:00","date_gmt":"2014-01-14T00:00:00","guid":{"rendered":"https:\/\/pax.forenteforlag.no\/produkt\/germanerne\/"},"modified":"2025-08-27T09:54:46","modified_gmt":"2025-08-27T07:54:46","slug":"germanerne","status":"publish","type":"product","link":"https:\/\/staging.forenteforlag.no\/pax\/produkt\/germanerne\/","title":{"rendered":"Germanerne"},"content":{"rendered":"<p>Ordet &laquo;germaner&raquo; fremkaller to ganske forskjellige bilder. Ville, r\u00f8dh\u00e5rede barbarer i kamp mot romerne. Og ranke, lysh\u00e5rede unge menn med rene trekk og stram naziuniform. <\/p>\n<p>Hvilken historie ligger bak? Hvem var egentlig antikkens germanere? Hvordan kunne det ha seg at de ble hentet frem fra glemselen og b\u00f8rstet st\u00f8vet av for s\u00e5, lett forfinet, \u00e5 spille en sentral rolle i nazismens enorme propagandaapparat? Og hvorfor kalles et stort antall spr\u00e5k den dag i dag for &laquo;germanske&raquo;?<\/p>\n<p>I denne boka m\u00f8ter vi f\u00f8rst og fremst de gamle germanerne, et folk som bestod av en lang rekke stammer: gotere, langobarder, anglere, saksere, frisere og markomanner. Historien om germanerne strekker seg over mer enn to tusen \u00e5r. Det er en fargerik, skiftende og mangfoldig historie. Men den er viktig. For den handler om hendelser og tanker som har spilt en stor rolle i historien og som fortsatt er farlig ladet.<\/p>\n","protected":false},"excerpt":{"rendered":"<p>Ordet &laquo;germaner&raquo; fremkaller to ganske forskjellige bilder. Ville, r\u00f8dh\u00e5rede barbarer i kamp mot romerne. Og ranke, lysh\u00e5rede unge menn med rene trekk og stram naziuniform. Hvilken historie ligger bak? Hvem var egentlig antikkens germanere? Hvordan kunne det ha seg at de ble hentet frem fra glemselen og b\u00f8rstet st\u00f8vet av for s\u00e5, lett forfinet, \u00e5 [&hellip;]<\/p>\n","protected":false},"featured_media":28572,"template":"","meta":{"_acf_changed":false,"inline_featured_image":false},"product_brand":[],"product_cat":[23],"product_tag":[897,607,482,362,1400,558,789,1383],"class_list":{"0":"post-23498","1":"product","2":"type-product","3":"status-publish","4":"has-post-thumbnail","6":"product_cat-historie","7":"product_tag-antikken","8":"product_tag-bedriftshistorie","9":"product_tag-europa","10":"product_tag-faglitteratur","11":"product_tag-germanske-sprak","12":"product_tag-gresk-mytologi","13":"product_tag-hoymiddelalderen","14":"product_tag-nyere-tid","15":"pa_format-innbundet","17":"first","18":"outofstock","19":"shipping-taxable","20":"purchasable","21":"product-type-simple"},"acf":{"anmeldelse":null},"yoast_head":"<!-- This site is optimized with the Yoast SEO plugin v26.6 - https:\/\/yoast.com\/wordpress\/plugins\/seo\/ -->\n<title>Germanerne - Pax<\/title>\n<meta name=\"robots\" content=\"noindex, follow, max-snippet:-1, max-image-preview:large, max-video-preview:-1\" \/>\n<meta property=\"og:locale\" content=\"nb_NO\" \/>\n<meta property=\"og:type\" content=\"article\" \/>\n<meta property=\"og:title\" content=\"Germanerne - Pax\" \/>\n<meta property=\"og:description\" content=\"Ordet &laquo;germaner&raquo; fremkaller to ganske forskjellige bilder. Ville, r\u00f8dh\u00e5rede barbarer i kamp mot romerne. Og ranke, lysh\u00e5rede unge menn med rene trekk og stram naziuniform. Hvilken historie ligger bak? Hvem var egentlig antikkens germanere? Hvordan kunne det ha seg at de ble hentet frem fra glemselen og b\u00f8rstet st\u00f8vet av for s\u00e5, lett forfinet, \u00e5 [&hellip;]\" \/>\n<meta property=\"og:url\" content=\"https:\/\/staging.forenteforlag.no\/pax\/produkt\/germanerne\/\" \/>\n<meta property=\"og:site_name\" content=\"Pax\" \/>\n<meta property=\"article:modified_time\" content=\"2025-08-27T07:54:46+00:00\" \/>\n<meta property=\"og:image\" content=\"https:\/\/staging.forenteforlag.no\/pax\/wp-content\/uploads\/sites\/5\/2025\/08\/jpg-7361.jpg\" \/>\n\t<meta property=\"og:image:width\" content=\"326\" \/>\n\t<meta property=\"og:image:height\" content=\"449\" \/>\n\t<meta property=\"og:image:type\" content=\"image\/jpeg\" \/>\n<meta name=\"twitter:card\" content=\"summary_large_image\" \/>\n<meta name=\"twitter:label1\" content=\"Ansl. lesetid\" \/>\n\t<meta name=\"twitter:data1\" content=\"1 minutt\" \/>\n<script type=\"application\/ld+json\" class=\"yoast-schema-graph\">{\"@context\":\"https:\/\/schema.org\",\"@graph\":[{\"@type\":\"WebPage\",\"@id\":\"https:\/\/staging.forenteforlag.no\/pax\/produkt\/germanerne\/\",\"url\":\"https:\/\/staging.forenteforlag.no\/pax\/produkt\/germanerne\/\",\"name\":\"Germanerne - Pax\",\"isPartOf\":{\"@id\":\"https:\/\/staging.forenteforlag.no\/pax\/#website\"},\"primaryImageOfPage\":{\"@id\":\"https:\/\/staging.forenteforlag.no\/pax\/produkt\/germanerne\/#primaryimage\"},\"image\":{\"@id\":\"https:\/\/staging.forenteforlag.no\/pax\/produkt\/germanerne\/#primaryimage\"},\"thumbnailUrl\":\"https:\/\/staging.forenteforlag.no\/pax\/wp-content\/uploads\/sites\/5\/2025\/08\/jpg-7361.jpg\",\"datePublished\":\"2014-01-14T00:00:00+00:00\",\"dateModified\":\"2025-08-27T07:54:46+00:00\",\"breadcrumb\":{\"@id\":\"https:\/\/staging.forenteforlag.no\/pax\/produkt\/germanerne\/#breadcrumb\"},\"inLanguage\":\"nb-NO\",\"potentialAction\":[{\"@type\":\"ReadAction\",\"target\":[\"https:\/\/staging.forenteforlag.no\/pax\/produkt\/germanerne\/\"]}]},{\"@type\":\"ImageObject\",\"inLanguage\":\"nb-NO\",\"@id\":\"https:\/\/staging.forenteforlag.no\/pax\/produkt\/germanerne\/#primaryimage\",\"url\":\"https:\/\/staging.forenteforlag.no\/pax\/wp-content\/uploads\/sites\/5\/2025\/08\/jpg-7361.jpg\",\"contentUrl\":\"https:\/\/staging.forenteforlag.no\/pax\/wp-content\/uploads\/sites\/5\/2025\/08\/jpg-7361.jpg\",\"width\":326,\"height\":449},{\"@type\":\"BreadcrumbList\",\"@id\":\"https:\/\/staging.forenteforlag.no\/pax\/produkt\/germanerne\/#breadcrumb\",\"itemListElement\":[{\"@type\":\"ListItem\",\"position\":1,\"name\":\"Hjem\",\"item\":\"https:\/\/staging.forenteforlag.no\/pax\/\"},{\"@type\":\"ListItem\",\"position\":2,\"name\":\"Alle b\u00f8ker\",\"item\":\"https:\/\/staging.forenteforlag.no\/pax\/butikk\/\"},{\"@type\":\"ListItem\",\"position\":3,\"name\":\"Germanerne\"}]},{\"@type\":\"WebSite\",\"@id\":\"https:\/\/staging.forenteforlag.no\/pax\/#website\",\"url\":\"https:\/\/staging.forenteforlag.no\/pax\/\",\"name\":\"Pax\",\"description\":\"\",\"potentialAction\":[{\"@type\":\"SearchAction\",\"target\":{\"@type\":\"EntryPoint\",\"urlTemplate\":\"https:\/\/staging.forenteforlag.no\/pax\/?s={search_term_string}\"},\"query-input\":{\"@type\":\"PropertyValueSpecification\",\"valueRequired\":true,\"valueName\":\"search_term_string\"}}],\"inLanguage\":\"nb-NO\"}]}<\/script>\n<!-- \/ Yoast SEO plugin. -->","yoast_head_json":{"title":"Germanerne - Pax","robots":{"index":"noindex","follow":"follow","max-snippet":"max-snippet:-1","max-image-preview":"max-image-preview:large","max-video-preview":"max-video-preview:-1"},"og_locale":"nb_NO","og_type":"article","og_title":"Germanerne - Pax","og_description":"Ordet &laquo;germaner&raquo; fremkaller to ganske forskjellige bilder. Ville, r\u00f8dh\u00e5rede barbarer i kamp mot romerne. Og ranke, lysh\u00e5rede unge menn med rene trekk og stram naziuniform. Hvilken historie ligger bak? Hvem var egentlig antikkens germanere? Hvordan kunne det ha seg at de ble hentet frem fra glemselen og b\u00f8rstet st\u00f8vet av for s\u00e5, lett forfinet, \u00e5 [&hellip;]","og_url":"https:\/\/staging.forenteforlag.no\/pax\/produkt\/germanerne\/","og_site_name":"Pax","article_modified_time":"2025-08-27T07:54:46+00:00","og_image":[{"width":326,"height":449,"url":"https:\/\/staging.forenteforlag.no\/pax\/wp-content\/uploads\/sites\/5\/2025\/08\/jpg-7361.jpg","type":"image\/jpeg"}],"twitter_card":"summary_large_image","twitter_misc":{"Ansl. lesetid":"1 minutt"},"schema":{"@context":"https:\/\/schema.org","@graph":[{"@type":"WebPage","@id":"https:\/\/staging.forenteforlag.no\/pax\/produkt\/germanerne\/","url":"https:\/\/staging.forenteforlag.no\/pax\/produkt\/germanerne\/","name":"Germanerne - Pax","isPartOf":{"@id":"https:\/\/staging.forenteforlag.no\/pax\/#website"},"primaryImageOfPage":{"@id":"https:\/\/staging.forenteforlag.no\/pax\/produkt\/germanerne\/#primaryimage"},"image":{"@id":"https:\/\/staging.forenteforlag.no\/pax\/produkt\/germanerne\/#primaryimage"},"thumbnailUrl":"https:\/\/staging.forenteforlag.no\/pax\/wp-content\/uploads\/sites\/5\/2025\/08\/jpg-7361.jpg","datePublished":"2014-01-14T00:00:00+00:00","dateModified":"2025-08-27T07:54:46+00:00","breadcrumb":{"@id":"https:\/\/staging.forenteforlag.no\/pax\/produkt\/germanerne\/#breadcrumb"},"inLanguage":"nb-NO","potentialAction":[{"@type":"ReadAction","target":["https:\/\/staging.forenteforlag.no\/pax\/produkt\/germanerne\/"]}]},{"@type":"ImageObject","inLanguage":"nb-NO","@id":"https:\/\/staging.forenteforlag.no\/pax\/produkt\/germanerne\/#primaryimage","url":"https:\/\/staging.forenteforlag.no\/pax\/wp-content\/uploads\/sites\/5\/2025\/08\/jpg-7361.jpg","contentUrl":"https:\/\/staging.forenteforlag.no\/pax\/wp-content\/uploads\/sites\/5\/2025\/08\/jpg-7361.jpg","width":326,"height":449},{"@type":"BreadcrumbList","@id":"https:\/\/staging.forenteforlag.no\/pax\/produkt\/germanerne\/#breadcrumb","itemListElement":[{"@type":"ListItem","position":1,"name":"Hjem","item":"https:\/\/staging.forenteforlag.no\/pax\/"},{"@type":"ListItem","position":2,"name":"Alle b\u00f8ker","item":"https:\/\/staging.forenteforlag.no\/pax\/butikk\/"},{"@type":"ListItem","position":3,"name":"Germanerne"}]},{"@type":"WebSite","@id":"https:\/\/staging.forenteforlag.no\/pax\/#website","url":"https:\/\/staging.forenteforlag.no\/pax\/","name":"Pax","description":"","potentialAction":[{"@type":"SearchAction","target":{"@type":"EntryPoint","urlTemplate":"https:\/\/staging.forenteforlag.no\/pax\/?s={search_term_string}"},"query-input":{"@type":"PropertyValueSpecification","valueRequired":true,"valueName":"search_term_string"}}],"inLanguage":"nb-NO"}]}},"_links":{"self":[{"href":"https:\/\/staging.forenteforlag.no\/pax\/wp-json\/wp\/v2\/product\/23498","targetHints":{"allow":["GET"]}}],"collection":[{"href":"https:\/\/staging.forenteforlag.no\/pax\/wp-json\/wp\/v2\/product"}],"about":[{"href":"https:\/\/staging.forenteforlag.no\/pax\/wp-json\/wp\/v2\/types\/product"}],"wp:featuredmedia":[{"embeddable":true,"href":"https:\/\/staging.forenteforlag.no\/pax\/wp-json\/wp\/v2\/media\/28572"}],"wp:attachment":[{"href":"https:\/\/staging.forenteforlag.no\/pax\/wp-json\/wp\/v2\/media?parent=23498"}],"wp:term":[{"taxonomy":"product_brand","embeddable":true,"href":"https:\/\/staging.forenteforlag.no\/pax\/wp-json\/wp\/v2\/product_brand?post=23498"},{"taxonomy":"product_cat","embeddable":true,"href":"https:\/\/staging.forenteforlag.no\/pax\/wp-json\/wp\/v2\/product_cat?post=23498"},{"taxonomy":"product_tag","embeddable":true,"href":"https:\/\/staging.forenteforlag.no\/pax\/wp-json\/wp\/v2\/product_tag?post=23498"}],"curies":[{"name":"wp","href":"https:\/\/api.w.org\/{rel}","templated":true}]}}