{"id":23487,"date":"2012-04-17T02:00:00","date_gmt":"2012-04-17T00:00:00","guid":{"rendered":"https:\/\/pax.forenteforlag.no\/produkt\/himmelen-er-for-alle\/"},"modified":"2025-08-27T09:29:42","modified_gmt":"2025-08-27T07:29:42","slug":"himmelen-er-for-alle","status":"publish","type":"product","link":"https:\/\/staging.forenteforlag.no\/pax\/produkt\/himmelen-er-for-alle\/","title":{"rendered":"Himmelen er for alle"},"content":{"rendered":"<p>Ti \u00e5r gamle Benedict er henrykt over familiens nye hjem i Swaziland. Det har verdens vakreste hage, full av fugler, sm\u00e5kryp og sommerfugler. Der glemmer han helt at det ikke alltid er s\u00e5 lett \u00e5 v\u00e6re den midterste i en s\u00f8skenflokk, og slutter \u00e5 bekymre seg for Mama Angels sviktende kakebakeforretning. Benedict vil s\u00e5 gjerne v\u00e6re til nytte. Han har en egen evne til \u00e5 komme i kontakt med folk, og klekker stadig ut ideer for \u00e5 hjelpe til der det trengs. Om det n\u00e5 er en fugl som trenger en skikkelig begravelse, Mamas kaker som m\u00e5 selges, eller den t\u00f8ffe, men redde jenta Nomsa fra skolen som trenger at noen ser hva som skjer. Himmelen er for alle er en frittst\u00e5ende fortsettelse av suksessen \u00c5 bake kaker i Kigali. Her f\u00e5r vi et nytt herlig m\u00f8te med Angel Tungaraza og familien hennes i en bok som er like varm og sjarmerende som den f\u00f8rste.<\/p>\n","protected":false},"excerpt":{"rendered":"<p>Ti \u00e5r gamle Benedict er henrykt over familiens nye hjem i Swaziland. Det har verdens vakreste hage, full av fugler, sm\u00e5kryp og sommerfugler. Der glemmer han helt at det ikke alltid er s\u00e5 lett \u00e5 v\u00e6re den midterste i en s\u00f8skenflokk, og slutter \u00e5 bekymre seg for Mama Angels sviktende kakebakeforretning. Benedict vil s\u00e5 gjerne [&hellip;]<\/p>\n","protected":false},"featured_media":28485,"template":"","meta":{"_acf_changed":false,"inline_featured_image":false},"product_brand":[],"product_cat":[40],"product_tag":[1305,568,1397,1095,370],"class_list":{"0":"post-23487","1":"product","2":"type-product","3":"status-publish","4":"has-post-thumbnail","6":"product_cat-romaner","7":"product_tag-bakerier","8":"product_tag-bonusfamilie","9":"product_tag-eswatini","10":"product_tag-grafiske-romaner","11":"product_tag-skjonnlitteratur","12":"pa_format-innbundet","14":"first","15":"outofstock","16":"shipping-taxable","17":"purchasable","18":"product-type-simple"},"acf":{"anmeldelse":null},"yoast_head":"<!-- This site is optimized with the Yoast SEO plugin v26.6 - https:\/\/yoast.com\/wordpress\/plugins\/seo\/ -->\n<title>Himmelen er for alle - Pax<\/title>\n<meta name=\"robots\" content=\"noindex, follow, max-snippet:-1, max-image-preview:large, max-video-preview:-1\" \/>\n<meta property=\"og:locale\" content=\"nb_NO\" \/>\n<meta property=\"og:type\" content=\"article\" \/>\n<meta property=\"og:title\" content=\"Himmelen er for alle - Pax\" \/>\n<meta property=\"og:description\" content=\"Ti \u00e5r gamle Benedict er henrykt over familiens nye hjem i Swaziland. Det har verdens vakreste hage, full av fugler, sm\u00e5kryp og sommerfugler. Der glemmer han helt at det ikke alltid er s\u00e5 lett \u00e5 v\u00e6re den midterste i en s\u00f8skenflokk, og slutter \u00e5 bekymre seg for Mama Angels sviktende kakebakeforretning. Benedict vil s\u00e5 gjerne [&hellip;]\" \/>\n<meta property=\"og:url\" content=\"https:\/\/staging.forenteforlag.no\/pax\/produkt\/himmelen-er-for-alle\/\" \/>\n<meta property=\"og:site_name\" content=\"Pax\" \/>\n<meta property=\"article:modified_time\" content=\"2025-08-27T07:29:42+00:00\" \/>\n<meta property=\"og:image\" content=\"https:\/\/staging.forenteforlag.no\/pax\/wp-content\/uploads\/sites\/5\/2025\/08\/jpg-7066.jpg\" \/>\n\t<meta property=\"og:image:width\" content=\"286\" \/>\n\t<meta property=\"og:image:height\" content=\"449\" \/>\n\t<meta property=\"og:image:type\" content=\"image\/jpeg\" \/>\n<meta name=\"twitter:card\" content=\"summary_large_image\" \/>\n<meta name=\"twitter:label1\" content=\"Ansl. lesetid\" \/>\n\t<meta name=\"twitter:data1\" content=\"1 minutt\" \/>\n<script type=\"application\/ld+json\" class=\"yoast-schema-graph\">{\"@context\":\"https:\/\/schema.org\",\"@graph\":[{\"@type\":\"WebPage\",\"@id\":\"https:\/\/staging.forenteforlag.no\/pax\/produkt\/himmelen-er-for-alle\/\",\"url\":\"https:\/\/staging.forenteforlag.no\/pax\/produkt\/himmelen-er-for-alle\/\",\"name\":\"Himmelen er for alle - Pax\",\"isPartOf\":{\"@id\":\"https:\/\/staging.forenteforlag.no\/pax\/#website\"},\"primaryImageOfPage\":{\"@id\":\"https:\/\/staging.forenteforlag.no\/pax\/produkt\/himmelen-er-for-alle\/#primaryimage\"},\"image\":{\"@id\":\"https:\/\/staging.forenteforlag.no\/pax\/produkt\/himmelen-er-for-alle\/#primaryimage\"},\"thumbnailUrl\":\"https:\/\/staging.forenteforlag.no\/pax\/wp-content\/uploads\/sites\/5\/2025\/08\/jpg-7066.jpg\",\"datePublished\":\"2012-04-17T00:00:00+00:00\",\"dateModified\":\"2025-08-27T07:29:42+00:00\",\"breadcrumb\":{\"@id\":\"https:\/\/staging.forenteforlag.no\/pax\/produkt\/himmelen-er-for-alle\/#breadcrumb\"},\"inLanguage\":\"nb-NO\",\"potentialAction\":[{\"@type\":\"ReadAction\",\"target\":[\"https:\/\/staging.forenteforlag.no\/pax\/produkt\/himmelen-er-for-alle\/\"]}]},{\"@type\":\"ImageObject\",\"inLanguage\":\"nb-NO\",\"@id\":\"https:\/\/staging.forenteforlag.no\/pax\/produkt\/himmelen-er-for-alle\/#primaryimage\",\"url\":\"https:\/\/staging.forenteforlag.no\/pax\/wp-content\/uploads\/sites\/5\/2025\/08\/jpg-7066.jpg\",\"contentUrl\":\"https:\/\/staging.forenteforlag.no\/pax\/wp-content\/uploads\/sites\/5\/2025\/08\/jpg-7066.jpg\",\"width\":286,\"height\":449},{\"@type\":\"BreadcrumbList\",\"@id\":\"https:\/\/staging.forenteforlag.no\/pax\/produkt\/himmelen-er-for-alle\/#breadcrumb\",\"itemListElement\":[{\"@type\":\"ListItem\",\"position\":1,\"name\":\"Hjem\",\"item\":\"https:\/\/staging.forenteforlag.no\/pax\/\"},{\"@type\":\"ListItem\",\"position\":2,\"name\":\"Alle b\u00f8ker\",\"item\":\"https:\/\/staging.forenteforlag.no\/pax\/butikk\/\"},{\"@type\":\"ListItem\",\"position\":3,\"name\":\"Himmelen er for alle\"}]},{\"@type\":\"WebSite\",\"@id\":\"https:\/\/staging.forenteforlag.no\/pax\/#website\",\"url\":\"https:\/\/staging.forenteforlag.no\/pax\/\",\"name\":\"Pax\",\"description\":\"\",\"potentialAction\":[{\"@type\":\"SearchAction\",\"target\":{\"@type\":\"EntryPoint\",\"urlTemplate\":\"https:\/\/staging.forenteforlag.no\/pax\/?s={search_term_string}\"},\"query-input\":{\"@type\":\"PropertyValueSpecification\",\"valueRequired\":true,\"valueName\":\"search_term_string\"}}],\"inLanguage\":\"nb-NO\"}]}<\/script>\n<!-- \/ Yoast SEO plugin. -->","yoast_head_json":{"title":"Himmelen er for alle - Pax","robots":{"index":"noindex","follow":"follow","max-snippet":"max-snippet:-1","max-image-preview":"max-image-preview:large","max-video-preview":"max-video-preview:-1"},"og_locale":"nb_NO","og_type":"article","og_title":"Himmelen er for alle - Pax","og_description":"Ti \u00e5r gamle Benedict er henrykt over familiens nye hjem i Swaziland. Det har verdens vakreste hage, full av fugler, sm\u00e5kryp og sommerfugler. Der glemmer han helt at det ikke alltid er s\u00e5 lett \u00e5 v\u00e6re den midterste i en s\u00f8skenflokk, og slutter \u00e5 bekymre seg for Mama Angels sviktende kakebakeforretning. Benedict vil s\u00e5 gjerne [&hellip;]","og_url":"https:\/\/staging.forenteforlag.no\/pax\/produkt\/himmelen-er-for-alle\/","og_site_name":"Pax","article_modified_time":"2025-08-27T07:29:42+00:00","og_image":[{"width":286,"height":449,"url":"https:\/\/staging.forenteforlag.no\/pax\/wp-content\/uploads\/sites\/5\/2025\/08\/jpg-7066.jpg","type":"image\/jpeg"}],"twitter_card":"summary_large_image","twitter_misc":{"Ansl. lesetid":"1 minutt"},"schema":{"@context":"https:\/\/schema.org","@graph":[{"@type":"WebPage","@id":"https:\/\/staging.forenteforlag.no\/pax\/produkt\/himmelen-er-for-alle\/","url":"https:\/\/staging.forenteforlag.no\/pax\/produkt\/himmelen-er-for-alle\/","name":"Himmelen er for alle - Pax","isPartOf":{"@id":"https:\/\/staging.forenteforlag.no\/pax\/#website"},"primaryImageOfPage":{"@id":"https:\/\/staging.forenteforlag.no\/pax\/produkt\/himmelen-er-for-alle\/#primaryimage"},"image":{"@id":"https:\/\/staging.forenteforlag.no\/pax\/produkt\/himmelen-er-for-alle\/#primaryimage"},"thumbnailUrl":"https:\/\/staging.forenteforlag.no\/pax\/wp-content\/uploads\/sites\/5\/2025\/08\/jpg-7066.jpg","datePublished":"2012-04-17T00:00:00+00:00","dateModified":"2025-08-27T07:29:42+00:00","breadcrumb":{"@id":"https:\/\/staging.forenteforlag.no\/pax\/produkt\/himmelen-er-for-alle\/#breadcrumb"},"inLanguage":"nb-NO","potentialAction":[{"@type":"ReadAction","target":["https:\/\/staging.forenteforlag.no\/pax\/produkt\/himmelen-er-for-alle\/"]}]},{"@type":"ImageObject","inLanguage":"nb-NO","@id":"https:\/\/staging.forenteforlag.no\/pax\/produkt\/himmelen-er-for-alle\/#primaryimage","url":"https:\/\/staging.forenteforlag.no\/pax\/wp-content\/uploads\/sites\/5\/2025\/08\/jpg-7066.jpg","contentUrl":"https:\/\/staging.forenteforlag.no\/pax\/wp-content\/uploads\/sites\/5\/2025\/08\/jpg-7066.jpg","width":286,"height":449},{"@type":"BreadcrumbList","@id":"https:\/\/staging.forenteforlag.no\/pax\/produkt\/himmelen-er-for-alle\/#breadcrumb","itemListElement":[{"@type":"ListItem","position":1,"name":"Hjem","item":"https:\/\/staging.forenteforlag.no\/pax\/"},{"@type":"ListItem","position":2,"name":"Alle b\u00f8ker","item":"https:\/\/staging.forenteforlag.no\/pax\/butikk\/"},{"@type":"ListItem","position":3,"name":"Himmelen er for alle"}]},{"@type":"WebSite","@id":"https:\/\/staging.forenteforlag.no\/pax\/#website","url":"https:\/\/staging.forenteforlag.no\/pax\/","name":"Pax","description":"","potentialAction":[{"@type":"SearchAction","target":{"@type":"EntryPoint","urlTemplate":"https:\/\/staging.forenteforlag.no\/pax\/?s={search_term_string}"},"query-input":{"@type":"PropertyValueSpecification","valueRequired":true,"valueName":"search_term_string"}}],"inLanguage":"nb-NO"}]}},"_links":{"self":[{"href":"https:\/\/staging.forenteforlag.no\/pax\/wp-json\/wp\/v2\/product\/23487","targetHints":{"allow":["GET"]}}],"collection":[{"href":"https:\/\/staging.forenteforlag.no\/pax\/wp-json\/wp\/v2\/product"}],"about":[{"href":"https:\/\/staging.forenteforlag.no\/pax\/wp-json\/wp\/v2\/types\/product"}],"wp:featuredmedia":[{"embeddable":true,"href":"https:\/\/staging.forenteforlag.no\/pax\/wp-json\/wp\/v2\/media\/28485"}],"wp:attachment":[{"href":"https:\/\/staging.forenteforlag.no\/pax\/wp-json\/wp\/v2\/media?parent=23487"}],"wp:term":[{"taxonomy":"product_brand","embeddable":true,"href":"https:\/\/staging.forenteforlag.no\/pax\/wp-json\/wp\/v2\/product_brand?post=23487"},{"taxonomy":"product_cat","embeddable":true,"href":"https:\/\/staging.forenteforlag.no\/pax\/wp-json\/wp\/v2\/product_cat?post=23487"},{"taxonomy":"product_tag","embeddable":true,"href":"https:\/\/staging.forenteforlag.no\/pax\/wp-json\/wp\/v2\/product_tag?post=23487"}],"curies":[{"name":"wp","href":"https:\/\/api.w.org\/{rel}","templated":true}]}}