{"id":23470,"date":"2018-01-25T01:00:00","date_gmt":"2018-01-25T00:00:00","guid":{"rendered":"https:\/\/pax.forenteforlag.no\/produkt\/lempi\/"},"modified":"2025-08-27T13:22:36","modified_gmt":"2025-08-27T11:22:36","slug":"lempi","status":"publish","type":"product","link":"https:\/\/staging.forenteforlag.no\/pax\/produkt\/lempi\/","title":{"rendered":"Lempi"},"content":{"rendered":"<p>\u00c5ret er 1944. Krigen preger tilv\u00e6relsen i det nordlige Finland, der landsbyer raseres og familier m\u00e5 forlate sine hjem. For det nyforelskede paret Viljami og Lempi oppleves krigen likevel som fjern.  De bygger sitt  harmoniske liv p\u00e5 et lite g\u00e5rdsbruk. Idyllen brister da Viljami kalles til fronten og m\u00e5 forlate en gravid Lempi alene med hushjelpen Elli. Lempis tvillings\u00f8ster Sisko blir kj\u00e6reste med  en tysk offiser, som lover henne en bedre framtid i Tyskland. Da krigen er over er Lempi borte, og ingenting er som f\u00f8r.  I romanens tre deler opptrer tre ulike fortellerstemmer. B\u00e5de Viljami, Elli og Sisko har alle hatt et intenst forhold til Lempi. Men de har sv\u00e6rt forskjellige oppfatninger om hvem hun var.<\/p>\n","protected":false},"excerpt":{"rendered":"<p>\u00c5ret er 1944. Krigen preger tilv\u00e6relsen i det nordlige Finland, der landsbyer raseres og familier m\u00e5 forlate sine hjem. For det nyforelskede paret Viljami og Lempi oppleves krigen likevel som fjern. De bygger sitt harmoniske liv p\u00e5 et lite g\u00e5rdsbruk. Idyllen brister da Viljami kalles til fronten og m\u00e5 forlate en gravid Lempi alene med [&hellip;]<\/p>\n","protected":false},"featured_media":29448,"template":"","meta":{"_acf_changed":false,"inline_featured_image":false},"product_brand":[],"product_cat":[40],"product_tag":[407,405,810,1095,510,370,1391],"class_list":{"0":"post-23470","1":"product","2":"type-product","3":"status-publish","4":"has-post-thumbnail","6":"product_cat-romaner","7":"product_tag-1939-1945","8":"product_tag-andre-verdenskrig","9":"product_tag-finland","10":"product_tag-grafiske-romaner","11":"product_tag-kjaerlighet","12":"product_tag-skjonnlitteratur","13":"product_tag-tvillinger","14":"pa_format-innbundet","16":"first","17":"outofstock","18":"shipping-taxable","19":"purchasable","20":"product-type-simple"},"acf":{"anmeldelse":null},"yoast_head":"<!-- This site is optimized with the Yoast SEO plugin v26.6 - https:\/\/yoast.com\/wordpress\/plugins\/seo\/ -->\n<title>Lempi - Pax<\/title>\n<meta name=\"robots\" content=\"noindex, follow, max-snippet:-1, max-image-preview:large, max-video-preview:-1\" \/>\n<meta property=\"og:locale\" content=\"nb_NO\" \/>\n<meta property=\"og:type\" content=\"article\" \/>\n<meta property=\"og:title\" content=\"Lempi - Pax\" \/>\n<meta property=\"og:description\" content=\"\u00c5ret er 1944. Krigen preger tilv\u00e6relsen i det nordlige Finland, der landsbyer raseres og familier m\u00e5 forlate sine hjem. For det nyforelskede paret Viljami og Lempi oppleves krigen likevel som fjern. De bygger sitt harmoniske liv p\u00e5 et lite g\u00e5rdsbruk. Idyllen brister da Viljami kalles til fronten og m\u00e5 forlate en gravid Lempi alene med [&hellip;]\" \/>\n<meta property=\"og:url\" content=\"https:\/\/staging.forenteforlag.no\/pax\/produkt\/lempi\/\" \/>\n<meta property=\"og:site_name\" content=\"Pax\" \/>\n<meta property=\"article:modified_time\" content=\"2025-08-27T11:22:36+00:00\" \/>\n<meta property=\"og:image\" content=\"https:\/\/staging.forenteforlag.no\/pax\/wp-content\/uploads\/sites\/5\/2025\/08\/jpg-9979-scaled.jpg\" \/>\n\t<meta property=\"og:image:width\" content=\"1215\" \/>\n\t<meta property=\"og:image:height\" content=\"1920\" \/>\n\t<meta property=\"og:image:type\" content=\"image\/jpeg\" \/>\n<meta name=\"twitter:card\" content=\"summary_large_image\" \/>\n<meta name=\"twitter:label1\" content=\"Ansl. lesetid\" \/>\n\t<meta name=\"twitter:data1\" content=\"1 minutt\" \/>\n<script type=\"application\/ld+json\" class=\"yoast-schema-graph\">{\"@context\":\"https:\/\/schema.org\",\"@graph\":[{\"@type\":\"WebPage\",\"@id\":\"https:\/\/staging.forenteforlag.no\/pax\/produkt\/lempi\/\",\"url\":\"https:\/\/staging.forenteforlag.no\/pax\/produkt\/lempi\/\",\"name\":\"Lempi - Pax\",\"isPartOf\":{\"@id\":\"https:\/\/staging.forenteforlag.no\/pax\/#website\"},\"primaryImageOfPage\":{\"@id\":\"https:\/\/staging.forenteforlag.no\/pax\/produkt\/lempi\/#primaryimage\"},\"image\":{\"@id\":\"https:\/\/staging.forenteforlag.no\/pax\/produkt\/lempi\/#primaryimage\"},\"thumbnailUrl\":\"https:\/\/staging.forenteforlag.no\/pax\/wp-content\/uploads\/sites\/5\/2025\/08\/jpg-9979-scaled.jpg\",\"datePublished\":\"2018-01-25T00:00:00+00:00\",\"dateModified\":\"2025-08-27T11:22:36+00:00\",\"breadcrumb\":{\"@id\":\"https:\/\/staging.forenteforlag.no\/pax\/produkt\/lempi\/#breadcrumb\"},\"inLanguage\":\"nb-NO\",\"potentialAction\":[{\"@type\":\"ReadAction\",\"target\":[\"https:\/\/staging.forenteforlag.no\/pax\/produkt\/lempi\/\"]}]},{\"@type\":\"ImageObject\",\"inLanguage\":\"nb-NO\",\"@id\":\"https:\/\/staging.forenteforlag.no\/pax\/produkt\/lempi\/#primaryimage\",\"url\":\"https:\/\/staging.forenteforlag.no\/pax\/wp-content\/uploads\/sites\/5\/2025\/08\/jpg-9979-scaled.jpg\",\"contentUrl\":\"https:\/\/staging.forenteforlag.no\/pax\/wp-content\/uploads\/sites\/5\/2025\/08\/jpg-9979-scaled.jpg\",\"width\":1215,\"height\":1920},{\"@type\":\"BreadcrumbList\",\"@id\":\"https:\/\/staging.forenteforlag.no\/pax\/produkt\/lempi\/#breadcrumb\",\"itemListElement\":[{\"@type\":\"ListItem\",\"position\":1,\"name\":\"Hjem\",\"item\":\"https:\/\/staging.forenteforlag.no\/pax\/\"},{\"@type\":\"ListItem\",\"position\":2,\"name\":\"Alle b\u00f8ker\",\"item\":\"https:\/\/staging.forenteforlag.no\/pax\/butikk\/\"},{\"@type\":\"ListItem\",\"position\":3,\"name\":\"Lempi\"}]},{\"@type\":\"WebSite\",\"@id\":\"https:\/\/staging.forenteforlag.no\/pax\/#website\",\"url\":\"https:\/\/staging.forenteforlag.no\/pax\/\",\"name\":\"Pax\",\"description\":\"\",\"potentialAction\":[{\"@type\":\"SearchAction\",\"target\":{\"@type\":\"EntryPoint\",\"urlTemplate\":\"https:\/\/staging.forenteforlag.no\/pax\/?s={search_term_string}\"},\"query-input\":{\"@type\":\"PropertyValueSpecification\",\"valueRequired\":true,\"valueName\":\"search_term_string\"}}],\"inLanguage\":\"nb-NO\"}]}<\/script>\n<!-- \/ Yoast SEO plugin. -->","yoast_head_json":{"title":"Lempi - Pax","robots":{"index":"noindex","follow":"follow","max-snippet":"max-snippet:-1","max-image-preview":"max-image-preview:large","max-video-preview":"max-video-preview:-1"},"og_locale":"nb_NO","og_type":"article","og_title":"Lempi - Pax","og_description":"\u00c5ret er 1944. Krigen preger tilv\u00e6relsen i det nordlige Finland, der landsbyer raseres og familier m\u00e5 forlate sine hjem. For det nyforelskede paret Viljami og Lempi oppleves krigen likevel som fjern. De bygger sitt harmoniske liv p\u00e5 et lite g\u00e5rdsbruk. Idyllen brister da Viljami kalles til fronten og m\u00e5 forlate en gravid Lempi alene med [&hellip;]","og_url":"https:\/\/staging.forenteforlag.no\/pax\/produkt\/lempi\/","og_site_name":"Pax","article_modified_time":"2025-08-27T11:22:36+00:00","og_image":[{"width":1215,"height":1920,"url":"https:\/\/staging.forenteforlag.no\/pax\/wp-content\/uploads\/sites\/5\/2025\/08\/jpg-9979-scaled.jpg","type":"image\/jpeg"}],"twitter_card":"summary_large_image","twitter_misc":{"Ansl. lesetid":"1 minutt"},"schema":{"@context":"https:\/\/schema.org","@graph":[{"@type":"WebPage","@id":"https:\/\/staging.forenteforlag.no\/pax\/produkt\/lempi\/","url":"https:\/\/staging.forenteforlag.no\/pax\/produkt\/lempi\/","name":"Lempi - Pax","isPartOf":{"@id":"https:\/\/staging.forenteforlag.no\/pax\/#website"},"primaryImageOfPage":{"@id":"https:\/\/staging.forenteforlag.no\/pax\/produkt\/lempi\/#primaryimage"},"image":{"@id":"https:\/\/staging.forenteforlag.no\/pax\/produkt\/lempi\/#primaryimage"},"thumbnailUrl":"https:\/\/staging.forenteforlag.no\/pax\/wp-content\/uploads\/sites\/5\/2025\/08\/jpg-9979-scaled.jpg","datePublished":"2018-01-25T00:00:00+00:00","dateModified":"2025-08-27T11:22:36+00:00","breadcrumb":{"@id":"https:\/\/staging.forenteforlag.no\/pax\/produkt\/lempi\/#breadcrumb"},"inLanguage":"nb-NO","potentialAction":[{"@type":"ReadAction","target":["https:\/\/staging.forenteforlag.no\/pax\/produkt\/lempi\/"]}]},{"@type":"ImageObject","inLanguage":"nb-NO","@id":"https:\/\/staging.forenteforlag.no\/pax\/produkt\/lempi\/#primaryimage","url":"https:\/\/staging.forenteforlag.no\/pax\/wp-content\/uploads\/sites\/5\/2025\/08\/jpg-9979-scaled.jpg","contentUrl":"https:\/\/staging.forenteforlag.no\/pax\/wp-content\/uploads\/sites\/5\/2025\/08\/jpg-9979-scaled.jpg","width":1215,"height":1920},{"@type":"BreadcrumbList","@id":"https:\/\/staging.forenteforlag.no\/pax\/produkt\/lempi\/#breadcrumb","itemListElement":[{"@type":"ListItem","position":1,"name":"Hjem","item":"https:\/\/staging.forenteforlag.no\/pax\/"},{"@type":"ListItem","position":2,"name":"Alle b\u00f8ker","item":"https:\/\/staging.forenteforlag.no\/pax\/butikk\/"},{"@type":"ListItem","position":3,"name":"Lempi"}]},{"@type":"WebSite","@id":"https:\/\/staging.forenteforlag.no\/pax\/#website","url":"https:\/\/staging.forenteforlag.no\/pax\/","name":"Pax","description":"","potentialAction":[{"@type":"SearchAction","target":{"@type":"EntryPoint","urlTemplate":"https:\/\/staging.forenteforlag.no\/pax\/?s={search_term_string}"},"query-input":{"@type":"PropertyValueSpecification","valueRequired":true,"valueName":"search_term_string"}}],"inLanguage":"nb-NO"}]}},"_links":{"self":[{"href":"https:\/\/staging.forenteforlag.no\/pax\/wp-json\/wp\/v2\/product\/23470","targetHints":{"allow":["GET"]}}],"collection":[{"href":"https:\/\/staging.forenteforlag.no\/pax\/wp-json\/wp\/v2\/product"}],"about":[{"href":"https:\/\/staging.forenteforlag.no\/pax\/wp-json\/wp\/v2\/types\/product"}],"wp:featuredmedia":[{"embeddable":true,"href":"https:\/\/staging.forenteforlag.no\/pax\/wp-json\/wp\/v2\/media\/29448"}],"wp:attachment":[{"href":"https:\/\/staging.forenteforlag.no\/pax\/wp-json\/wp\/v2\/media?parent=23470"}],"wp:term":[{"taxonomy":"product_brand","embeddable":true,"href":"https:\/\/staging.forenteforlag.no\/pax\/wp-json\/wp\/v2\/product_brand?post=23470"},{"taxonomy":"product_cat","embeddable":true,"href":"https:\/\/staging.forenteforlag.no\/pax\/wp-json\/wp\/v2\/product_cat?post=23470"},{"taxonomy":"product_tag","embeddable":true,"href":"https:\/\/staging.forenteforlag.no\/pax\/wp-json\/wp\/v2\/product_tag?post=23470"}],"curies":[{"name":"wp","href":"https:\/\/api.w.org\/{rel}","templated":true}]}}