{"id":23437,"date":"2016-02-26T01:00:00","date_gmt":"2016-02-26T00:00:00","guid":{"rendered":"https:\/\/pax.forenteforlag.no\/produkt\/veien-ved-boolavaun-2\/"},"modified":"2025-08-27T13:09:03","modified_gmt":"2025-08-27T11:09:03","slug":"veien-ved-boolavaun-2","status":"publish","type":"product","link":"https:\/\/staging.forenteforlag.no\/pax\/produkt\/veien-ved-boolavaun-2\/","title":{"rendered":"Veien ved Boolavaun"},"content":{"rendered":"<p>En mesterlig roman om familie og tilh\u00f8righet fra en av Irlands st\u00f8rste fortellere.  <\/p>\n<p>Rosaleen er Madigan-familiens vanskelige og praktfulle matriark og omdreiningspunkt. Barna har vokst opp og flyttet hjemmefra, og lever liv de ikke tidligere kunne ha forestilt seg, i Dublin, New York og Mali. Bare den alltid like p\u00e5litelige Constance har blitt boende n\u00e6r moren i den lille byen p\u00e5 vestkysten av Irland. Men n\u00e5r Rosaleen en dag ut av det bl\u00e5 ringer dem og forteller at hun har bestemt seg for \u00e5 selge familiehuset, tropper alle sammen opp for en siste jul i barndomshjemmet. Der m\u00e5 de ta tak i b\u00e5de minner, dr\u00f8mmer og brutte h\u00e5p, og pr\u00f8ve \u00e5 finne ut av b\u00e5de seg selv og hverandre, og av hvordan familien og stedet de kommer fra har v\u00e6rt med p\u00e5 \u00e5 forme de livene de har valgt \u00e5 leve.  <\/p>\n<p>The Green Road er Enrights kanskje mest tilgjengelige roman. Det er en sterk og gripende fortelling om en familie som pr\u00f8ver \u00e5 finne tilbake til det som har knyttet dem sammen, og samtidig skape noe nytt \u00e5 bygge videre p\u00e5. Et nytt h\u00f8ydepunkt i Enrights forfatterskap.<\/p>\n","protected":false},"excerpt":{"rendered":"<p>En mesterlig roman om familie og tilh\u00f8righet fra en av Irlands st\u00f8rste fortellere. Rosaleen er Madigan-familiens vanskelige og praktfulle matriark og omdreiningspunkt. Barna har vokst opp og flyttet hjemmefra, og lever liv de ikke tidligere kunne ha forestilt seg, i Dublin, New York og Mali. Bare den alltid like p\u00e5litelige Constance har blitt boende n\u00e6r [&hellip;]<\/p>\n","protected":false},"featured_media":29401,"template":"","meta":{"_acf_changed":false,"inline_featured_image":false},"product_brand":[],"product_cat":[40],"product_tag":[568,1095,709,370],"class_list":{"0":"post-23437","1":"product","2":"type-product","3":"status-publish","4":"has-post-thumbnail","6":"product_cat-romaner","7":"product_tag-bonusfamilie","8":"product_tag-grafiske-romaner","9":"product_tag-irland","10":"product_tag-skjonnlitteratur","11":"pa_format-innbundet","13":"first","14":"outofstock","15":"shipping-taxable","16":"purchasable","17":"product-type-simple"},"acf":{"anmeldelse":null},"yoast_head":"<!-- This site is optimized with the Yoast SEO plugin v26.6 - https:\/\/yoast.com\/wordpress\/plugins\/seo\/ -->\n<title>Veien ved Boolavaun - Pax<\/title>\n<meta name=\"robots\" content=\"noindex, follow, max-snippet:-1, max-image-preview:large, max-video-preview:-1\" \/>\n<meta property=\"og:locale\" content=\"nb_NO\" \/>\n<meta property=\"og:type\" content=\"article\" \/>\n<meta property=\"og:title\" content=\"Veien ved Boolavaun - Pax\" \/>\n<meta property=\"og:description\" content=\"En mesterlig roman om familie og tilh\u00f8righet fra en av Irlands st\u00f8rste fortellere. Rosaleen er Madigan-familiens vanskelige og praktfulle matriark og omdreiningspunkt. Barna har vokst opp og flyttet hjemmefra, og lever liv de ikke tidligere kunne ha forestilt seg, i Dublin, New York og Mali. Bare den alltid like p\u00e5litelige Constance har blitt boende n\u00e6r [&hellip;]\" \/>\n<meta property=\"og:url\" content=\"https:\/\/staging.forenteforlag.no\/pax\/produkt\/veien-ved-boolavaun-2\/\" \/>\n<meta property=\"og:site_name\" content=\"Pax\" \/>\n<meta property=\"article:modified_time\" content=\"2025-08-27T11:09:03+00:00\" \/>\n<meta property=\"og:image\" content=\"https:\/\/staging.forenteforlag.no\/pax\/wp-content\/uploads\/sites\/5\/2025\/08\/jpg-9815.jpg\" \/>\n\t<meta property=\"og:image:width\" content=\"1181\" \/>\n\t<meta property=\"og:image:height\" content=\"1874\" \/>\n\t<meta property=\"og:image:type\" content=\"image\/jpeg\" \/>\n<meta name=\"twitter:card\" content=\"summary_large_image\" \/>\n<meta name=\"twitter:label1\" content=\"Ansl. lesetid\" \/>\n\t<meta name=\"twitter:data1\" content=\"1 minutt\" \/>\n<script type=\"application\/ld+json\" class=\"yoast-schema-graph\">{\"@context\":\"https:\/\/schema.org\",\"@graph\":[{\"@type\":\"WebPage\",\"@id\":\"https:\/\/staging.forenteforlag.no\/pax\/produkt\/veien-ved-boolavaun-2\/\",\"url\":\"https:\/\/staging.forenteforlag.no\/pax\/produkt\/veien-ved-boolavaun-2\/\",\"name\":\"Veien ved Boolavaun - Pax\",\"isPartOf\":{\"@id\":\"https:\/\/staging.forenteforlag.no\/pax\/#website\"},\"primaryImageOfPage\":{\"@id\":\"https:\/\/staging.forenteforlag.no\/pax\/produkt\/veien-ved-boolavaun-2\/#primaryimage\"},\"image\":{\"@id\":\"https:\/\/staging.forenteforlag.no\/pax\/produkt\/veien-ved-boolavaun-2\/#primaryimage\"},\"thumbnailUrl\":\"https:\/\/staging.forenteforlag.no\/pax\/wp-content\/uploads\/sites\/5\/2025\/08\/jpg-9815.jpg\",\"datePublished\":\"2016-02-26T00:00:00+00:00\",\"dateModified\":\"2025-08-27T11:09:03+00:00\",\"breadcrumb\":{\"@id\":\"https:\/\/staging.forenteforlag.no\/pax\/produkt\/veien-ved-boolavaun-2\/#breadcrumb\"},\"inLanguage\":\"nb-NO\",\"potentialAction\":[{\"@type\":\"ReadAction\",\"target\":[\"https:\/\/staging.forenteforlag.no\/pax\/produkt\/veien-ved-boolavaun-2\/\"]}]},{\"@type\":\"ImageObject\",\"inLanguage\":\"nb-NO\",\"@id\":\"https:\/\/staging.forenteforlag.no\/pax\/produkt\/veien-ved-boolavaun-2\/#primaryimage\",\"url\":\"https:\/\/staging.forenteforlag.no\/pax\/wp-content\/uploads\/sites\/5\/2025\/08\/jpg-9815.jpg\",\"contentUrl\":\"https:\/\/staging.forenteforlag.no\/pax\/wp-content\/uploads\/sites\/5\/2025\/08\/jpg-9815.jpg\",\"width\":1181,\"height\":1874},{\"@type\":\"BreadcrumbList\",\"@id\":\"https:\/\/staging.forenteforlag.no\/pax\/produkt\/veien-ved-boolavaun-2\/#breadcrumb\",\"itemListElement\":[{\"@type\":\"ListItem\",\"position\":1,\"name\":\"Hjem\",\"item\":\"https:\/\/staging.forenteforlag.no\/pax\/\"},{\"@type\":\"ListItem\",\"position\":2,\"name\":\"Alle b\u00f8ker\",\"item\":\"https:\/\/staging.forenteforlag.no\/pax\/butikk\/\"},{\"@type\":\"ListItem\",\"position\":3,\"name\":\"Veien ved Boolavaun\"}]},{\"@type\":\"WebSite\",\"@id\":\"https:\/\/staging.forenteforlag.no\/pax\/#website\",\"url\":\"https:\/\/staging.forenteforlag.no\/pax\/\",\"name\":\"Pax\",\"description\":\"\",\"potentialAction\":[{\"@type\":\"SearchAction\",\"target\":{\"@type\":\"EntryPoint\",\"urlTemplate\":\"https:\/\/staging.forenteforlag.no\/pax\/?s={search_term_string}\"},\"query-input\":{\"@type\":\"PropertyValueSpecification\",\"valueRequired\":true,\"valueName\":\"search_term_string\"}}],\"inLanguage\":\"nb-NO\"}]}<\/script>\n<!-- \/ Yoast SEO plugin. -->","yoast_head_json":{"title":"Veien ved Boolavaun - Pax","robots":{"index":"noindex","follow":"follow","max-snippet":"max-snippet:-1","max-image-preview":"max-image-preview:large","max-video-preview":"max-video-preview:-1"},"og_locale":"nb_NO","og_type":"article","og_title":"Veien ved Boolavaun - Pax","og_description":"En mesterlig roman om familie og tilh\u00f8righet fra en av Irlands st\u00f8rste fortellere. Rosaleen er Madigan-familiens vanskelige og praktfulle matriark og omdreiningspunkt. Barna har vokst opp og flyttet hjemmefra, og lever liv de ikke tidligere kunne ha forestilt seg, i Dublin, New York og Mali. Bare den alltid like p\u00e5litelige Constance har blitt boende n\u00e6r [&hellip;]","og_url":"https:\/\/staging.forenteforlag.no\/pax\/produkt\/veien-ved-boolavaun-2\/","og_site_name":"Pax","article_modified_time":"2025-08-27T11:09:03+00:00","og_image":[{"width":1181,"height":1874,"url":"https:\/\/staging.forenteforlag.no\/pax\/wp-content\/uploads\/sites\/5\/2025\/08\/jpg-9815.jpg","type":"image\/jpeg"}],"twitter_card":"summary_large_image","twitter_misc":{"Ansl. lesetid":"1 minutt"},"schema":{"@context":"https:\/\/schema.org","@graph":[{"@type":"WebPage","@id":"https:\/\/staging.forenteforlag.no\/pax\/produkt\/veien-ved-boolavaun-2\/","url":"https:\/\/staging.forenteforlag.no\/pax\/produkt\/veien-ved-boolavaun-2\/","name":"Veien ved Boolavaun - Pax","isPartOf":{"@id":"https:\/\/staging.forenteforlag.no\/pax\/#website"},"primaryImageOfPage":{"@id":"https:\/\/staging.forenteforlag.no\/pax\/produkt\/veien-ved-boolavaun-2\/#primaryimage"},"image":{"@id":"https:\/\/staging.forenteforlag.no\/pax\/produkt\/veien-ved-boolavaun-2\/#primaryimage"},"thumbnailUrl":"https:\/\/staging.forenteforlag.no\/pax\/wp-content\/uploads\/sites\/5\/2025\/08\/jpg-9815.jpg","datePublished":"2016-02-26T00:00:00+00:00","dateModified":"2025-08-27T11:09:03+00:00","breadcrumb":{"@id":"https:\/\/staging.forenteforlag.no\/pax\/produkt\/veien-ved-boolavaun-2\/#breadcrumb"},"inLanguage":"nb-NO","potentialAction":[{"@type":"ReadAction","target":["https:\/\/staging.forenteforlag.no\/pax\/produkt\/veien-ved-boolavaun-2\/"]}]},{"@type":"ImageObject","inLanguage":"nb-NO","@id":"https:\/\/staging.forenteforlag.no\/pax\/produkt\/veien-ved-boolavaun-2\/#primaryimage","url":"https:\/\/staging.forenteforlag.no\/pax\/wp-content\/uploads\/sites\/5\/2025\/08\/jpg-9815.jpg","contentUrl":"https:\/\/staging.forenteforlag.no\/pax\/wp-content\/uploads\/sites\/5\/2025\/08\/jpg-9815.jpg","width":1181,"height":1874},{"@type":"BreadcrumbList","@id":"https:\/\/staging.forenteforlag.no\/pax\/produkt\/veien-ved-boolavaun-2\/#breadcrumb","itemListElement":[{"@type":"ListItem","position":1,"name":"Hjem","item":"https:\/\/staging.forenteforlag.no\/pax\/"},{"@type":"ListItem","position":2,"name":"Alle b\u00f8ker","item":"https:\/\/staging.forenteforlag.no\/pax\/butikk\/"},{"@type":"ListItem","position":3,"name":"Veien ved Boolavaun"}]},{"@type":"WebSite","@id":"https:\/\/staging.forenteforlag.no\/pax\/#website","url":"https:\/\/staging.forenteforlag.no\/pax\/","name":"Pax","description":"","potentialAction":[{"@type":"SearchAction","target":{"@type":"EntryPoint","urlTemplate":"https:\/\/staging.forenteforlag.no\/pax\/?s={search_term_string}"},"query-input":{"@type":"PropertyValueSpecification","valueRequired":true,"valueName":"search_term_string"}}],"inLanguage":"nb-NO"}]}},"_links":{"self":[{"href":"https:\/\/staging.forenteforlag.no\/pax\/wp-json\/wp\/v2\/product\/23437","targetHints":{"allow":["GET"]}}],"collection":[{"href":"https:\/\/staging.forenteforlag.no\/pax\/wp-json\/wp\/v2\/product"}],"about":[{"href":"https:\/\/staging.forenteforlag.no\/pax\/wp-json\/wp\/v2\/types\/product"}],"wp:featuredmedia":[{"embeddable":true,"href":"https:\/\/staging.forenteforlag.no\/pax\/wp-json\/wp\/v2\/media\/29401"}],"wp:attachment":[{"href":"https:\/\/staging.forenteforlag.no\/pax\/wp-json\/wp\/v2\/media?parent=23437"}],"wp:term":[{"taxonomy":"product_brand","embeddable":true,"href":"https:\/\/staging.forenteforlag.no\/pax\/wp-json\/wp\/v2\/product_brand?post=23437"},{"taxonomy":"product_cat","embeddable":true,"href":"https:\/\/staging.forenteforlag.no\/pax\/wp-json\/wp\/v2\/product_cat?post=23437"},{"taxonomy":"product_tag","embeddable":true,"href":"https:\/\/staging.forenteforlag.no\/pax\/wp-json\/wp\/v2\/product_tag?post=23437"}],"curies":[{"name":"wp","href":"https:\/\/api.w.org\/{rel}","templated":true}]}}