{"id":23428,"date":"2024-12-10T22:44:39","date_gmt":"2024-12-10T21:44:39","guid":{"rendered":"https:\/\/pax.forenteforlag.no\/produkt\/germinal\/"},"modified":"2026-03-04T18:06:07","modified_gmt":"2026-03-04T17:06:07","slug":"germinal","status":"publish","type":"product","link":"https:\/\/staging.forenteforlag.no\/pax\/produkt\/germinal\/","title":{"rendered":"Germinal"},"content":{"rendered":"<p>Handlingen er konsentrert om en langvarig streik blant gruvearbeiderne i det nordfranske Montsou p\u00e5 1800-tallet. Boken vakte bestyrtelse og avsky da den kom ut f\u00f8rste gang i 1885. Den detaljrike fortellingen om gruvearbeidernes liv, var en n\u00e5del\u00f8s avsl\u00f8ring av det borgelige samfunnet.  &laquo;Germinal&raquo; er en frittst\u00e5ende bok i en tyvebinds serie om menneskenes sosial forhold Zola skrev.<\/p>\n","protected":false},"excerpt":{"rendered":"<p>Handlingen er konsentrert om en langvarig streik blant gruvearbeiderne i det nordfranske Montsou p\u00e5 1800-tallet. Boken vakte bestyrtelse og avsky da den kom ut f\u00f8rste gang i 1885. Den detaljrike fortellingen om gruvearbeidernes liv, var en n\u00e5del\u00f8s avsl\u00f8ring av det borgelige samfunnet. &laquo;Germinal&raquo; er en frittst\u00e5ende bok i en tyvebinds serie om menneskenes sosial forhold [&hellip;]<\/p>\n","protected":false},"featured_media":0,"template":"","meta":{"_acf_changed":false,"inline_featured_image":false},"product_brand":[],"product_cat":[1782],"product_tag":[394,1140,777,1095,400,370],"class_list":{"0":"post-23428","1":"product","2":"type-product","3":"status-publish","5":"product_cat-fripris","6":"product_tag-1800-tallet","7":"product_tag-arbeiderklassen","8":"product_tag-frankrike","9":"product_tag-grafiske-romaner","10":"product_tag-historisk-litteratur","11":"product_tag-skjonnlitteratur","13":"first","14":"outofstock","15":"taxable","16":"shipping-taxable","17":"purchasable","18":"product-type-simple"},"acf":{"anmeldelse":null},"yoast_head":"<!-- This site is optimized with the Yoast SEO plugin v26.6 - https:\/\/yoast.com\/wordpress\/plugins\/seo\/ -->\n<title>Germinal - Pax<\/title>\n<meta name=\"robots\" content=\"noindex, follow, max-snippet:-1, max-image-preview:large, max-video-preview:-1\" \/>\n<meta property=\"og:locale\" content=\"nb_NO\" \/>\n<meta property=\"og:type\" content=\"article\" \/>\n<meta property=\"og:title\" content=\"Germinal - Pax\" \/>\n<meta property=\"og:description\" content=\"Handlingen er konsentrert om en langvarig streik blant gruvearbeiderne i det nordfranske Montsou p\u00e5 1800-tallet. Boken vakte bestyrtelse og avsky da den kom ut f\u00f8rste gang i 1885. Den detaljrike fortellingen om gruvearbeidernes liv, var en n\u00e5del\u00f8s avsl\u00f8ring av det borgelige samfunnet. &laquo;Germinal&raquo; er en frittst\u00e5ende bok i en tyvebinds serie om menneskenes sosial forhold [&hellip;]\" \/>\n<meta property=\"og:url\" content=\"https:\/\/staging.forenteforlag.no\/pax\/produkt\/germinal\/\" \/>\n<meta property=\"og:site_name\" content=\"Pax\" \/>\n<meta property=\"article:modified_time\" content=\"2026-03-04T17:06:07+00:00\" \/>\n<meta property=\"og:image\" content=\"https:\/\/staging.forenteforlag.no\/pax\/wp-content\/uploads\/sites\/5\/2025\/02\/pax-hvit.jpg\" \/>\n\t<meta property=\"og:image:width\" content=\"1200\" \/>\n\t<meta property=\"og:image:height\" content=\"800\" \/>\n\t<meta property=\"og:image:type\" content=\"image\/jpeg\" \/>\n<meta name=\"twitter:card\" content=\"summary_large_image\" \/>\n<script type=\"application\/ld+json\" class=\"yoast-schema-graph\">{\"@context\":\"https:\/\/schema.org\",\"@graph\":[{\"@type\":\"WebPage\",\"@id\":\"https:\/\/staging.forenteforlag.no\/pax\/produkt\/germinal\/\",\"url\":\"https:\/\/staging.forenteforlag.no\/pax\/produkt\/germinal\/\",\"name\":\"Germinal - Pax\",\"isPartOf\":{\"@id\":\"https:\/\/staging.forenteforlag.no\/pax\/#website\"},\"datePublished\":\"2024-12-10T21:44:39+00:00\",\"dateModified\":\"2026-03-04T17:06:07+00:00\",\"breadcrumb\":{\"@id\":\"https:\/\/staging.forenteforlag.no\/pax\/produkt\/germinal\/#breadcrumb\"},\"inLanguage\":\"nb-NO\",\"potentialAction\":[{\"@type\":\"ReadAction\",\"target\":[\"https:\/\/staging.forenteforlag.no\/pax\/produkt\/germinal\/\"]}]},{\"@type\":\"BreadcrumbList\",\"@id\":\"https:\/\/staging.forenteforlag.no\/pax\/produkt\/germinal\/#breadcrumb\",\"itemListElement\":[{\"@type\":\"ListItem\",\"position\":1,\"name\":\"Hjem\",\"item\":\"https:\/\/staging.forenteforlag.no\/pax\/\"},{\"@type\":\"ListItem\",\"position\":2,\"name\":\"Alle b\u00f8ker\",\"item\":\"https:\/\/staging.forenteforlag.no\/pax\/butikk\/\"},{\"@type\":\"ListItem\",\"position\":3,\"name\":\"Germinal\"}]},{\"@type\":\"WebSite\",\"@id\":\"https:\/\/staging.forenteforlag.no\/pax\/#website\",\"url\":\"https:\/\/staging.forenteforlag.no\/pax\/\",\"name\":\"Pax\",\"description\":\"\",\"potentialAction\":[{\"@type\":\"SearchAction\",\"target\":{\"@type\":\"EntryPoint\",\"urlTemplate\":\"https:\/\/staging.forenteforlag.no\/pax\/?s={search_term_string}\"},\"query-input\":{\"@type\":\"PropertyValueSpecification\",\"valueRequired\":true,\"valueName\":\"search_term_string\"}}],\"inLanguage\":\"nb-NO\"}]}<\/script>\n<!-- \/ Yoast SEO plugin. -->","yoast_head_json":{"title":"Germinal - Pax","robots":{"index":"noindex","follow":"follow","max-snippet":"max-snippet:-1","max-image-preview":"max-image-preview:large","max-video-preview":"max-video-preview:-1"},"og_locale":"nb_NO","og_type":"article","og_title":"Germinal - Pax","og_description":"Handlingen er konsentrert om en langvarig streik blant gruvearbeiderne i det nordfranske Montsou p\u00e5 1800-tallet. Boken vakte bestyrtelse og avsky da den kom ut f\u00f8rste gang i 1885. Den detaljrike fortellingen om gruvearbeidernes liv, var en n\u00e5del\u00f8s avsl\u00f8ring av det borgelige samfunnet. &laquo;Germinal&raquo; er en frittst\u00e5ende bok i en tyvebinds serie om menneskenes sosial forhold [&hellip;]","og_url":"https:\/\/staging.forenteforlag.no\/pax\/produkt\/germinal\/","og_site_name":"Pax","article_modified_time":"2026-03-04T17:06:07+00:00","og_image":[{"width":1200,"height":800,"url":"https:\/\/staging.forenteforlag.no\/pax\/wp-content\/uploads\/sites\/5\/2025\/02\/pax-hvit.jpg","type":"image\/jpeg"}],"twitter_card":"summary_large_image","schema":{"@context":"https:\/\/schema.org","@graph":[{"@type":"WebPage","@id":"https:\/\/staging.forenteforlag.no\/pax\/produkt\/germinal\/","url":"https:\/\/staging.forenteforlag.no\/pax\/produkt\/germinal\/","name":"Germinal - Pax","isPartOf":{"@id":"https:\/\/staging.forenteforlag.no\/pax\/#website"},"datePublished":"2024-12-10T21:44:39+00:00","dateModified":"2026-03-04T17:06:07+00:00","breadcrumb":{"@id":"https:\/\/staging.forenteforlag.no\/pax\/produkt\/germinal\/#breadcrumb"},"inLanguage":"nb-NO","potentialAction":[{"@type":"ReadAction","target":["https:\/\/staging.forenteforlag.no\/pax\/produkt\/germinal\/"]}]},{"@type":"BreadcrumbList","@id":"https:\/\/staging.forenteforlag.no\/pax\/produkt\/germinal\/#breadcrumb","itemListElement":[{"@type":"ListItem","position":1,"name":"Hjem","item":"https:\/\/staging.forenteforlag.no\/pax\/"},{"@type":"ListItem","position":2,"name":"Alle b\u00f8ker","item":"https:\/\/staging.forenteforlag.no\/pax\/butikk\/"},{"@type":"ListItem","position":3,"name":"Germinal"}]},{"@type":"WebSite","@id":"https:\/\/staging.forenteforlag.no\/pax\/#website","url":"https:\/\/staging.forenteforlag.no\/pax\/","name":"Pax","description":"","potentialAction":[{"@type":"SearchAction","target":{"@type":"EntryPoint","urlTemplate":"https:\/\/staging.forenteforlag.no\/pax\/?s={search_term_string}"},"query-input":{"@type":"PropertyValueSpecification","valueRequired":true,"valueName":"search_term_string"}}],"inLanguage":"nb-NO"}]}},"_links":{"self":[{"href":"https:\/\/staging.forenteforlag.no\/pax\/wp-json\/wp\/v2\/product\/23428","targetHints":{"allow":["GET"]}}],"collection":[{"href":"https:\/\/staging.forenteforlag.no\/pax\/wp-json\/wp\/v2\/product"}],"about":[{"href":"https:\/\/staging.forenteforlag.no\/pax\/wp-json\/wp\/v2\/types\/product"}],"wp:attachment":[{"href":"https:\/\/staging.forenteforlag.no\/pax\/wp-json\/wp\/v2\/media?parent=23428"}],"wp:term":[{"taxonomy":"product_brand","embeddable":true,"href":"https:\/\/staging.forenteforlag.no\/pax\/wp-json\/wp\/v2\/product_brand?post=23428"},{"taxonomy":"product_cat","embeddable":true,"href":"https:\/\/staging.forenteforlag.no\/pax\/wp-json\/wp\/v2\/product_cat?post=23428"},{"taxonomy":"product_tag","embeddable":true,"href":"https:\/\/staging.forenteforlag.no\/pax\/wp-json\/wp\/v2\/product_tag?post=23428"}],"curies":[{"name":"wp","href":"https:\/\/api.w.org\/{rel}","templated":true}]}}