{"id":23419,"date":"2010-09-09T02:00:00","date_gmt":"2010-09-09T00:00:00","guid":{"rendered":"https:\/\/pax.forenteforlag.no\/produkt\/leselykke\/"},"modified":"2025-08-27T08:27:58","modified_gmt":"2025-08-27T06:27:58","slug":"leselykke","status":"publish","type":"product","link":"https:\/\/staging.forenteforlag.no\/pax\/produkt\/leselykke\/","title":{"rendered":"Leselykke"},"content":{"rendered":"<p>Gunvor Smikkstugun, Pr\u00f8ysens heltinne i Trost i taklampa, ville ikke lese b\u00f8ker fordi de ikke rommet &laquo;tanker tel h\u00e5rdagsbruk f\u00f8r \u00e6lminnelige folk&raquo;. N\u00e5 har Torhild Viken, kjent som bokelsker, entusiastisk litteraturformidler, mange\u00e5rig bokklubbredakt\u00f8r og radiok\u00e5s\u00f8r, skrevet boka som ogs\u00e5 Gunvor vil lese! Leselykke er blitt en ettertenksom bok om forfatterens egen vei til boka, fra barndommens lesestunder i Moelv, til et voksenliv med b\u00f8ker av mange slag. Torhild Viken skriver om eventyrenes betydning, om lesningen og kj\u00e6rligheten, om b\u00f8ker til tr\u00f8st og glede, og om m\u00f8tet mellom tekst og musikk. Om bok og film, om bibliotekbes\u00f8k, om opplesning og h\u00f8ytlesning. Boka utgis i Lese\u00e5ret 2010, og handler ikke minst om det fellesskapet som oppst\u00e5r n\u00e5r gode leseopplevelser deles med andre. En bokgave til deg selv, eller til en venn som liker b\u00f8ker!<\/p>\n","protected":false},"excerpt":{"rendered":"<p>Gunvor Smikkstugun, Pr\u00f8ysens heltinne i Trost i taklampa, ville ikke lese b\u00f8ker fordi de ikke rommet &laquo;tanker tel h\u00e5rdagsbruk f\u00f8r \u00e6lminnelige folk&raquo;. N\u00e5 har Torhild Viken, kjent som bokelsker, entusiastisk litteraturformidler, mange\u00e5rig bokklubbredakt\u00f8r og radiok\u00e5s\u00f8r, skrevet boka som ogs\u00e5 Gunvor vil lese! Leselykke er blitt en ettertenksom bok om forfatterens egen vei til boka, fra [&hellip;]<\/p>\n","protected":false},"featured_media":28164,"template":"","meta":{"_acf_changed":false,"inline_featured_image":false},"product_brand":[],"product_cat":[45],"product_tag":[1445,378,362,1740,602,383],"class_list":{"0":"post-23419","1":"product","2":"type-product","3":"status-publish","4":"has-post-thumbnail","6":"product_cat-essay","7":"product_tag-barne-og-ungdomslitteratur","8":"product_tag-essay","9":"product_tag-faglitteratur","10":"product_tag-hverdagsbetraktninger","11":"product_tag-kultursosiologi","12":"product_tag-personlige-beretninger","13":"pa_format-innbundet","15":"first","16":"outofstock","17":"shipping-taxable","18":"purchasable","19":"product-type-simple"},"acf":{"anmeldelse":null},"yoast_head":"<!-- This site is optimized with the Yoast SEO plugin v26.6 - https:\/\/yoast.com\/wordpress\/plugins\/seo\/ -->\n<title>Leselykke - Pax<\/title>\n<meta name=\"robots\" content=\"noindex, follow, max-snippet:-1, max-image-preview:large, max-video-preview:-1\" \/>\n<meta property=\"og:locale\" content=\"nb_NO\" \/>\n<meta property=\"og:type\" content=\"article\" \/>\n<meta property=\"og:title\" content=\"Leselykke - Pax\" \/>\n<meta property=\"og:description\" content=\"Gunvor Smikkstugun, Pr\u00f8ysens heltinne i Trost i taklampa, ville ikke lese b\u00f8ker fordi de ikke rommet &laquo;tanker tel h\u00e5rdagsbruk f\u00f8r \u00e6lminnelige folk&raquo;. N\u00e5 har Torhild Viken, kjent som bokelsker, entusiastisk litteraturformidler, mange\u00e5rig bokklubbredakt\u00f8r og radiok\u00e5s\u00f8r, skrevet boka som ogs\u00e5 Gunvor vil lese! Leselykke er blitt en ettertenksom bok om forfatterens egen vei til boka, fra [&hellip;]\" \/>\n<meta property=\"og:url\" content=\"https:\/\/staging.forenteforlag.no\/pax\/produkt\/leselykke\/\" \/>\n<meta property=\"og:site_name\" content=\"Pax\" \/>\n<meta property=\"article:modified_time\" content=\"2025-08-27T06:27:58+00:00\" \/>\n<meta property=\"og:image\" content=\"https:\/\/staging.forenteforlag.no\/pax\/wp-content\/uploads\/sites\/5\/2025\/08\/jpg-6165.jpg\" \/>\n\t<meta property=\"og:image:width\" content=\"287\" \/>\n\t<meta property=\"og:image:height\" content=\"450\" \/>\n\t<meta property=\"og:image:type\" content=\"image\/jpeg\" \/>\n<meta name=\"twitter:card\" content=\"summary_large_image\" \/>\n<meta name=\"twitter:label1\" content=\"Ansl. lesetid\" \/>\n\t<meta name=\"twitter:data1\" content=\"1 minutt\" \/>\n<script type=\"application\/ld+json\" class=\"yoast-schema-graph\">{\"@context\":\"https:\/\/schema.org\",\"@graph\":[{\"@type\":\"WebPage\",\"@id\":\"https:\/\/staging.forenteforlag.no\/pax\/produkt\/leselykke\/\",\"url\":\"https:\/\/staging.forenteforlag.no\/pax\/produkt\/leselykke\/\",\"name\":\"Leselykke - Pax\",\"isPartOf\":{\"@id\":\"https:\/\/staging.forenteforlag.no\/pax\/#website\"},\"primaryImageOfPage\":{\"@id\":\"https:\/\/staging.forenteforlag.no\/pax\/produkt\/leselykke\/#primaryimage\"},\"image\":{\"@id\":\"https:\/\/staging.forenteforlag.no\/pax\/produkt\/leselykke\/#primaryimage\"},\"thumbnailUrl\":\"https:\/\/staging.forenteforlag.no\/pax\/wp-content\/uploads\/sites\/5\/2025\/08\/jpg-6165.jpg\",\"datePublished\":\"2010-09-09T00:00:00+00:00\",\"dateModified\":\"2025-08-27T06:27:58+00:00\",\"breadcrumb\":{\"@id\":\"https:\/\/staging.forenteforlag.no\/pax\/produkt\/leselykke\/#breadcrumb\"},\"inLanguage\":\"nb-NO\",\"potentialAction\":[{\"@type\":\"ReadAction\",\"target\":[\"https:\/\/staging.forenteforlag.no\/pax\/produkt\/leselykke\/\"]}]},{\"@type\":\"ImageObject\",\"inLanguage\":\"nb-NO\",\"@id\":\"https:\/\/staging.forenteforlag.no\/pax\/produkt\/leselykke\/#primaryimage\",\"url\":\"https:\/\/staging.forenteforlag.no\/pax\/wp-content\/uploads\/sites\/5\/2025\/08\/jpg-6165.jpg\",\"contentUrl\":\"https:\/\/staging.forenteforlag.no\/pax\/wp-content\/uploads\/sites\/5\/2025\/08\/jpg-6165.jpg\",\"width\":287,\"height\":450},{\"@type\":\"BreadcrumbList\",\"@id\":\"https:\/\/staging.forenteforlag.no\/pax\/produkt\/leselykke\/#breadcrumb\",\"itemListElement\":[{\"@type\":\"ListItem\",\"position\":1,\"name\":\"Hjem\",\"item\":\"https:\/\/staging.forenteforlag.no\/pax\/\"},{\"@type\":\"ListItem\",\"position\":2,\"name\":\"Alle b\u00f8ker\",\"item\":\"https:\/\/staging.forenteforlag.no\/pax\/butikk\/\"},{\"@type\":\"ListItem\",\"position\":3,\"name\":\"Leselykke\"}]},{\"@type\":\"WebSite\",\"@id\":\"https:\/\/staging.forenteforlag.no\/pax\/#website\",\"url\":\"https:\/\/staging.forenteforlag.no\/pax\/\",\"name\":\"Pax\",\"description\":\"\",\"potentialAction\":[{\"@type\":\"SearchAction\",\"target\":{\"@type\":\"EntryPoint\",\"urlTemplate\":\"https:\/\/staging.forenteforlag.no\/pax\/?s={search_term_string}\"},\"query-input\":{\"@type\":\"PropertyValueSpecification\",\"valueRequired\":true,\"valueName\":\"search_term_string\"}}],\"inLanguage\":\"nb-NO\"}]}<\/script>\n<!-- \/ Yoast SEO plugin. -->","yoast_head_json":{"title":"Leselykke - Pax","robots":{"index":"noindex","follow":"follow","max-snippet":"max-snippet:-1","max-image-preview":"max-image-preview:large","max-video-preview":"max-video-preview:-1"},"og_locale":"nb_NO","og_type":"article","og_title":"Leselykke - Pax","og_description":"Gunvor Smikkstugun, Pr\u00f8ysens heltinne i Trost i taklampa, ville ikke lese b\u00f8ker fordi de ikke rommet &laquo;tanker tel h\u00e5rdagsbruk f\u00f8r \u00e6lminnelige folk&raquo;. N\u00e5 har Torhild Viken, kjent som bokelsker, entusiastisk litteraturformidler, mange\u00e5rig bokklubbredakt\u00f8r og radiok\u00e5s\u00f8r, skrevet boka som ogs\u00e5 Gunvor vil lese! Leselykke er blitt en ettertenksom bok om forfatterens egen vei til boka, fra [&hellip;]","og_url":"https:\/\/staging.forenteforlag.no\/pax\/produkt\/leselykke\/","og_site_name":"Pax","article_modified_time":"2025-08-27T06:27:58+00:00","og_image":[{"width":287,"height":450,"url":"https:\/\/staging.forenteforlag.no\/pax\/wp-content\/uploads\/sites\/5\/2025\/08\/jpg-6165.jpg","type":"image\/jpeg"}],"twitter_card":"summary_large_image","twitter_misc":{"Ansl. lesetid":"1 minutt"},"schema":{"@context":"https:\/\/schema.org","@graph":[{"@type":"WebPage","@id":"https:\/\/staging.forenteforlag.no\/pax\/produkt\/leselykke\/","url":"https:\/\/staging.forenteforlag.no\/pax\/produkt\/leselykke\/","name":"Leselykke - Pax","isPartOf":{"@id":"https:\/\/staging.forenteforlag.no\/pax\/#website"},"primaryImageOfPage":{"@id":"https:\/\/staging.forenteforlag.no\/pax\/produkt\/leselykke\/#primaryimage"},"image":{"@id":"https:\/\/staging.forenteforlag.no\/pax\/produkt\/leselykke\/#primaryimage"},"thumbnailUrl":"https:\/\/staging.forenteforlag.no\/pax\/wp-content\/uploads\/sites\/5\/2025\/08\/jpg-6165.jpg","datePublished":"2010-09-09T00:00:00+00:00","dateModified":"2025-08-27T06:27:58+00:00","breadcrumb":{"@id":"https:\/\/staging.forenteforlag.no\/pax\/produkt\/leselykke\/#breadcrumb"},"inLanguage":"nb-NO","potentialAction":[{"@type":"ReadAction","target":["https:\/\/staging.forenteforlag.no\/pax\/produkt\/leselykke\/"]}]},{"@type":"ImageObject","inLanguage":"nb-NO","@id":"https:\/\/staging.forenteforlag.no\/pax\/produkt\/leselykke\/#primaryimage","url":"https:\/\/staging.forenteforlag.no\/pax\/wp-content\/uploads\/sites\/5\/2025\/08\/jpg-6165.jpg","contentUrl":"https:\/\/staging.forenteforlag.no\/pax\/wp-content\/uploads\/sites\/5\/2025\/08\/jpg-6165.jpg","width":287,"height":450},{"@type":"BreadcrumbList","@id":"https:\/\/staging.forenteforlag.no\/pax\/produkt\/leselykke\/#breadcrumb","itemListElement":[{"@type":"ListItem","position":1,"name":"Hjem","item":"https:\/\/staging.forenteforlag.no\/pax\/"},{"@type":"ListItem","position":2,"name":"Alle b\u00f8ker","item":"https:\/\/staging.forenteforlag.no\/pax\/butikk\/"},{"@type":"ListItem","position":3,"name":"Leselykke"}]},{"@type":"WebSite","@id":"https:\/\/staging.forenteforlag.no\/pax\/#website","url":"https:\/\/staging.forenteforlag.no\/pax\/","name":"Pax","description":"","potentialAction":[{"@type":"SearchAction","target":{"@type":"EntryPoint","urlTemplate":"https:\/\/staging.forenteforlag.no\/pax\/?s={search_term_string}"},"query-input":{"@type":"PropertyValueSpecification","valueRequired":true,"valueName":"search_term_string"}}],"inLanguage":"nb-NO"}]}},"_links":{"self":[{"href":"https:\/\/staging.forenteforlag.no\/pax\/wp-json\/wp\/v2\/product\/23419","targetHints":{"allow":["GET"]}}],"collection":[{"href":"https:\/\/staging.forenteforlag.no\/pax\/wp-json\/wp\/v2\/product"}],"about":[{"href":"https:\/\/staging.forenteforlag.no\/pax\/wp-json\/wp\/v2\/types\/product"}],"wp:featuredmedia":[{"embeddable":true,"href":"https:\/\/staging.forenteforlag.no\/pax\/wp-json\/wp\/v2\/media\/28164"}],"wp:attachment":[{"href":"https:\/\/staging.forenteforlag.no\/pax\/wp-json\/wp\/v2\/media?parent=23419"}],"wp:term":[{"taxonomy":"product_brand","embeddable":true,"href":"https:\/\/staging.forenteforlag.no\/pax\/wp-json\/wp\/v2\/product_brand?post=23419"},{"taxonomy":"product_cat","embeddable":true,"href":"https:\/\/staging.forenteforlag.no\/pax\/wp-json\/wp\/v2\/product_cat?post=23419"},{"taxonomy":"product_tag","embeddable":true,"href":"https:\/\/staging.forenteforlag.no\/pax\/wp-json\/wp\/v2\/product_tag?post=23419"}],"curies":[{"name":"wp","href":"https:\/\/api.w.org\/{rel}","templated":true}]}}