{"id":23396,"date":"2009-02-02T01:00:00","date_gmt":"2009-02-02T00:00:00","guid":{"rendered":"https:\/\/pax.forenteforlag.no\/produkt\/romerinner-og-romere-2\/"},"modified":"2026-03-03T21:51:06","modified_gmt":"2026-03-03T20:51:06","slug":"romerinner-og-romere-2","status":"publish","type":"product","link":"https:\/\/staging.forenteforlag.no\/pax\/produkt\/romerinner-og-romere-2\/","title":{"rendered":"Romerinner og romere"},"content":{"rendered":"<p>Boka er ei skildring av hverdagslivet i Romerriket. Hvert kapittel forteller historien til en kjent eller mindre kjent mann eller kvinne som levde i romertida, basert p\u00e5 historiske kilder. Gjennom disse personene f\u00f8lger vi Romerriket gjennom flere hundre \u00e5r, fra republikk til keiserd\u00f8mme, fra de gamle romerske gudenes tid og fram til kristendommen var offisiell religion. Har register.<\/p>\n","protected":false},"excerpt":{"rendered":"<p>Boka er ei skildring av hverdagslivet i Romerriket. Hvert kapittel forteller historien til en kjent eller mindre kjent mann eller kvinne som levde i romertida, basert p\u00e5 historiske kilder. Gjennom disse personene f\u00f8lger vi Romerriket gjennom flere hundre \u00e5r, fra republikk til keiserd\u00f8mme, fra de gamle romerske gudenes tid og fram til kristendommen var offisiell [&hellip;]<\/p>\n","protected":false},"featured_media":29318,"template":"","meta":{"_acf_changed":false,"inline_featured_image":false},"product_brand":[],"product_cat":[1782],"product_tag":[897,607,362,626,642,912],"class_list":{"0":"post-23396","1":"product","2":"type-product","3":"status-publish","4":"has-post-thumbnail","6":"product_cat-fripris","7":"product_tag-antikken","8":"product_tag-bedriftshistorie","9":"product_tag-faglitteratur","10":"product_tag-historiske-personer","11":"product_tag-hverdagsliv","12":"product_tag-romerriket","14":"first","15":"outofstock","16":"shipping-taxable","17":"purchasable","18":"product-type-simple"},"acf":{"anmeldelse":null},"yoast_head":"<!-- This site is optimized with the Yoast SEO plugin v26.6 - https:\/\/yoast.com\/wordpress\/plugins\/seo\/ -->\n<title>Romerinner og romere - Pax<\/title>\n<meta name=\"robots\" content=\"noindex, follow, max-snippet:-1, max-image-preview:large, max-video-preview:-1\" \/>\n<meta property=\"og:locale\" content=\"nb_NO\" \/>\n<meta property=\"og:type\" content=\"article\" \/>\n<meta property=\"og:title\" content=\"Romerinner og romere - Pax\" \/>\n<meta property=\"og:description\" content=\"Boka er ei skildring av hverdagslivet i Romerriket. Hvert kapittel forteller historien til en kjent eller mindre kjent mann eller kvinne som levde i romertida, basert p\u00e5 historiske kilder. Gjennom disse personene f\u00f8lger vi Romerriket gjennom flere hundre \u00e5r, fra republikk til keiserd\u00f8mme, fra de gamle romerske gudenes tid og fram til kristendommen var offisiell [&hellip;]\" \/>\n<meta property=\"og:url\" content=\"https:\/\/staging.forenteforlag.no\/pax\/produkt\/romerinner-og-romere-2\/\" \/>\n<meta property=\"og:site_name\" content=\"Pax\" \/>\n<meta property=\"article:modified_time\" content=\"2026-03-03T20:51:06+00:00\" \/>\n<meta property=\"og:image\" content=\"https:\/\/staging.forenteforlag.no\/pax\/wp-content\/uploads\/sites\/5\/2025\/08\/jpg-9603.jpg\" \/>\n\t<meta property=\"og:image:width\" content=\"327\" \/>\n\t<meta property=\"og:image:height\" content=\"450\" \/>\n\t<meta property=\"og:image:type\" content=\"image\/jpeg\" \/>\n<meta name=\"twitter:card\" content=\"summary_large_image\" \/>\n<script type=\"application\/ld+json\" class=\"yoast-schema-graph\">{\"@context\":\"https:\/\/schema.org\",\"@graph\":[{\"@type\":\"WebPage\",\"@id\":\"https:\/\/staging.forenteforlag.no\/pax\/produkt\/romerinner-og-romere-2\/\",\"url\":\"https:\/\/staging.forenteforlag.no\/pax\/produkt\/romerinner-og-romere-2\/\",\"name\":\"Romerinner og romere - Pax\",\"isPartOf\":{\"@id\":\"https:\/\/staging.forenteforlag.no\/pax\/#website\"},\"primaryImageOfPage\":{\"@id\":\"https:\/\/staging.forenteforlag.no\/pax\/produkt\/romerinner-og-romere-2\/#primaryimage\"},\"image\":{\"@id\":\"https:\/\/staging.forenteforlag.no\/pax\/produkt\/romerinner-og-romere-2\/#primaryimage\"},\"thumbnailUrl\":\"https:\/\/staging.forenteforlag.no\/pax\/wp-content\/uploads\/sites\/5\/2025\/08\/jpg-9603.jpg\",\"datePublished\":\"2009-02-02T00:00:00+00:00\",\"dateModified\":\"2026-03-03T20:51:06+00:00\",\"breadcrumb\":{\"@id\":\"https:\/\/staging.forenteforlag.no\/pax\/produkt\/romerinner-og-romere-2\/#breadcrumb\"},\"inLanguage\":\"nb-NO\",\"potentialAction\":[{\"@type\":\"ReadAction\",\"target\":[\"https:\/\/staging.forenteforlag.no\/pax\/produkt\/romerinner-og-romere-2\/\"]}]},{\"@type\":\"ImageObject\",\"inLanguage\":\"nb-NO\",\"@id\":\"https:\/\/staging.forenteforlag.no\/pax\/produkt\/romerinner-og-romere-2\/#primaryimage\",\"url\":\"https:\/\/staging.forenteforlag.no\/pax\/wp-content\/uploads\/sites\/5\/2025\/08\/jpg-9603.jpg\",\"contentUrl\":\"https:\/\/staging.forenteforlag.no\/pax\/wp-content\/uploads\/sites\/5\/2025\/08\/jpg-9603.jpg\",\"width\":327,\"height\":450},{\"@type\":\"BreadcrumbList\",\"@id\":\"https:\/\/staging.forenteforlag.no\/pax\/produkt\/romerinner-og-romere-2\/#breadcrumb\",\"itemListElement\":[{\"@type\":\"ListItem\",\"position\":1,\"name\":\"Hjem\",\"item\":\"https:\/\/staging.forenteforlag.no\/pax\/\"},{\"@type\":\"ListItem\",\"position\":2,\"name\":\"Alle b\u00f8ker\",\"item\":\"https:\/\/staging.forenteforlag.no\/pax\/butikk\/\"},{\"@type\":\"ListItem\",\"position\":3,\"name\":\"Romerinner og romere\"}]},{\"@type\":\"WebSite\",\"@id\":\"https:\/\/staging.forenteforlag.no\/pax\/#website\",\"url\":\"https:\/\/staging.forenteforlag.no\/pax\/\",\"name\":\"Pax\",\"description\":\"\",\"potentialAction\":[{\"@type\":\"SearchAction\",\"target\":{\"@type\":\"EntryPoint\",\"urlTemplate\":\"https:\/\/staging.forenteforlag.no\/pax\/?s={search_term_string}\"},\"query-input\":{\"@type\":\"PropertyValueSpecification\",\"valueRequired\":true,\"valueName\":\"search_term_string\"}}],\"inLanguage\":\"nb-NO\"}]}<\/script>\n<!-- \/ Yoast SEO plugin. -->","yoast_head_json":{"title":"Romerinner og romere - Pax","robots":{"index":"noindex","follow":"follow","max-snippet":"max-snippet:-1","max-image-preview":"max-image-preview:large","max-video-preview":"max-video-preview:-1"},"og_locale":"nb_NO","og_type":"article","og_title":"Romerinner og romere - Pax","og_description":"Boka er ei skildring av hverdagslivet i Romerriket. Hvert kapittel forteller historien til en kjent eller mindre kjent mann eller kvinne som levde i romertida, basert p\u00e5 historiske kilder. Gjennom disse personene f\u00f8lger vi Romerriket gjennom flere hundre \u00e5r, fra republikk til keiserd\u00f8mme, fra de gamle romerske gudenes tid og fram til kristendommen var offisiell [&hellip;]","og_url":"https:\/\/staging.forenteforlag.no\/pax\/produkt\/romerinner-og-romere-2\/","og_site_name":"Pax","article_modified_time":"2026-03-03T20:51:06+00:00","og_image":[{"width":327,"height":450,"url":"https:\/\/staging.forenteforlag.no\/pax\/wp-content\/uploads\/sites\/5\/2025\/08\/jpg-9603.jpg","type":"image\/jpeg"}],"twitter_card":"summary_large_image","schema":{"@context":"https:\/\/schema.org","@graph":[{"@type":"WebPage","@id":"https:\/\/staging.forenteforlag.no\/pax\/produkt\/romerinner-og-romere-2\/","url":"https:\/\/staging.forenteforlag.no\/pax\/produkt\/romerinner-og-romere-2\/","name":"Romerinner og romere - Pax","isPartOf":{"@id":"https:\/\/staging.forenteforlag.no\/pax\/#website"},"primaryImageOfPage":{"@id":"https:\/\/staging.forenteforlag.no\/pax\/produkt\/romerinner-og-romere-2\/#primaryimage"},"image":{"@id":"https:\/\/staging.forenteforlag.no\/pax\/produkt\/romerinner-og-romere-2\/#primaryimage"},"thumbnailUrl":"https:\/\/staging.forenteforlag.no\/pax\/wp-content\/uploads\/sites\/5\/2025\/08\/jpg-9603.jpg","datePublished":"2009-02-02T00:00:00+00:00","dateModified":"2026-03-03T20:51:06+00:00","breadcrumb":{"@id":"https:\/\/staging.forenteforlag.no\/pax\/produkt\/romerinner-og-romere-2\/#breadcrumb"},"inLanguage":"nb-NO","potentialAction":[{"@type":"ReadAction","target":["https:\/\/staging.forenteforlag.no\/pax\/produkt\/romerinner-og-romere-2\/"]}]},{"@type":"ImageObject","inLanguage":"nb-NO","@id":"https:\/\/staging.forenteforlag.no\/pax\/produkt\/romerinner-og-romere-2\/#primaryimage","url":"https:\/\/staging.forenteforlag.no\/pax\/wp-content\/uploads\/sites\/5\/2025\/08\/jpg-9603.jpg","contentUrl":"https:\/\/staging.forenteforlag.no\/pax\/wp-content\/uploads\/sites\/5\/2025\/08\/jpg-9603.jpg","width":327,"height":450},{"@type":"BreadcrumbList","@id":"https:\/\/staging.forenteforlag.no\/pax\/produkt\/romerinner-og-romere-2\/#breadcrumb","itemListElement":[{"@type":"ListItem","position":1,"name":"Hjem","item":"https:\/\/staging.forenteforlag.no\/pax\/"},{"@type":"ListItem","position":2,"name":"Alle b\u00f8ker","item":"https:\/\/staging.forenteforlag.no\/pax\/butikk\/"},{"@type":"ListItem","position":3,"name":"Romerinner og romere"}]},{"@type":"WebSite","@id":"https:\/\/staging.forenteforlag.no\/pax\/#website","url":"https:\/\/staging.forenteforlag.no\/pax\/","name":"Pax","description":"","potentialAction":[{"@type":"SearchAction","target":{"@type":"EntryPoint","urlTemplate":"https:\/\/staging.forenteforlag.no\/pax\/?s={search_term_string}"},"query-input":{"@type":"PropertyValueSpecification","valueRequired":true,"valueName":"search_term_string"}}],"inLanguage":"nb-NO"}]}},"_links":{"self":[{"href":"https:\/\/staging.forenteforlag.no\/pax\/wp-json\/wp\/v2\/product\/23396","targetHints":{"allow":["GET"]}}],"collection":[{"href":"https:\/\/staging.forenteforlag.no\/pax\/wp-json\/wp\/v2\/product"}],"about":[{"href":"https:\/\/staging.forenteforlag.no\/pax\/wp-json\/wp\/v2\/types\/product"}],"wp:featuredmedia":[{"embeddable":true,"href":"https:\/\/staging.forenteforlag.no\/pax\/wp-json\/wp\/v2\/media\/29318"}],"wp:attachment":[{"href":"https:\/\/staging.forenteforlag.no\/pax\/wp-json\/wp\/v2\/media?parent=23396"}],"wp:term":[{"taxonomy":"product_brand","embeddable":true,"href":"https:\/\/staging.forenteforlag.no\/pax\/wp-json\/wp\/v2\/product_brand?post=23396"},{"taxonomy":"product_cat","embeddable":true,"href":"https:\/\/staging.forenteforlag.no\/pax\/wp-json\/wp\/v2\/product_cat?post=23396"},{"taxonomy":"product_tag","embeddable":true,"href":"https:\/\/staging.forenteforlag.no\/pax\/wp-json\/wp\/v2\/product_tag?post=23396"}],"curies":[{"name":"wp","href":"https:\/\/api.w.org\/{rel}","templated":true}]}}