{"id":23372,"date":"2024-12-10T22:42:45","date_gmt":"2024-12-10T21:42:45","guid":{"rendered":"https:\/\/pax.forenteforlag.no\/produkt\/mabel-starks-bekjennelser\/"},"modified":"2026-03-04T21:36:12","modified_gmt":"2026-03-04T20:36:12","slug":"mabel-starks-bekjennelser","status":"publish","type":"product","link":"https:\/\/staging.forenteforlag.no\/pax\/produkt\/mabel-starks-bekjennelser\/","title":{"rendered":"Mabel Starks bekjennelser"},"content":{"rendered":"<p>Denne kanadiske debutromanen bygger p\u00e5 livet til en virkelig person, USAs mest ber\u00f8mte tigertemmer. P\u00e5 begynnelsen av forrige \u00e5rhundre var sirkus den store underholdningsbransjen, og Mabel Stark var den aller st\u00f8rste stjernen. Robert Houghs roman er blitt en saftig pageturner, der Mabel forteller om sitt ville liv i et spr\u00e5k som b\u00e5de er jordn\u00e6rt, humoristisk og saftig. Og det hun har \u00e5 fortelle! Da hun klarer \u00e5 r\u00f8mme fra et sinnssykehus, som hennes f\u00f8rste ektemann har plassert henne p\u00e5, havner hun som sparkepike p\u00e5 et sirkus. Men snart oppdages Mabels talent som dyretemmer, og arbeidet med tigrene blir hennes lidenskap livet ut. Hun blir en perfeksjonist, og p\u00e5 h\u00f8yden av sin karriere har hun i manesjen mer enn ti store kattedyr i elegante formasjoner. Hennes livs kj\u00e6rlighet blant alle dyrene hun jobbet med er bengaltigeren Rajah, og sjalusiscenene som utspilles mellom tiger og ektemenn er b\u00e5de forn\u00f8yelige, farlige og dramatiske. Robert Houghs roman er en fortelling om en usedvanlig kvinne, men ogs\u00e5 historien om kunst og forfall i sirkuset. P\u00e5 1930-tallet har publikum f\u00e5tt nok av Mabel Starks artisteri og kj\u00e6rlige forhold til dyrene. Det er tid for blod og kamp. &#8211; Romanen skal filmes med Kate Winslet i rollen som den fantastiske Mabel Stark.<\/p>\n","protected":false},"excerpt":{"rendered":"<p>Denne kanadiske debutromanen bygger p\u00e5 livet til en virkelig person, USAs mest ber\u00f8mte tigertemmer. P\u00e5 begynnelsen av forrige \u00e5rhundre var sirkus den store underholdningsbransjen, og Mabel Stark var den aller st\u00f8rste stjernen. Robert Houghs roman er blitt en saftig pageturner, der Mabel forteller om sitt ville liv i et spr\u00e5k som b\u00e5de er jordn\u00e6rt, humoristisk [&hellip;]<\/p>\n","protected":false},"featured_media":28664,"template":"","meta":{"_acf_changed":false,"inline_featured_image":false},"product_brand":[],"product_cat":[1782],"product_tag":[399,1095,380,1042,370,434],"class_list":{"0":"post-23372","1":"product","2":"type-product","3":"status-publish","4":"has-post-thumbnail","6":"product_cat-fripris","7":"product_tag-1900-1945","8":"product_tag-grafiske-romaner","9":"product_tag-kvinner","10":"product_tag-sirkus","11":"product_tag-skjonnlitteratur","12":"product_tag-usa","14":"first","15":"outofstock","16":"taxable","17":"shipping-taxable","18":"purchasable","19":"product-type-simple"},"acf":{"anmeldelse":null},"yoast_head":"<!-- This site is optimized with the Yoast SEO plugin v26.6 - https:\/\/yoast.com\/wordpress\/plugins\/seo\/ -->\n<title>Mabel Starks bekjennelser - Pax<\/title>\n<meta name=\"robots\" content=\"noindex, follow, max-snippet:-1, max-image-preview:large, max-video-preview:-1\" \/>\n<meta property=\"og:locale\" content=\"nb_NO\" \/>\n<meta property=\"og:type\" content=\"article\" \/>\n<meta property=\"og:title\" content=\"Mabel Starks bekjennelser - Pax\" \/>\n<meta property=\"og:description\" content=\"Denne kanadiske debutromanen bygger p\u00e5 livet til en virkelig person, USAs mest ber\u00f8mte tigertemmer. P\u00e5 begynnelsen av forrige \u00e5rhundre var sirkus den store underholdningsbransjen, og Mabel Stark var den aller st\u00f8rste stjernen. Robert Houghs roman er blitt en saftig pageturner, der Mabel forteller om sitt ville liv i et spr\u00e5k som b\u00e5de er jordn\u00e6rt, humoristisk [&hellip;]\" \/>\n<meta property=\"og:url\" content=\"https:\/\/staging.forenteforlag.no\/pax\/produkt\/mabel-starks-bekjennelser\/\" \/>\n<meta property=\"og:site_name\" content=\"Pax\" \/>\n<meta property=\"article:modified_time\" content=\"2026-03-04T20:36:12+00:00\" \/>\n<meta property=\"og:image\" content=\"https:\/\/staging.forenteforlag.no\/pax\/wp-content\/uploads\/sites\/5\/2025\/08\/jpg-7579.jpg\" \/>\n\t<meta property=\"og:image:width\" content=\"287\" \/>\n\t<meta property=\"og:image:height\" content=\"450\" \/>\n\t<meta property=\"og:image:type\" content=\"image\/jpeg\" \/>\n<meta name=\"twitter:card\" content=\"summary_large_image\" \/>\n<meta name=\"twitter:label1\" content=\"Ansl. lesetid\" \/>\n\t<meta name=\"twitter:data1\" content=\"1 minutt\" \/>\n<script type=\"application\/ld+json\" class=\"yoast-schema-graph\">{\"@context\":\"https:\/\/schema.org\",\"@graph\":[{\"@type\":\"WebPage\",\"@id\":\"https:\/\/staging.forenteforlag.no\/pax\/produkt\/mabel-starks-bekjennelser\/\",\"url\":\"https:\/\/staging.forenteforlag.no\/pax\/produkt\/mabel-starks-bekjennelser\/\",\"name\":\"Mabel Starks bekjennelser - Pax\",\"isPartOf\":{\"@id\":\"https:\/\/staging.forenteforlag.no\/pax\/#website\"},\"primaryImageOfPage\":{\"@id\":\"https:\/\/staging.forenteforlag.no\/pax\/produkt\/mabel-starks-bekjennelser\/#primaryimage\"},\"image\":{\"@id\":\"https:\/\/staging.forenteforlag.no\/pax\/produkt\/mabel-starks-bekjennelser\/#primaryimage\"},\"thumbnailUrl\":\"https:\/\/staging.forenteforlag.no\/pax\/wp-content\/uploads\/sites\/5\/2025\/08\/jpg-7579.jpg\",\"datePublished\":\"2024-12-10T21:42:45+00:00\",\"dateModified\":\"2026-03-04T20:36:12+00:00\",\"breadcrumb\":{\"@id\":\"https:\/\/staging.forenteforlag.no\/pax\/produkt\/mabel-starks-bekjennelser\/#breadcrumb\"},\"inLanguage\":\"nb-NO\",\"potentialAction\":[{\"@type\":\"ReadAction\",\"target\":[\"https:\/\/staging.forenteforlag.no\/pax\/produkt\/mabel-starks-bekjennelser\/\"]}]},{\"@type\":\"ImageObject\",\"inLanguage\":\"nb-NO\",\"@id\":\"https:\/\/staging.forenteforlag.no\/pax\/produkt\/mabel-starks-bekjennelser\/#primaryimage\",\"url\":\"https:\/\/staging.forenteforlag.no\/pax\/wp-content\/uploads\/sites\/5\/2025\/08\/jpg-7579.jpg\",\"contentUrl\":\"https:\/\/staging.forenteforlag.no\/pax\/wp-content\/uploads\/sites\/5\/2025\/08\/jpg-7579.jpg\",\"width\":287,\"height\":450},{\"@type\":\"BreadcrumbList\",\"@id\":\"https:\/\/staging.forenteforlag.no\/pax\/produkt\/mabel-starks-bekjennelser\/#breadcrumb\",\"itemListElement\":[{\"@type\":\"ListItem\",\"position\":1,\"name\":\"Hjem\",\"item\":\"https:\/\/staging.forenteforlag.no\/pax\/\"},{\"@type\":\"ListItem\",\"position\":2,\"name\":\"Alle b\u00f8ker\",\"item\":\"https:\/\/staging.forenteforlag.no\/pax\/butikk\/\"},{\"@type\":\"ListItem\",\"position\":3,\"name\":\"Mabel Starks bekjennelser\"}]},{\"@type\":\"WebSite\",\"@id\":\"https:\/\/staging.forenteforlag.no\/pax\/#website\",\"url\":\"https:\/\/staging.forenteforlag.no\/pax\/\",\"name\":\"Pax\",\"description\":\"\",\"potentialAction\":[{\"@type\":\"SearchAction\",\"target\":{\"@type\":\"EntryPoint\",\"urlTemplate\":\"https:\/\/staging.forenteforlag.no\/pax\/?s={search_term_string}\"},\"query-input\":{\"@type\":\"PropertyValueSpecification\",\"valueRequired\":true,\"valueName\":\"search_term_string\"}}],\"inLanguage\":\"nb-NO\"}]}<\/script>\n<!-- \/ Yoast SEO plugin. -->","yoast_head_json":{"title":"Mabel Starks bekjennelser - Pax","robots":{"index":"noindex","follow":"follow","max-snippet":"max-snippet:-1","max-image-preview":"max-image-preview:large","max-video-preview":"max-video-preview:-1"},"og_locale":"nb_NO","og_type":"article","og_title":"Mabel Starks bekjennelser - Pax","og_description":"Denne kanadiske debutromanen bygger p\u00e5 livet til en virkelig person, USAs mest ber\u00f8mte tigertemmer. P\u00e5 begynnelsen av forrige \u00e5rhundre var sirkus den store underholdningsbransjen, og Mabel Stark var den aller st\u00f8rste stjernen. Robert Houghs roman er blitt en saftig pageturner, der Mabel forteller om sitt ville liv i et spr\u00e5k som b\u00e5de er jordn\u00e6rt, humoristisk [&hellip;]","og_url":"https:\/\/staging.forenteforlag.no\/pax\/produkt\/mabel-starks-bekjennelser\/","og_site_name":"Pax","article_modified_time":"2026-03-04T20:36:12+00:00","og_image":[{"width":287,"height":450,"url":"https:\/\/staging.forenteforlag.no\/pax\/wp-content\/uploads\/sites\/5\/2025\/08\/jpg-7579.jpg","type":"image\/jpeg"}],"twitter_card":"summary_large_image","twitter_misc":{"Ansl. lesetid":"1 minutt"},"schema":{"@context":"https:\/\/schema.org","@graph":[{"@type":"WebPage","@id":"https:\/\/staging.forenteforlag.no\/pax\/produkt\/mabel-starks-bekjennelser\/","url":"https:\/\/staging.forenteforlag.no\/pax\/produkt\/mabel-starks-bekjennelser\/","name":"Mabel Starks bekjennelser - Pax","isPartOf":{"@id":"https:\/\/staging.forenteforlag.no\/pax\/#website"},"primaryImageOfPage":{"@id":"https:\/\/staging.forenteforlag.no\/pax\/produkt\/mabel-starks-bekjennelser\/#primaryimage"},"image":{"@id":"https:\/\/staging.forenteforlag.no\/pax\/produkt\/mabel-starks-bekjennelser\/#primaryimage"},"thumbnailUrl":"https:\/\/staging.forenteforlag.no\/pax\/wp-content\/uploads\/sites\/5\/2025\/08\/jpg-7579.jpg","datePublished":"2024-12-10T21:42:45+00:00","dateModified":"2026-03-04T20:36:12+00:00","breadcrumb":{"@id":"https:\/\/staging.forenteforlag.no\/pax\/produkt\/mabel-starks-bekjennelser\/#breadcrumb"},"inLanguage":"nb-NO","potentialAction":[{"@type":"ReadAction","target":["https:\/\/staging.forenteforlag.no\/pax\/produkt\/mabel-starks-bekjennelser\/"]}]},{"@type":"ImageObject","inLanguage":"nb-NO","@id":"https:\/\/staging.forenteforlag.no\/pax\/produkt\/mabel-starks-bekjennelser\/#primaryimage","url":"https:\/\/staging.forenteforlag.no\/pax\/wp-content\/uploads\/sites\/5\/2025\/08\/jpg-7579.jpg","contentUrl":"https:\/\/staging.forenteforlag.no\/pax\/wp-content\/uploads\/sites\/5\/2025\/08\/jpg-7579.jpg","width":287,"height":450},{"@type":"BreadcrumbList","@id":"https:\/\/staging.forenteforlag.no\/pax\/produkt\/mabel-starks-bekjennelser\/#breadcrumb","itemListElement":[{"@type":"ListItem","position":1,"name":"Hjem","item":"https:\/\/staging.forenteforlag.no\/pax\/"},{"@type":"ListItem","position":2,"name":"Alle b\u00f8ker","item":"https:\/\/staging.forenteforlag.no\/pax\/butikk\/"},{"@type":"ListItem","position":3,"name":"Mabel Starks bekjennelser"}]},{"@type":"WebSite","@id":"https:\/\/staging.forenteforlag.no\/pax\/#website","url":"https:\/\/staging.forenteforlag.no\/pax\/","name":"Pax","description":"","potentialAction":[{"@type":"SearchAction","target":{"@type":"EntryPoint","urlTemplate":"https:\/\/staging.forenteforlag.no\/pax\/?s={search_term_string}"},"query-input":{"@type":"PropertyValueSpecification","valueRequired":true,"valueName":"search_term_string"}}],"inLanguage":"nb-NO"}]}},"_links":{"self":[{"href":"https:\/\/staging.forenteforlag.no\/pax\/wp-json\/wp\/v2\/product\/23372","targetHints":{"allow":["GET"]}}],"collection":[{"href":"https:\/\/staging.forenteforlag.no\/pax\/wp-json\/wp\/v2\/product"}],"about":[{"href":"https:\/\/staging.forenteforlag.no\/pax\/wp-json\/wp\/v2\/types\/product"}],"wp:featuredmedia":[{"embeddable":true,"href":"https:\/\/staging.forenteforlag.no\/pax\/wp-json\/wp\/v2\/media\/28664"}],"wp:attachment":[{"href":"https:\/\/staging.forenteforlag.no\/pax\/wp-json\/wp\/v2\/media?parent=23372"}],"wp:term":[{"taxonomy":"product_brand","embeddable":true,"href":"https:\/\/staging.forenteforlag.no\/pax\/wp-json\/wp\/v2\/product_brand?post=23372"},{"taxonomy":"product_cat","embeddable":true,"href":"https:\/\/staging.forenteforlag.no\/pax\/wp-json\/wp\/v2\/product_cat?post=23372"},{"taxonomy":"product_tag","embeddable":true,"href":"https:\/\/staging.forenteforlag.no\/pax\/wp-json\/wp\/v2\/product_tag?post=23372"}],"curies":[{"name":"wp","href":"https:\/\/api.w.org\/{rel}","templated":true}]}}